{"id":8797,"date":"2022-03-28T09:15:43","date_gmt":"2022-03-28T07:15:43","guid":{"rendered":"https:\/\/usamedical.com\/sk\/?post_type=product&#038;p=8797"},"modified":"2025-11-07T19:49:33","modified_gmt":"2025-11-07T18:49:33","slug":"usa-medical-collagen-complex-60ks","status":"publish","type":"product","link":"https:\/\/usamedical.com\/sk\/produkty\/usa-medical-collagen-complex-60ks\/","title":{"rendered":"USA medical COLLAGEN COMPLEX | 60ks"},"content":{"rendered":"<h2><strong>P\u00e4\u0165 typov kolag\u00e9nu v jednej kapsule!<\/strong><\/h2>\n<p>Komplexn\u00e1 sada 5 r\u00f4znych typov hydrolyzovan\u00fdch kolag\u00e9nov z r\u00f4znych zdrojov. Hydrol\u00fdza bielkoviny kolag\u00e9nu na men\u0161ie peptidy je ve\u013ek\u00fdm benefitom, preto\u017ee v\u00fdrazne u\u013eah\u010duje natr\u00e1venie kolag\u00e9nu a jeho absorpciu v tr\u00e1viacom trakte.<\/p>\n<p>N\u00e1\u0161 pr\u00edpravok obsahuje jednu z pr\u00e1vom najpopul\u00e1rnej\u0161\u00edch \u00fa\u010dinn\u00fdch l\u00e1tok s\u00fa\u010dasnosti, kolag\u00e9n. Napriek tomu sa odli\u0161uje od v\u00e4\u010d\u0161iny kolag\u00e9nov\u00fdch produktov na trhu, preto\u017ee neobsahuje len jeden typ, ale pr\u00e9miov\u00fa zmes kolag\u00e9nov typu I, II, III, V a X! USA medical Collagen Complex obsahuje aj hydrolyzovan\u00fd kolag\u00e9n, ktor\u00fd umo\u017e\u0148uje telu jeho \u013eah\u0161iu spracovate\u013enos\u0165 a lep\u0161ie vyu\u017eitie.<\/p>\n<h2>Vedeli ste?<\/h2>\n<p>Gr\u00e9cky ekvivalent slova kolag\u00e9n znamen\u00e1 lepidlo, \u010do pomerne dobre vypoved\u00e1 o funkcii kolag\u00e9nu ako jedn\u00e9ho z najd\u00f4le\u017eitej\u0161\u00edch stavebn\u00fdch prvkov n\u00e1\u0161ho tela. Kolag\u00e9n je komplexn\u00e1 bielkovina zlo\u017een\u00e1 z r\u00f4znych u\u017eito\u010dn\u00fdch aminokysel\u00edn, ako s\u00fa glyc\u00edn, alan\u00edn a prol\u00edn. Na\u0161e telo produkuje kolag\u00e9n, ale s prib\u00fadaj\u00facim vekom, pribli\u017ene od konca dvadsiatich rokov, sa jeho produkcia v tele za\u010d\u00edna zni\u017eova\u0165. To m\u00f4\u017ee vies\u0165 k vidite\u013en\u00fdm zn\u00e1mkam starnutia, ako s\u00fa vr\u00e1sky a ochabnut\u00e1 poko\u017eka, a k bolestiam k\u013abov. Ke\u010f\u017ee tento prote\u00edn je zodpovedn\u00fd za stavbu a udr\u017eiavanie zdrav\u00fdch vlasov, poko\u017eky, nechtov, svalov a k\u013abov, je d\u00f4le\u017eit\u00e9, aby sme nahradili \u00fabytok kolag\u00e9nu z kvalitn\u00fdch zdrojov, ak u\u017e na\u0161a vlastn\u00e1 prirodzen\u00e1 produkcia kolag\u00e9nu kles\u00e1.<\/p>\n<p>12-t\u00fd\u017ed\u0148ov\u00e1 <a href=\"https:\/\/www.ncbi.nlm.nih.gov\/pmc\/articles\/PMC6835901\/\">\u0161t\u00fadia<\/a> uk\u00e1zala, \u017ee skupina u\u017e\u00edvaj\u00faca kolag\u00e9n mala na konci \u0161t\u00fadie hydratovanej\u0161iu a pru\u017enej\u0161iu poko\u017eku so zn\u00ed\u017een\u00fdm v\u00fdskytom vr\u00e1sok v\u00a0porovnan\u00ed s kontrolnou skupinou, ktor\u00e1 dost\u00e1vala placebo. Okrem toho sa u skupiny u\u017e\u00edvaj\u00facej kolag\u00e9n prejavilo aj zhrubnutie poko\u017eky, presnej\u0161ie epidermy, \u010do nepochybne prispelo k vyhladeniu vr\u00e1sok.<\/p>\n<h4>Kolag\u00e9n pod\u013ea v\u00fdskumov m\u00f4\u017ee:<\/h4>\n<ul>\n<li>podpori\u0165 rast a regener\u00e1ciu svalov [1]<\/li>\n<li>prispie\u0165 k zdraviu poko\u017eky, vlasov a nechtov [2]<\/li>\n<li>podporova\u0165 zdrav\u00fa funkciu k\u013abovej chrupavky [3]<\/li>\n<li>podpori\u0165 \u010dinnos\u0165 tr\u00e1viaceho syst\u00e9mu [4]<\/li>\n<\/ul>\n<p><strong>Hydrolyzovan\u00fd kolag\u00e9n = r\u00fdchlej\u0161ie a \u013eah\u0161ie vstreb\u00e1vanie a vyu\u017eitie<\/strong><\/p>\n<p>Hydrol\u00fdza znamen\u00e1, \u017ee p\u00f4vodn\u00e1 formula sa rozlo\u017e\u00ed pomocou vody, \u010d\u00edm sa st\u00e1va pre telo \u013eah\u0161ie a r\u00fdchlej\u0161ie str\u00e1vite\u013enou. V pr\u00edpade kolag\u00e9nu hydrol\u00fdzou rozklad\u00e1me molekulu na men\u0161ie \u010dasti, n\u00e1sledne zmen\u00edme jej formu z tekutej na pr\u00e1\u0161kov\u00fa a\u00a0kapsulujeme pre jednoduch\u00e9 d\u00e1vkovanie a konzum\u00e1ciu.<\/p>\n<p>&nbsp;<\/p>\n<h4>Typy kolag\u00e9nov\u00fdch peptidov obsiahnut\u00fdch v USA Medical Collagen Complex<\/h4>\n<p>Mnoh\u00e9 kolag\u00e9nov\u00e9 v\u00fd\u017eivov\u00e9 doplnky obsahuj\u00fa len 1, 2 alebo 3 r\u00f4zne kolag\u00e9nov\u00e9 peptidy, na rozdiel od kaps\u00fal USA medical Collagen Complex, ktor\u00e9 obsahuj\u00fa a\u017e 5 typov. Rozdiel medzi jednotliv\u00fdmi typmi je najm\u00e4 v tom, ako sa v tele vyu\u017e\u00edvaj\u00fa, z \u010doho sa skladaj\u00fa a\u00a0ako ich m\u00f4\u017eeme do tela dosta\u0165.<\/p>\n<p><strong>Kolag\u00e9n typu I. <\/strong><\/p>\n<p>Kolag\u00e9ny prv\u00e9ho a tretieho typu sa \u010dasto zah\u0155\u0148aj\u00fa do jedn\u00e9ho celku, preto\u017ee ide o najbe\u017enej\u0161ie kolag\u00e9ny a ich vyu\u017eitie je podobn\u00e9. Kolag\u00e9n typu I sa nach\u00e1dza v\u0161ade v na\u0161om tele okrem chrupaviek, preto nie je prekvapiv\u00e9, \u017ee jeho n\u00e1hrade mus\u00edme venova\u0165 osobitn\u00fa pozornos\u0165. Kolag\u00e9n typu I aj kolag\u00e9n typu III sa produkuj\u00fa v spojivovom tkanive a pozost\u00e1vaj\u00fa zo 4 aminokysel\u00edn, glyc\u00ednu, prol\u00ednu, glutam\u00ednu a argin\u00ednu.<\/p>\n<p>Kolag\u00e9n typu I sa nach\u00e1dza najm\u00e4 v ko\u017ei, kostiach, \u0161\u013each\u00e1ch a v\u00e4zoch, ale preva\u017euje aj v \u0161pecializovan\u00fdch oblastiach, ako je o\u010dn\u00e1 rohovka a steny ciev. Tento typ tvor\u00ed <a href=\"https:\/\/www.sciencedirect.com\/science\/article\/pii\/B978012817068700001X\">95% obsahu kolag\u00e9nu a 80%<\/a> celkov\u00e9ho obsahu bielkov\u00edn v kostiach. Hov\u00e4dz\u00ed kolag\u00e9n a ryb\u00ed kolag\u00e9n obsiahnut\u00e9 aj v USA medical Collagen Complex obsahuj\u00fa najvy\u0161\u0161\u00ed podiel kolag\u00e9nu typu I.<\/p>\n<p><strong>Kolag\u00e9n typu II. <\/strong><\/p>\n<p>Na rozdiel od kolag\u00e9nu typu jeden a typu tri sa kolag\u00e9n typu II nach\u00e1dza najm\u00e4 v chrupavke a tvor\u00ed 50 &#8211; 60 % bielkovinov\u00e9ho fondu chrupavky a <a href=\"https:\/\/www.sciencedirect.com\/science\/article\/pii\/B9780120885626500029\">90%<\/a> celkov\u00e9ho mno\u017estva kolag\u00e9nu. Tento typ kolag\u00e9nu je v\u00fdznamn\u00fd nielen vo vl\u00e1knitej chrupavke, ale aj v sklovci, prieh\u013eadnej tekutine medzi sietnicou a \u0161o\u0161ovkou oka, a v o\u010dn\u00fdch diskoch.<\/p>\n<p>Aj hov\u00e4dz\u00ed kolag\u00e9n obsahuje kolag\u00e9n typu II, ale jeho najlep\u0161\u00edm zdrojom kolag\u00e9n z\u00edskan\u00fd z\u00a0kur\u010diat, ktor\u00fd je tie\u017e obsiahnut\u00fd v na\u0161om doplnku USA medical Collagen Complex. <a href=\"https:\/\/pubmed.ncbi.nlm.nih.gov\/26822714\/\">\u0160t\u00fadia z\u00a0roku 2016<\/a> napr\u00edklad uk\u00e1zala, \u017ee 40 mg kolag\u00e9nu typu II u\u017e\u00edvan\u00e9ho denne po\u010das 180 dn\u00ed bolo \u00fa\u010dinnej\u0161\u00edch proti pr\u00edznakom osteoartr\u00f3zy, ako s\u00fa praskanie alebo boles\u0165, ne\u017e sulf\u00e1t chondroit\u00ednu a glukozam\u00edn.<\/p>\n<p><strong>Kolag\u00e9n typu <\/strong><strong><em>III. <\/em><\/strong><\/p>\n<p>Okrem charakterist\u00edk uveden\u00fdch pri kolag\u00e9ne typu I\u00a0sa oplat\u00ed vedie\u0165 aj to, \u017ee kolag\u00e9n typu III je bohat\u00fd na glyc\u00edn, prol\u00edn a glutam\u00edn a nach\u00e1dza sa v sten\u00e1ch tepien a dut\u00fdch org\u00e1nov. Zn\u00e1my je aj ako s\u00fa\u010das\u0165 retikul\u00e1rnych vl\u00e1kien. Okrem hov\u00e4dzieho a rybieho peptidov\u00e9ho kolag\u00e9nu sa nach\u00e1dza aj v kostnej dreni a pe\u010deni. Spolu s kolag\u00e9nom typu I s\u00fa zodpovedn\u00e9 za <a href=\"https:\/\/www.sciencedirect.com\/science\/article\/pii\/B9780128009574000187\">pevnos\u0165 \u0161trukt\u00fary ko\u017ee<\/a>, tak\u017ee nedostatok t\u00fdchto dvoch typov m\u00f4\u017ee by\u0165 tie\u017e zodpovedn\u00fd za sten\u010denie a krehkos\u0165 ko\u017ee.<\/p>\n<p><strong>Kolag\u00e9n typu <\/strong><strong><em>V. <\/em><\/strong><\/p>\n<p><a href=\"https:\/\/www.sciencedirect.com\/topics\/medicine-and-dentistry\/collagen-type-5\">Kolag\u00e9n typu V<\/a> sa nach\u00e1dza v kostnej matrici, rohovke a spojivovom tkanive. (Zn\u00e1me aj ako extracelul\u00e1rny matrix). Kolag\u00e9n typu V m\u00e1 schopnos\u0165 tvori\u0165 vl\u00e1kna a spolupracuje s kolag\u00e9nom typu I v kostiach, svaloch, p\u013e\u00facach a pe\u010deni. Je bohat\u00fd na argin\u00edn a prol\u00edn a je zodpovedn\u00fd za rast a tvorbu vl\u00e1kien.<\/p>\n<p>Po zozn\u00e1men\u00ed sa so zlo\u017ekami Collagen Complex m\u00f4\u017eete vidie\u0165, ako kolag\u00e9n pom\u00e1ha telu dod\u00e1va\u0165 stavebn\u00e9 prvky, ktor\u00e9 potrebuje na udr\u017eanie a optim\u00e1lne fungovanie k\u013abov, kost\u00ed, chrupaviek, vlasov, poko\u017eky, tr\u00e1viaceho syst\u00e9mu a \u010fal\u0161\u00edch oblast\u00ed zdravia. V\u010faka \u0161irokej \u0161k\u00e1le v\u00fdhod a mo\u017enost\u00ed vyu\u017eitia m\u00f4\u017ee kolag\u00e9n oslovi\u0165 \u013eud\u00ed v\u0161etk\u00fdch vekov\u00fdch kateg\u00f3ri\u00ed!<\/p>\n<p><strong>Kolag\u00e9n typu X<\/strong><\/p>\n<p>Kolag\u00e9n typu X je kolag\u00e9n utv\u00e1raj\u00faci siete. Nach\u00e1dza sa v hypertrofick\u00fdch chondrocytoch v chrupavke, ktor\u00e9 s\u00fa najv\u00fdraznej\u0161ie v\u00a0k\u013abov\u00fdch chrupavk\u00e1ch dlh\u00fdch kost\u00ed. Tu je kolag\u00e9n typu X zodpovedn\u00fd za podporu kalcifik\u00e1cie. Kolag\u00e9n typu X u\u013eah\u010duje osifik\u00e1ciu t\u00fdm, \u017ee reguluje mineraliz\u00e1ciu kostn\u00e9ho matrixu a segreg\u00e1ciu komponentov matrixu.<\/p>\n<p><em>Zdroje:<\/em><\/p>\n<p>[1]. Zdzieblik, D., Oesser, S., Baumstark, M. W., Gollhofer, A., &amp; K\u00f6nig, D. (2015). Collagen peptide supplementation in combination with resistance training improves body composition and increases muscle strength in elderly sarcopenic men: a randomised controlled trial. British Journal of Nutrition, 114(8), 1237-1245.<\/p>\n<p>[2]. Proksch, E., Schunck, M., Zague, V., Segger, D., Degwert, J., &amp; Oesser, S. (2014). Oral intake of specific bioactive collagen peptides reduces skin wrinkles and increases dermal matrix synthesis. Skin pharmacology and physiology, 27(3), 113-119.<\/p>\n<p>[3]. Shaw, G., Lee-Barthel, A., Ross, M. L., Wang, B., &amp; Baar, K. (2016). Vitamin C\u2013enriched gelatin supplementation before intermittent activity augments collagen synthesis. The American journal of clinical nutrition, 105(1), 136-143.<\/p>\n<p>[4]. Koutroubakis, I. E., Petinaki, E., Dimoulios, P., Vardas, E., Roussomoustakaki, M., Maniatis, A. N., &amp; Kouroumalis, E. A. (2003). Serum laminin and collagen IV in inflammatory bowel disease. Journal of clinical pathology, 56(11), 817-820.<\/p>\n","protected":false},"excerpt":{"rendered":"<p><strong>OBNOVEN\u00c9 ZLO\u017dENIE! <\/strong>Collagen Complex with Hyaluron sp\u00e1ja <strong>5 najd\u00f4le\u017eitej\u0161\u00edch typov koleg\u00e9nu (I, II, III, V a X)<\/strong> v jedine\u010dnej recept\u00fare, vytvorenej zo 4 \u017eivo\u010d\u00ed\u0161nych zdrojov kolag\u00e9nu v optim\u00e1lnom pomere.V jednej kapsule sa sp\u00e1ja patentovan\u00fd, klinicky overen\u00fd a hydrolyzovan\u00fd<strong> hov\u00e4dz\u00ed kolag\u00e9n Solugel\u00ae<\/strong>, <strong>ryb\u00ed kolag\u00e9n Naticol\u00ae<\/strong> a <strong>kolag\u00e9n z kuracej chrupavky ChondrActiv\u2122<\/strong>. Hydrolyzovan\u00e9 kolag\u00e9ny s\u00fa \u013eah\u0161ie str\u00e1vite\u013en\u00e9 a r\u00fdchlej\u0161ie sa vstreb\u00e1vaj\u00fa, \u010d\u00edm s\u00fa pre organizmus dostupn\u00e9 v dobre vyu\u017eite\u013enej forme. Navy\u0161e obsahuje aj <strong>kolag\u00e9n z vaje\u010dnej \u0161krupinovej membr\u00e1ny<\/strong> pre e\u0161te \u0161ir\u0161ie spektrum podpory. Recept\u00faru dop\u013a\u0148a cenn\u00e1 <strong>kyselina hyalur\u00f3nov\u00e1<\/strong> a <strong>vitam\u00edn<\/strong> C, ktor\u00fd je nevyhnutn\u00fd pre prirodzen\u00fa tvorbu kolag\u00e9nu v tele. Komplexn\u00e1, prirodzen\u00e1 a \u00fa\u010dinn\u00e1 podpora pre zdravie vlasov, poko\u017eky, svalov, k\u013abov a chrupaviek.<\/p>\n<p><strong>Produkt je zaregistrovan\u00fd na \u00darade verejn\u00e9ho zdravotn\u00edctva SR<\/strong><\/p>\n<p><strong>Balenie:<\/strong>\u00a0 60 kaps\u00fal<br \/>\n<strong>Chu\u0165:<\/strong>\u00a0neutr\u00e1lna<br \/>\n<strong>Krajina p\u00f4vodu:<\/strong>\u00a0USA<\/p>\n","protected":false},"featured_media":7197,"comment_status":"closed","ping_status":"closed","template":"","meta":{"_acf_changed":false},"product_brand":[],"product_cat":[75,80,74],"product_tag":[],"class_list":{"0":"post-8797","1":"product","2":"type-product","3":"status-publish","4":"has-post-thumbnail","6":"product_cat-kost-a-chrupavka","7":"product_cat-vitaminy-a-mineraly","8":"product_cat-premiove-vyzivove-doplnky","10":"first","11":"outofstock","12":"taxable","13":"shipping-taxable","14":"purchasable","15":"product-type-simple"},"acf":[],"yoast_head":"<!-- This site is optimized with the Yoast SEO plugin v26.5 - https:\/\/yoast.com\/wordpress\/plugins\/seo\/ -->\n<title>USA medical COLLAGEN COMPLEX | 60ks - USAmedical.sk<\/title>\n<meta name=\"robots\" content=\"index, follow, max-snippet:-1, max-image-preview:large, max-video-preview:-1\" \/>\n<link rel=\"canonical\" href=\"https:\/\/usamedical.com\/sk\/produkty\/usa-medical-collagen-complex-60ks\/\" \/>\n<meta property=\"og:locale\" content=\"sk_SK\" \/>\n<meta property=\"og:type\" content=\"article\" \/>\n<meta property=\"og:title\" content=\"USA medical COLLAGEN COMPLEX | 60ks - USAmedical.sk\" \/>\n<meta property=\"og:description\" content=\"OBNOVEN\u00c9 ZLO\u017dENIE! Collagen Complex with Hyaluron sp\u00e1ja 5 najd\u00f4le\u017eitej\u0161\u00edch typov koleg\u00e9nu (I, II, III, V a X) v jedine\u010dnej recept\u00fare, vytvorenej zo 4 \u017eivo\u010d\u00ed\u0161nych zdrojov kolag\u00e9nu v optim\u00e1lnom pomere.V jednej kapsule sa sp\u00e1ja patentovan\u00fd, klinicky overen\u00fd a hydrolyzovan\u00fd hov\u00e4dz\u00ed kolag\u00e9n Solugel\u00ae, ryb\u00ed kolag\u00e9n Naticol\u00ae a kolag\u00e9n z kuracej chrupavky ChondrActiv\u2122. Hydrolyzovan\u00e9 kolag\u00e9ny s\u00fa \u013eah\u0161ie str\u00e1vite\u013en\u00e9 a r\u00fdchlej\u0161ie sa vstreb\u00e1vaj\u00fa, \u010d\u00edm s\u00fa pre organizmus dostupn\u00e9 v dobre vyu\u017eite\u013enej forme. Navy\u0161e obsahuje aj kolag\u00e9n z vaje\u010dnej \u0161krupinovej membr\u00e1ny pre e\u0161te \u0161ir\u0161ie spektrum podpory. Recept\u00faru dop\u013a\u0148a cenn\u00e1 kyselina hyalur\u00f3nov\u00e1 a vitam\u00edn C, ktor\u00fd je nevyhnutn\u00fd pre prirodzen\u00fa tvorbu kolag\u00e9nu v tele. Komplexn\u00e1, prirodzen\u00e1 a \u00fa\u010dinn\u00e1 podpora pre zdravie vlasov, poko\u017eky, svalov, k\u013abov a chrupaviek.  Produkt je zaregistrovan\u00fd na \u00darade verejn\u00e9ho zdravotn\u00edctva SR  Balenie:\u00a0 60 kaps\u00fal Chu\u0165:\u00a0neutr\u00e1lna Krajina p\u00f4vodu:\u00a0USA\" \/>\n<meta property=\"og:url\" content=\"https:\/\/usamedical.com\/sk\/produkty\/usa-medical-collagen-complex-60ks\/\" \/>\n<meta property=\"og:site_name\" content=\"USAmedical.sk\" \/>\n<meta property=\"article:modified_time\" content=\"2025-11-07T18:49:33+00:00\" \/>\n<meta name=\"twitter:card\" content=\"summary_large_image\" \/>\n<meta name=\"twitter:label1\" content=\"Predpokladan\u00fd \u010das \u010d\u00edtania\" \/>\n\t<meta name=\"twitter:data1\" content=\"6 min\u00fat\" \/>\n<script type=\"application\/ld+json\" class=\"yoast-schema-graph\">{\"@context\":\"https:\/\/schema.org\",\"@graph\":[{\"@type\":\"WebPage\",\"@id\":\"https:\/\/usamedical.com\/sk\/produkty\/usa-medical-collagen-complex-60ks\/\",\"url\":\"https:\/\/usamedical.com\/sk\/produkty\/usa-medical-collagen-complex-60ks\/\",\"name\":\"USA medical COLLAGEN COMPLEX | 60ks - USAmedical.sk\",\"isPartOf\":{\"@id\":\"https:\/\/usamedical.com\/sk\/#website\"},\"primaryImageOfPage\":{\"@id\":\"https:\/\/usamedical.com\/sk\/produkty\/usa-medical-collagen-complex-60ks\/#primaryimage\"},\"image\":{\"@id\":\"https:\/\/usamedical.com\/sk\/produkty\/usa-medical-collagen-complex-60ks\/#primaryimage\"},\"thumbnailUrl\":\"https:\/\/usamedical.com\/sk\/wp-content\/uploads\/2022\/03\/usa-medical-collagen-complex-60-ks.jpg\",\"datePublished\":\"2022-03-28T07:15:43+00:00\",\"dateModified\":\"2025-11-07T18:49:33+00:00\",\"breadcrumb\":{\"@id\":\"https:\/\/usamedical.com\/sk\/produkty\/usa-medical-collagen-complex-60ks\/#breadcrumb\"},\"inLanguage\":\"sk-SK\",\"potentialAction\":[{\"@type\":\"ReadAction\",\"target\":[\"https:\/\/usamedical.com\/sk\/produkty\/usa-medical-collagen-complex-60ks\/\"]}]},{\"@type\":\"ImageObject\",\"inLanguage\":\"sk-SK\",\"@id\":\"https:\/\/usamedical.com\/sk\/produkty\/usa-medical-collagen-complex-60ks\/#primaryimage\",\"url\":\"https:\/\/usamedical.com\/sk\/wp-content\/uploads\/2022\/03\/usa-medical-collagen-complex-60-ks.jpg\",\"contentUrl\":\"https:\/\/usamedical.com\/sk\/wp-content\/uploads\/2022\/03\/usa-medical-collagen-complex-60-ks.jpg\",\"width\":800,\"height\":960},{\"@type\":\"BreadcrumbList\",\"@id\":\"https:\/\/usamedical.com\/sk\/produkty\/usa-medical-collagen-complex-60ks\/#breadcrumb\",\"itemListElement\":[{\"@type\":\"ListItem\",\"position\":1,\"name\":\"Kezd\u0151lap\",\"item\":\"https:\/\/usamedical.com\/sk\/\"},{\"@type\":\"ListItem\",\"position\":2,\"name\":\"Obchod\",\"item\":\"https:\/\/usamedical.com\/sk\/obchod\/\"},{\"@type\":\"ListItem\",\"position\":3,\"name\":\"USA medical COLLAGEN COMPLEX | 60ks\"}]},{\"@type\":\"WebSite\",\"@id\":\"https:\/\/usamedical.com\/sk\/#website\",\"url\":\"https:\/\/usamedical.com\/sk\/\",\"name\":\"USAmedical.sk\",\"description\":\"e-shop s CBD olejom a kapsulami\",\"publisher\":{\"@id\":\"https:\/\/usamedical.com\/sk\/#organization\"},\"potentialAction\":[{\"@type\":\"SearchAction\",\"target\":{\"@type\":\"EntryPoint\",\"urlTemplate\":\"https:\/\/usamedical.com\/sk\/?s={search_term_string}\"},\"query-input\":{\"@type\":\"PropertyValueSpecification\",\"valueRequired\":true,\"valueName\":\"search_term_string\"}}],\"inLanguage\":\"sk-SK\"},{\"@type\":\"Organization\",\"@id\":\"https:\/\/usamedical.com\/sk\/#organization\",\"name\":\"USAmedical.sk\",\"url\":\"https:\/\/usamedical.com\/sk\/\",\"logo\":{\"@type\":\"ImageObject\",\"inLanguage\":\"sk-SK\",\"@id\":\"https:\/\/usamedical.com\/sk\/#\/schema\/logo\/image\/\",\"url\":\"https:\/\/usamedical.com\/sk\/wp-content\/uploads\/2022\/03\/us_medical_logo.svg\",\"contentUrl\":\"https:\/\/usamedical.com\/sk\/wp-content\/uploads\/2022\/03\/us_medical_logo.svg\",\"width\":233,\"height\":56,\"caption\":\"USAmedical.sk\"},\"image\":{\"@id\":\"https:\/\/usamedical.com\/sk\/#\/schema\/logo\/image\/\"}}]}<\/script>\n<!-- \/ Yoast SEO plugin. -->","yoast_head_json":{"title":"USA medical COLLAGEN COMPLEX | 60ks - USAmedical.sk","robots":{"index":"index","follow":"follow","max-snippet":"max-snippet:-1","max-image-preview":"max-image-preview:large","max-video-preview":"max-video-preview:-1"},"canonical":"https:\/\/usamedical.com\/sk\/produkty\/usa-medical-collagen-complex-60ks\/","og_locale":"sk_SK","og_type":"article","og_title":"USA medical COLLAGEN COMPLEX | 60ks - USAmedical.sk","og_description":"OBNOVEN\u00c9 ZLO\u017dENIE! Collagen Complex with Hyaluron sp\u00e1ja 5 najd\u00f4le\u017eitej\u0161\u00edch typov koleg\u00e9nu (I, II, III, V a X) v jedine\u010dnej recept\u00fare, vytvorenej zo 4 \u017eivo\u010d\u00ed\u0161nych zdrojov kolag\u00e9nu v optim\u00e1lnom pomere.V jednej kapsule sa sp\u00e1ja patentovan\u00fd, klinicky overen\u00fd a hydrolyzovan\u00fd hov\u00e4dz\u00ed kolag\u00e9n Solugel\u00ae, ryb\u00ed kolag\u00e9n Naticol\u00ae a kolag\u00e9n z kuracej chrupavky ChondrActiv\u2122. Hydrolyzovan\u00e9 kolag\u00e9ny s\u00fa \u013eah\u0161ie str\u00e1vite\u013en\u00e9 a r\u00fdchlej\u0161ie sa vstreb\u00e1vaj\u00fa, \u010d\u00edm s\u00fa pre organizmus dostupn\u00e9 v dobre vyu\u017eite\u013enej forme. Navy\u0161e obsahuje aj kolag\u00e9n z vaje\u010dnej \u0161krupinovej membr\u00e1ny pre e\u0161te \u0161ir\u0161ie spektrum podpory. Recept\u00faru dop\u013a\u0148a cenn\u00e1 kyselina hyalur\u00f3nov\u00e1 a vitam\u00edn C, ktor\u00fd je nevyhnutn\u00fd pre prirodzen\u00fa tvorbu kolag\u00e9nu v tele. Komplexn\u00e1, prirodzen\u00e1 a \u00fa\u010dinn\u00e1 podpora pre zdravie vlasov, poko\u017eky, svalov, k\u013abov a chrupaviek.  Produkt je zaregistrovan\u00fd na \u00darade verejn\u00e9ho zdravotn\u00edctva SR  Balenie:\u00a0 60 kaps\u00fal Chu\u0165:\u00a0neutr\u00e1lna Krajina p\u00f4vodu:\u00a0USA","og_url":"https:\/\/usamedical.com\/sk\/produkty\/usa-medical-collagen-complex-60ks\/","og_site_name":"USAmedical.sk","article_modified_time":"2025-11-07T18:49:33+00:00","twitter_card":"summary_large_image","twitter_misc":{"Predpokladan\u00fd \u010das \u010d\u00edtania":"6 min\u00fat"},"schema":{"@context":"https:\/\/schema.org","@graph":[{"@type":"WebPage","@id":"https:\/\/usamedical.com\/sk\/produkty\/usa-medical-collagen-complex-60ks\/","url":"https:\/\/usamedical.com\/sk\/produkty\/usa-medical-collagen-complex-60ks\/","name":"USA medical COLLAGEN COMPLEX | 60ks - USAmedical.sk","isPartOf":{"@id":"https:\/\/usamedical.com\/sk\/#website"},"primaryImageOfPage":{"@id":"https:\/\/usamedical.com\/sk\/produkty\/usa-medical-collagen-complex-60ks\/#primaryimage"},"image":{"@id":"https:\/\/usamedical.com\/sk\/produkty\/usa-medical-collagen-complex-60ks\/#primaryimage"},"thumbnailUrl":"https:\/\/usamedical.com\/sk\/wp-content\/uploads\/2022\/03\/usa-medical-collagen-complex-60-ks.jpg","datePublished":"2022-03-28T07:15:43+00:00","dateModified":"2025-11-07T18:49:33+00:00","breadcrumb":{"@id":"https:\/\/usamedical.com\/sk\/produkty\/usa-medical-collagen-complex-60ks\/#breadcrumb"},"inLanguage":"sk-SK","potentialAction":[{"@type":"ReadAction","target":["https:\/\/usamedical.com\/sk\/produkty\/usa-medical-collagen-complex-60ks\/"]}]},{"@type":"ImageObject","inLanguage":"sk-SK","@id":"https:\/\/usamedical.com\/sk\/produkty\/usa-medical-collagen-complex-60ks\/#primaryimage","url":"https:\/\/usamedical.com\/sk\/wp-content\/uploads\/2022\/03\/usa-medical-collagen-complex-60-ks.jpg","contentUrl":"https:\/\/usamedical.com\/sk\/wp-content\/uploads\/2022\/03\/usa-medical-collagen-complex-60-ks.jpg","width":800,"height":960},{"@type":"BreadcrumbList","@id":"https:\/\/usamedical.com\/sk\/produkty\/usa-medical-collagen-complex-60ks\/#breadcrumb","itemListElement":[{"@type":"ListItem","position":1,"name":"Kezd\u0151lap","item":"https:\/\/usamedical.com\/sk\/"},{"@type":"ListItem","position":2,"name":"Obchod","item":"https:\/\/usamedical.com\/sk\/obchod\/"},{"@type":"ListItem","position":3,"name":"USA medical COLLAGEN COMPLEX | 60ks"}]},{"@type":"WebSite","@id":"https:\/\/usamedical.com\/sk\/#website","url":"https:\/\/usamedical.com\/sk\/","name":"USAmedical.sk","description":"e-shop s CBD olejom a kapsulami","publisher":{"@id":"https:\/\/usamedical.com\/sk\/#organization"},"potentialAction":[{"@type":"SearchAction","target":{"@type":"EntryPoint","urlTemplate":"https:\/\/usamedical.com\/sk\/?s={search_term_string}"},"query-input":{"@type":"PropertyValueSpecification","valueRequired":true,"valueName":"search_term_string"}}],"inLanguage":"sk-SK"},{"@type":"Organization","@id":"https:\/\/usamedical.com\/sk\/#organization","name":"USAmedical.sk","url":"https:\/\/usamedical.com\/sk\/","logo":{"@type":"ImageObject","inLanguage":"sk-SK","@id":"https:\/\/usamedical.com\/sk\/#\/schema\/logo\/image\/","url":"https:\/\/usamedical.com\/sk\/wp-content\/uploads\/2022\/03\/us_medical_logo.svg","contentUrl":"https:\/\/usamedical.com\/sk\/wp-content\/uploads\/2022\/03\/us_medical_logo.svg","width":233,"height":56,"caption":"USAmedical.sk"},"image":{"@id":"https:\/\/usamedical.com\/sk\/#\/schema\/logo\/image\/"}}]}},"_links":{"self":[{"href":"https:\/\/usamedical.com\/sk\/wp-json\/wp\/v2\/product\/8797","targetHints":{"allow":["GET"]}}],"collection":[{"href":"https:\/\/usamedical.com\/sk\/wp-json\/wp\/v2\/product"}],"about":[{"href":"https:\/\/usamedical.com\/sk\/wp-json\/wp\/v2\/types\/product"}],"replies":[{"embeddable":true,"href":"https:\/\/usamedical.com\/sk\/wp-json\/wp\/v2\/comments?post=8797"}],"wp:featuredmedia":[{"embeddable":true,"href":"https:\/\/usamedical.com\/sk\/wp-json\/wp\/v2\/media\/7197"}],"wp:attachment":[{"href":"https:\/\/usamedical.com\/sk\/wp-json\/wp\/v2\/media?parent=8797"}],"wp:term":[{"taxonomy":"product_brand","embeddable":true,"href":"https:\/\/usamedical.com\/sk\/wp-json\/wp\/v2\/product_brand?post=8797"},{"taxonomy":"product_cat","embeddable":true,"href":"https:\/\/usamedical.com\/sk\/wp-json\/wp\/v2\/product_cat?post=8797"},{"taxonomy":"product_tag","embeddable":true,"href":"https:\/\/usamedical.com\/sk\/wp-json\/wp\/v2\/product_tag?post=8797"}],"curies":[{"name":"wp","href":"https:\/\/api.w.org\/{rel}","templated":true}]}}