{"id":8796,"date":"2022-03-28T09:15:33","date_gmt":"2022-03-28T07:15:33","guid":{"rendered":"https:\/\/usamedical.com\/sk\/?post_type=product&#038;p=8796"},"modified":"2024-06-25T01:00:02","modified_gmt":"2024-06-24T23:00:02","slug":"usa-medical-digestive-enzyme-60ks","status":"publish","type":"product","link":"https:\/\/usamedical.com\/sk\/produkty\/usa-medical-digestive-enzyme-60ks\/","title":{"rendered":"USA medical DIGESTIVE ENZYME  | 60ks"},"content":{"rendered":"<h2><strong>Enz\u00fdmov\u00e1 zmes Makzyme-Pro\u2122 s prospe\u0161n\u00fdmi bakteri\u00e1lnymi kme\u0148mi v kombin\u00e1cii s \u00fa\u010dinn\u00fdmi l\u00e1tkami papa\u00ednom a bromela\u00ednom!<\/strong><\/h2>\n<p>N\u00e1\u0161 najnov\u0161\u00ed v\u00fd\u017eivov\u00fd doplnok obsahuje jedine\u010dn\u00fa zmes enz\u00fdmov Makzyme-Pro\u2122, ktor\u00e1 \u0161etrne podporuje tr\u00e1venie a m\u00f4\u017ee zmierni\u0165 pr\u00edznaky sp\u00f4soben\u00e9 potravinovou intoleranciou a nespr\u00e1vnou v\u00fd\u017eivou. Na\u0161a patentovan\u00e1 zmes enz\u00fdmov je dokonale vyv\u00e1\u017eenou kombin\u00e1ciou siln\u00fdch enz\u00fdmov a prospe\u0161n\u00fdch bakt\u00e9ri\u00ed, ako s\u00fa prote\u00e1za, lakt\u00e1za, lip\u00e1za, alfa-galaktozid\u00e1za a laktobacily, ale nech\u00fdbaj\u00fa ani dobre zn\u00e1me \u00fa\u010dinn\u00e9 l\u00e1tky papa\u00edn a bromela\u00edn!<\/p>\n<h3><strong>\u010co pon\u00faka zmes enz\u00fdmov Makzyme-Pro\u2122?<\/strong><\/h3>\n<p>Makzyme-Pro obsahuje kombin\u00e1ciu prospe\u0161n\u00fdch bakt\u00e9ri\u00ed a enz\u00fdmov a pokr\u00fdva v\u0161etky oblasti stravy, kde je potrebn\u00e9 zmierni\u0165 za\u0165a\u017eenie tr\u00e1viaceho syst\u00e9mu. Prospe\u0161n\u00e9 bakt\u00e9rie sl\u00fa\u017eia na maximaliz\u00e1ciu rastu dobr\u00fdch bakt\u00e9ri\u00ed v tr\u00e1viacom trakte, zatia\u013e \u010do \u0161peci\u00e1lne enz\u00fdmy akt\u00edvne rozkladaj\u00fa potravu, aby mohla by\u0165 vyu\u017eite\u013en\u00e1 na r\u00f4zne procesy zabezpe\u010duj\u00face fungovanie organizmu.<\/p>\n<h3><strong>Ak\u00e9 enz\u00fdmy v\u00fdrobok obsahuje?<\/strong><\/h3>\n<p>Makzyme-Pro\u2122 obsahuje cel\u00fd rad skuto\u010dn\u00fdch enz\u00fdmov, ktor\u00e9 akt\u00edvne prispievaj\u00fa k schopnosti tela rozklada\u0165 potravu na u\u017eito\u010dn\u00e9 \u017eiviny.<\/p>\n<p><strong>Prote\u00e1za z h\u00fab:<\/strong> prote\u00e1zov\u00e9 enz\u00fdmy izolovan\u00e9 z Aspergillus oryzae rozkladaj\u00fa bielkoviny na jednotliv\u00e9 aminokyseliny, ktor\u00e9 m\u00f4\u017ee telo vyu\u017ei\u0165 na rast.<\/p>\n<p><strong>Lip\u00e1za z h\u00fab:<\/strong> enz\u00fdmy lip\u00e1zy izolovan\u00e9 z r\u00f4znych h\u00fab sa podie\u013eaj\u00fa na rozklade tukov.<\/p>\n<p><strong>Lakt\u00e1za z h\u00fab<\/strong><strong>:<\/strong> enz\u00fdmy lakt\u00e1zy izolovan\u00e9 z r\u00f4znych h\u00fab rozkladaj\u00fa lakt\u00f3zu hydrol\u00fdzou na gluk\u00f3zu alebo galakt\u00f3zu \u2013 pre telo u\u017eito\u010dn\u00fa formu energie. Je ve\u013emi prospe\u0161n\u00e9 pre \u013eud\u00ed, ktor\u00ed s\u00fa citliv\u00ed na mlie\u010dne v\u00fdrobky, zvy\u010dajne obsahuj\u00face ve\u013ea lakt\u00f3zy.<\/p>\n<p><strong>Alfa-galaktozid\u00e1za:<\/strong> enz\u00fdm, ktor\u00fd dok\u00e1\u017ee v tenkom \u010dreve rozlo\u017ei\u0165 nestr\u00e1vite\u013en\u00e9 sacharidy na galakt\u00f3zu a sachar\u00f3zu, u\u013eah\u010duje vstreb\u00e1vanie a\u00a0minimalizuje mno\u017estvo plynov tvoren\u00fdch bakt\u00e9riami.<\/p>\n<p><strong>Bromela\u00edn:<\/strong> \u00fa\u010dinn\u00e1 l\u00e1tka pr\u00edtomn\u00e1 v anan\u00e1se, ktor\u00e1 sa podie\u013ea na rozklade bielkov\u00edn.<\/p>\n<p><strong>Papa\u00edn:<\/strong> prote\u00e1zov\u00fd enz\u00fdm z pap\u00e1je, ktor\u00fd sa podie\u013ea na rozklade bielkov\u00edn.<\/p>\n<p><strong>Ak\u00e9 prospe\u0161n\u00e9 bakt\u00e9rie s\u00fa obsiahnut\u00e9 v\u00a0kapsul\u00e1ch v\u00fdrobku?<\/strong><\/p>\n<p><strong>Lactobacillus acidophilus:<\/strong> prirodzene sa vyskytuje v organizme a nach\u00e1dza sa aj v mnoh\u00fdch fermentovan\u00fdch potravin\u00e1ch a mlie\u010dnych v\u00fdrobkoch. T\u00e1to bakt\u00e9ria pom\u00e1ha tr\u00e1viacemu syst\u00e9mu \u0161tiepi\u0165 cukry, ako napr\u00edklad lakt\u00f3zu na kyselinu mlie\u010dnu.<\/p>\n<p><strong>Lactobacillus casei:<\/strong> dop\u013a\u0148a L. acidophilus. Tento enz\u00fdm je zodpovedn\u00fd za rozklad \u0161krobov z rastl\u00edn.<\/p>\n<p><strong>Lactobacillus plantarum:<\/strong> skupina \u017eiv\u00fdch mikroorganizmov, prirodzene pr\u00edtomn\u00e1 v\u00a0\u010drev\u00e1ch. Lactobacillus plantarum m\u00e1 v\u00fdnimo\u010dn\u00fa schopnos\u0165 viaza\u0165 sa na \u010drevn\u00fa sliznicu a t\u00fdm zvy\u0161ova\u0165 popul\u00e1ciu prospe\u0161n\u00fdch bakt\u00e9ri\u00ed v \u010drev\u00e1ch.<\/p>\n<h2><strong>Vedeli ste?<\/strong><\/h2>\n<p>Enz\u00fdmy s\u00fa bielkoviny, produkovan\u00e9 do zna\u010dnej miery telom, ktor\u00e9 v tr\u00e1viacom trakte rozkladaj\u00fa potravu na str\u00e1vite\u013en\u00e9 a vyu\u017eite\u013en\u00e9 \u017eiviny.<br \/>\nPom\u00e1haj\u00fa \u0161tiepi\u0165 bielkoviny, sacharidy a tuky, aby na\u0161e telo mohlo vyu\u017ei\u0165 \u010do najviac energie z prijatej potravy. Mo\u017eno poveda\u0165, \u017ee norm\u00e1lna produkcia enz\u00fdmov je nevyhnutn\u00e1 na podporu tr\u00e1venia a metabolizmu a na spr\u00e1vne vstreb\u00e1vanie potravy. Na rozklad r\u00f4znych druhov potrav\u00edn potrebujeme r\u00f4zne enz\u00fdmy. Nedostatok enz\u00fdmov m\u00f4\u017ee sp\u00f4sobi\u0165 r\u00f4zne tr\u00e1viace probl\u00e9my, a to aj pri zdravej strave, preto\u017ee rozklad nefunguje dokonale.<br \/>\nV niektor\u00fdch pr\u00edpadoch mo\u017eno nedostatok prirodzen\u00fdch enz\u00fdmov nahradi\u0165 tr\u00e1viacimi enz\u00fdmami, ktor\u00e9 plnia podobn\u00fa funkciu v procese rozkladu.<\/p>\n<p><strong>Hlavn\u00e9 typy tr\u00e1viacich enz\u00fdmov:<\/strong><\/p>\n<ul>\n<li>Lip\u00e1za: zodpoved\u00e1 za rozklad tukov<\/li>\n<li>Prote\u00e1za: rozklad\u00e1 bielkoviny na aminokyseliny<\/li>\n<li>Lakt\u00e1za: tr\u00e1viaci enz\u00fdm, ktor\u00fd sa nach\u00e1dza aj v tenkom \u010dreve \u010dloveka a je d\u00f4le\u017eit\u00fd pre tr\u00e1venie lakt\u00f3zy, zn\u00e1mej aj ako mlie\u010dny cukor<\/li>\n<li>Alfa galaktozid\u00e1za: zodpoved\u00e1 za rozklad sacharidov<\/li>\n<\/ul>\n<p>&nbsp;<\/p>\n<p>V mnoh\u00fdch pr\u00edpadoch m\u00f4\u017eeme potrebova\u0165 tr\u00e1viace enz\u00fdmy pri ur\u010dit\u00fdch metabolick\u00fdch ochoreniach alebo in\u00fdch pr\u00edznakoch ovplyv\u0148uj\u00facich tr\u00e1viaci \u00a0syst\u00e9m, ako napr\u00edklad:<\/p>\n<ul>\n<li>nad\u00favanie,<\/li>\n<li>nadmern\u00e1 plynatos\u0165,<\/li>\n<li>k\u0155\u010de po jedle,<\/li>\n<li>hna\u010dka, abnorm\u00e1lna stolica<\/li>\n<li>pri niektor\u00fdch potravinov\u00fdch intoleranci\u00e1ch.<\/li>\n<\/ul>\n<p>&nbsp;<\/p>\n<p><strong>Pr\u00edrodn\u00e9 zdroje tr\u00e1viacich enz\u00fdmov na podporu tr\u00e1viaceho syst\u00e9mu:<\/strong><\/p>\n<ul>\n<li>avok\u00e1do<\/li>\n<li>ban\u00e1n<\/li>\n<li>pap\u00e1ja<\/li>\n<li>anan\u00e1s<\/li>\n<li>z\u00e1zvor<\/li>\n<li>kef\u00edr<\/li>\n<li>kysl\u00e1 kapusta<\/li>\n<li>kiwi<\/li>\n<li>mango<\/li>\n<\/ul>\n","protected":false},"excerpt":{"rendered":"<p>Tr\u00e1viace enz\u00fdmy s vysokou enzymatickou aktivitou obohaten\u00e9 o \u017eiv\u00e9 bakt\u00e9rie.<\/p>\n<p>Doplnok stravy s obsahom tr\u00e1viacich enz\u00fdmov, ktor\u00e9 \u0161tiepia tuky, cukry a bielkoviny, teda be\u017en\u00e9 makro\u017eiviny Va\u0161ej stravy. Enz\u00fdmy s\u00fa z\u00edskavan\u00e9 pomocou biotechnologick\u00fdch met\u00f3d, modern\u00fdm a bezpe\u010dn\u00fdm postupom v\u00fdroby.<\/p>\n<p><strong>Produkt je zaregistrovan\u00fd na \u00darade verejn\u00e9ho zdravotn\u00edctva SR<\/strong><\/p>\n<p><strong>Balenie:<\/strong>\u00a0 60 kaps\u00fal<br \/>\n<strong>Chu\u0165:<\/strong>\u00a0neutr\u00e1lna<br \/>\n<strong>Krajina p\u00f4vodu:<\/strong>\u00a0USA<\/p>\n","protected":false},"featured_media":7193,"comment_status":"closed","ping_status":"closed","template":"","meta":{"_acf_changed":false},"product_brand":[],"product_cat":[81,74],"product_tag":[],"class_list":{"0":"post-8796","1":"product","2":"type-product","3":"status-publish","4":"has-post-thumbnail","6":"product_cat-traviaca-sustava","7":"product_cat-premiove-vyzivove-doplnky","9":"first","10":"instock","11":"taxable","12":"shipping-taxable","13":"purchasable","14":"product-type-simple"},"acf":[],"yoast_head":"<!-- This site is optimized with the Yoast SEO plugin v26.5 - https:\/\/yoast.com\/wordpress\/plugins\/seo\/ -->\n<title>USA medical DIGESTIVE ENZYME | 60ks - USAmedical.sk<\/title>\n<meta name=\"robots\" content=\"index, follow, max-snippet:-1, max-image-preview:large, max-video-preview:-1\" \/>\n<link rel=\"canonical\" href=\"https:\/\/usamedical.com\/sk\/produkty\/usa-medical-digestive-enzyme-60ks\/\" \/>\n<meta property=\"og:locale\" content=\"sk_SK\" \/>\n<meta property=\"og:type\" content=\"article\" \/>\n<meta property=\"og:title\" content=\"USA medical DIGESTIVE ENZYME | 60ks - USAmedical.sk\" \/>\n<meta property=\"og:description\" content=\"Tr\u00e1viace enz\u00fdmy s vysokou enzymatickou aktivitou obohaten\u00e9 o \u017eiv\u00e9 bakt\u00e9rie.  Doplnok stravy s obsahom tr\u00e1viacich enz\u00fdmov, ktor\u00e9 \u0161tiepia tuky, cukry a bielkoviny, teda be\u017en\u00e9 makro\u017eiviny Va\u0161ej stravy. Enz\u00fdmy s\u00fa z\u00edskavan\u00e9 pomocou biotechnologick\u00fdch met\u00f3d, modern\u00fdm a bezpe\u010dn\u00fdm postupom v\u00fdroby.  Produkt je zaregistrovan\u00fd na \u00darade verejn\u00e9ho zdravotn\u00edctva SR  Balenie:\u00a0 60 kaps\u00fal Chu\u0165:\u00a0neutr\u00e1lna Krajina p\u00f4vodu:\u00a0USA\" \/>\n<meta property=\"og:url\" content=\"https:\/\/usamedical.com\/sk\/produkty\/usa-medical-digestive-enzyme-60ks\/\" \/>\n<meta property=\"og:site_name\" content=\"USAmedical.sk\" \/>\n<meta property=\"article:modified_time\" content=\"2024-06-24T23:00:02+00:00\" \/>\n<meta name=\"twitter:card\" content=\"summary_large_image\" \/>\n<meta name=\"twitter:label1\" content=\"Predpokladan\u00fd \u010das \u010d\u00edtania\" \/>\n\t<meta name=\"twitter:data1\" content=\"3 min\u00faty\" \/>\n<script type=\"application\/ld+json\" class=\"yoast-schema-graph\">{\"@context\":\"https:\/\/schema.org\",\"@graph\":[{\"@type\":\"WebPage\",\"@id\":\"https:\/\/usamedical.com\/sk\/produkty\/usa-medical-digestive-enzyme-60ks\/\",\"url\":\"https:\/\/usamedical.com\/sk\/produkty\/usa-medical-digestive-enzyme-60ks\/\",\"name\":\"USA medical DIGESTIVE ENZYME | 60ks - USAmedical.sk\",\"isPartOf\":{\"@id\":\"https:\/\/usamedical.com\/sk\/#website\"},\"primaryImageOfPage\":{\"@id\":\"https:\/\/usamedical.com\/sk\/produkty\/usa-medical-digestive-enzyme-60ks\/#primaryimage\"},\"image\":{\"@id\":\"https:\/\/usamedical.com\/sk\/produkty\/usa-medical-digestive-enzyme-60ks\/#primaryimage\"},\"thumbnailUrl\":\"https:\/\/usamedical.com\/sk\/wp-content\/uploads\/2022\/03\/usa-medical-digestive-enzyme-60-ks.jpg\",\"datePublished\":\"2022-03-28T07:15:33+00:00\",\"dateModified\":\"2024-06-24T23:00:02+00:00\",\"breadcrumb\":{\"@id\":\"https:\/\/usamedical.com\/sk\/produkty\/usa-medical-digestive-enzyme-60ks\/#breadcrumb\"},\"inLanguage\":\"sk-SK\",\"potentialAction\":[{\"@type\":\"ReadAction\",\"target\":[\"https:\/\/usamedical.com\/sk\/produkty\/usa-medical-digestive-enzyme-60ks\/\"]}]},{\"@type\":\"ImageObject\",\"inLanguage\":\"sk-SK\",\"@id\":\"https:\/\/usamedical.com\/sk\/produkty\/usa-medical-digestive-enzyme-60ks\/#primaryimage\",\"url\":\"https:\/\/usamedical.com\/sk\/wp-content\/uploads\/2022\/03\/usa-medical-digestive-enzyme-60-ks.jpg\",\"contentUrl\":\"https:\/\/usamedical.com\/sk\/wp-content\/uploads\/2022\/03\/usa-medical-digestive-enzyme-60-ks.jpg\",\"width\":800,\"height\":960},{\"@type\":\"BreadcrumbList\",\"@id\":\"https:\/\/usamedical.com\/sk\/produkty\/usa-medical-digestive-enzyme-60ks\/#breadcrumb\",\"itemListElement\":[{\"@type\":\"ListItem\",\"position\":1,\"name\":\"Kezd\u0151lap\",\"item\":\"https:\/\/usamedical.com\/sk\/\"},{\"@type\":\"ListItem\",\"position\":2,\"name\":\"Obchod\",\"item\":\"https:\/\/usamedical.com\/sk\/obchod\/\"},{\"@type\":\"ListItem\",\"position\":3,\"name\":\"USA medical DIGESTIVE ENZYME | 60ks\"}]},{\"@type\":\"WebSite\",\"@id\":\"https:\/\/usamedical.com\/sk\/#website\",\"url\":\"https:\/\/usamedical.com\/sk\/\",\"name\":\"USAmedical.sk\",\"description\":\"e-shop s CBD olejom a kapsulami\",\"publisher\":{\"@id\":\"https:\/\/usamedical.com\/sk\/#organization\"},\"potentialAction\":[{\"@type\":\"SearchAction\",\"target\":{\"@type\":\"EntryPoint\",\"urlTemplate\":\"https:\/\/usamedical.com\/sk\/?s={search_term_string}\"},\"query-input\":{\"@type\":\"PropertyValueSpecification\",\"valueRequired\":true,\"valueName\":\"search_term_string\"}}],\"inLanguage\":\"sk-SK\"},{\"@type\":\"Organization\",\"@id\":\"https:\/\/usamedical.com\/sk\/#organization\",\"name\":\"USAmedical.sk\",\"url\":\"https:\/\/usamedical.com\/sk\/\",\"logo\":{\"@type\":\"ImageObject\",\"inLanguage\":\"sk-SK\",\"@id\":\"https:\/\/usamedical.com\/sk\/#\/schema\/logo\/image\/\",\"url\":\"https:\/\/usamedical.com\/sk\/wp-content\/uploads\/2022\/03\/us_medical_logo.svg\",\"contentUrl\":\"https:\/\/usamedical.com\/sk\/wp-content\/uploads\/2022\/03\/us_medical_logo.svg\",\"width\":233,\"height\":56,\"caption\":\"USAmedical.sk\"},\"image\":{\"@id\":\"https:\/\/usamedical.com\/sk\/#\/schema\/logo\/image\/\"}}]}<\/script>\n<!-- \/ Yoast SEO plugin. -->","yoast_head_json":{"title":"USA medical DIGESTIVE ENZYME | 60ks - USAmedical.sk","robots":{"index":"index","follow":"follow","max-snippet":"max-snippet:-1","max-image-preview":"max-image-preview:large","max-video-preview":"max-video-preview:-1"},"canonical":"https:\/\/usamedical.com\/sk\/produkty\/usa-medical-digestive-enzyme-60ks\/","og_locale":"sk_SK","og_type":"article","og_title":"USA medical DIGESTIVE ENZYME | 60ks - USAmedical.sk","og_description":"Tr\u00e1viace enz\u00fdmy s vysokou enzymatickou aktivitou obohaten\u00e9 o \u017eiv\u00e9 bakt\u00e9rie.  Doplnok stravy s obsahom tr\u00e1viacich enz\u00fdmov, ktor\u00e9 \u0161tiepia tuky, cukry a bielkoviny, teda be\u017en\u00e9 makro\u017eiviny Va\u0161ej stravy. Enz\u00fdmy s\u00fa z\u00edskavan\u00e9 pomocou biotechnologick\u00fdch met\u00f3d, modern\u00fdm a bezpe\u010dn\u00fdm postupom v\u00fdroby.  Produkt je zaregistrovan\u00fd na \u00darade verejn\u00e9ho zdravotn\u00edctva SR  Balenie:\u00a0 60 kaps\u00fal Chu\u0165:\u00a0neutr\u00e1lna Krajina p\u00f4vodu:\u00a0USA","og_url":"https:\/\/usamedical.com\/sk\/produkty\/usa-medical-digestive-enzyme-60ks\/","og_site_name":"USAmedical.sk","article_modified_time":"2024-06-24T23:00:02+00:00","twitter_card":"summary_large_image","twitter_misc":{"Predpokladan\u00fd \u010das \u010d\u00edtania":"3 min\u00faty"},"schema":{"@context":"https:\/\/schema.org","@graph":[{"@type":"WebPage","@id":"https:\/\/usamedical.com\/sk\/produkty\/usa-medical-digestive-enzyme-60ks\/","url":"https:\/\/usamedical.com\/sk\/produkty\/usa-medical-digestive-enzyme-60ks\/","name":"USA medical DIGESTIVE ENZYME | 60ks - USAmedical.sk","isPartOf":{"@id":"https:\/\/usamedical.com\/sk\/#website"},"primaryImageOfPage":{"@id":"https:\/\/usamedical.com\/sk\/produkty\/usa-medical-digestive-enzyme-60ks\/#primaryimage"},"image":{"@id":"https:\/\/usamedical.com\/sk\/produkty\/usa-medical-digestive-enzyme-60ks\/#primaryimage"},"thumbnailUrl":"https:\/\/usamedical.com\/sk\/wp-content\/uploads\/2022\/03\/usa-medical-digestive-enzyme-60-ks.jpg","datePublished":"2022-03-28T07:15:33+00:00","dateModified":"2024-06-24T23:00:02+00:00","breadcrumb":{"@id":"https:\/\/usamedical.com\/sk\/produkty\/usa-medical-digestive-enzyme-60ks\/#breadcrumb"},"inLanguage":"sk-SK","potentialAction":[{"@type":"ReadAction","target":["https:\/\/usamedical.com\/sk\/produkty\/usa-medical-digestive-enzyme-60ks\/"]}]},{"@type":"ImageObject","inLanguage":"sk-SK","@id":"https:\/\/usamedical.com\/sk\/produkty\/usa-medical-digestive-enzyme-60ks\/#primaryimage","url":"https:\/\/usamedical.com\/sk\/wp-content\/uploads\/2022\/03\/usa-medical-digestive-enzyme-60-ks.jpg","contentUrl":"https:\/\/usamedical.com\/sk\/wp-content\/uploads\/2022\/03\/usa-medical-digestive-enzyme-60-ks.jpg","width":800,"height":960},{"@type":"BreadcrumbList","@id":"https:\/\/usamedical.com\/sk\/produkty\/usa-medical-digestive-enzyme-60ks\/#breadcrumb","itemListElement":[{"@type":"ListItem","position":1,"name":"Kezd\u0151lap","item":"https:\/\/usamedical.com\/sk\/"},{"@type":"ListItem","position":2,"name":"Obchod","item":"https:\/\/usamedical.com\/sk\/obchod\/"},{"@type":"ListItem","position":3,"name":"USA medical DIGESTIVE ENZYME | 60ks"}]},{"@type":"WebSite","@id":"https:\/\/usamedical.com\/sk\/#website","url":"https:\/\/usamedical.com\/sk\/","name":"USAmedical.sk","description":"e-shop s CBD olejom a kapsulami","publisher":{"@id":"https:\/\/usamedical.com\/sk\/#organization"},"potentialAction":[{"@type":"SearchAction","target":{"@type":"EntryPoint","urlTemplate":"https:\/\/usamedical.com\/sk\/?s={search_term_string}"},"query-input":{"@type":"PropertyValueSpecification","valueRequired":true,"valueName":"search_term_string"}}],"inLanguage":"sk-SK"},{"@type":"Organization","@id":"https:\/\/usamedical.com\/sk\/#organization","name":"USAmedical.sk","url":"https:\/\/usamedical.com\/sk\/","logo":{"@type":"ImageObject","inLanguage":"sk-SK","@id":"https:\/\/usamedical.com\/sk\/#\/schema\/logo\/image\/","url":"https:\/\/usamedical.com\/sk\/wp-content\/uploads\/2022\/03\/us_medical_logo.svg","contentUrl":"https:\/\/usamedical.com\/sk\/wp-content\/uploads\/2022\/03\/us_medical_logo.svg","width":233,"height":56,"caption":"USAmedical.sk"},"image":{"@id":"https:\/\/usamedical.com\/sk\/#\/schema\/logo\/image\/"}}]}},"_links":{"self":[{"href":"https:\/\/usamedical.com\/sk\/wp-json\/wp\/v2\/product\/8796","targetHints":{"allow":["GET"]}}],"collection":[{"href":"https:\/\/usamedical.com\/sk\/wp-json\/wp\/v2\/product"}],"about":[{"href":"https:\/\/usamedical.com\/sk\/wp-json\/wp\/v2\/types\/product"}],"replies":[{"embeddable":true,"href":"https:\/\/usamedical.com\/sk\/wp-json\/wp\/v2\/comments?post=8796"}],"wp:featuredmedia":[{"embeddable":true,"href":"https:\/\/usamedical.com\/sk\/wp-json\/wp\/v2\/media\/7193"}],"wp:attachment":[{"href":"https:\/\/usamedical.com\/sk\/wp-json\/wp\/v2\/media?parent=8796"}],"wp:term":[{"taxonomy":"product_brand","embeddable":true,"href":"https:\/\/usamedical.com\/sk\/wp-json\/wp\/v2\/product_brand?post=8796"},{"taxonomy":"product_cat","embeddable":true,"href":"https:\/\/usamedical.com\/sk\/wp-json\/wp\/v2\/product_cat?post=8796"},{"taxonomy":"product_tag","embeddable":true,"href":"https:\/\/usamedical.com\/sk\/wp-json\/wp\/v2\/product_tag?post=8796"}],"curies":[{"name":"wp","href":"https:\/\/api.w.org\/{rel}","templated":true}]}}