{"id":8793,"date":"2022-03-28T09:15:32","date_gmt":"2022-03-28T07:15:32","guid":{"rendered":"https:\/\/usamedical.com\/sk\/?post_type=product&#038;p=8793"},"modified":"2026-02-17T14:49:15","modified_gmt":"2026-02-17T13:49:15","slug":"usa-medical-multivitamin-pre-zeny-60ks","status":"publish","type":"product","link":"https:\/\/usamedical.com\/sk\/produkty\/usa-medical-multivitamin-pre-zeny-60ks\/","title":{"rendered":"USA medical MULTIVITAMIN pre \u017eeny | 60ks"},"content":{"rendered":"<p><strong>Multivitam\u00edn adaptovan\u00fd priamo pre \u017eeny<\/strong><\/p>\n<blockquote><p>Na\u0161e <strong>multivitam\u00ednov\u00e9 kapsuly pre \u017eeny<\/strong> s\u00fa vysokokvalitn\u00fdm doplnkom v\u00fd\u017eivy z\u00a0\u010dist\u00fdch pr\u00edrodn\u00fdch zlo\u017eiek bez chemik\u00e1li\u00ed, ktor\u00fd podporuje zdravie \u017eien silou <strong>12 vitam\u00ednov, 7 miner\u00e1lov a stopov\u00fdch prvkov a 14 rastlinn\u00fdch a ovocn\u00fdch extraktov<\/strong>.<\/p><\/blockquote>\n<p>N\u00e1\u0161 produkt Multivitamin for Women je ur\u010den\u00fd pre \u017eeny, ktor\u00e9 chc\u00fa podpori\u0165 svoje telo vysokokvalitn\u00fdm produktom obsahuj\u00facim iba \u010dist\u00e9 ingrediencie bez chemik\u00e1li\u00ed. Ka\u017ed\u00e1 kapsula obsahuje patentovan\u00fa zmes cenn\u00fdch vitam\u00ednov, miner\u00e1lov a rastlinn\u00fdch extraktov:<\/p>\n<p>Vitam\u00edn A, vitam\u00edn C, v\u00e1pnik, vitam\u00edn D, vitam\u00edn E, vitam\u00edn B1, vitam\u00edn B2, vitam\u00edn B3, vitam\u00edn B6, kyselina listov\u00e1, vitam\u00edn B12, biot\u00edn, vitam\u00edn B5, hor\u010d\u00edk, zinok, sel\u00e9n, me\u010f, mang\u00e1n, chr\u00f3m, molybd\u00e9n.<\/p>\n<p>V\u010faka t\u00fdmto rastlinn\u00fdm extraktom sa na\u0161e produkty st\u00e1vaj\u00fa e\u0161te hodnotnej\u0161\u00edmi: lute\u00edn, extrakt z plodov brusn\u00edc, extrakt z kore\u0148a bat\u00e1tu, extrakt z \u010dervenej \u010fateliny, extrakt z echinacey, riasa spirulina, kyselina alfa-lipoov\u00e1, lykop\u00e9n, hloh, extrakt zo \u0161korice, cesnak, extrakt z listov zelen\u00e9ho \u010daju, extrakt z \u010diernych r\u00edbezl\u00ed, extrakt z gran\u00e1tov\u00e9ho jablka, extrakt z \u010du\u010doriedok, extrakt z hroznov\u00fdch jadierok.<\/p>\n","protected":false},"excerpt":{"rendered":"<p>Multivitam\u00edn \u0161peci\u00e1lne pre \u017eeny vyvinut\u00fd tak, aby najviac zodpovedal po\u017eiadavk\u00e1m \u017eien k dodanie energie, vitality a zdravia. Vitam\u00edn B2 prispieva k zn\u00ed\u017eeniu vy\u010derpania a \u00fanavy. Sel\u00e9n podporuje norm\u00e1lny imunitn\u00e9 funkcie, ale tie\u017e vlasy a nechty. Vitam\u00edn A podporuje zdravie slizn\u00edc, poko\u017eky a zraku. Vitam\u00edn D sa podie\u013ea na procese delenia buniek.<\/p>\n<p><strong>Produkt je zaregistrovan\u00fd na \u00darade verejn\u00e9ho zdravotn\u00edctva SR<\/strong><\/p>\n<p><strong>Balenie:<\/strong>\u00a0 60 kaps\u00fal<br \/>\n<strong>Chu\u0165:<\/strong>\u00a0neutr\u00e1lna<br \/>\n<strong>Krajina p\u00f4vodu:<\/strong>\u00a0USA<\/p>\n","protected":false},"featured_media":13750,"comment_status":"closed","ping_status":"closed","template":"","meta":{"_acf_changed":false},"product_brand":[],"product_cat":[84,85,80,74],"product_tag":[],"class_list":{"0":"post-8793","1":"product","2":"type-product","3":"status-publish","4":"has-post-thumbnail","6":"product_cat-imunitny-system","7":"product_cat-multivitamin","8":"product_cat-vitaminy-a-mineraly","9":"product_cat-premiove-vyzivove-doplnky","11":"first","12":"outofstock","13":"taxable","14":"shipping-taxable","15":"purchasable","16":"product-type-simple"},"acf":[],"yoast_head":"<!-- This site is optimized with the Yoast SEO plugin v26.5 - https:\/\/yoast.com\/wordpress\/plugins\/seo\/ -->\n<title>USA medical MULTIVITAMIN pre \u017eeny | 60ks - USAmedical.sk<\/title>\n<meta name=\"robots\" content=\"index, follow, max-snippet:-1, max-image-preview:large, max-video-preview:-1\" \/>\n<link rel=\"canonical\" href=\"https:\/\/usamedical.com\/sk\/produkty\/usa-medical-multivitamin-pre-zeny-60ks\/\" \/>\n<meta property=\"og:locale\" content=\"sk_SK\" \/>\n<meta property=\"og:type\" content=\"article\" \/>\n<meta property=\"og:title\" content=\"USA medical MULTIVITAMIN pre \u017eeny | 60ks - USAmedical.sk\" \/>\n<meta property=\"og:description\" content=\"Multivitam\u00edn \u0161peci\u00e1lne pre \u017eeny vyvinut\u00fd tak, aby najviac zodpovedal po\u017eiadavk\u00e1m \u017eien k dodanie energie, vitality a zdravia. Vitam\u00edn B2 prispieva k zn\u00ed\u017eeniu vy\u010derpania a \u00fanavy. Sel\u00e9n podporuje norm\u00e1lny imunitn\u00e9 funkcie, ale tie\u017e vlasy a nechty. Vitam\u00edn A podporuje zdravie slizn\u00edc, poko\u017eky a zraku. Vitam\u00edn D sa podie\u013ea na procese delenia buniek.  Produkt je zaregistrovan\u00fd na \u00darade verejn\u00e9ho zdravotn\u00edctva SR  Balenie:\u00a0 60 kaps\u00fal Chu\u0165:\u00a0neutr\u00e1lna Krajina p\u00f4vodu:\u00a0USA\" \/>\n<meta property=\"og:url\" content=\"https:\/\/usamedical.com\/sk\/produkty\/usa-medical-multivitamin-pre-zeny-60ks\/\" \/>\n<meta property=\"og:site_name\" content=\"USAmedical.sk\" \/>\n<meta property=\"article:modified_time\" content=\"2026-02-17T13:49:15+00:00\" \/>\n<meta name=\"twitter:card\" content=\"summary_large_image\" \/>\n<meta name=\"twitter:label1\" content=\"Predpokladan\u00fd \u010das \u010d\u00edtania\" \/>\n\t<meta name=\"twitter:data1\" content=\"1 min\u00fata\" \/>\n<script type=\"application\/ld+json\" class=\"yoast-schema-graph\">{\"@context\":\"https:\/\/schema.org\",\"@graph\":[{\"@type\":\"WebPage\",\"@id\":\"https:\/\/usamedical.com\/sk\/produkty\/usa-medical-multivitamin-pre-zeny-60ks\/\",\"url\":\"https:\/\/usamedical.com\/sk\/produkty\/usa-medical-multivitamin-pre-zeny-60ks\/\",\"name\":\"USA medical MULTIVITAMIN pre \u017eeny | 60ks - USAmedical.sk\",\"isPartOf\":{\"@id\":\"https:\/\/usamedical.com\/sk\/#website\"},\"primaryImageOfPage\":{\"@id\":\"https:\/\/usamedical.com\/sk\/produkty\/usa-medical-multivitamin-pre-zeny-60ks\/#primaryimage\"},\"image\":{\"@id\":\"https:\/\/usamedical.com\/sk\/produkty\/usa-medical-multivitamin-pre-zeny-60ks\/#primaryimage\"},\"thumbnailUrl\":\"https:\/\/usamedical.com\/sk\/wp-content\/uploads\/2022\/03\/2024_multivitamin_for_women_800x960.jpg\",\"datePublished\":\"2022-03-28T07:15:32+00:00\",\"dateModified\":\"2026-02-17T13:49:15+00:00\",\"breadcrumb\":{\"@id\":\"https:\/\/usamedical.com\/sk\/produkty\/usa-medical-multivitamin-pre-zeny-60ks\/#breadcrumb\"},\"inLanguage\":\"sk-SK\",\"potentialAction\":[{\"@type\":\"ReadAction\",\"target\":[\"https:\/\/usamedical.com\/sk\/produkty\/usa-medical-multivitamin-pre-zeny-60ks\/\"]}]},{\"@type\":\"ImageObject\",\"inLanguage\":\"sk-SK\",\"@id\":\"https:\/\/usamedical.com\/sk\/produkty\/usa-medical-multivitamin-pre-zeny-60ks\/#primaryimage\",\"url\":\"https:\/\/usamedical.com\/sk\/wp-content\/uploads\/2022\/03\/2024_multivitamin_for_women_800x960.jpg\",\"contentUrl\":\"https:\/\/usamedical.com\/sk\/wp-content\/uploads\/2022\/03\/2024_multivitamin_for_women_800x960.jpg\",\"width\":800,\"height\":960},{\"@type\":\"BreadcrumbList\",\"@id\":\"https:\/\/usamedical.com\/sk\/produkty\/usa-medical-multivitamin-pre-zeny-60ks\/#breadcrumb\",\"itemListElement\":[{\"@type\":\"ListItem\",\"position\":1,\"name\":\"Kezd\u0151lap\",\"item\":\"https:\/\/usamedical.com\/sk\/\"},{\"@type\":\"ListItem\",\"position\":2,\"name\":\"Obchod\",\"item\":\"https:\/\/usamedical.com\/sk\/obchod\/\"},{\"@type\":\"ListItem\",\"position\":3,\"name\":\"USA medical MULTIVITAMIN pre \u017eeny | 60ks\"}]},{\"@type\":\"WebSite\",\"@id\":\"https:\/\/usamedical.com\/sk\/#website\",\"url\":\"https:\/\/usamedical.com\/sk\/\",\"name\":\"USAmedical.sk\",\"description\":\"e-shop s CBD olejom a kapsulami\",\"publisher\":{\"@id\":\"https:\/\/usamedical.com\/sk\/#organization\"},\"potentialAction\":[{\"@type\":\"SearchAction\",\"target\":{\"@type\":\"EntryPoint\",\"urlTemplate\":\"https:\/\/usamedical.com\/sk\/?s={search_term_string}\"},\"query-input\":{\"@type\":\"PropertyValueSpecification\",\"valueRequired\":true,\"valueName\":\"search_term_string\"}}],\"inLanguage\":\"sk-SK\"},{\"@type\":\"Organization\",\"@id\":\"https:\/\/usamedical.com\/sk\/#organization\",\"name\":\"USAmedical.sk\",\"url\":\"https:\/\/usamedical.com\/sk\/\",\"logo\":{\"@type\":\"ImageObject\",\"inLanguage\":\"sk-SK\",\"@id\":\"https:\/\/usamedical.com\/sk\/#\/schema\/logo\/image\/\",\"url\":\"https:\/\/usamedical.com\/sk\/wp-content\/uploads\/2022\/03\/us_medical_logo.svg\",\"contentUrl\":\"https:\/\/usamedical.com\/sk\/wp-content\/uploads\/2022\/03\/us_medical_logo.svg\",\"width\":233,\"height\":56,\"caption\":\"USAmedical.sk\"},\"image\":{\"@id\":\"https:\/\/usamedical.com\/sk\/#\/schema\/logo\/image\/\"}}]}<\/script>\n<!-- \/ Yoast SEO plugin. -->","yoast_head_json":{"title":"USA medical MULTIVITAMIN pre \u017eeny | 60ks - USAmedical.sk","robots":{"index":"index","follow":"follow","max-snippet":"max-snippet:-1","max-image-preview":"max-image-preview:large","max-video-preview":"max-video-preview:-1"},"canonical":"https:\/\/usamedical.com\/sk\/produkty\/usa-medical-multivitamin-pre-zeny-60ks\/","og_locale":"sk_SK","og_type":"article","og_title":"USA medical MULTIVITAMIN pre \u017eeny | 60ks - USAmedical.sk","og_description":"Multivitam\u00edn \u0161peci\u00e1lne pre \u017eeny vyvinut\u00fd tak, aby najviac zodpovedal po\u017eiadavk\u00e1m \u017eien k dodanie energie, vitality a zdravia. Vitam\u00edn B2 prispieva k zn\u00ed\u017eeniu vy\u010derpania a \u00fanavy. Sel\u00e9n podporuje norm\u00e1lny imunitn\u00e9 funkcie, ale tie\u017e vlasy a nechty. Vitam\u00edn A podporuje zdravie slizn\u00edc, poko\u017eky a zraku. Vitam\u00edn D sa podie\u013ea na procese delenia buniek.  Produkt je zaregistrovan\u00fd na \u00darade verejn\u00e9ho zdravotn\u00edctva SR  Balenie:\u00a0 60 kaps\u00fal Chu\u0165:\u00a0neutr\u00e1lna Krajina p\u00f4vodu:\u00a0USA","og_url":"https:\/\/usamedical.com\/sk\/produkty\/usa-medical-multivitamin-pre-zeny-60ks\/","og_site_name":"USAmedical.sk","article_modified_time":"2026-02-17T13:49:15+00:00","twitter_card":"summary_large_image","twitter_misc":{"Predpokladan\u00fd \u010das \u010d\u00edtania":"1 min\u00fata"},"schema":{"@context":"https:\/\/schema.org","@graph":[{"@type":"WebPage","@id":"https:\/\/usamedical.com\/sk\/produkty\/usa-medical-multivitamin-pre-zeny-60ks\/","url":"https:\/\/usamedical.com\/sk\/produkty\/usa-medical-multivitamin-pre-zeny-60ks\/","name":"USA medical MULTIVITAMIN pre \u017eeny | 60ks - USAmedical.sk","isPartOf":{"@id":"https:\/\/usamedical.com\/sk\/#website"},"primaryImageOfPage":{"@id":"https:\/\/usamedical.com\/sk\/produkty\/usa-medical-multivitamin-pre-zeny-60ks\/#primaryimage"},"image":{"@id":"https:\/\/usamedical.com\/sk\/produkty\/usa-medical-multivitamin-pre-zeny-60ks\/#primaryimage"},"thumbnailUrl":"https:\/\/usamedical.com\/sk\/wp-content\/uploads\/2022\/03\/2024_multivitamin_for_women_800x960.jpg","datePublished":"2022-03-28T07:15:32+00:00","dateModified":"2026-02-17T13:49:15+00:00","breadcrumb":{"@id":"https:\/\/usamedical.com\/sk\/produkty\/usa-medical-multivitamin-pre-zeny-60ks\/#breadcrumb"},"inLanguage":"sk-SK","potentialAction":[{"@type":"ReadAction","target":["https:\/\/usamedical.com\/sk\/produkty\/usa-medical-multivitamin-pre-zeny-60ks\/"]}]},{"@type":"ImageObject","inLanguage":"sk-SK","@id":"https:\/\/usamedical.com\/sk\/produkty\/usa-medical-multivitamin-pre-zeny-60ks\/#primaryimage","url":"https:\/\/usamedical.com\/sk\/wp-content\/uploads\/2022\/03\/2024_multivitamin_for_women_800x960.jpg","contentUrl":"https:\/\/usamedical.com\/sk\/wp-content\/uploads\/2022\/03\/2024_multivitamin_for_women_800x960.jpg","width":800,"height":960},{"@type":"BreadcrumbList","@id":"https:\/\/usamedical.com\/sk\/produkty\/usa-medical-multivitamin-pre-zeny-60ks\/#breadcrumb","itemListElement":[{"@type":"ListItem","position":1,"name":"Kezd\u0151lap","item":"https:\/\/usamedical.com\/sk\/"},{"@type":"ListItem","position":2,"name":"Obchod","item":"https:\/\/usamedical.com\/sk\/obchod\/"},{"@type":"ListItem","position":3,"name":"USA medical MULTIVITAMIN pre \u017eeny | 60ks"}]},{"@type":"WebSite","@id":"https:\/\/usamedical.com\/sk\/#website","url":"https:\/\/usamedical.com\/sk\/","name":"USAmedical.sk","description":"e-shop s CBD olejom a kapsulami","publisher":{"@id":"https:\/\/usamedical.com\/sk\/#organization"},"potentialAction":[{"@type":"SearchAction","target":{"@type":"EntryPoint","urlTemplate":"https:\/\/usamedical.com\/sk\/?s={search_term_string}"},"query-input":{"@type":"PropertyValueSpecification","valueRequired":true,"valueName":"search_term_string"}}],"inLanguage":"sk-SK"},{"@type":"Organization","@id":"https:\/\/usamedical.com\/sk\/#organization","name":"USAmedical.sk","url":"https:\/\/usamedical.com\/sk\/","logo":{"@type":"ImageObject","inLanguage":"sk-SK","@id":"https:\/\/usamedical.com\/sk\/#\/schema\/logo\/image\/","url":"https:\/\/usamedical.com\/sk\/wp-content\/uploads\/2022\/03\/us_medical_logo.svg","contentUrl":"https:\/\/usamedical.com\/sk\/wp-content\/uploads\/2022\/03\/us_medical_logo.svg","width":233,"height":56,"caption":"USAmedical.sk"},"image":{"@id":"https:\/\/usamedical.com\/sk\/#\/schema\/logo\/image\/"}}]}},"_links":{"self":[{"href":"https:\/\/usamedical.com\/sk\/wp-json\/wp\/v2\/product\/8793","targetHints":{"allow":["GET"]}}],"collection":[{"href":"https:\/\/usamedical.com\/sk\/wp-json\/wp\/v2\/product"}],"about":[{"href":"https:\/\/usamedical.com\/sk\/wp-json\/wp\/v2\/types\/product"}],"replies":[{"embeddable":true,"href":"https:\/\/usamedical.com\/sk\/wp-json\/wp\/v2\/comments?post=8793"}],"wp:featuredmedia":[{"embeddable":true,"href":"https:\/\/usamedical.com\/sk\/wp-json\/wp\/v2\/media\/13750"}],"wp:attachment":[{"href":"https:\/\/usamedical.com\/sk\/wp-json\/wp\/v2\/media?parent=8793"}],"wp:term":[{"taxonomy":"product_brand","embeddable":true,"href":"https:\/\/usamedical.com\/sk\/wp-json\/wp\/v2\/product_brand?post=8793"},{"taxonomy":"product_cat","embeddable":true,"href":"https:\/\/usamedical.com\/sk\/wp-json\/wp\/v2\/product_cat?post=8793"},{"taxonomy":"product_tag","embeddable":true,"href":"https:\/\/usamedical.com\/sk\/wp-json\/wp\/v2\/product_tag?post=8793"}],"curies":[{"name":"wp","href":"https:\/\/api.w.org\/{rel}","templated":true}]}}