{"id":8792,"date":"2022-03-28T09:15:32","date_gmt":"2022-03-28T07:15:32","guid":{"rendered":"https:\/\/usamedical.com\/sk\/?post_type=product&#038;p=8792"},"modified":"2025-10-13T12:31:55","modified_gmt":"2025-10-13T10:31:55","slug":"usa-medical-multivitamin-pre-muzov-60ks","status":"publish","type":"product","link":"https:\/\/usamedical.com\/sk\/produkty\/usa-medical-multivitamin-pre-muzov-60ks\/","title":{"rendered":"USA medical MULTIVITAMIN pre mu\u017eov | 60ks"},"content":{"rendered":"<p>Men &#8218;multivitam\u00edn s betagluk\u00e1ny a s antioxidantmi\u00a0adaptovan\u00fd priamo pre mu\u017eov so siln\u00fdmi extrakty z rastl\u00edn a ovocia.<\/p>\n<blockquote><p>Multivitam\u00edn \u0161peci\u00e1lne adaptovan\u00fd pre potreby mu\u017esk\u00e9ho organizmu, ktor\u00e9 s\u00fa odli\u0161n\u00e9 od potrieb \u017eien. Katech\u00edny zo zelen\u00e9ho \u010daju s\u00fa vynikaj\u00facim zdrojom antioxidantov. Podporuj\u00fa zdrav\u00fa \u010drevn\u00fa mikrofl\u00f3ru, myslenie, koncentr\u00e1ciu i srdcov\u00fa \u010dinnos\u0165.<\/p>\n<p>V\u00fdborn\u00fdm antioxidantom je aj vysok\u00e1 d\u00e1vka vitam\u00ednu E. Thiam\u00edn (vitam\u00edn B3) prispieva k norm\u00e1lnemu energetick\u00e9mu metabolizmu, \u010do je ve\u013emi d\u00f4le\u017eit\u00e9 pre podporu spracovania cukrov. Vitam\u00edn D napom\u00e1ha fyziologick\u00e9mu stavu kost\u00ed, svalov a \u010do je ve\u013emi podstatn\u00e9- podporuje aj imunitn\u00fd syst\u00e9m. V\u0161etky l\u00e1tky s\u00fa v dokonalej synergii tak, aby bola podpora multivitam\u00ednu \u010do najviac komplexn\u00fd.<\/p><\/blockquote>\n<p>N\u00e1\u0161 v\u00fd\u017eivov\u00fd doplnok Multivitamin for Men vo forme kaps\u00fal obsahuje jedine\u010dn\u00fa kombin\u00e1ciu vitam\u00ednov, miner\u00e1lov a stopov\u00fdch prvkov: vitam\u00edn A, vitam\u00edn C, vitam\u00edn D, vitam\u00edn E, vitam\u00edn B1, vitam\u00edn B2, vitam\u00edn B3, vitam\u00edn B6, kyselinu listov\u00fa, vitam\u00edn B12, biot\u00edn, vitam\u00edn B5, v\u00e1pnik, hor\u010d\u00edk, zinok, sel\u00e9n, me\u010f, mang\u00e1n, chr\u00f3m, molybd\u00e9n.<\/p>\n<p>Okrem toho tento pr\u00edpravok obsahuje cenn\u00e9 rastlinn\u00e9 \u00fa\u010dinn\u00e9 l\u00e1tky: spirulinu, cesnak, zelen\u00fd \u010daj, echinaceu, beta-gluk\u00e1n, extrakt z \u010du\u010doriedok, extrakt z hroznov\u00fdch jadierok, extrakt z \u010diernych r\u00edbezl\u00ed, hloh, extrakt zo \u0161korice, extrakt zo \u017eih\u013eavy dvojdomej, extrakt zo serenoy plazivej, extrakt z gran\u00e1tov\u00e9ho jablka, lute\u00edn, lykop\u00e9n.<\/p>\n","protected":false},"excerpt":{"rendered":"<p>N\u00e1\u0161 multivitam\u00edn je ur\u010den\u00fd pre mu\u017eov, ktor\u00ed chc\u00fa podpori\u0165 svoje telo vysokokvalitn\u00fdm produktom z\u00a0\u010dist\u00fdch ingredienci\u00ed a bez chemik\u00e1li\u00ed. \u0160peci\u00e1lna zmes pozost\u00e1va z kombin\u00e1cie <strong>12 vitam\u00ednov, 7 miner\u00e1lov a stopov\u00fdch prvkov a 13 rastlinn\u00fdch extraktov<\/strong>.<\/p>\n<p><strong>Produkt je zaregistrovan\u00fd na \u00darade verejn\u00e9ho zdravotn\u00edctva SR<\/strong><br \/>\n<strong>Balenie:<\/strong>\u00a060 kaps\u00fal<br \/>\n<strong>Chu\u0165:<\/strong>\u00a0neutr\u00e1lna<br \/>\n<strong>Krajina p\u00f4vodu:<\/strong>\u00a0USA<\/p>\n","protected":false},"featured_media":13749,"comment_status":"closed","ping_status":"closed","template":"","meta":{"_acf_changed":false},"product_brand":[],"product_cat":[84,85,80,74],"product_tag":[],"class_list":{"0":"post-8792","1":"product","2":"type-product","3":"status-publish","4":"has-post-thumbnail","6":"product_cat-imunitny-system","7":"product_cat-multivitamin","8":"product_cat-vitaminy-a-mineraly","9":"product_cat-premiove-vyzivove-doplnky","11":"first","12":"instock","13":"taxable","14":"shipping-taxable","15":"purchasable","16":"product-type-simple"},"acf":[],"yoast_head":"<!-- This site is optimized with the Yoast SEO plugin v26.5 - https:\/\/yoast.com\/wordpress\/plugins\/seo\/ -->\n<title>USA medical MULTIVITAMIN pre mu\u017eov | 60ks - USAmedical.sk<\/title>\n<meta name=\"robots\" content=\"index, follow, max-snippet:-1, max-image-preview:large, max-video-preview:-1\" \/>\n<link rel=\"canonical\" href=\"https:\/\/usamedical.com\/sk\/produkty\/usa-medical-multivitamin-pre-muzov-60ks\/\" \/>\n<meta property=\"og:locale\" content=\"sk_SK\" \/>\n<meta property=\"og:type\" content=\"article\" \/>\n<meta property=\"og:title\" content=\"USA medical MULTIVITAMIN pre mu\u017eov | 60ks - USAmedical.sk\" \/>\n<meta property=\"og:description\" content=\"N\u00e1\u0161 multivitam\u00edn je ur\u010den\u00fd pre mu\u017eov, ktor\u00ed chc\u00fa podpori\u0165 svoje telo vysokokvalitn\u00fdm produktom z\u00a0\u010dist\u00fdch ingredienci\u00ed a bez chemik\u00e1li\u00ed. \u0160peci\u00e1lna zmes pozost\u00e1va z kombin\u00e1cie 12 vitam\u00ednov, 7 miner\u00e1lov a stopov\u00fdch prvkov a 13 rastlinn\u00fdch extraktov.  Produkt je zaregistrovan\u00fd na \u00darade verejn\u00e9ho zdravotn\u00edctva SR Balenie:\u00a060 kaps\u00fal Chu\u0165:\u00a0neutr\u00e1lna Krajina p\u00f4vodu:\u00a0USA\" \/>\n<meta property=\"og:url\" content=\"https:\/\/usamedical.com\/sk\/produkty\/usa-medical-multivitamin-pre-muzov-60ks\/\" \/>\n<meta property=\"og:site_name\" content=\"USAmedical.sk\" \/>\n<meta property=\"article:modified_time\" content=\"2025-10-13T10:31:55+00:00\" \/>\n<meta name=\"twitter:card\" content=\"summary_large_image\" \/>\n<meta name=\"twitter:label1\" content=\"Predpokladan\u00fd \u010das \u010d\u00edtania\" \/>\n\t<meta name=\"twitter:data1\" content=\"1 min\u00fata\" \/>\n<script type=\"application\/ld+json\" class=\"yoast-schema-graph\">{\"@context\":\"https:\/\/schema.org\",\"@graph\":[{\"@type\":\"WebPage\",\"@id\":\"https:\/\/usamedical.com\/sk\/produkty\/usa-medical-multivitamin-pre-muzov-60ks\/\",\"url\":\"https:\/\/usamedical.com\/sk\/produkty\/usa-medical-multivitamin-pre-muzov-60ks\/\",\"name\":\"USA medical MULTIVITAMIN pre mu\u017eov | 60ks - USAmedical.sk\",\"isPartOf\":{\"@id\":\"https:\/\/usamedical.com\/sk\/#website\"},\"primaryImageOfPage\":{\"@id\":\"https:\/\/usamedical.com\/sk\/produkty\/usa-medical-multivitamin-pre-muzov-60ks\/#primaryimage\"},\"image\":{\"@id\":\"https:\/\/usamedical.com\/sk\/produkty\/usa-medical-multivitamin-pre-muzov-60ks\/#primaryimage\"},\"thumbnailUrl\":\"https:\/\/usamedical.com\/sk\/wp-content\/uploads\/2022\/03\/2024_multivitamin_for_men_800x960.jpg\",\"datePublished\":\"2022-03-28T07:15:32+00:00\",\"dateModified\":\"2025-10-13T10:31:55+00:00\",\"breadcrumb\":{\"@id\":\"https:\/\/usamedical.com\/sk\/produkty\/usa-medical-multivitamin-pre-muzov-60ks\/#breadcrumb\"},\"inLanguage\":\"sk-SK\",\"potentialAction\":[{\"@type\":\"ReadAction\",\"target\":[\"https:\/\/usamedical.com\/sk\/produkty\/usa-medical-multivitamin-pre-muzov-60ks\/\"]}]},{\"@type\":\"ImageObject\",\"inLanguage\":\"sk-SK\",\"@id\":\"https:\/\/usamedical.com\/sk\/produkty\/usa-medical-multivitamin-pre-muzov-60ks\/#primaryimage\",\"url\":\"https:\/\/usamedical.com\/sk\/wp-content\/uploads\/2022\/03\/2024_multivitamin_for_men_800x960.jpg\",\"contentUrl\":\"https:\/\/usamedical.com\/sk\/wp-content\/uploads\/2022\/03\/2024_multivitamin_for_men_800x960.jpg\",\"width\":800,\"height\":960},{\"@type\":\"BreadcrumbList\",\"@id\":\"https:\/\/usamedical.com\/sk\/produkty\/usa-medical-multivitamin-pre-muzov-60ks\/#breadcrumb\",\"itemListElement\":[{\"@type\":\"ListItem\",\"position\":1,\"name\":\"Kezd\u0151lap\",\"item\":\"https:\/\/usamedical.com\/sk\/\"},{\"@type\":\"ListItem\",\"position\":2,\"name\":\"Obchod\",\"item\":\"https:\/\/usamedical.com\/sk\/obchod\/\"},{\"@type\":\"ListItem\",\"position\":3,\"name\":\"USA medical MULTIVITAMIN pre mu\u017eov | 60ks\"}]},{\"@type\":\"WebSite\",\"@id\":\"https:\/\/usamedical.com\/sk\/#website\",\"url\":\"https:\/\/usamedical.com\/sk\/\",\"name\":\"USAmedical.sk\",\"description\":\"e-shop s CBD olejom a kapsulami\",\"publisher\":{\"@id\":\"https:\/\/usamedical.com\/sk\/#organization\"},\"potentialAction\":[{\"@type\":\"SearchAction\",\"target\":{\"@type\":\"EntryPoint\",\"urlTemplate\":\"https:\/\/usamedical.com\/sk\/?s={search_term_string}\"},\"query-input\":{\"@type\":\"PropertyValueSpecification\",\"valueRequired\":true,\"valueName\":\"search_term_string\"}}],\"inLanguage\":\"sk-SK\"},{\"@type\":\"Organization\",\"@id\":\"https:\/\/usamedical.com\/sk\/#organization\",\"name\":\"USAmedical.sk\",\"url\":\"https:\/\/usamedical.com\/sk\/\",\"logo\":{\"@type\":\"ImageObject\",\"inLanguage\":\"sk-SK\",\"@id\":\"https:\/\/usamedical.com\/sk\/#\/schema\/logo\/image\/\",\"url\":\"https:\/\/usamedical.com\/sk\/wp-content\/uploads\/2022\/03\/us_medical_logo.svg\",\"contentUrl\":\"https:\/\/usamedical.com\/sk\/wp-content\/uploads\/2022\/03\/us_medical_logo.svg\",\"width\":233,\"height\":56,\"caption\":\"USAmedical.sk\"},\"image\":{\"@id\":\"https:\/\/usamedical.com\/sk\/#\/schema\/logo\/image\/\"}}]}<\/script>\n<!-- \/ Yoast SEO plugin. -->","yoast_head_json":{"title":"USA medical MULTIVITAMIN pre mu\u017eov | 60ks - USAmedical.sk","robots":{"index":"index","follow":"follow","max-snippet":"max-snippet:-1","max-image-preview":"max-image-preview:large","max-video-preview":"max-video-preview:-1"},"canonical":"https:\/\/usamedical.com\/sk\/produkty\/usa-medical-multivitamin-pre-muzov-60ks\/","og_locale":"sk_SK","og_type":"article","og_title":"USA medical MULTIVITAMIN pre mu\u017eov | 60ks - USAmedical.sk","og_description":"N\u00e1\u0161 multivitam\u00edn je ur\u010den\u00fd pre mu\u017eov, ktor\u00ed chc\u00fa podpori\u0165 svoje telo vysokokvalitn\u00fdm produktom z\u00a0\u010dist\u00fdch ingredienci\u00ed a bez chemik\u00e1li\u00ed. \u0160peci\u00e1lna zmes pozost\u00e1va z kombin\u00e1cie 12 vitam\u00ednov, 7 miner\u00e1lov a stopov\u00fdch prvkov a 13 rastlinn\u00fdch extraktov.  Produkt je zaregistrovan\u00fd na \u00darade verejn\u00e9ho zdravotn\u00edctva SR Balenie:\u00a060 kaps\u00fal Chu\u0165:\u00a0neutr\u00e1lna Krajina p\u00f4vodu:\u00a0USA","og_url":"https:\/\/usamedical.com\/sk\/produkty\/usa-medical-multivitamin-pre-muzov-60ks\/","og_site_name":"USAmedical.sk","article_modified_time":"2025-10-13T10:31:55+00:00","twitter_card":"summary_large_image","twitter_misc":{"Predpokladan\u00fd \u010das \u010d\u00edtania":"1 min\u00fata"},"schema":{"@context":"https:\/\/schema.org","@graph":[{"@type":"WebPage","@id":"https:\/\/usamedical.com\/sk\/produkty\/usa-medical-multivitamin-pre-muzov-60ks\/","url":"https:\/\/usamedical.com\/sk\/produkty\/usa-medical-multivitamin-pre-muzov-60ks\/","name":"USA medical MULTIVITAMIN pre mu\u017eov | 60ks - USAmedical.sk","isPartOf":{"@id":"https:\/\/usamedical.com\/sk\/#website"},"primaryImageOfPage":{"@id":"https:\/\/usamedical.com\/sk\/produkty\/usa-medical-multivitamin-pre-muzov-60ks\/#primaryimage"},"image":{"@id":"https:\/\/usamedical.com\/sk\/produkty\/usa-medical-multivitamin-pre-muzov-60ks\/#primaryimage"},"thumbnailUrl":"https:\/\/usamedical.com\/sk\/wp-content\/uploads\/2022\/03\/2024_multivitamin_for_men_800x960.jpg","datePublished":"2022-03-28T07:15:32+00:00","dateModified":"2025-10-13T10:31:55+00:00","breadcrumb":{"@id":"https:\/\/usamedical.com\/sk\/produkty\/usa-medical-multivitamin-pre-muzov-60ks\/#breadcrumb"},"inLanguage":"sk-SK","potentialAction":[{"@type":"ReadAction","target":["https:\/\/usamedical.com\/sk\/produkty\/usa-medical-multivitamin-pre-muzov-60ks\/"]}]},{"@type":"ImageObject","inLanguage":"sk-SK","@id":"https:\/\/usamedical.com\/sk\/produkty\/usa-medical-multivitamin-pre-muzov-60ks\/#primaryimage","url":"https:\/\/usamedical.com\/sk\/wp-content\/uploads\/2022\/03\/2024_multivitamin_for_men_800x960.jpg","contentUrl":"https:\/\/usamedical.com\/sk\/wp-content\/uploads\/2022\/03\/2024_multivitamin_for_men_800x960.jpg","width":800,"height":960},{"@type":"BreadcrumbList","@id":"https:\/\/usamedical.com\/sk\/produkty\/usa-medical-multivitamin-pre-muzov-60ks\/#breadcrumb","itemListElement":[{"@type":"ListItem","position":1,"name":"Kezd\u0151lap","item":"https:\/\/usamedical.com\/sk\/"},{"@type":"ListItem","position":2,"name":"Obchod","item":"https:\/\/usamedical.com\/sk\/obchod\/"},{"@type":"ListItem","position":3,"name":"USA medical MULTIVITAMIN pre mu\u017eov | 60ks"}]},{"@type":"WebSite","@id":"https:\/\/usamedical.com\/sk\/#website","url":"https:\/\/usamedical.com\/sk\/","name":"USAmedical.sk","description":"e-shop s CBD olejom a kapsulami","publisher":{"@id":"https:\/\/usamedical.com\/sk\/#organization"},"potentialAction":[{"@type":"SearchAction","target":{"@type":"EntryPoint","urlTemplate":"https:\/\/usamedical.com\/sk\/?s={search_term_string}"},"query-input":{"@type":"PropertyValueSpecification","valueRequired":true,"valueName":"search_term_string"}}],"inLanguage":"sk-SK"},{"@type":"Organization","@id":"https:\/\/usamedical.com\/sk\/#organization","name":"USAmedical.sk","url":"https:\/\/usamedical.com\/sk\/","logo":{"@type":"ImageObject","inLanguage":"sk-SK","@id":"https:\/\/usamedical.com\/sk\/#\/schema\/logo\/image\/","url":"https:\/\/usamedical.com\/sk\/wp-content\/uploads\/2022\/03\/us_medical_logo.svg","contentUrl":"https:\/\/usamedical.com\/sk\/wp-content\/uploads\/2022\/03\/us_medical_logo.svg","width":233,"height":56,"caption":"USAmedical.sk"},"image":{"@id":"https:\/\/usamedical.com\/sk\/#\/schema\/logo\/image\/"}}]}},"_links":{"self":[{"href":"https:\/\/usamedical.com\/sk\/wp-json\/wp\/v2\/product\/8792","targetHints":{"allow":["GET"]}}],"collection":[{"href":"https:\/\/usamedical.com\/sk\/wp-json\/wp\/v2\/product"}],"about":[{"href":"https:\/\/usamedical.com\/sk\/wp-json\/wp\/v2\/types\/product"}],"replies":[{"embeddable":true,"href":"https:\/\/usamedical.com\/sk\/wp-json\/wp\/v2\/comments?post=8792"}],"wp:featuredmedia":[{"embeddable":true,"href":"https:\/\/usamedical.com\/sk\/wp-json\/wp\/v2\/media\/13749"}],"wp:attachment":[{"href":"https:\/\/usamedical.com\/sk\/wp-json\/wp\/v2\/media?parent=8792"}],"wp:term":[{"taxonomy":"product_brand","embeddable":true,"href":"https:\/\/usamedical.com\/sk\/wp-json\/wp\/v2\/product_brand?post=8792"},{"taxonomy":"product_cat","embeddable":true,"href":"https:\/\/usamedical.com\/sk\/wp-json\/wp\/v2\/product_cat?post=8792"},{"taxonomy":"product_tag","embeddable":true,"href":"https:\/\/usamedical.com\/sk\/wp-json\/wp\/v2\/product_tag?post=8792"}],"curies":[{"name":"wp","href":"https:\/\/api.w.org\/{rel}","templated":true}]}}