{"id":8790,"date":"2022-03-28T09:15:32","date_gmt":"2022-03-28T07:15:32","guid":{"rendered":"https:\/\/usamedical.com\/sk\/?post_type=product&#038;p=8790"},"modified":"2025-10-13T12:40:46","modified_gmt":"2025-10-13T10:40:46","slug":"usa-medical-immune-support-60ks","status":"publish","type":"product","link":"https:\/\/usamedical.com\/sk\/produkty\/usa-medical-immune-support-60ks\/","title":{"rendered":"USA medical IMMUNE SUPPORT | 60ks"},"content":{"rendered":"<p><strong>N\u00e1\u0161 pr\u00edpravok Immune Support obsahuje 10 r\u00f4znych prospe\u0161n\u00fdch zlo\u017eiek po\u017ei\u010dan\u00fdch z pr\u00edrody.<\/strong><\/p>\n<p>Dokonal\u00e1 podpora va\u0161ej imunity v\u010faka unik\u00e1tnej kombin\u00e1ci\u00ed radu pr\u00edrodn\u00fdch extraktov, vitam\u00ednov a zinku. Vitam\u00edn C podporuje energetick\u00fd metabolizmus a psychick\u00fa \u010dinnos\u0165. Spolu s vitam\u00ednom B6 k prirodzenej funkciu imunitn\u00e9ho syst\u00e9mu. Kurkuma patr\u00ed medzi antioxidanty, n\u00e1\u0161 extrakt je navy\u0161e ve\u013emi siln\u00fd. V\u010faka tomu aj podporuje norm\u00e1lnu funkciu imunitn\u00e9ho syst\u00e9mu. Extrakt z \u010dierneho beriem prispieva k pre\u010disteniu, \u010disten\u00ed organizmu. Dohromady tento kompelx l\u00e1tok tvoria synergicky funguj\u00faci syst\u00e9m.<\/p>\n<p><img decoding=\"async\" class=\"emoji lazyloaded\" role=\"img\" draggable=\"false\" src=\"https:\/\/s.w.org\/images\/core\/emoji\/13.0.1\/svg\/2705.svg\" alt=\"\u2705\" data-src=\"https:\/\/s.w.org\/images\/core\/emoji\/13.0.1\/svg\/2705.svg\" \/>\u00a0M\u00f4\u017eeme sa te\u0161i\u0165 z podpory vynikaj\u00facich pr\u00edrodn\u00fdch zlo\u017eiek, v kapsul\u00e1ch sa toti\u017e nach\u00e1dzaj\u00fa aj \u00fa\u010dinn\u00e9 l\u00e1tky z\u00a0rastl\u00edn ako je \u010dierna baza, cesnak a echinacea, ktor\u00e9 m\u00f4\u017eu podpori\u0165 norm\u00e1lne fungovanie imunitn\u00e9ho syst\u00e9mu.<\/p>\n<p><img decoding=\"async\" class=\"emoji lazyloaded\" role=\"img\" draggable=\"false\" src=\"https:\/\/s.w.org\/images\/core\/emoji\/13.0.1\/svg\/2705.svg\" alt=\"\u2705\" data-src=\"https:\/\/s.w.org\/images\/core\/emoji\/13.0.1\/svg\/2705.svg\" \/>\u00a0Vitam\u00edn C, vitam\u00edn B6 a zinok prispievaj\u00fa k norm\u00e1lnemu fungovaniu imunitn\u00e9ho syst\u00e9mu.<\/p>\n<p><img decoding=\"async\" class=\"emoji lazyloaded\" role=\"img\" draggable=\"false\" src=\"https:\/\/s.w.org\/images\/core\/emoji\/13.0.1\/svg\/2705.svg\" alt=\"\u2705\" data-src=\"https:\/\/s.w.org\/images\/core\/emoji\/13.0.1\/svg\/2705.svg\" \/>\u00a0Glutam\u00edn je najroz\u0161\u00edrenej\u0161ou vo\u013enou aminokyselinou v \u013eudskej krvi a podie\u013ea sa na mnoh\u00fdch biochemick\u00fdch procesoch.<\/p>\n<p><img decoding=\"async\" class=\"emoji lazyloaded\" role=\"img\" draggable=\"false\" src=\"https:\/\/s.w.org\/images\/core\/emoji\/13.0.1\/svg\/2705.svg\" alt=\"\u2705\" data-src=\"https:\/\/s.w.org\/images\/core\/emoji\/13.0.1\/svg\/2705.svg\" \/>\u00a0Tento doplnok stravy obsahuje laktobacily, ktor\u00e9 sa nach\u00e1dzaj\u00fa aj v kyslom mlieku.<\/p>\n<p>N\u00e1zov baza odkazuje na nieko\u013eko variantov stromu Sambucus, kvitn\u00facej rastliny z \u010de\u013eade Adoxaceae. Najbe\u017enej\u0161\u00edm druhom je Sambucus nigra, teda baza \u010dierna alebo baza eur\u00f3pska. Tento strom poch\u00e1dza z Eur\u00f3py, hoci sa hojne pestuje aj v mnoh\u00fdch in\u00fdch \u010dastiach sveta. Sambucus nigra dorast\u00e1 do v\u00fd\u0161ky 9 metrov a m\u00e1 drobn\u00e9 biele alebo kr\u00e9mov\u00e9 kvety, na ktor\u00fdch po dozret\u00ed visia drobn\u00e9 zhluky \u010diernych alebo modrofialov\u00fdch bob\u00fa\u013e. Bobule, z ktor\u00fdch sa vyr\u00e1ba extrakt z bazy \u010diernej, s\u00fa pomerne trpk\u00e9 a musia sa pred konzum\u00e1ciou uvari\u0165. R\u00f4zne \u010dasti bazy sa historicky pou\u017e\u00edvali na lie\u010debn\u00e9 a kulin\u00e1rske \u00fa\u010dely.<\/p>\n<p>Echinacea je n\u00e1zov skupiny kvitn\u00facich rastl\u00edn z \u010de\u013eade sedmokr\u00e1sok. Poch\u00e1dzaj\u00fa zo Severnej Ameriky, kde rast\u00fa v pr\u00e9ri\u00e1ch a otvoren\u00fdch zalesnen\u00fdch oblastiach. V\u00a0tejto skupine existuje celkovo dev\u00e4\u0165 druhov, ale iba tri sa pou\u017e\u00edvaj\u00fa v\u00a0doplnkoch v\u00fd\u017eivy: Echinacea purpurea, Echinacea angustifolia a Echinacea pallida.<\/p>\n<p>Horn\u00e9 \u010dasti a korene rastliny sa pou\u017e\u00edvaj\u00fa vo forme tabliet, tinkt\u00far, extraktov a \u010dajov.<\/p>\n<p>Rastliny echinacey obsahuj\u00fa p\u00f4sobiv\u00fa \u0161k\u00e1lu \u00fa\u010dinn\u00fdch l\u00e1tok, ako s\u00fa kyselina k\u00e1vov\u00e1, alkamidy, fenolov\u00e9 kyseliny, kyselina rozmar\u00ednov\u00e1, polyacetyl\u00e9ny, flavonoidy a kyselina cichorov\u00e1.<\/p>\n<p>Cesnak patr\u00ed do \u010de\u013eade amarylkovit\u00fdch a pestuje sa pre svoju v\u00fdrazn\u00fa chu\u0165 a\u00a0kv\u00f4li zdravotn\u00fdm v\u00fdhod\u00e1m. Obsahuje zl\u00fa\u010deniny s\u00edry, o ktor\u00fdch sa predpoklad\u00e1, \u017ee maj\u00fa ur\u010dit\u00e9 zdraviu prospe\u0161n\u00e9 \u00fa\u010dinky. Tieto zl\u00fa\u010deniny s\u00edry z cesnaku sa po vstreban\u00ed v\u00a0tr\u00e1viacom trakte dost\u00e1vaj\u00fa do cel\u00e9ho tela. V\u00a0pr\u00edpade alic\u00ednu, pravdepodobne najzn\u00e1mej\u0161ej z\u00a0nich, ide o\u00a0nestabiln\u00fa zl\u00fa\u010deninu, ktor\u00e1 je v \u010derstvom cesnaku pr\u00edtomn\u00e1 len kr\u00e1tky \u010das po jeho rozkrojen\u00ed alebo rozdrven\u00ed. \u010eal\u0161ie zl\u00fa\u010deniny s\u00fa diallyl disulfid a s-alylcyste\u00edn.<\/p>\n<blockquote><p>Na\u0161e kapsuly Immune Support obsahuj\u00fa \u0161peci\u00e1lnu zmes v\u00fd\u0165a\u017ekov zo 4 rastl\u00edn posil\u0148uj\u00facich imunitu, ktor\u00e9 sme doplnili o vitam\u00edny, miner\u00e1ly a laktobacily.<\/p><\/blockquote>\n","protected":false},"excerpt":{"rendered":"<div><span lang=\"CS\">Dokonal\u00e1 podpora va\u0161ej imunity v\u010faka unik\u00e1tnej kombin\u00e1ci\u00ed radu pr\u00edrodn\u00fdch extraktov, vitam\u00ednov a zinku.<\/span><\/div>\n<p><strong>Produkt je zaregistrovan\u00fd na \u00darade verejn\u00e9ho zdravotn\u00edctva SR<\/strong><\/p>\n<p><strong>Balenie:<\/strong>\u00a0 60 kaps\u00fal<br \/>\n<strong>Chu\u0165:<\/strong>\u00a0neutr\u00e1lna<br \/>\n<strong>Krajina p\u00f4vodu:<\/strong>\u00a0USA<\/p>\n","protected":false},"featured_media":13751,"comment_status":"closed","ping_status":"closed","template":"","meta":{"_acf_changed":false},"product_brand":[],"product_cat":[84,85,80,74],"product_tag":[],"class_list":{"0":"post-8790","1":"product","2":"type-product","3":"status-publish","4":"has-post-thumbnail","6":"product_cat-imunitny-system","7":"product_cat-multivitamin","8":"product_cat-vitaminy-a-mineraly","9":"product_cat-premiove-vyzivove-doplnky","11":"first","12":"outofstock","13":"taxable","14":"shipping-taxable","15":"purchasable","16":"product-type-simple"},"acf":[],"yoast_head":"<!-- This site is optimized with the Yoast SEO plugin v26.5 - https:\/\/yoast.com\/wordpress\/plugins\/seo\/ -->\n<title>USA medical IMMUNE SUPPORT | 60ks - USAmedical.sk<\/title>\n<meta name=\"robots\" content=\"index, follow, max-snippet:-1, max-image-preview:large, max-video-preview:-1\" \/>\n<link rel=\"canonical\" href=\"https:\/\/usamedical.com\/sk\/produkty\/usa-medical-immune-support-60ks\/\" \/>\n<meta property=\"og:locale\" content=\"sk_SK\" \/>\n<meta property=\"og:type\" content=\"article\" \/>\n<meta property=\"og:title\" content=\"USA medical IMMUNE SUPPORT | 60ks - USAmedical.sk\" \/>\n<meta property=\"og:description\" content=\"Dokonal\u00e1 podpora va\u0161ej imunity v\u010faka unik\u00e1tnej kombin\u00e1ci\u00ed radu pr\u00edrodn\u00fdch extraktov, vitam\u00ednov a zinku. Produkt je zaregistrovan\u00fd na \u00darade verejn\u00e9ho zdravotn\u00edctva SR  Balenie:\u00a0 60 kaps\u00fal Chu\u0165:\u00a0neutr\u00e1lna Krajina p\u00f4vodu:\u00a0USA\" \/>\n<meta property=\"og:url\" content=\"https:\/\/usamedical.com\/sk\/produkty\/usa-medical-immune-support-60ks\/\" \/>\n<meta property=\"og:site_name\" content=\"USAmedical.sk\" \/>\n<meta property=\"article:modified_time\" content=\"2025-10-13T10:40:46+00:00\" \/>\n<meta name=\"twitter:card\" content=\"summary_large_image\" \/>\n<meta name=\"twitter:label1\" content=\"Predpokladan\u00fd \u010das \u010d\u00edtania\" \/>\n\t<meta name=\"twitter:data1\" content=\"4 min\u00faty\" \/>\n<script type=\"application\/ld+json\" class=\"yoast-schema-graph\">{\"@context\":\"https:\/\/schema.org\",\"@graph\":[{\"@type\":\"WebPage\",\"@id\":\"https:\/\/usamedical.com\/sk\/produkty\/usa-medical-immune-support-60ks\/\",\"url\":\"https:\/\/usamedical.com\/sk\/produkty\/usa-medical-immune-support-60ks\/\",\"name\":\"USA medical IMMUNE SUPPORT | 60ks - USAmedical.sk\",\"isPartOf\":{\"@id\":\"https:\/\/usamedical.com\/sk\/#website\"},\"primaryImageOfPage\":{\"@id\":\"https:\/\/usamedical.com\/sk\/produkty\/usa-medical-immune-support-60ks\/#primaryimage\"},\"image\":{\"@id\":\"https:\/\/usamedical.com\/sk\/produkty\/usa-medical-immune-support-60ks\/#primaryimage\"},\"thumbnailUrl\":\"https:\/\/usamedical.com\/sk\/wp-content\/uploads\/2022\/03\/2024_IMMUNE-SUPPORT_800x960.jpg\",\"datePublished\":\"2022-03-28T07:15:32+00:00\",\"dateModified\":\"2025-10-13T10:40:46+00:00\",\"breadcrumb\":{\"@id\":\"https:\/\/usamedical.com\/sk\/produkty\/usa-medical-immune-support-60ks\/#breadcrumb\"},\"inLanguage\":\"sk-SK\",\"potentialAction\":[{\"@type\":\"ReadAction\",\"target\":[\"https:\/\/usamedical.com\/sk\/produkty\/usa-medical-immune-support-60ks\/\"]}]},{\"@type\":\"ImageObject\",\"inLanguage\":\"sk-SK\",\"@id\":\"https:\/\/usamedical.com\/sk\/produkty\/usa-medical-immune-support-60ks\/#primaryimage\",\"url\":\"https:\/\/usamedical.com\/sk\/wp-content\/uploads\/2022\/03\/2024_IMMUNE-SUPPORT_800x960.jpg\",\"contentUrl\":\"https:\/\/usamedical.com\/sk\/wp-content\/uploads\/2022\/03\/2024_IMMUNE-SUPPORT_800x960.jpg\",\"width\":800,\"height\":960},{\"@type\":\"BreadcrumbList\",\"@id\":\"https:\/\/usamedical.com\/sk\/produkty\/usa-medical-immune-support-60ks\/#breadcrumb\",\"itemListElement\":[{\"@type\":\"ListItem\",\"position\":1,\"name\":\"Kezd\u0151lap\",\"item\":\"https:\/\/usamedical.com\/sk\/\"},{\"@type\":\"ListItem\",\"position\":2,\"name\":\"Obchod\",\"item\":\"https:\/\/usamedical.com\/sk\/obchod\/\"},{\"@type\":\"ListItem\",\"position\":3,\"name\":\"USA medical IMMUNE SUPPORT | 60ks\"}]},{\"@type\":\"WebSite\",\"@id\":\"https:\/\/usamedical.com\/sk\/#website\",\"url\":\"https:\/\/usamedical.com\/sk\/\",\"name\":\"USAmedical.sk\",\"description\":\"e-shop s CBD olejom a kapsulami\",\"publisher\":{\"@id\":\"https:\/\/usamedical.com\/sk\/#organization\"},\"potentialAction\":[{\"@type\":\"SearchAction\",\"target\":{\"@type\":\"EntryPoint\",\"urlTemplate\":\"https:\/\/usamedical.com\/sk\/?s={search_term_string}\"},\"query-input\":{\"@type\":\"PropertyValueSpecification\",\"valueRequired\":true,\"valueName\":\"search_term_string\"}}],\"inLanguage\":\"sk-SK\"},{\"@type\":\"Organization\",\"@id\":\"https:\/\/usamedical.com\/sk\/#organization\",\"name\":\"USAmedical.sk\",\"url\":\"https:\/\/usamedical.com\/sk\/\",\"logo\":{\"@type\":\"ImageObject\",\"inLanguage\":\"sk-SK\",\"@id\":\"https:\/\/usamedical.com\/sk\/#\/schema\/logo\/image\/\",\"url\":\"https:\/\/usamedical.com\/sk\/wp-content\/uploads\/2022\/03\/us_medical_logo.svg\",\"contentUrl\":\"https:\/\/usamedical.com\/sk\/wp-content\/uploads\/2022\/03\/us_medical_logo.svg\",\"width\":233,\"height\":56,\"caption\":\"USAmedical.sk\"},\"image\":{\"@id\":\"https:\/\/usamedical.com\/sk\/#\/schema\/logo\/image\/\"}}]}<\/script>\n<!-- \/ Yoast SEO plugin. -->","yoast_head_json":{"title":"USA medical IMMUNE SUPPORT | 60ks - USAmedical.sk","robots":{"index":"index","follow":"follow","max-snippet":"max-snippet:-1","max-image-preview":"max-image-preview:large","max-video-preview":"max-video-preview:-1"},"canonical":"https:\/\/usamedical.com\/sk\/produkty\/usa-medical-immune-support-60ks\/","og_locale":"sk_SK","og_type":"article","og_title":"USA medical IMMUNE SUPPORT | 60ks - USAmedical.sk","og_description":"Dokonal\u00e1 podpora va\u0161ej imunity v\u010faka unik\u00e1tnej kombin\u00e1ci\u00ed radu pr\u00edrodn\u00fdch extraktov, vitam\u00ednov a zinku. Produkt je zaregistrovan\u00fd na \u00darade verejn\u00e9ho zdravotn\u00edctva SR  Balenie:\u00a0 60 kaps\u00fal Chu\u0165:\u00a0neutr\u00e1lna Krajina p\u00f4vodu:\u00a0USA","og_url":"https:\/\/usamedical.com\/sk\/produkty\/usa-medical-immune-support-60ks\/","og_site_name":"USAmedical.sk","article_modified_time":"2025-10-13T10:40:46+00:00","twitter_card":"summary_large_image","twitter_misc":{"Predpokladan\u00fd \u010das \u010d\u00edtania":"4 min\u00faty"},"schema":{"@context":"https:\/\/schema.org","@graph":[{"@type":"WebPage","@id":"https:\/\/usamedical.com\/sk\/produkty\/usa-medical-immune-support-60ks\/","url":"https:\/\/usamedical.com\/sk\/produkty\/usa-medical-immune-support-60ks\/","name":"USA medical IMMUNE SUPPORT | 60ks - USAmedical.sk","isPartOf":{"@id":"https:\/\/usamedical.com\/sk\/#website"},"primaryImageOfPage":{"@id":"https:\/\/usamedical.com\/sk\/produkty\/usa-medical-immune-support-60ks\/#primaryimage"},"image":{"@id":"https:\/\/usamedical.com\/sk\/produkty\/usa-medical-immune-support-60ks\/#primaryimage"},"thumbnailUrl":"https:\/\/usamedical.com\/sk\/wp-content\/uploads\/2022\/03\/2024_IMMUNE-SUPPORT_800x960.jpg","datePublished":"2022-03-28T07:15:32+00:00","dateModified":"2025-10-13T10:40:46+00:00","breadcrumb":{"@id":"https:\/\/usamedical.com\/sk\/produkty\/usa-medical-immune-support-60ks\/#breadcrumb"},"inLanguage":"sk-SK","potentialAction":[{"@type":"ReadAction","target":["https:\/\/usamedical.com\/sk\/produkty\/usa-medical-immune-support-60ks\/"]}]},{"@type":"ImageObject","inLanguage":"sk-SK","@id":"https:\/\/usamedical.com\/sk\/produkty\/usa-medical-immune-support-60ks\/#primaryimage","url":"https:\/\/usamedical.com\/sk\/wp-content\/uploads\/2022\/03\/2024_IMMUNE-SUPPORT_800x960.jpg","contentUrl":"https:\/\/usamedical.com\/sk\/wp-content\/uploads\/2022\/03\/2024_IMMUNE-SUPPORT_800x960.jpg","width":800,"height":960},{"@type":"BreadcrumbList","@id":"https:\/\/usamedical.com\/sk\/produkty\/usa-medical-immune-support-60ks\/#breadcrumb","itemListElement":[{"@type":"ListItem","position":1,"name":"Kezd\u0151lap","item":"https:\/\/usamedical.com\/sk\/"},{"@type":"ListItem","position":2,"name":"Obchod","item":"https:\/\/usamedical.com\/sk\/obchod\/"},{"@type":"ListItem","position":3,"name":"USA medical IMMUNE SUPPORT | 60ks"}]},{"@type":"WebSite","@id":"https:\/\/usamedical.com\/sk\/#website","url":"https:\/\/usamedical.com\/sk\/","name":"USAmedical.sk","description":"e-shop s CBD olejom a kapsulami","publisher":{"@id":"https:\/\/usamedical.com\/sk\/#organization"},"potentialAction":[{"@type":"SearchAction","target":{"@type":"EntryPoint","urlTemplate":"https:\/\/usamedical.com\/sk\/?s={search_term_string}"},"query-input":{"@type":"PropertyValueSpecification","valueRequired":true,"valueName":"search_term_string"}}],"inLanguage":"sk-SK"},{"@type":"Organization","@id":"https:\/\/usamedical.com\/sk\/#organization","name":"USAmedical.sk","url":"https:\/\/usamedical.com\/sk\/","logo":{"@type":"ImageObject","inLanguage":"sk-SK","@id":"https:\/\/usamedical.com\/sk\/#\/schema\/logo\/image\/","url":"https:\/\/usamedical.com\/sk\/wp-content\/uploads\/2022\/03\/us_medical_logo.svg","contentUrl":"https:\/\/usamedical.com\/sk\/wp-content\/uploads\/2022\/03\/us_medical_logo.svg","width":233,"height":56,"caption":"USAmedical.sk"},"image":{"@id":"https:\/\/usamedical.com\/sk\/#\/schema\/logo\/image\/"}}]}},"_links":{"self":[{"href":"https:\/\/usamedical.com\/sk\/wp-json\/wp\/v2\/product\/8790","targetHints":{"allow":["GET"]}}],"collection":[{"href":"https:\/\/usamedical.com\/sk\/wp-json\/wp\/v2\/product"}],"about":[{"href":"https:\/\/usamedical.com\/sk\/wp-json\/wp\/v2\/types\/product"}],"replies":[{"embeddable":true,"href":"https:\/\/usamedical.com\/sk\/wp-json\/wp\/v2\/comments?post=8790"}],"wp:featuredmedia":[{"embeddable":true,"href":"https:\/\/usamedical.com\/sk\/wp-json\/wp\/v2\/media\/13751"}],"wp:attachment":[{"href":"https:\/\/usamedical.com\/sk\/wp-json\/wp\/v2\/media?parent=8790"}],"wp:term":[{"taxonomy":"product_brand","embeddable":true,"href":"https:\/\/usamedical.com\/sk\/wp-json\/wp\/v2\/product_brand?post=8790"},{"taxonomy":"product_cat","embeddable":true,"href":"https:\/\/usamedical.com\/sk\/wp-json\/wp\/v2\/product_cat?post=8790"},{"taxonomy":"product_tag","embeddable":true,"href":"https:\/\/usamedical.com\/sk\/wp-json\/wp\/v2\/product_tag?post=8790"}],"curies":[{"name":"wp","href":"https:\/\/api.w.org\/{rel}","templated":true}]}}