{"id":8789,"date":"2022-03-28T09:15:32","date_gmt":"2022-03-28T07:15:32","guid":{"rendered":"https:\/\/usamedical.com\/sk\/?post_type=product&#038;p=8789"},"modified":"2025-10-13T12:12:11","modified_gmt":"2025-10-13T10:12:11","slug":"usa-medical-blood-sugar-ultra-60ks","status":"publish","type":"product","link":"https:\/\/usamedical.com\/sk\/produkty\/usa-medical-blood-sugar-ultra-60ks\/","title":{"rendered":"USA medical BLOOD SUGAR ULTRA | 60ks"},"content":{"rendered":"<p><strong>Na\u0161e kapsuly BLOOD SUGAR ULTRA obsahuj\u00fa zmes cenn\u00fdch rastlinn\u00fdch extraktov, vitam\u00ednov a miner\u00e1lov.<\/strong><\/p>\n<p>* Chr\u00f3m prispieva k udr\u017eiavaniu norm\u00e1lnej hladinu cukru v krvi. Listy banaby, \u017eivica jedle balzamovej, hru\u0161ka balzamov\u00e1, \u0161korica, listy gymnemy, bobule borievky a listy moru\u0161e hodv\u00e1bnej pom\u00e1haj\u00fa udr\u017eiava\u0165 norm\u00e1lnu hladinu cukru v krvi.<\/p>\n<p>N\u00e1\u0161 pr\u00edpravok obsahuje aj \u010fal\u0161ie vynikaj\u00face zlo\u017eky: Biot\u00edn sa podie\u013ea na norm\u00e1lnych metabolick\u00fdch procesoch produkuj\u00facich energiu a norm\u00e1lnom metabolizme makro\u017eiv\u00edn. Vitam\u00edn C prispieva k ochrane buniek pred oxida\u010dn\u00fdm stresom, k\u00a0norm\u00e1lnemu priebehu procesov l\u00e1tkovej v\u00fdmeny, k norm\u00e1lnej tvorbe kolag\u00e9nu a t\u00fdm k udr\u017eaniu norm\u00e1lnemu stavu a\u00a0funk\u010dnosti ciev. Vitam\u00edn E prispieva k ochrane buniek pred oxida\u010dn\u00fdm stresom a zinok sa podie\u013ea na norm\u00e1lnom metabolizme sacharidov.<\/p>\n<p>Medzi \u010fal\u0161ie zlo\u017eky patr\u00ed hor\u010d\u00edk, mang\u00e1n, kyselina alfa-lipoov\u00e1, L-taur\u00edn, kajensk\u00e9 korenie a \u010fal\u0161ie rastlinn\u00e9 v\u00fd\u0165a\u017eky ako rebr\u00ed\u010dek a guggul.<\/p>\n<p>Starostlivo vybran\u00e9 zlo\u017eky v na\u0161ich kapsul\u00e1ch Bood Sugar Ultra, ako napr\u00edklad chr\u00f3m, m\u00f4\u017eu prirodzene prispieva\u0165 k udr\u017eaniu norm\u00e1lnej hladiny cukru v krvi ako doplnky zdrav\u00e9ho \u017eivotn\u00e9ho \u0161t\u00fdlu*.<\/p>\n","protected":false},"excerpt":{"rendered":"<blockquote><p>Doplnok stravy zmes vitam\u00ednov a extraktov z byl\u00edn * PRE PODPORU SPR\u00c1VNE glyk\u00e9mie<\/p><\/blockquote>\n<p>Unik\u00e1tna zmes proaktin\u00edch l\u00e1tok, ktor\u00e9 s\u00fa navrhnut\u00e9 tak, aby podporovali va\u0161e zdravie. Extrakt z * borievky podporuje spr\u00e1vnu hladinu krvn\u00e9ho cukru. Je \u00fa\u010dinn\u00fdm antioxidantom a podporuje aj tr\u00e1vnej. Hor\u010d\u00edk podporuje norm\u00e1lnu psychick\u00fa \u010dinnos\u0165. Korenie napom\u00e1ha tr\u00e1veniu a zdravie pe\u010dene. Sladk\u00e9 drievko je vhodn\u00e1 ako podpora imunitn\u00e9ho syst\u00e9mu &#8211; jeho fyziologick\u00e9 funkciu a zdravie<\/p>\n<p><strong>Produkt je zaregistrovan\u00fd na \u00darade verejn\u00e9ho zdravotn\u00edctva SR<\/strong><\/p>\n<p><strong>Balenie:\u00a0<\/strong>\u00a060 kaps\u00fal<br \/>\n<strong>Chu\u0165<\/strong>: neutr\u00e1lna<br \/>\n<strong>Krajina p\u00f4vodu:<\/strong>\u00a0USA<\/p>\n","protected":false},"featured_media":13747,"comment_status":"closed","ping_status":"closed","template":"","meta":{"_acf_changed":false},"product_brand":[],"product_cat":[84,82,80,74],"product_tag":[],"class_list":{"0":"post-8789","1":"product","2":"type-product","3":"status-publish","4":"has-post-thumbnail","6":"product_cat-imunitny-system","7":"product_cat-kardiovaskularna-sustava","8":"product_cat-vitaminy-a-mineraly","9":"product_cat-premiove-vyzivove-doplnky","11":"first","12":"outofstock","13":"taxable","14":"shipping-taxable","15":"purchasable","16":"product-type-simple"},"acf":[],"yoast_head":"<!-- This site is optimized with the Yoast SEO plugin v26.5 - https:\/\/yoast.com\/wordpress\/plugins\/seo\/ -->\n<title>USA medical BLOOD SUGAR ULTRA | 60ks - USAmedical.sk<\/title>\n<meta name=\"robots\" content=\"index, follow, max-snippet:-1, max-image-preview:large, max-video-preview:-1\" \/>\n<link rel=\"canonical\" href=\"https:\/\/usamedical.com\/sk\/produkty\/usa-medical-blood-sugar-ultra-60ks\/\" \/>\n<meta property=\"og:locale\" content=\"sk_SK\" \/>\n<meta property=\"og:type\" content=\"article\" \/>\n<meta property=\"og:title\" content=\"USA medical BLOOD SUGAR ULTRA | 60ks - USAmedical.sk\" \/>\n<meta property=\"og:description\" content=\"Doplnok stravy zmes vitam\u00ednov a extraktov z byl\u00edn * PRE PODPORU SPR\u00c1VNE glyk\u00e9mie Unik\u00e1tna zmes proaktin\u00edch l\u00e1tok, ktor\u00e9 s\u00fa navrhnut\u00e9 tak, aby podporovali va\u0161e zdravie. Extrakt z * borievky podporuje spr\u00e1vnu hladinu krvn\u00e9ho cukru. Je \u00fa\u010dinn\u00fdm antioxidantom a podporuje aj tr\u00e1vnej. Hor\u010d\u00edk podporuje norm\u00e1lnu psychick\u00fa \u010dinnos\u0165. Korenie napom\u00e1ha tr\u00e1veniu a zdravie pe\u010dene. Sladk\u00e9 drievko je vhodn\u00e1 ako podpora imunitn\u00e9ho syst\u00e9mu - jeho fyziologick\u00e9 funkciu a zdravie  Produkt je zaregistrovan\u00fd na \u00darade verejn\u00e9ho zdravotn\u00edctva SR  Balenie:\u00a0\u00a060 kaps\u00fal Chu\u0165: neutr\u00e1lna Krajina p\u00f4vodu:\u00a0USA\" \/>\n<meta property=\"og:url\" content=\"https:\/\/usamedical.com\/sk\/produkty\/usa-medical-blood-sugar-ultra-60ks\/\" \/>\n<meta property=\"og:site_name\" content=\"USAmedical.sk\" \/>\n<meta property=\"article:modified_time\" content=\"2025-10-13T10:12:11+00:00\" \/>\n<meta name=\"twitter:card\" content=\"summary_large_image\" \/>\n<meta name=\"twitter:label1\" content=\"Predpokladan\u00fd \u010das \u010d\u00edtania\" \/>\n\t<meta name=\"twitter:data1\" content=\"2 min\u00faty\" \/>\n<script type=\"application\/ld+json\" class=\"yoast-schema-graph\">{\"@context\":\"https:\/\/schema.org\",\"@graph\":[{\"@type\":\"WebPage\",\"@id\":\"https:\/\/usamedical.com\/sk\/produkty\/usa-medical-blood-sugar-ultra-60ks\/\",\"url\":\"https:\/\/usamedical.com\/sk\/produkty\/usa-medical-blood-sugar-ultra-60ks\/\",\"name\":\"USA medical BLOOD SUGAR ULTRA | 60ks - USAmedical.sk\",\"isPartOf\":{\"@id\":\"https:\/\/usamedical.com\/sk\/#website\"},\"primaryImageOfPage\":{\"@id\":\"https:\/\/usamedical.com\/sk\/produkty\/usa-medical-blood-sugar-ultra-60ks\/#primaryimage\"},\"image\":{\"@id\":\"https:\/\/usamedical.com\/sk\/produkty\/usa-medical-blood-sugar-ultra-60ks\/#primaryimage\"},\"thumbnailUrl\":\"https:\/\/usamedical.com\/sk\/wp-content\/uploads\/2022\/03\/2024_blood_sugar_ultra_800x960.jpg\",\"datePublished\":\"2022-03-28T07:15:32+00:00\",\"dateModified\":\"2025-10-13T10:12:11+00:00\",\"breadcrumb\":{\"@id\":\"https:\/\/usamedical.com\/sk\/produkty\/usa-medical-blood-sugar-ultra-60ks\/#breadcrumb\"},\"inLanguage\":\"sk-SK\",\"potentialAction\":[{\"@type\":\"ReadAction\",\"target\":[\"https:\/\/usamedical.com\/sk\/produkty\/usa-medical-blood-sugar-ultra-60ks\/\"]}]},{\"@type\":\"ImageObject\",\"inLanguage\":\"sk-SK\",\"@id\":\"https:\/\/usamedical.com\/sk\/produkty\/usa-medical-blood-sugar-ultra-60ks\/#primaryimage\",\"url\":\"https:\/\/usamedical.com\/sk\/wp-content\/uploads\/2022\/03\/2024_blood_sugar_ultra_800x960.jpg\",\"contentUrl\":\"https:\/\/usamedical.com\/sk\/wp-content\/uploads\/2022\/03\/2024_blood_sugar_ultra_800x960.jpg\",\"width\":800,\"height\":960},{\"@type\":\"BreadcrumbList\",\"@id\":\"https:\/\/usamedical.com\/sk\/produkty\/usa-medical-blood-sugar-ultra-60ks\/#breadcrumb\",\"itemListElement\":[{\"@type\":\"ListItem\",\"position\":1,\"name\":\"Kezd\u0151lap\",\"item\":\"https:\/\/usamedical.com\/sk\/\"},{\"@type\":\"ListItem\",\"position\":2,\"name\":\"Obchod\",\"item\":\"https:\/\/usamedical.com\/sk\/obchod\/\"},{\"@type\":\"ListItem\",\"position\":3,\"name\":\"USA medical BLOOD SUGAR ULTRA | 60ks\"}]},{\"@type\":\"WebSite\",\"@id\":\"https:\/\/usamedical.com\/sk\/#website\",\"url\":\"https:\/\/usamedical.com\/sk\/\",\"name\":\"USAmedical.sk\",\"description\":\"e-shop s CBD olejom a kapsulami\",\"publisher\":{\"@id\":\"https:\/\/usamedical.com\/sk\/#organization\"},\"potentialAction\":[{\"@type\":\"SearchAction\",\"target\":{\"@type\":\"EntryPoint\",\"urlTemplate\":\"https:\/\/usamedical.com\/sk\/?s={search_term_string}\"},\"query-input\":{\"@type\":\"PropertyValueSpecification\",\"valueRequired\":true,\"valueName\":\"search_term_string\"}}],\"inLanguage\":\"sk-SK\"},{\"@type\":\"Organization\",\"@id\":\"https:\/\/usamedical.com\/sk\/#organization\",\"name\":\"USAmedical.sk\",\"url\":\"https:\/\/usamedical.com\/sk\/\",\"logo\":{\"@type\":\"ImageObject\",\"inLanguage\":\"sk-SK\",\"@id\":\"https:\/\/usamedical.com\/sk\/#\/schema\/logo\/image\/\",\"url\":\"https:\/\/usamedical.com\/sk\/wp-content\/uploads\/2022\/03\/us_medical_logo.svg\",\"contentUrl\":\"https:\/\/usamedical.com\/sk\/wp-content\/uploads\/2022\/03\/us_medical_logo.svg\",\"width\":233,\"height\":56,\"caption\":\"USAmedical.sk\"},\"image\":{\"@id\":\"https:\/\/usamedical.com\/sk\/#\/schema\/logo\/image\/\"}}]}<\/script>\n<!-- \/ Yoast SEO plugin. -->","yoast_head_json":{"title":"USA medical BLOOD SUGAR ULTRA | 60ks - USAmedical.sk","robots":{"index":"index","follow":"follow","max-snippet":"max-snippet:-1","max-image-preview":"max-image-preview:large","max-video-preview":"max-video-preview:-1"},"canonical":"https:\/\/usamedical.com\/sk\/produkty\/usa-medical-blood-sugar-ultra-60ks\/","og_locale":"sk_SK","og_type":"article","og_title":"USA medical BLOOD SUGAR ULTRA | 60ks - USAmedical.sk","og_description":"Doplnok stravy zmes vitam\u00ednov a extraktov z byl\u00edn * PRE PODPORU SPR\u00c1VNE glyk\u00e9mie Unik\u00e1tna zmes proaktin\u00edch l\u00e1tok, ktor\u00e9 s\u00fa navrhnut\u00e9 tak, aby podporovali va\u0161e zdravie. Extrakt z * borievky podporuje spr\u00e1vnu hladinu krvn\u00e9ho cukru. Je \u00fa\u010dinn\u00fdm antioxidantom a podporuje aj tr\u00e1vnej. Hor\u010d\u00edk podporuje norm\u00e1lnu psychick\u00fa \u010dinnos\u0165. Korenie napom\u00e1ha tr\u00e1veniu a zdravie pe\u010dene. Sladk\u00e9 drievko je vhodn\u00e1 ako podpora imunitn\u00e9ho syst\u00e9mu - jeho fyziologick\u00e9 funkciu a zdravie  Produkt je zaregistrovan\u00fd na \u00darade verejn\u00e9ho zdravotn\u00edctva SR  Balenie:\u00a0\u00a060 kaps\u00fal Chu\u0165: neutr\u00e1lna Krajina p\u00f4vodu:\u00a0USA","og_url":"https:\/\/usamedical.com\/sk\/produkty\/usa-medical-blood-sugar-ultra-60ks\/","og_site_name":"USAmedical.sk","article_modified_time":"2025-10-13T10:12:11+00:00","twitter_card":"summary_large_image","twitter_misc":{"Predpokladan\u00fd \u010das \u010d\u00edtania":"2 min\u00faty"},"schema":{"@context":"https:\/\/schema.org","@graph":[{"@type":"WebPage","@id":"https:\/\/usamedical.com\/sk\/produkty\/usa-medical-blood-sugar-ultra-60ks\/","url":"https:\/\/usamedical.com\/sk\/produkty\/usa-medical-blood-sugar-ultra-60ks\/","name":"USA medical BLOOD SUGAR ULTRA | 60ks - USAmedical.sk","isPartOf":{"@id":"https:\/\/usamedical.com\/sk\/#website"},"primaryImageOfPage":{"@id":"https:\/\/usamedical.com\/sk\/produkty\/usa-medical-blood-sugar-ultra-60ks\/#primaryimage"},"image":{"@id":"https:\/\/usamedical.com\/sk\/produkty\/usa-medical-blood-sugar-ultra-60ks\/#primaryimage"},"thumbnailUrl":"https:\/\/usamedical.com\/sk\/wp-content\/uploads\/2022\/03\/2024_blood_sugar_ultra_800x960.jpg","datePublished":"2022-03-28T07:15:32+00:00","dateModified":"2025-10-13T10:12:11+00:00","breadcrumb":{"@id":"https:\/\/usamedical.com\/sk\/produkty\/usa-medical-blood-sugar-ultra-60ks\/#breadcrumb"},"inLanguage":"sk-SK","potentialAction":[{"@type":"ReadAction","target":["https:\/\/usamedical.com\/sk\/produkty\/usa-medical-blood-sugar-ultra-60ks\/"]}]},{"@type":"ImageObject","inLanguage":"sk-SK","@id":"https:\/\/usamedical.com\/sk\/produkty\/usa-medical-blood-sugar-ultra-60ks\/#primaryimage","url":"https:\/\/usamedical.com\/sk\/wp-content\/uploads\/2022\/03\/2024_blood_sugar_ultra_800x960.jpg","contentUrl":"https:\/\/usamedical.com\/sk\/wp-content\/uploads\/2022\/03\/2024_blood_sugar_ultra_800x960.jpg","width":800,"height":960},{"@type":"BreadcrumbList","@id":"https:\/\/usamedical.com\/sk\/produkty\/usa-medical-blood-sugar-ultra-60ks\/#breadcrumb","itemListElement":[{"@type":"ListItem","position":1,"name":"Kezd\u0151lap","item":"https:\/\/usamedical.com\/sk\/"},{"@type":"ListItem","position":2,"name":"Obchod","item":"https:\/\/usamedical.com\/sk\/obchod\/"},{"@type":"ListItem","position":3,"name":"USA medical BLOOD SUGAR ULTRA | 60ks"}]},{"@type":"WebSite","@id":"https:\/\/usamedical.com\/sk\/#website","url":"https:\/\/usamedical.com\/sk\/","name":"USAmedical.sk","description":"e-shop s CBD olejom a kapsulami","publisher":{"@id":"https:\/\/usamedical.com\/sk\/#organization"},"potentialAction":[{"@type":"SearchAction","target":{"@type":"EntryPoint","urlTemplate":"https:\/\/usamedical.com\/sk\/?s={search_term_string}"},"query-input":{"@type":"PropertyValueSpecification","valueRequired":true,"valueName":"search_term_string"}}],"inLanguage":"sk-SK"},{"@type":"Organization","@id":"https:\/\/usamedical.com\/sk\/#organization","name":"USAmedical.sk","url":"https:\/\/usamedical.com\/sk\/","logo":{"@type":"ImageObject","inLanguage":"sk-SK","@id":"https:\/\/usamedical.com\/sk\/#\/schema\/logo\/image\/","url":"https:\/\/usamedical.com\/sk\/wp-content\/uploads\/2022\/03\/us_medical_logo.svg","contentUrl":"https:\/\/usamedical.com\/sk\/wp-content\/uploads\/2022\/03\/us_medical_logo.svg","width":233,"height":56,"caption":"USAmedical.sk"},"image":{"@id":"https:\/\/usamedical.com\/sk\/#\/schema\/logo\/image\/"}}]}},"_links":{"self":[{"href":"https:\/\/usamedical.com\/sk\/wp-json\/wp\/v2\/product\/8789","targetHints":{"allow":["GET"]}}],"collection":[{"href":"https:\/\/usamedical.com\/sk\/wp-json\/wp\/v2\/product"}],"about":[{"href":"https:\/\/usamedical.com\/sk\/wp-json\/wp\/v2\/types\/product"}],"replies":[{"embeddable":true,"href":"https:\/\/usamedical.com\/sk\/wp-json\/wp\/v2\/comments?post=8789"}],"wp:featuredmedia":[{"embeddable":true,"href":"https:\/\/usamedical.com\/sk\/wp-json\/wp\/v2\/media\/13747"}],"wp:attachment":[{"href":"https:\/\/usamedical.com\/sk\/wp-json\/wp\/v2\/media?parent=8789"}],"wp:term":[{"taxonomy":"product_brand","embeddable":true,"href":"https:\/\/usamedical.com\/sk\/wp-json\/wp\/v2\/product_brand?post=8789"},{"taxonomy":"product_cat","embeddable":true,"href":"https:\/\/usamedical.com\/sk\/wp-json\/wp\/v2\/product_cat?post=8789"},{"taxonomy":"product_tag","embeddable":true,"href":"https:\/\/usamedical.com\/sk\/wp-json\/wp\/v2\/product_tag?post=8789"}],"curies":[{"name":"wp","href":"https:\/\/api.w.org\/{rel}","templated":true}]}}