{"id":8788,"date":"2022-03-28T09:15:32","date_gmt":"2022-03-28T07:15:32","guid":{"rendered":"https:\/\/usamedical.com\/sk\/?post_type=product&#038;p=8788"},"modified":"2024-06-25T01:00:02","modified_gmt":"2024-06-24T23:00:02","slug":"usa-medical-probio-forte-60ks","status":"publish","type":"product","link":"https:\/\/usamedical.com\/sk\/produkty\/usa-medical-probio-forte-60ks\/","title":{"rendered":"USA medical PROBIO FORTE | 60ks"},"content":{"rendered":"<h2><strong>Kapsuly vyroben\u00e9 technol\u00f3giou MAKTREK\u00ae Bi-Pass obsahuj\u00fa jedine\u010dn\u00fa zmes 4 r\u00f4znych kme\u0148ov bakt\u00e9ri\u00ed!<\/strong><\/h2>\n<p>N\u00e1\u0161 produkt <strong>PROBIO FORTE<\/strong> pon\u00faka patentovan\u00fa zmes s\u00a0obsahom 4 r\u00f4znych kme\u0148ov bakt\u00e9ri\u00ed. Ka\u017ed\u00e1 denn\u00e1 d\u00e1vka pozost\u00e1va z kombin\u00e1cie 40 mili\u00e1rd \u017eiv\u00fdch organizmov a komplexn\u00fdch fruktooligosacharidov pre optim\u00e1lny \u00fa\u010dinok, \u010d\u00edm prispieva <strong>k podpore norm\u00e1lneho fungovania \u010drevnej fl\u00f3ry<\/strong>. Pravideln\u00fdm u\u017e\u00edvan\u00edm na\u0161ich kaps\u00fal PROBIO FORTE m\u00f4\u017eete prispie\u0165 k udr\u017eaniu zdravej \u010drevnej fl\u00f3ry a zabezpe\u010di\u0165 rovnov\u00e1hu a \u00fa\u010dinnos\u0165 prospe\u0161n\u00fdch \u010drevn\u00fdch bakt\u00e9ri\u00ed.<\/p>\n<p>V\u00fdnimo\u010dnos\u0165 kaps\u00fal &#8211; okrem toho, \u017ee obsahuj\u00fa <strong>40 mili\u00e1rd \u017eiv\u00fdch kult\u00far<\/strong> v\u00a0dennej d\u00e1vke &#8211; spo\u010d\u00edva v tom, \u017ee s\u00fa doplnen\u00e9 <strong>fruktooligosacharidmi z morsk\u00fdch rias<\/strong> (FOS) vy\u017eivuj\u00facimi prospe\u0161n\u00e9 bakt\u00e9rie a s\u00fa vyroben\u00e9 modernou technol\u00f3giou <strong>MAKTREK\u00ae Bi-Pass<\/strong>. Tento proces umo\u017e\u0148uje dobr\u00fdm bakt\u00e9ri\u00e1m v kapsule vysok\u00fa mieru pre\u017eitia, aby odolali \u017eal\u00fado\u010dn\u00fdm \u0161\u0165av\u00e1m a dostali sa do \u010drevn\u00e9ho traktu, kde m\u00f4\u017eu prispie\u0165 k podpore zdravia \u010drevnej fl\u00f3ry.<\/p>\n<p>V patentovanej zmesi s\u00fa pou\u017eit\u00e9 nasleduj\u00face 4 hlavn\u00e9 bakteri\u00e1lne kmene:<\/p>\n<ul>\n<li><strong>Lactobacillus acidophilus\u00a0<\/strong>\u2013 prirodzene sa nach\u00e1dza v \u010drevnom trakte a pom\u00e1ha udr\u017eiava\u0165 mno\u017estvo \u010drevnej fl\u00f3ry.<\/li>\n<li><strong>Bifidobacterium Lactis\u00a0<\/strong>\u2013 zn\u00e1my svojou schopnos\u0165ou stimulova\u0165 imunitn\u00fa odpove\u010f organizmu.<\/li>\n<li><strong>Lactobacillus Plantarum\u00a0<\/strong>\u2013 zn\u00e1my svojimi \u00fa\u010dinkami na podporu tr\u00e1viaceho syst\u00e9mu.<\/li>\n<li><strong>Lactobacillus Paracasei\u00a0<\/strong>\u2013 zn\u00e1my t\u00fdm, \u017ee pom\u00e1ha zvy\u0161ova\u0165 hladinu energie<\/li>\n<\/ul>\n<h2><strong>Vedeli ste?<\/strong><\/h2>\n<p><strong>Stru\u010dne o \u010drevnom mikrobi\u00f3me:<br \/>\n<\/strong>Bakt\u00e9rie, v\u00edrusy, huby a in\u00e9 mikroskopick\u00e9 organizmy sa naz\u00fdvaj\u00fa mikroorganizmy alebo skr\u00e1tene mikr\u00f3by. S\u00fahrnne s\u00fa zn\u00e1me ako mikrobi\u00f3m. Miliardy t\u00fdchto mikr\u00f3bov sa nach\u00e1dzaj\u00fa najm\u00e4 v \u010drev\u00e1ch a na ko\u017ei<\/p>\n<p><strong>Pre\u010do je \u010drevn\u00fd mikrobi\u00f3m d\u00f4le\u017eit\u00fd pre va\u0161e zdravie?<br \/>\n<\/strong>Zatia\u013e \u010do niektor\u00e9 bakt\u00e9rie s\u00fa spojen\u00e9 s chorobami, in\u00e9 s\u00fa v skuto\u010dnosti mimoriadne d\u00f4le\u017eit\u00e9 pre n\u00e1\u0161 imunitn\u00fd syst\u00e9m, srdce, hmotnos\u0165 a mnoh\u00e9 \u010fal\u0161ie zdravotn\u00e9 h\u013eadisk\u00e1.<strong><br \/>\n<\/strong>\u010crevn\u00fd mikrobi\u00f3m zah\u0155\u0148a v\u0161etky mikr\u00f3by v \u010drev\u00e1ch, ktor\u00e9 funguj\u00fa ako \u010fal\u0161\u00ed org\u00e1n a maj\u00fa z\u00e1sadn\u00fd v\u00fdznam pre na\u0161e zdravie.<strong><br \/>\n<\/strong>\u010crevn\u00fd mikrobi\u00f3m ovplyv\u0148uje telo od narodenia a po\u010das cel\u00e9ho \u017eivota t\u00fdm, \u017ee reguluje tr\u00e1venie potravy, imunitn\u00fd syst\u00e9m, centr\u00e1lny nervov\u00fd syst\u00e9m a \u010fal\u0161ie telesn\u00e9 procesy.<strong><br \/>\n<\/strong>Niektor\u00e9 druhy bakt\u00e9ri\u00ed v \u010drev\u00e1ch, takzvan\u00e9 &#8222;zl\u00e9&#8220; bakt\u00e9rie, v\u0161ak m\u00f4\u017eu sp\u00f4sobova\u0165 mno\u017estvo probl\u00e9mov, napr\u00edklad nad\u00favanie, hna\u010dky a tr\u00e1viace probl\u00e9my.<\/p>\n<p><strong>Existuj\u00fa r\u00f4zne sp\u00f4soby, ako zlep\u0161i\u0165 rovnov\u00e1hu \u010drevnej fl\u00f3ry:<\/strong><\/p>\n<ul>\n<li>Vytvorenie si pestrej stravy<\/li>\n<li>Konzum\u00e1cia fermentovan\u00fdch potrav\u00edn<\/li>\n<li>Obmedzenie pr\u00edjmu sladidiel<\/li>\n<li>Konzum\u00e1cia potrav\u00edn bohat\u00fdch na vl\u00e1kninu, ktor\u00e9 stimuluj\u00fa rast prospe\u0161n\u00fdch bakt\u00e9ri\u00ed<\/li>\n<li>V\u00fdber vysokokvalitn\u00e9ho v\u00fd\u017eivov\u00e9ho doplnku s\u00a0obsahom \u017eiv\u00fdch kult\u00far<\/li>\n<li>U\u017e\u00edvanie antibiot\u00edk len v\u00a0nevyhnutn\u00fdch pr\u00edpadoch.<\/li>\n<\/ul>\n<p>Mnoh\u00e9 \u0161t\u00fadie sa u\u017e zaoberali \u00fa\u010dinkami u\u017eito\u010dn\u00fdch bakt\u00e9ri\u00ed prijat\u00fdch so stravou na tr\u00e1viaci syst\u00e9m.<\/p>\n","protected":false},"excerpt":{"rendered":"<p>Patentovan\u00e1 zmes \u0161tyroch bakteri\u00e1lnych kme\u0148ov s fruktooligosacharidmi, vyroben\u00e9 procesom MAKTREK Bi-Pass.<br \/>\n\u017div\u00e9 \u010drevn\u00e9 bakt\u00e9rie, ktor\u00e9 sa symbioticky vyskytuj\u00fa na povrchu mikroklkov na\u0161ich \u010driev. \u010crevn\u00e9 bakt\u00e9rie, mikrobita, vytv\u00e1ra rad biologicky akt\u00edvnych l\u00e1tok. \u010crevn\u00fd mikr\u00f3biom je predmetom mnoh\u00fdch vedeck\u00fdch \u0161t\u00fadi\u00ed.<\/p>\n<p><strong>Produkt je zaregistrovan\u00fd na \u00darade verejn\u00e9ho zdravotn\u00edctva SR<\/strong><\/p>\n<p><strong>Balenie:<\/strong>\u00a0 60 kaps\u00fal<br \/>\n<strong>Chu\u0165:<\/strong>\u00a0neutr\u00e1lna<br \/>\n<strong>Krajina p\u00f4vodu:<\/strong>\u00a0USA<\/p>\n","protected":false},"featured_media":7185,"comment_status":"closed","ping_status":"closed","template":"","meta":{"_acf_changed":false},"product_brand":[],"product_cat":[81,74],"product_tag":[],"class_list":{"0":"post-8788","1":"product","2":"type-product","3":"status-publish","4":"has-post-thumbnail","6":"product_cat-traviaca-sustava","7":"product_cat-premiove-vyzivove-doplnky","9":"first","10":"instock","11":"taxable","12":"shipping-taxable","13":"purchasable","14":"product-type-simple"},"acf":[],"yoast_head":"<!-- This site is optimized with the Yoast SEO plugin v26.5 - https:\/\/yoast.com\/wordpress\/plugins\/seo\/ -->\n<title>USA medical PROBIO FORTE | 60ks - USAmedical.sk<\/title>\n<meta name=\"robots\" content=\"index, follow, max-snippet:-1, max-image-preview:large, max-video-preview:-1\" \/>\n<link rel=\"canonical\" href=\"https:\/\/usamedical.com\/sk\/produkty\/usa-medical-probio-forte-60ks\/\" \/>\n<meta property=\"og:locale\" content=\"sk_SK\" \/>\n<meta property=\"og:type\" content=\"article\" \/>\n<meta property=\"og:title\" content=\"USA medical PROBIO FORTE | 60ks - USAmedical.sk\" \/>\n<meta property=\"og:description\" content=\"Patentovan\u00e1 zmes \u0161tyroch bakteri\u00e1lnych kme\u0148ov s fruktooligosacharidmi, vyroben\u00e9 procesom MAKTREK Bi-Pass. \u017div\u00e9 \u010drevn\u00e9 bakt\u00e9rie, ktor\u00e9 sa symbioticky vyskytuj\u00fa na povrchu mikroklkov na\u0161ich \u010driev. \u010crevn\u00e9 bakt\u00e9rie, mikrobita, vytv\u00e1ra rad biologicky akt\u00edvnych l\u00e1tok. \u010crevn\u00fd mikr\u00f3biom je predmetom mnoh\u00fdch vedeck\u00fdch \u0161t\u00fadi\u00ed.  Produkt je zaregistrovan\u00fd na \u00darade verejn\u00e9ho zdravotn\u00edctva SR  Balenie:\u00a0 60 kaps\u00fal Chu\u0165:\u00a0neutr\u00e1lna Krajina p\u00f4vodu:\u00a0USA\" \/>\n<meta property=\"og:url\" content=\"https:\/\/usamedical.com\/sk\/produkty\/usa-medical-probio-forte-60ks\/\" \/>\n<meta property=\"og:site_name\" content=\"USAmedical.sk\" \/>\n<meta property=\"article:modified_time\" content=\"2024-06-24T23:00:02+00:00\" \/>\n<meta name=\"twitter:card\" content=\"summary_large_image\" \/>\n<meta name=\"twitter:label1\" content=\"Predpokladan\u00fd \u010das \u010d\u00edtania\" \/>\n\t<meta name=\"twitter:data1\" content=\"3 min\u00faty\" \/>\n<script type=\"application\/ld+json\" class=\"yoast-schema-graph\">{\"@context\":\"https:\/\/schema.org\",\"@graph\":[{\"@type\":\"WebPage\",\"@id\":\"https:\/\/usamedical.com\/sk\/produkty\/usa-medical-probio-forte-60ks\/\",\"url\":\"https:\/\/usamedical.com\/sk\/produkty\/usa-medical-probio-forte-60ks\/\",\"name\":\"USA medical PROBIO FORTE | 60ks - USAmedical.sk\",\"isPartOf\":{\"@id\":\"https:\/\/usamedical.com\/sk\/#website\"},\"primaryImageOfPage\":{\"@id\":\"https:\/\/usamedical.com\/sk\/produkty\/usa-medical-probio-forte-60ks\/#primaryimage\"},\"image\":{\"@id\":\"https:\/\/usamedical.com\/sk\/produkty\/usa-medical-probio-forte-60ks\/#primaryimage\"},\"thumbnailUrl\":\"https:\/\/usamedical.com\/sk\/wp-content\/uploads\/2022\/03\/usa-medical-probio-forte-60-ks.jpg\",\"datePublished\":\"2022-03-28T07:15:32+00:00\",\"dateModified\":\"2024-06-24T23:00:02+00:00\",\"breadcrumb\":{\"@id\":\"https:\/\/usamedical.com\/sk\/produkty\/usa-medical-probio-forte-60ks\/#breadcrumb\"},\"inLanguage\":\"sk-SK\",\"potentialAction\":[{\"@type\":\"ReadAction\",\"target\":[\"https:\/\/usamedical.com\/sk\/produkty\/usa-medical-probio-forte-60ks\/\"]}]},{\"@type\":\"ImageObject\",\"inLanguage\":\"sk-SK\",\"@id\":\"https:\/\/usamedical.com\/sk\/produkty\/usa-medical-probio-forte-60ks\/#primaryimage\",\"url\":\"https:\/\/usamedical.com\/sk\/wp-content\/uploads\/2022\/03\/usa-medical-probio-forte-60-ks.jpg\",\"contentUrl\":\"https:\/\/usamedical.com\/sk\/wp-content\/uploads\/2022\/03\/usa-medical-probio-forte-60-ks.jpg\",\"width\":800,\"height\":960,\"caption\":\"PROBIO FORTE prispieva k podpore norm\u00e1lneho fungovania \u010drevnej fl\u00f3ry.\"},{\"@type\":\"BreadcrumbList\",\"@id\":\"https:\/\/usamedical.com\/sk\/produkty\/usa-medical-probio-forte-60ks\/#breadcrumb\",\"itemListElement\":[{\"@type\":\"ListItem\",\"position\":1,\"name\":\"Kezd\u0151lap\",\"item\":\"https:\/\/usamedical.com\/sk\/\"},{\"@type\":\"ListItem\",\"position\":2,\"name\":\"Obchod\",\"item\":\"https:\/\/usamedical.com\/sk\/obchod\/\"},{\"@type\":\"ListItem\",\"position\":3,\"name\":\"USA medical PROBIO FORTE | 60ks\"}]},{\"@type\":\"WebSite\",\"@id\":\"https:\/\/usamedical.com\/sk\/#website\",\"url\":\"https:\/\/usamedical.com\/sk\/\",\"name\":\"USAmedical.sk\",\"description\":\"e-shop s CBD olejom a kapsulami\",\"publisher\":{\"@id\":\"https:\/\/usamedical.com\/sk\/#organization\"},\"potentialAction\":[{\"@type\":\"SearchAction\",\"target\":{\"@type\":\"EntryPoint\",\"urlTemplate\":\"https:\/\/usamedical.com\/sk\/?s={search_term_string}\"},\"query-input\":{\"@type\":\"PropertyValueSpecification\",\"valueRequired\":true,\"valueName\":\"search_term_string\"}}],\"inLanguage\":\"sk-SK\"},{\"@type\":\"Organization\",\"@id\":\"https:\/\/usamedical.com\/sk\/#organization\",\"name\":\"USAmedical.sk\",\"url\":\"https:\/\/usamedical.com\/sk\/\",\"logo\":{\"@type\":\"ImageObject\",\"inLanguage\":\"sk-SK\",\"@id\":\"https:\/\/usamedical.com\/sk\/#\/schema\/logo\/image\/\",\"url\":\"https:\/\/usamedical.com\/sk\/wp-content\/uploads\/2022\/03\/us_medical_logo.svg\",\"contentUrl\":\"https:\/\/usamedical.com\/sk\/wp-content\/uploads\/2022\/03\/us_medical_logo.svg\",\"width\":233,\"height\":56,\"caption\":\"USAmedical.sk\"},\"image\":{\"@id\":\"https:\/\/usamedical.com\/sk\/#\/schema\/logo\/image\/\"}}]}<\/script>\n<!-- \/ Yoast SEO plugin. -->","yoast_head_json":{"title":"USA medical PROBIO FORTE | 60ks - USAmedical.sk","robots":{"index":"index","follow":"follow","max-snippet":"max-snippet:-1","max-image-preview":"max-image-preview:large","max-video-preview":"max-video-preview:-1"},"canonical":"https:\/\/usamedical.com\/sk\/produkty\/usa-medical-probio-forte-60ks\/","og_locale":"sk_SK","og_type":"article","og_title":"USA medical PROBIO FORTE | 60ks - USAmedical.sk","og_description":"Patentovan\u00e1 zmes \u0161tyroch bakteri\u00e1lnych kme\u0148ov s fruktooligosacharidmi, vyroben\u00e9 procesom MAKTREK Bi-Pass. \u017div\u00e9 \u010drevn\u00e9 bakt\u00e9rie, ktor\u00e9 sa symbioticky vyskytuj\u00fa na povrchu mikroklkov na\u0161ich \u010driev. \u010crevn\u00e9 bakt\u00e9rie, mikrobita, vytv\u00e1ra rad biologicky akt\u00edvnych l\u00e1tok. \u010crevn\u00fd mikr\u00f3biom je predmetom mnoh\u00fdch vedeck\u00fdch \u0161t\u00fadi\u00ed.  Produkt je zaregistrovan\u00fd na \u00darade verejn\u00e9ho zdravotn\u00edctva SR  Balenie:\u00a0 60 kaps\u00fal Chu\u0165:\u00a0neutr\u00e1lna Krajina p\u00f4vodu:\u00a0USA","og_url":"https:\/\/usamedical.com\/sk\/produkty\/usa-medical-probio-forte-60ks\/","og_site_name":"USAmedical.sk","article_modified_time":"2024-06-24T23:00:02+00:00","twitter_card":"summary_large_image","twitter_misc":{"Predpokladan\u00fd \u010das \u010d\u00edtania":"3 min\u00faty"},"schema":{"@context":"https:\/\/schema.org","@graph":[{"@type":"WebPage","@id":"https:\/\/usamedical.com\/sk\/produkty\/usa-medical-probio-forte-60ks\/","url":"https:\/\/usamedical.com\/sk\/produkty\/usa-medical-probio-forte-60ks\/","name":"USA medical PROBIO FORTE | 60ks - USAmedical.sk","isPartOf":{"@id":"https:\/\/usamedical.com\/sk\/#website"},"primaryImageOfPage":{"@id":"https:\/\/usamedical.com\/sk\/produkty\/usa-medical-probio-forte-60ks\/#primaryimage"},"image":{"@id":"https:\/\/usamedical.com\/sk\/produkty\/usa-medical-probio-forte-60ks\/#primaryimage"},"thumbnailUrl":"https:\/\/usamedical.com\/sk\/wp-content\/uploads\/2022\/03\/usa-medical-probio-forte-60-ks.jpg","datePublished":"2022-03-28T07:15:32+00:00","dateModified":"2024-06-24T23:00:02+00:00","breadcrumb":{"@id":"https:\/\/usamedical.com\/sk\/produkty\/usa-medical-probio-forte-60ks\/#breadcrumb"},"inLanguage":"sk-SK","potentialAction":[{"@type":"ReadAction","target":["https:\/\/usamedical.com\/sk\/produkty\/usa-medical-probio-forte-60ks\/"]}]},{"@type":"ImageObject","inLanguage":"sk-SK","@id":"https:\/\/usamedical.com\/sk\/produkty\/usa-medical-probio-forte-60ks\/#primaryimage","url":"https:\/\/usamedical.com\/sk\/wp-content\/uploads\/2022\/03\/usa-medical-probio-forte-60-ks.jpg","contentUrl":"https:\/\/usamedical.com\/sk\/wp-content\/uploads\/2022\/03\/usa-medical-probio-forte-60-ks.jpg","width":800,"height":960,"caption":"PROBIO FORTE prispieva k podpore norm\u00e1lneho fungovania \u010drevnej fl\u00f3ry."},{"@type":"BreadcrumbList","@id":"https:\/\/usamedical.com\/sk\/produkty\/usa-medical-probio-forte-60ks\/#breadcrumb","itemListElement":[{"@type":"ListItem","position":1,"name":"Kezd\u0151lap","item":"https:\/\/usamedical.com\/sk\/"},{"@type":"ListItem","position":2,"name":"Obchod","item":"https:\/\/usamedical.com\/sk\/obchod\/"},{"@type":"ListItem","position":3,"name":"USA medical PROBIO FORTE | 60ks"}]},{"@type":"WebSite","@id":"https:\/\/usamedical.com\/sk\/#website","url":"https:\/\/usamedical.com\/sk\/","name":"USAmedical.sk","description":"e-shop s CBD olejom a kapsulami","publisher":{"@id":"https:\/\/usamedical.com\/sk\/#organization"},"potentialAction":[{"@type":"SearchAction","target":{"@type":"EntryPoint","urlTemplate":"https:\/\/usamedical.com\/sk\/?s={search_term_string}"},"query-input":{"@type":"PropertyValueSpecification","valueRequired":true,"valueName":"search_term_string"}}],"inLanguage":"sk-SK"},{"@type":"Organization","@id":"https:\/\/usamedical.com\/sk\/#organization","name":"USAmedical.sk","url":"https:\/\/usamedical.com\/sk\/","logo":{"@type":"ImageObject","inLanguage":"sk-SK","@id":"https:\/\/usamedical.com\/sk\/#\/schema\/logo\/image\/","url":"https:\/\/usamedical.com\/sk\/wp-content\/uploads\/2022\/03\/us_medical_logo.svg","contentUrl":"https:\/\/usamedical.com\/sk\/wp-content\/uploads\/2022\/03\/us_medical_logo.svg","width":233,"height":56,"caption":"USAmedical.sk"},"image":{"@id":"https:\/\/usamedical.com\/sk\/#\/schema\/logo\/image\/"}}]}},"_links":{"self":[{"href":"https:\/\/usamedical.com\/sk\/wp-json\/wp\/v2\/product\/8788","targetHints":{"allow":["GET"]}}],"collection":[{"href":"https:\/\/usamedical.com\/sk\/wp-json\/wp\/v2\/product"}],"about":[{"href":"https:\/\/usamedical.com\/sk\/wp-json\/wp\/v2\/types\/product"}],"replies":[{"embeddable":true,"href":"https:\/\/usamedical.com\/sk\/wp-json\/wp\/v2\/comments?post=8788"}],"wp:featuredmedia":[{"embeddable":true,"href":"https:\/\/usamedical.com\/sk\/wp-json\/wp\/v2\/media\/7185"}],"wp:attachment":[{"href":"https:\/\/usamedical.com\/sk\/wp-json\/wp\/v2\/media?parent=8788"}],"wp:term":[{"taxonomy":"product_brand","embeddable":true,"href":"https:\/\/usamedical.com\/sk\/wp-json\/wp\/v2\/product_brand?post=8788"},{"taxonomy":"product_cat","embeddable":true,"href":"https:\/\/usamedical.com\/sk\/wp-json\/wp\/v2\/product_cat?post=8788"},{"taxonomy":"product_tag","embeddable":true,"href":"https:\/\/usamedical.com\/sk\/wp-json\/wp\/v2\/product_tag?post=8788"}],"curies":[{"name":"wp","href":"https:\/\/api.w.org\/{rel}","templated":true}]}}