{"id":8787,"date":"2022-03-28T09:15:31","date_gmt":"2022-03-28T07:15:31","guid":{"rendered":"https:\/\/usamedical.com\/sk\/?post_type=product&#038;p=8787"},"modified":"2024-06-25T01:00:02","modified_gmt":"2024-06-24T23:00:02","slug":"usa-medical-omega-3-fish-oil-60ks","status":"publish","type":"product","link":"https:\/\/usamedical.com\/sk\/produkty\/usa-medical-omega-3-fish-oil-60ks\/","title":{"rendered":"USA medical OMEGA-3 FISH OIL | 60ks"},"content":{"rendered":"<h2><strong>Ryb\u00ed olej s vysok\u00fdm obsahom EPA a DHA v m\u00e4kk\u00fdch \u017eelat\u00ednov\u00fdch kapsul\u00e1ch.<\/strong><\/h2>\n<p style=\"padding-left: 40px;\"><strong>Mozog * zrak * krvn\u00fd tlak<\/strong><\/p>\n<p>Ide\u00e1lny a vyv\u00e1\u017een\u00fd pr\u00edpravok, ktor\u00fd je zostaven\u00fd tak, aby poskytol maxim\u00e1lnu podporu va\u0161ej kardiovaskul\u00e1rnej s\u00fastavy. N\u00e1\u0161 produkt <strong>OMEGA-3 FISH OIL<\/strong> obsahuje iba 100 % \u010dist\u00fd ryb\u00ed olej z r\u00fdb uloven\u00fdch v mori. Vyr\u00e1ba sa v prostred\u00ed s pr\u00edsnou kontrolou kvality a testuje sa na pr\u00edtomnos\u0165 zn\u00e1mych kontaminantov. Ka\u017ed\u00e1 m\u00e4kk\u00e1 g\u00e9lov\u00e1 kapsula obsahuje vysok\u00e9 mno\u017estvo EPA a DHA, \u017eiv\u00edn d\u00f4le\u017eit\u00fdch pre \u013eudsk\u00fd organizmus.<\/p>\n<p>DHA prispieva k udr\u017eiavaniu norm\u00e1lnej funkcie mozgu a zraku. Tieto priazniv\u00e9 \u00fa\u010dinky mo\u017eno dosiahnu\u0165 pri dennom pr\u00edjme 250 mg DHA, teda mno\u017estvo poskytovan\u00e9 jednou kapsulou OMEGA 3 FISH OIL. EPA a DHA prispievaj\u00fa k spr\u00e1vnemu fungovaniu srdca a ich priazniv\u00e9 \u00fa\u010dinky mo\u017eno dosiahnu\u0165 pri dennom pr\u00edjme 250 mg ka\u017edej z nich. Toto mno\u017estvo zabezpe\u010d\u00ed jedna kapsula OMEGA 3 FISH OIL.<br \/>\n<strong><br \/>\n<\/strong><strong>Denn\u00e1 d\u00e1vka (1 kapsula) obsahuje 1200 mg rybieho oleja, z toho 720 mg Omega-3 mastn\u00fdch kysel\u00edn: EPA 432 mg a DHA 288 mg.\u00a0<\/strong><\/p>\n<h2><strong>Vedeli ste?<\/strong><\/h2>\n<p>Nenas\u00fdten\u00e9 mastn\u00e9 kyseliny, ako s\u00fa Omega-3 mastn\u00e9 kyseliny, zohr\u00e1vaj\u00fa z\u00e1sadn\u00fa \u00falohu vo fyziologick\u00fdch procesoch \u013eudsk\u00e9ho tela. V skuto\u010dnosti bolo len m\u00e1lo \u017eiv\u00edn presk\u00faman\u00fdch tak d\u00f4kladne ako Omega-3 mastn\u00e9 kyseliny. Telo si ich nedok\u00e1\u017ee vyrobi\u0165 a mus\u00ed ich preto z\u00edskava\u0165 zo stravy alebo prostredn\u00edctvom v\u00fd\u017eivov\u00fdch doplnkov.<\/p>\n<p>Do skupiny Omega-3 patr\u00ed nieko\u013eko mastn\u00fdch kysel\u00edn. Najd\u00f4le\u017eitej\u0161ie z\u00a0nich s\u00fa:<\/p>\n<ul>\n<li>kyselina alfa-linol\u00e9nov\u00e1 (ALA)<\/li>\n<li>Kyselina alfa-alfa-olejov\u00e1 (EPA)<\/li>\n<li>kyselina dokozahexa\u00e9nov\u00e1 (DHA)<\/li>\n<\/ul>\n<p>ALA sa nach\u00e1dza najm\u00e4 v rastlinn\u00fdch olejoch, n\u00e1jdeme ju napr\u00edklad v chia semienkach, konopn\u00fdch semienkach, \u013eanov\u00fdch semienkach a vla\u0161sk\u00fdch orechoch. DHA a EPA sa nach\u00e1dzaj\u00fa najm\u00e4 v morsk\u00fdch ryb\u00e1ch, ako s\u00fa makrela, losos, sle\u010f a sardinky. Hladina DHA v tele je vysok\u00e1 predov\u0161etk\u00fdm v o\u010dn\u00fdch bunk\u00e1ch, mozgu a spermi\u00e1ch. Mastn\u00e1 kyselina EPA m\u00e1 tie\u017e nieko\u013eko z\u00e1kladn\u00fdch funkci\u00ed. Schopnos\u0165 tela rozklada\u0165 ALA z rastlinn\u00fdch olejov na EPA a DHA je ve\u013emi n\u00edzka, tak\u017ee \u013eudia, ktor\u00ed nejedia ryby, m\u00f4\u017eu dop\u013a\u0148a\u0165 svoju potrebu Omega-3 vo forme v\u00fd\u017eivov\u00fdch doplnkov.<\/p>\n<p>Pomer Omega-3 a Omega-6 v r\u00e1mci esenci\u00e1lnych mastn\u00fdch kysel\u00edn m\u00e1 pre odborn\u00edkov ve\u013ek\u00fd v\u00fdznam. Ide\u00e1lny pomer je 1:3 a\u017e 1:5, ale v d\u00f4sledku zl\u00fdch stravovac\u00edch n\u00e1vykov civilizovan\u00e9ho sveta je dnes priemern\u00fd pomer t\u00fdchto dvoch typov mastn\u00fdch kysel\u00edn 1:10 a\u017e 1:30. Na obnovenie spr\u00e1vneho pomeru odborn\u00edci na v\u00fd\u017eivu odpor\u00fa\u010daj\u00fa stravu bohat\u00fa na Omega-3 mastn\u00e9 kyseliny. Vyv\u00e1\u017een\u00e1 strava vr\u00e1tane primeran\u00e9ho podielu nenas\u00fdten\u00fdch mastn\u00fdch kysel\u00edn je nevyhnutn\u00e1 pre norm\u00e1lny rast a v\u00fdvoj. M\u00f4\u017ee prispie\u0165 k zn\u00ed\u017eeniu v\u00fdskytu kardiovaskul\u00e1rnych ochoren\u00ed a zlep\u0161eniu du\u0161evn\u00e9ho zdravia.<\/p>\n<h3><strong>V\u00fdskumy<\/strong><\/h3>\n<p>Omega-3 mastn\u00e9 kyseliny patria medzi najkomplexnej\u0161ie presk\u00faman\u00e9 \u017eiviny na svete.<br \/>\nUk\u00e1zalo sa, \u017ee maj\u00fa v\u00fdznamn\u00fd pr\u00ednos pre zdravie pri t\u00fdchto stavoch:<\/p>\n<ul>\n<li><strong>Probl\u00e9my so zrakom.\u00a0<\/strong>Omega-3 mastn\u00e1 kyselina DHA je hlavnou \u0161truktur\u00e1lnou zlo\u017ekou sietnice oka. M\u00f4\u017ee pom\u00f4c\u0165 predch\u00e1dza\u0165 makul\u00e1rnej degener\u00e1cii, ktor\u00e1 m\u00f4\u017ee sp\u00f4sobi\u0165 zhor\u0161enie zraku a slepotu. (<a href=\"https:\/\/www.ncbi.nlm.nih.gov\/pubmed\/24557349\">Zdroj<\/a>,\u00a0<a href=\"https:\/\/www.ncbi.nlm.nih.gov\/pubmed\/22559899\/\">Zdroj<\/a>).<\/li>\n<li><strong>Ochorenia srdca.<\/strong>Omega-3 mastn\u00e9 kyseliny m\u00f4\u017eu zlep\u0161i\u0165 rizikov\u00e9 faktory mnoh\u00fdch srdcov\u00fdch ochoren\u00ed. Zatia\u013e v\u0161ak neexistuj\u00fa presved\u010div\u00e9 d\u00f4kazy o tom, \u017ee by mohli zabr\u00e1ni\u0165 infarktu alebo mozgovej pr\u00edhode. (<a href=\"https:\/\/www.ncbi.nlm.nih.gov\/pmc\/articles\/PMC3712371\/\">Zdroj<\/a>).<\/li>\n<li><strong>Stukovaten\u00e1 pe\u010de\u0148. U\u017e\u00edvanie doplnkov s obsahom Omega-3 mastn\u00fdch kysel\u00edn m\u00f4\u017ee pom\u00f4c\u0165 pri zbavovan\u00ed sa prebyto\u010dn\u00e9ho tuku v pe\u010deni <\/strong>(<a href=\"https:\/\/www.ncbi.nlm.nih.gov\/pubmed\/22023985\">Zdroj<\/a>,<a href=\"https:\/\/www.ncbi.nlm.nih.gov\/pubmed\/20415840\">Zdroj<\/a>).<\/li>\n<li><strong>Depresia a \u00fazkos\u0165.\u00a0<\/strong>Doplnky stravy s obsahom Omega-3, ako napr\u00edklad ryb\u00ed olej, m\u00f4\u017eu pom\u00f4c\u0165 zmierni\u0165 pr\u00edznaky depresie a \u00fazkosti (<a href=\"https:\/\/www.ncbi.nlm.nih.gov\/pubmed\/21939614\">Zdroj<\/a>,<a href=\"https:\/\/www.ncbi.nlm.nih.gov\/pubmed\/19499625\">Zdroj<\/a>,\u00a0<a href=\"https:\/\/www.ncbi.nlm.nih.gov\/pubmed\/16269019\">Zdroj)<\/a>.<\/li>\n<li>Doplnky Omega-3 m\u00f4\u017eu v\u00fdrazne zlep\u0161i\u0165 pr\u00edznaky u det\u00ed s ADHD (<a href=\"https:\/\/www.ncbi.nlm.nih.gov\/pubmed\/21961774\">Zdroj<\/a>,\u00a0<a href=\"https:\/\/www.ncbi.nlm.nih.gov\/pubmed\/23360949\">Zdroj<\/a>).<\/li>\n<li>Omega-3 m\u00f4\u017ee pom\u00f4c\u0165 predch\u00e1dza\u0165 astme u det\u00ed a mlad\u00fdch dospel\u00fdch (<a href=\"https:\/\/www.ncbi.nlm.nih.gov\/pmc\/articles\/PMC3827145\/\">Zdroj<\/a>,\u00a0<a href=\"https:\/\/www.ncbi.nlm.nih.gov\/pmc\/articles\/PMC3522136\/\">Zdroj<\/a>).<\/li>\n<li><strong>V\u00fdvoj die\u0165a\u0165a.\u00a0<\/strong>DHA u\u017e\u00edvan\u00e9 po\u010das tehotenstva a doj\u010denia m\u00f4\u017ee zlep\u0161i\u0165 inteligenciu a zdravie o\u010d\u00ed die\u0165a\u0165a (<a href=\"https:\/\/www.ncbi.nlm.nih.gov\/pubmed\/12509593\/\">Zdroj<\/a>,<a href=\"https:\/\/www.ncbi.nlm.nih.gov\/pubmed\/17556695\">Zdroj<\/a>,\u00a0<a href=\"https:\/\/www.ncbi.nlm.nih.gov\/pubmed\/9196357\">Zdroj<\/a>).<\/li>\n<li><strong>Ment\u00e1lne poruchy.\u00a0<\/strong>Pod\u013ea niektor\u00fdch \u0161t\u00fadi\u00ed sa vy\u0161\u0161\u00ed pr\u00edjem Omega-3 kysel\u00edn sp\u00e1ja so zn\u00ed\u017een\u00fdm rizikom Alzheimerovej choroby a demencie (<a href=\"https:\/\/www.ncbi.nlm.nih.gov\/pubmed\/16216930\">Zdroj<\/a>,<a href=\"https:\/\/www.ncbi.nlm.nih.gov\/pubmed\/19262590\">Zdroj<\/a>,\u00a0<a href=\"https:\/\/www.ncbi.nlm.nih.gov\/pubmed\/25592004\">Zdroj<\/a>).<\/li>\n<\/ul>\n<h3><\/h3>\n<h3>Ak\u00fd je ide\u00e1lny pr\u00edjem omega-3?<\/h3>\n<p>V\u0161eobecn\u00e9 zdravotn\u00edcke organiz\u00e1cie, ako napr\u00edklad Svetov\u00e1 zdravotn\u00edcka organiz\u00e1cia (WHO) a Eur\u00f3psky \u00farad pre bezpe\u010dnos\u0165 potrav\u00edn (EFSA), odpor\u00fa\u010daj\u00fa zdrav\u00fdm dospel\u00fdm \u013eu\u010fom denn\u00fd pr\u00edjem 250-500 mg kombinovan\u00fdch EPA a DHA (<a href=\"http:\/\/www.who.int\/nutrition\/topics\/FFA_summary_rec_conclusion.pdf?ua=1\">Zdroj<\/a>,\u00a0<a href=\"http:\/\/www.efsa.europa.eu\/sites\/default\/files\/scientific_output\/files\/main_documents\/2815.pdf\">Zdroj<\/a>, <a href=\"https:\/\/health.gov\/dietaryguidelines\/dga2010\/dietaryguidelines2010.pdf\">Zdroj<\/a>). American Heart Association odpor\u00fa\u010da konzumova\u0165 tu\u010dn\u00e9 ryby aspo\u0148 dvakr\u00e1t t\u00fd\u017edenne, aby sa zabezpe\u010dil optim\u00e1lny pr\u00edjem Omega-3 na prevenciu srdcov\u00fdch ochoren\u00ed (\u00a0<a href=\"http:\/\/www.heart.org\/HEARTORG\/GettingHealthy\/NutritionCenter\/HealthyDietGoals\/Fish-and-Omega-3-Fatty-Acids_UCM_303248_Article.jsp#.Vof4lBWLSUk\">Zdroj<\/a>\u00a0).<\/p>\n<p>Pokia\u013e ide o v\u00fd\u017eivu, viac neznamen\u00e1 v\u017edy lep\u0161ie. Rovnako, ako v pr\u00edpade mnoh\u00fdch in\u00fdch \u017eiv\u00edn, aj tu existuje horn\u00e1 hranica prijat\u00e9ho mno\u017estva. Pod\u013ea Food and Drug Administration (FDA) je denn\u00e9 kombinovan\u00e9 mno\u017estvo 2 000 mg EPA a DHA z doplnkov bezpe\u010dn\u00e1. Vysok\u00e9 d\u00e1vky Omega-3 sp\u00f4sobuj\u00fa riedenie krvi. Ak m\u00e1te poruchu krv\u00e1cania alebo u\u017e\u00edvate lieky na riedenie krvi, pora\u010fte sa so svoj\u00edm lek\u00e1rom.<\/p>\n","protected":false},"excerpt":{"rendered":"<p>\u010cist\u00e9 a vysokokvalitn\u00e9 g\u00e9lov\u00e9 kapsuly s ryb\u00edm olejom \u00a0s vysok\u00fdm obsahom zdrav\u00fdch nenas\u00fdten\u00fdch mastn\u00fdch kysel\u00edn EPA a DHA.<\/p>\n<p style=\"padding-left: 40px;\">Kyselina dokosahexaenov\u00e1 (DHA) prispieva k norm\u00e1lnej \u010dinnosti mozgu a zraku. Spolu s EPA (kyselina eikosapentaenov\u00e1) podporuje fyziologick\u00fd krvn\u00fd tlak.<\/p>\n<p><strong>Produkt je zaregistrovan\u00fd na \u00darade verejn\u00e9ho zdravotn\u00edctva SR<\/strong><\/p>\n<p><strong>Balenie:<\/strong>\u00a0 60 kaps\u00fal<br \/>\n<strong>Chu\u0165:<\/strong>\u00a0neutr\u00e1lna<br \/>\n<strong>Krajina p\u00f4vodu:<\/strong>\u00a0USA<\/p>\n","protected":false},"featured_media":7184,"comment_status":"closed","ping_status":"closed","template":"","meta":{"_acf_changed":false},"product_brand":[],"product_cat":[82,83,80,74],"product_tag":[],"class_list":{"0":"post-8787","1":"product","2":"type-product","3":"status-publish","4":"has-post-thumbnail","6":"product_cat-kardiovaskularna-sustava","7":"product_cat-nervovy-system","8":"product_cat-vitaminy-a-mineraly","9":"product_cat-premiove-vyzivove-doplnky","11":"first","12":"instock","13":"taxable","14":"shipping-taxable","15":"purchasable","16":"product-type-simple"},"acf":[],"yoast_head":"<!-- This site is optimized with the Yoast SEO plugin v26.5 - https:\/\/yoast.com\/wordpress\/plugins\/seo\/ -->\n<title>USA medical OMEGA-3 FISH OIL | 60ks - USAmedical.sk<\/title>\n<meta name=\"robots\" content=\"index, follow, max-snippet:-1, max-image-preview:large, max-video-preview:-1\" \/>\n<link rel=\"canonical\" href=\"https:\/\/usamedical.com\/sk\/produkty\/usa-medical-omega-3-fish-oil-60ks\/\" \/>\n<meta property=\"og:locale\" content=\"sk_SK\" \/>\n<meta property=\"og:type\" content=\"article\" \/>\n<meta property=\"og:title\" content=\"USA medical OMEGA-3 FISH OIL | 60ks - USAmedical.sk\" \/>\n<meta property=\"og:description\" content=\"\u010cist\u00e9 a vysokokvalitn\u00e9 g\u00e9lov\u00e9 kapsuly s ryb\u00edm olejom \u00a0s vysok\u00fdm obsahom zdrav\u00fdch nenas\u00fdten\u00fdch mastn\u00fdch kysel\u00edn EPA a DHA. Kyselina dokosahexaenov\u00e1 (DHA) prispieva k norm\u00e1lnej \u010dinnosti mozgu a zraku. Spolu s EPA (kyselina eikosapentaenov\u00e1) podporuje fyziologick\u00fd krvn\u00fd tlak. Produkt je zaregistrovan\u00fd na \u00darade verejn\u00e9ho zdravotn\u00edctva SR  Balenie:\u00a0 60 kaps\u00fal Chu\u0165:\u00a0neutr\u00e1lna Krajina p\u00f4vodu:\u00a0USA\" \/>\n<meta property=\"og:url\" content=\"https:\/\/usamedical.com\/sk\/produkty\/usa-medical-omega-3-fish-oil-60ks\/\" \/>\n<meta property=\"og:site_name\" content=\"USAmedical.sk\" \/>\n<meta property=\"article:modified_time\" content=\"2024-06-24T23:00:02+00:00\" \/>\n<meta name=\"twitter:card\" content=\"summary_large_image\" \/>\n<meta name=\"twitter:label1\" content=\"Predpokladan\u00fd \u010das \u010d\u00edtania\" \/>\n\t<meta name=\"twitter:data1\" content=\"4 min\u00faty\" \/>\n<script type=\"application\/ld+json\" class=\"yoast-schema-graph\">{\"@context\":\"https:\/\/schema.org\",\"@graph\":[{\"@type\":\"WebPage\",\"@id\":\"https:\/\/usamedical.com\/sk\/produkty\/usa-medical-omega-3-fish-oil-60ks\/\",\"url\":\"https:\/\/usamedical.com\/sk\/produkty\/usa-medical-omega-3-fish-oil-60ks\/\",\"name\":\"USA medical OMEGA-3 FISH OIL | 60ks - USAmedical.sk\",\"isPartOf\":{\"@id\":\"https:\/\/usamedical.com\/sk\/#website\"},\"primaryImageOfPage\":{\"@id\":\"https:\/\/usamedical.com\/sk\/produkty\/usa-medical-omega-3-fish-oil-60ks\/#primaryimage\"},\"image\":{\"@id\":\"https:\/\/usamedical.com\/sk\/produkty\/usa-medical-omega-3-fish-oil-60ks\/#primaryimage\"},\"thumbnailUrl\":\"https:\/\/usamedical.com\/sk\/wp-content\/uploads\/2022\/03\/usa-medical-omega3-fish-oil-60-ks.jpg\",\"datePublished\":\"2022-03-28T07:15:31+00:00\",\"dateModified\":\"2024-06-24T23:00:02+00:00\",\"breadcrumb\":{\"@id\":\"https:\/\/usamedical.com\/sk\/produkty\/usa-medical-omega-3-fish-oil-60ks\/#breadcrumb\"},\"inLanguage\":\"sk-SK\",\"potentialAction\":[{\"@type\":\"ReadAction\",\"target\":[\"https:\/\/usamedical.com\/sk\/produkty\/usa-medical-omega-3-fish-oil-60ks\/\"]}]},{\"@type\":\"ImageObject\",\"inLanguage\":\"sk-SK\",\"@id\":\"https:\/\/usamedical.com\/sk\/produkty\/usa-medical-omega-3-fish-oil-60ks\/#primaryimage\",\"url\":\"https:\/\/usamedical.com\/sk\/wp-content\/uploads\/2022\/03\/usa-medical-omega3-fish-oil-60-ks.jpg\",\"contentUrl\":\"https:\/\/usamedical.com\/sk\/wp-content\/uploads\/2022\/03\/usa-medical-omega3-fish-oil-60-ks.jpg\",\"width\":800,\"height\":960,\"caption\":\"\u010cist\u00e9 a vysokokvalitn\u00e9 g\u00e9lov\u00e9 kapsuly s ryb\u00edm olejom\"},{\"@type\":\"BreadcrumbList\",\"@id\":\"https:\/\/usamedical.com\/sk\/produkty\/usa-medical-omega-3-fish-oil-60ks\/#breadcrumb\",\"itemListElement\":[{\"@type\":\"ListItem\",\"position\":1,\"name\":\"Kezd\u0151lap\",\"item\":\"https:\/\/usamedical.com\/sk\/\"},{\"@type\":\"ListItem\",\"position\":2,\"name\":\"Obchod\",\"item\":\"https:\/\/usamedical.com\/sk\/obchod\/\"},{\"@type\":\"ListItem\",\"position\":3,\"name\":\"USA medical OMEGA-3 FISH OIL | 60ks\"}]},{\"@type\":\"WebSite\",\"@id\":\"https:\/\/usamedical.com\/sk\/#website\",\"url\":\"https:\/\/usamedical.com\/sk\/\",\"name\":\"USAmedical.sk\",\"description\":\"e-shop s CBD olejom a kapsulami\",\"publisher\":{\"@id\":\"https:\/\/usamedical.com\/sk\/#organization\"},\"potentialAction\":[{\"@type\":\"SearchAction\",\"target\":{\"@type\":\"EntryPoint\",\"urlTemplate\":\"https:\/\/usamedical.com\/sk\/?s={search_term_string}\"},\"query-input\":{\"@type\":\"PropertyValueSpecification\",\"valueRequired\":true,\"valueName\":\"search_term_string\"}}],\"inLanguage\":\"sk-SK\"},{\"@type\":\"Organization\",\"@id\":\"https:\/\/usamedical.com\/sk\/#organization\",\"name\":\"USAmedical.sk\",\"url\":\"https:\/\/usamedical.com\/sk\/\",\"logo\":{\"@type\":\"ImageObject\",\"inLanguage\":\"sk-SK\",\"@id\":\"https:\/\/usamedical.com\/sk\/#\/schema\/logo\/image\/\",\"url\":\"https:\/\/usamedical.com\/sk\/wp-content\/uploads\/2022\/03\/us_medical_logo.svg\",\"contentUrl\":\"https:\/\/usamedical.com\/sk\/wp-content\/uploads\/2022\/03\/us_medical_logo.svg\",\"width\":233,\"height\":56,\"caption\":\"USAmedical.sk\"},\"image\":{\"@id\":\"https:\/\/usamedical.com\/sk\/#\/schema\/logo\/image\/\"}}]}<\/script>\n<!-- \/ Yoast SEO plugin. -->","yoast_head_json":{"title":"USA medical OMEGA-3 FISH OIL | 60ks - USAmedical.sk","robots":{"index":"index","follow":"follow","max-snippet":"max-snippet:-1","max-image-preview":"max-image-preview:large","max-video-preview":"max-video-preview:-1"},"canonical":"https:\/\/usamedical.com\/sk\/produkty\/usa-medical-omega-3-fish-oil-60ks\/","og_locale":"sk_SK","og_type":"article","og_title":"USA medical OMEGA-3 FISH OIL | 60ks - USAmedical.sk","og_description":"\u010cist\u00e9 a vysokokvalitn\u00e9 g\u00e9lov\u00e9 kapsuly s ryb\u00edm olejom \u00a0s vysok\u00fdm obsahom zdrav\u00fdch nenas\u00fdten\u00fdch mastn\u00fdch kysel\u00edn EPA a DHA. Kyselina dokosahexaenov\u00e1 (DHA) prispieva k norm\u00e1lnej \u010dinnosti mozgu a zraku. Spolu s EPA (kyselina eikosapentaenov\u00e1) podporuje fyziologick\u00fd krvn\u00fd tlak. Produkt je zaregistrovan\u00fd na \u00darade verejn\u00e9ho zdravotn\u00edctva SR  Balenie:\u00a0 60 kaps\u00fal Chu\u0165:\u00a0neutr\u00e1lna Krajina p\u00f4vodu:\u00a0USA","og_url":"https:\/\/usamedical.com\/sk\/produkty\/usa-medical-omega-3-fish-oil-60ks\/","og_site_name":"USAmedical.sk","article_modified_time":"2024-06-24T23:00:02+00:00","twitter_card":"summary_large_image","twitter_misc":{"Predpokladan\u00fd \u010das \u010d\u00edtania":"4 min\u00faty"},"schema":{"@context":"https:\/\/schema.org","@graph":[{"@type":"WebPage","@id":"https:\/\/usamedical.com\/sk\/produkty\/usa-medical-omega-3-fish-oil-60ks\/","url":"https:\/\/usamedical.com\/sk\/produkty\/usa-medical-omega-3-fish-oil-60ks\/","name":"USA medical OMEGA-3 FISH OIL | 60ks - USAmedical.sk","isPartOf":{"@id":"https:\/\/usamedical.com\/sk\/#website"},"primaryImageOfPage":{"@id":"https:\/\/usamedical.com\/sk\/produkty\/usa-medical-omega-3-fish-oil-60ks\/#primaryimage"},"image":{"@id":"https:\/\/usamedical.com\/sk\/produkty\/usa-medical-omega-3-fish-oil-60ks\/#primaryimage"},"thumbnailUrl":"https:\/\/usamedical.com\/sk\/wp-content\/uploads\/2022\/03\/usa-medical-omega3-fish-oil-60-ks.jpg","datePublished":"2022-03-28T07:15:31+00:00","dateModified":"2024-06-24T23:00:02+00:00","breadcrumb":{"@id":"https:\/\/usamedical.com\/sk\/produkty\/usa-medical-omega-3-fish-oil-60ks\/#breadcrumb"},"inLanguage":"sk-SK","potentialAction":[{"@type":"ReadAction","target":["https:\/\/usamedical.com\/sk\/produkty\/usa-medical-omega-3-fish-oil-60ks\/"]}]},{"@type":"ImageObject","inLanguage":"sk-SK","@id":"https:\/\/usamedical.com\/sk\/produkty\/usa-medical-omega-3-fish-oil-60ks\/#primaryimage","url":"https:\/\/usamedical.com\/sk\/wp-content\/uploads\/2022\/03\/usa-medical-omega3-fish-oil-60-ks.jpg","contentUrl":"https:\/\/usamedical.com\/sk\/wp-content\/uploads\/2022\/03\/usa-medical-omega3-fish-oil-60-ks.jpg","width":800,"height":960,"caption":"\u010cist\u00e9 a vysokokvalitn\u00e9 g\u00e9lov\u00e9 kapsuly s ryb\u00edm olejom"},{"@type":"BreadcrumbList","@id":"https:\/\/usamedical.com\/sk\/produkty\/usa-medical-omega-3-fish-oil-60ks\/#breadcrumb","itemListElement":[{"@type":"ListItem","position":1,"name":"Kezd\u0151lap","item":"https:\/\/usamedical.com\/sk\/"},{"@type":"ListItem","position":2,"name":"Obchod","item":"https:\/\/usamedical.com\/sk\/obchod\/"},{"@type":"ListItem","position":3,"name":"USA medical OMEGA-3 FISH OIL | 60ks"}]},{"@type":"WebSite","@id":"https:\/\/usamedical.com\/sk\/#website","url":"https:\/\/usamedical.com\/sk\/","name":"USAmedical.sk","description":"e-shop s CBD olejom a kapsulami","publisher":{"@id":"https:\/\/usamedical.com\/sk\/#organization"},"potentialAction":[{"@type":"SearchAction","target":{"@type":"EntryPoint","urlTemplate":"https:\/\/usamedical.com\/sk\/?s={search_term_string}"},"query-input":{"@type":"PropertyValueSpecification","valueRequired":true,"valueName":"search_term_string"}}],"inLanguage":"sk-SK"},{"@type":"Organization","@id":"https:\/\/usamedical.com\/sk\/#organization","name":"USAmedical.sk","url":"https:\/\/usamedical.com\/sk\/","logo":{"@type":"ImageObject","inLanguage":"sk-SK","@id":"https:\/\/usamedical.com\/sk\/#\/schema\/logo\/image\/","url":"https:\/\/usamedical.com\/sk\/wp-content\/uploads\/2022\/03\/us_medical_logo.svg","contentUrl":"https:\/\/usamedical.com\/sk\/wp-content\/uploads\/2022\/03\/us_medical_logo.svg","width":233,"height":56,"caption":"USAmedical.sk"},"image":{"@id":"https:\/\/usamedical.com\/sk\/#\/schema\/logo\/image\/"}}]}},"_links":{"self":[{"href":"https:\/\/usamedical.com\/sk\/wp-json\/wp\/v2\/product\/8787","targetHints":{"allow":["GET"]}}],"collection":[{"href":"https:\/\/usamedical.com\/sk\/wp-json\/wp\/v2\/product"}],"about":[{"href":"https:\/\/usamedical.com\/sk\/wp-json\/wp\/v2\/types\/product"}],"replies":[{"embeddable":true,"href":"https:\/\/usamedical.com\/sk\/wp-json\/wp\/v2\/comments?post=8787"}],"wp:featuredmedia":[{"embeddable":true,"href":"https:\/\/usamedical.com\/sk\/wp-json\/wp\/v2\/media\/7184"}],"wp:attachment":[{"href":"https:\/\/usamedical.com\/sk\/wp-json\/wp\/v2\/media?parent=8787"}],"wp:term":[{"taxonomy":"product_brand","embeddable":true,"href":"https:\/\/usamedical.com\/sk\/wp-json\/wp\/v2\/product_brand?post=8787"},{"taxonomy":"product_cat","embeddable":true,"href":"https:\/\/usamedical.com\/sk\/wp-json\/wp\/v2\/product_cat?post=8787"},{"taxonomy":"product_tag","embeddable":true,"href":"https:\/\/usamedical.com\/sk\/wp-json\/wp\/v2\/product_tag?post=8787"}],"curies":[{"name":"wp","href":"https:\/\/api.w.org\/{rel}","templated":true}]}}