{"id":8783,"date":"2022-03-28T09:15:31","date_gmt":"2022-03-28T07:15:31","guid":{"rendered":"https:\/\/usamedical.com\/sk\/?post_type=product&#038;p=8783"},"modified":"2024-06-25T01:00:02","modified_gmt":"2024-06-24T23:00:02","slug":"cbd-olej-30ml-3000mg","status":"publish","type":"product","link":"https:\/\/usamedical.com\/sk\/produkty\/cbd-olej-30ml-3000mg\/","title":{"rendered":"USA medical Oral Drops <strong>3000mg<\/strong> CBD olej | 30 ml"},"content":{"rendered":"<p><strong>100 % prirodzen\u00fd produkt s 3000 mg CBD obsahom.<\/strong><\/p>\n<ul>\n<li>Tento produkt pon\u00faka u\u017e\u00edvate\u013eom najlep\u0161\u00ed pomer \/ cenu s vysokou koncentr\u00e1ciou CBD.<\/li>\n<li>V\u00fdrobok USA medical CBD olej 3000 mg Oral Drops na starostlivost o \u00fastnu dutinu sa sklad\u00e1 v\u00fdlu\u010dne z rastlinn\u00fdch zlo\u017eiek. Harmonick\u00e1 kombin\u00e1cia oleja z konopn\u00fdch semien, oleja z hroznov\u00fdch jadier, kanabidiolu a pomaran\u010dov\u00e9ho oleja pre udr\u017eiavanie zdravej \u00fastnej mikrofl\u00f3ry.<\/li>\n<li>Neobsahuj\u00fa parab\u00e9ny, \u017eiadne umel\u00e9 farbiv\u00e1, umel\u00e9 v\u00f4ne a neobsahuje ani tox\u00edny a \u0165a\u017ek\u00e9 kovy.<\/li>\n<li>VEG\u00c1NSKY CBD olej bez obsahu GMO<\/li>\n<li>Neobsahuje sladidl\u00e1 a parab\u00e9ny<\/li>\n<li>CBD produkty od USA medical obsahuj\u00fa iba pr\u00edrodn\u00e9 zlo\u017eky a neobsahuj\u00fa konzerva\u010dn\u00e9 l\u00e1tky<\/li>\n<\/ul>\n<p>&nbsp;<\/p>\n<p>USA medical cbd oleje obsahuj\u00fa cenn\u00e9 zlo\u017eky, ako fytokanabinoidy a terp\u00e9ny.\u00a0CBD v\u00fd\u0165a\u017eok je konopn\u00fd olej, bohat\u00fd na Omega 3 a 6 mastn\u00e9 kyseliny, ktor\u00fd je rozpusten\u00fd pomocou\u00a0 oleja z\u00a0hroznov\u00fdch jadier bohat\u00e9ho na vitam\u00edn E. CBD olej obsahuje esencion\u00e1lne terp\u00e9ny s v\u00fd\u0165a\u017ekom\u00a0 pomaran\u010dov\u00e9ho oleja, ktor\u00e9 \u00a0zodpovedaj\u00fa za pr\u00edjemn\u00fa chu\u0165.<\/p>\n<p>V\u0161eobecn\u00e9 inform\u00e1cie o\u00a0<a href=\"https:\/\/usamedical.com\/sk\/co-je-cbd\/\">CBD<\/a>.<\/p>\n<blockquote><p>CBD v\u00fd\u0165a\u017eok z konopy vyr\u00e1baj\u00fa v\u00a0americkom Folium Biosciences FDA registrovanom z\u00e1vode pod\u013ea \u201espr\u00e1vneho v\u00fdrobn\u00e9ho procesu\u201d (GMP) so \u0161etrn\u00fdm CO<sub>2<\/sub> extrak\u010dn\u00fdm procesom pri pr\u00edsnom dodr\u017ean\u00ed kontroly kvality. Ka\u017ed\u00fd CBD olej disponuje s\u00a0mikrobi\u00e1lnou anal\u00fdzou a\u00a0okrem toho laborat\u00f3rne testy potvrdzuj\u00fa CBD \u00fa\u010dinn\u00fa zlo\u017eku a\u00a0oslobodenie od THC. CBD produkt je bez ne\u010dist\u00f4t, chemik\u00e1li\u00ed a\u00a0\u0165a\u017ek\u00fdch kovov.<\/p><\/blockquote>\n<p><strong>Ka\u017ed\u00fd USA medical CBD \u00a0je dostupn\u00fd v 30 ml preveden\u00ed s 1 ml d\u00e1vkovacou sklenenou pipetou.<br \/>\n<\/strong>V\u010faka \u00bc ml ozna\u010deniu na sklenenej pipete je d\u00e1vkovanie presn\u00e9 a\u00a0pohodln\u00e9.<\/p>\n<p><strong>USA medical CBD olej 3000 mg Oral Drops 30 ml<\/strong><\/p>\n<p>1\/4 ml ~ 25 mg CBD<br \/>\n1\/2 ml ~ 50 mg CBD<br \/>\n3\/4 ml ~ 75 mg CBD<br \/>\n<strong>1 ml ~ 100 mg CBD<\/strong><\/p>\n<p>&nbsp;<\/p>\n<h3><strong>V\u00a0\u010dom je jedine\u010dn\u00fd USA medical CBD olej?<\/strong><\/h3>\n<ul>\n<li><em>100 % prirodzen\u00e9 zlo\u017eky <\/em><\/li>\n<li><em>Pr\u00edjemn\u00e1 pomaran\u010dov\u00e1 chu\u0165 bez pachute konopy<\/em><\/li>\n<li><em>Po 1 ml ozna\u010den\u00e1 d\u00e1vkovacia pipeta s\u00a0detsk\u00fdm z\u00e1mkom <\/em><\/li>\n<li><em>30 ml ekonomick\u00e9 balenie<\/em><\/li>\n<li>CBD olej je rozpusten\u00fd v rastlinn\u00fdch olejoch potravin\u00e1rskej kvality, ako s\u00fa pomaran\u010dov\u00fd olej, konopn\u00fd olej a olej z\u00a0hroznov\u00fdch jadier<\/li>\n<li><em>V\u00fdroba vyhovuje najvy\u0161\u0161\u00edm po\u017eiadavk\u00e1m kvality a\u00a0bezpe\u010dnosti (GMP prax a\u00a0ISO norma )<\/em><\/li>\n<li><em>V\u00fdrobca CBD v\u00fd\u0165a\u017ekov je renomovan\u00e1 americk\u00e1 Folium Biosciences spolo\u010dnos\u0165<\/em><\/li>\n<li><em>CBD \u00fa\u010dinn\u00e1 l\u00e1tka vyr\u00e1ban\u00e1 v\u00a0registrovanej FDA tov\u00e1rni <\/em><\/li>\n<li><em>\u0160etrn\u00e1 CO<sub>2 <\/sub>extrakcia a\u00a0\u010distiace procesy<\/em><\/li>\n<li><em>Nem\u00e1 psychoakt\u00edvny \u00fa\u010dinok<\/em><\/li>\n<li><em>Ku ka\u017edej v\u00fdrobnej \u0161ar\u017ei sa vyhotov\u00ed laborat\u00f3rny protokol<\/em><\/li>\n<li>V\u00fdrobca CBD olejov disponuje \u00a0licenciou \u201eActive Pharmaceutical Ingredients\u201c (API)<\/li>\n<li><em>100 % bez \u0165a\u017ek\u00fdch kovov, chemik\u00e1li\u00ed a\u00a0konzervantov, sladidiel<\/em><\/li>\n<li><em>CBD bez lepku, parab\u00e9nov a\u00a0farb\u00edv <\/em><\/li>\n<li><em>Non GMO, VEG\u00c1NSKY produkt<\/em><\/li>\n<li>V\u0161etky CBD oleje od USA medical boli opakovane testovan\u00e9 (laborat\u00f3rium T\u00dcV), aby sme sa uistili, \u017ee k na\u0161im z\u00e1kazn\u00edkom sa dostan\u00fa iba skuto\u010dne kvalitn\u00e9 CBD produkty<\/li>\n<\/ul>\n<p>&nbsp;<\/p>\n<p><strong>Pozor!<\/strong><\/p>\n<p>Na\u0161e v\u00fdrobky sa m\u00f4\u017eu pou\u017e\u00edva\u0165 iba tak, ako je to uveden\u00e9 na obale. Neodpor\u00fa\u010daj\u00fa sa pre tehotn\u00e9 a doj\u010diace \u017eeny. Uchov\u00e1vajte mimo dosahu mal\u00fdch det\u00ed.<br \/>\nAk u\u017e\u00edvate alebo u\u017e\u00edvate lieky, bu\u010fte obozretn\u00ed. Neprekra\u010dujte odpor\u00fa\u010dan\u00fa denn\u00fa d\u00e1vku! Skladujte na chladnom mieste a chr\u00e1\u0148te pred svetlom (neuchov\u00e1vajte v chladni\u010dke). Spotrebujte do 6 mesiacov od otvorenia.<\/p>\n","protected":false},"excerpt":{"rendered":"<p>Vysoko kvalitn\u00fd pr\u00edrodn\u00fd v\u00fdta\u017eok CBD.<\/p>\n<p>100 % prirodzen\u00e9 CBD olejov\u00e9 kvapky. Obsahuje 3000 mg CBD, rozpusten\u00e9 v\u00a0konopnom oleji a privo\u0148an\u00e9 s organick\u00fdm pomaran\u010dov\u00fdm olejom<\/p>\n<blockquote><p>Koncentr\u00e1cia CBD v na\u0161om 30ml balen\u00ed s obsahom 3000mg CBD zodpoved\u00e1 koncentr\u00e1cii 10ml balenia s obsahom <strong>30% CBD<\/strong>.<\/p><\/blockquote>\n<ul>\n<li>VEG\u00c1N a bez GMO<\/li>\n<li>Bez konzervantov, farb\u00edv, parab\u00e9nov, sladidiel a\u00a0umel\u00fdch zlo\u017eiek.<\/li>\n<li><strong>Objem:<\/strong>\u00a030 ml \/ 750 kvapiek<\/li>\n<li><strong>Jednotkov\u00e1 cena: <\/strong>0,04 \u20ac \/ 1 mg CBD<\/li>\n<li><strong>\u00da\u010dinn\u00e1 l\u00e1tka:<\/strong>\u00a03000 mg CBD<\/li>\n<li><strong>1 kvapka CBD:<\/strong>\u00a04 mg<\/li>\n<li><strong>Pr\u00edchu\u0165:<\/strong> mierna pr\u00edchu\u0165 konopy privo\u0148an\u00e9 s organick\u00fdm pomaran\u010dov\u00fdm olejom<\/li>\n<li><strong>V\u00fdroba:<\/strong> USA made CBD\u00a0&#8211; Folium Biosciences<\/li>\n<li>Olej na starostlivos\u0165 o\u00a0\u00fastnu dutinu s\u00a0konopn\u00fdm olejom<\/li>\n<li><strong>V\u00fdrobok disponuje registr\u00e1ciou CPNP.<\/strong><\/li>\n<\/ul>\n<p>&nbsp;<\/p>\n<p>Pri v\u00fdrobe CBD pr\u00edrodn\u00e9ho extraktu USA medical s\u00fa pou\u017e\u00edvan\u00e9 organick\u00e9 konope v\u00fdhradne s vysok\u00fdm obsahom kanabidiolu, ktor\u00fd poch\u00e1dza z \u010disto biologick\u00e9ho pestovania, bez pestic\u00eddov a herbic\u00eddov.<\/p>\n","protected":false},"featured_media":7171,"comment_status":"open","ping_status":"closed","template":"","meta":{"_acf_changed":false},"product_brand":[],"product_cat":[78],"product_tag":[20],"class_list":{"0":"post-8783","1":"product","2":"type-product","3":"status-publish","4":"has-post-thumbnail","6":"product_cat-cbd-oleje","7":"product_tag-cbd","9":"first","10":"instock","11":"taxable","12":"shipping-taxable","13":"purchasable","14":"product-type-simple"},"acf":[],"yoast_head":"<!-- This site is optimized with the Yoast SEO plugin v26.5 - https:\/\/yoast.com\/wordpress\/plugins\/seo\/ -->\n<title>USA medical Oral Drops 3000mg CBD olej | 30 ml - USAmedical.sk<\/title>\n<meta name=\"robots\" content=\"index, follow, max-snippet:-1, max-image-preview:large, max-video-preview:-1\" \/>\n<link rel=\"canonical\" href=\"https:\/\/usamedical.com\/sk\/produkty\/cbd-olej-30ml-3000mg\/\" \/>\n<meta property=\"og:locale\" content=\"sk_SK\" \/>\n<meta property=\"og:type\" content=\"article\" \/>\n<meta property=\"og:title\" content=\"USA medical Oral Drops 3000mg CBD olej | 30 ml - USAmedical.sk\" \/>\n<meta property=\"og:description\" content=\"Vysoko kvalitn\u00fd pr\u00edrodn\u00fd v\u00fdta\u017eok CBD.  100 % prirodzen\u00e9 CBD olejov\u00e9 kvapky. Obsahuje 3000 mg CBD, rozpusten\u00e9 v\u00a0konopnom oleji a privo\u0148an\u00e9 s organick\u00fdm pomaran\u010dov\u00fdm olejom Koncentr\u00e1cia CBD v na\u0161om 30ml balen\u00ed s obsahom 3000mg CBD zodpoved\u00e1 koncentr\u00e1cii 10ml balenia s obsahom 30% CBD.   VEG\u00c1N a bez GMO  Bez konzervantov, farb\u00edv, parab\u00e9nov, sladidiel a\u00a0umel\u00fdch zlo\u017eiek.  Objem:\u00a030 ml \/ 750 kvapiek  Jednotkov\u00e1 cena: 0,04 \u20ac \/ 1 mg CBD  \u00da\u010dinn\u00e1 l\u00e1tka:\u00a03000 mg CBD  1 kvapka CBD:\u00a04 mg  Pr\u00edchu\u0165: mierna pr\u00edchu\u0165 konopy privo\u0148an\u00e9 s organick\u00fdm pomaran\u010dov\u00fdm olejom  V\u00fdroba: USA made CBD\u00a0- Folium Biosciences  Olej na starostlivos\u0165 o\u00a0\u00fastnu dutinu s\u00a0konopn\u00fdm olejom  V\u00fdrobok disponuje registr\u00e1ciou CPNP.  &nbsp;  Pri v\u00fdrobe CBD pr\u00edrodn\u00e9ho extraktu USA medical s\u00fa pou\u017e\u00edvan\u00e9 organick\u00e9 konope v\u00fdhradne s vysok\u00fdm obsahom kanabidiolu, ktor\u00fd poch\u00e1dza z \u010disto biologick\u00e9ho pestovania, bez pestic\u00eddov a herbic\u00eddov.\" \/>\n<meta property=\"og:url\" content=\"https:\/\/usamedical.com\/sk\/produkty\/cbd-olej-30ml-3000mg\/\" \/>\n<meta property=\"og:site_name\" content=\"USAmedical.sk\" \/>\n<meta property=\"article:modified_time\" content=\"2024-06-24T23:00:02+00:00\" \/>\n<meta name=\"twitter:card\" content=\"summary_large_image\" \/>\n<meta name=\"twitter:label1\" content=\"Predpokladan\u00fd \u010das \u010d\u00edtania\" \/>\n\t<meta name=\"twitter:data1\" content=\"3 min\u00faty\" \/>\n<script type=\"application\/ld+json\" class=\"yoast-schema-graph\">{\"@context\":\"https:\/\/schema.org\",\"@graph\":[{\"@type\":\"WebPage\",\"@id\":\"https:\/\/usamedical.com\/sk\/produkty\/cbd-olej-30ml-3000mg\/\",\"url\":\"https:\/\/usamedical.com\/sk\/produkty\/cbd-olej-30ml-3000mg\/\",\"name\":\"USA medical Oral Drops 3000mg CBD olej | 30 ml - USAmedical.sk\",\"isPartOf\":{\"@id\":\"https:\/\/usamedical.com\/sk\/#website\"},\"primaryImageOfPage\":{\"@id\":\"https:\/\/usamedical.com\/sk\/produkty\/cbd-olej-30ml-3000mg\/#primaryimage\"},\"image\":{\"@id\":\"https:\/\/usamedical.com\/sk\/produkty\/cbd-olej-30ml-3000mg\/#primaryimage\"},\"thumbnailUrl\":\"https:\/\/usamedical.com\/sk\/wp-content\/uploads\/2022\/03\/usa-medical-oral-drops-3000mg-cbd-olej-30-ml-1.jpg\",\"datePublished\":\"2022-03-28T07:15:31+00:00\",\"dateModified\":\"2024-06-24T23:00:02+00:00\",\"breadcrumb\":{\"@id\":\"https:\/\/usamedical.com\/sk\/produkty\/cbd-olej-30ml-3000mg\/#breadcrumb\"},\"inLanguage\":\"sk-SK\",\"potentialAction\":[{\"@type\":\"ReadAction\",\"target\":[\"https:\/\/usamedical.com\/sk\/produkty\/cbd-olej-30ml-3000mg\/\"]}]},{\"@type\":\"ImageObject\",\"inLanguage\":\"sk-SK\",\"@id\":\"https:\/\/usamedical.com\/sk\/produkty\/cbd-olej-30ml-3000mg\/#primaryimage\",\"url\":\"https:\/\/usamedical.com\/sk\/wp-content\/uploads\/2022\/03\/usa-medical-oral-drops-3000mg-cbd-olej-30-ml-1.jpg\",\"contentUrl\":\"https:\/\/usamedical.com\/sk\/wp-content\/uploads\/2022\/03\/usa-medical-oral-drops-3000mg-cbd-olej-30-ml-1.jpg\",\"width\":800,\"height\":960,\"caption\":\"USA medical Oral Drops 3000mg CBD olej 30 ml\"},{\"@type\":\"BreadcrumbList\",\"@id\":\"https:\/\/usamedical.com\/sk\/produkty\/cbd-olej-30ml-3000mg\/#breadcrumb\",\"itemListElement\":[{\"@type\":\"ListItem\",\"position\":1,\"name\":\"Kezd\u0151lap\",\"item\":\"https:\/\/usamedical.com\/sk\/\"},{\"@type\":\"ListItem\",\"position\":2,\"name\":\"Obchod\",\"item\":\"https:\/\/usamedical.com\/sk\/obchod\/\"},{\"@type\":\"ListItem\",\"position\":3,\"name\":\"USA medical Oral Drops 3000mg CBD olej | 30 ml\"}]},{\"@type\":\"WebSite\",\"@id\":\"https:\/\/usamedical.com\/sk\/#website\",\"url\":\"https:\/\/usamedical.com\/sk\/\",\"name\":\"USAmedical.sk\",\"description\":\"e-shop s CBD olejom a kapsulami\",\"publisher\":{\"@id\":\"https:\/\/usamedical.com\/sk\/#organization\"},\"potentialAction\":[{\"@type\":\"SearchAction\",\"target\":{\"@type\":\"EntryPoint\",\"urlTemplate\":\"https:\/\/usamedical.com\/sk\/?s={search_term_string}\"},\"query-input\":{\"@type\":\"PropertyValueSpecification\",\"valueRequired\":true,\"valueName\":\"search_term_string\"}}],\"inLanguage\":\"sk-SK\"},{\"@type\":\"Organization\",\"@id\":\"https:\/\/usamedical.com\/sk\/#organization\",\"name\":\"USAmedical.sk\",\"url\":\"https:\/\/usamedical.com\/sk\/\",\"logo\":{\"@type\":\"ImageObject\",\"inLanguage\":\"sk-SK\",\"@id\":\"https:\/\/usamedical.com\/sk\/#\/schema\/logo\/image\/\",\"url\":\"https:\/\/usamedical.com\/sk\/wp-content\/uploads\/2022\/03\/us_medical_logo.svg\",\"contentUrl\":\"https:\/\/usamedical.com\/sk\/wp-content\/uploads\/2022\/03\/us_medical_logo.svg\",\"width\":233,\"height\":56,\"caption\":\"USAmedical.sk\"},\"image\":{\"@id\":\"https:\/\/usamedical.com\/sk\/#\/schema\/logo\/image\/\"}}]}<\/script>\n<!-- \/ Yoast SEO plugin. -->","yoast_head_json":{"title":"USA medical Oral Drops 3000mg CBD olej | 30 ml - USAmedical.sk","robots":{"index":"index","follow":"follow","max-snippet":"max-snippet:-1","max-image-preview":"max-image-preview:large","max-video-preview":"max-video-preview:-1"},"canonical":"https:\/\/usamedical.com\/sk\/produkty\/cbd-olej-30ml-3000mg\/","og_locale":"sk_SK","og_type":"article","og_title":"USA medical Oral Drops 3000mg CBD olej | 30 ml - USAmedical.sk","og_description":"Vysoko kvalitn\u00fd pr\u00edrodn\u00fd v\u00fdta\u017eok CBD.  100 % prirodzen\u00e9 CBD olejov\u00e9 kvapky. Obsahuje 3000 mg CBD, rozpusten\u00e9 v\u00a0konopnom oleji a privo\u0148an\u00e9 s organick\u00fdm pomaran\u010dov\u00fdm olejom Koncentr\u00e1cia CBD v na\u0161om 30ml balen\u00ed s obsahom 3000mg CBD zodpoved\u00e1 koncentr\u00e1cii 10ml balenia s obsahom 30% CBD.   VEG\u00c1N a bez GMO  Bez konzervantov, farb\u00edv, parab\u00e9nov, sladidiel a\u00a0umel\u00fdch zlo\u017eiek.  Objem:\u00a030 ml \/ 750 kvapiek  Jednotkov\u00e1 cena: 0,04 \u20ac \/ 1 mg CBD  \u00da\u010dinn\u00e1 l\u00e1tka:\u00a03000 mg CBD  1 kvapka CBD:\u00a04 mg  Pr\u00edchu\u0165: mierna pr\u00edchu\u0165 konopy privo\u0148an\u00e9 s organick\u00fdm pomaran\u010dov\u00fdm olejom  V\u00fdroba: USA made CBD\u00a0- Folium Biosciences  Olej na starostlivos\u0165 o\u00a0\u00fastnu dutinu s\u00a0konopn\u00fdm olejom  V\u00fdrobok disponuje registr\u00e1ciou CPNP.  &nbsp;  Pri v\u00fdrobe CBD pr\u00edrodn\u00e9ho extraktu USA medical s\u00fa pou\u017e\u00edvan\u00e9 organick\u00e9 konope v\u00fdhradne s vysok\u00fdm obsahom kanabidiolu, ktor\u00fd poch\u00e1dza z \u010disto biologick\u00e9ho pestovania, bez pestic\u00eddov a herbic\u00eddov.","og_url":"https:\/\/usamedical.com\/sk\/produkty\/cbd-olej-30ml-3000mg\/","og_site_name":"USAmedical.sk","article_modified_time":"2024-06-24T23:00:02+00:00","twitter_card":"summary_large_image","twitter_misc":{"Predpokladan\u00fd \u010das \u010d\u00edtania":"3 min\u00faty"},"schema":{"@context":"https:\/\/schema.org","@graph":[{"@type":"WebPage","@id":"https:\/\/usamedical.com\/sk\/produkty\/cbd-olej-30ml-3000mg\/","url":"https:\/\/usamedical.com\/sk\/produkty\/cbd-olej-30ml-3000mg\/","name":"USA medical Oral Drops 3000mg CBD olej | 30 ml - USAmedical.sk","isPartOf":{"@id":"https:\/\/usamedical.com\/sk\/#website"},"primaryImageOfPage":{"@id":"https:\/\/usamedical.com\/sk\/produkty\/cbd-olej-30ml-3000mg\/#primaryimage"},"image":{"@id":"https:\/\/usamedical.com\/sk\/produkty\/cbd-olej-30ml-3000mg\/#primaryimage"},"thumbnailUrl":"https:\/\/usamedical.com\/sk\/wp-content\/uploads\/2022\/03\/usa-medical-oral-drops-3000mg-cbd-olej-30-ml-1.jpg","datePublished":"2022-03-28T07:15:31+00:00","dateModified":"2024-06-24T23:00:02+00:00","breadcrumb":{"@id":"https:\/\/usamedical.com\/sk\/produkty\/cbd-olej-30ml-3000mg\/#breadcrumb"},"inLanguage":"sk-SK","potentialAction":[{"@type":"ReadAction","target":["https:\/\/usamedical.com\/sk\/produkty\/cbd-olej-30ml-3000mg\/"]}]},{"@type":"ImageObject","inLanguage":"sk-SK","@id":"https:\/\/usamedical.com\/sk\/produkty\/cbd-olej-30ml-3000mg\/#primaryimage","url":"https:\/\/usamedical.com\/sk\/wp-content\/uploads\/2022\/03\/usa-medical-oral-drops-3000mg-cbd-olej-30-ml-1.jpg","contentUrl":"https:\/\/usamedical.com\/sk\/wp-content\/uploads\/2022\/03\/usa-medical-oral-drops-3000mg-cbd-olej-30-ml-1.jpg","width":800,"height":960,"caption":"USA medical Oral Drops 3000mg CBD olej 30 ml"},{"@type":"BreadcrumbList","@id":"https:\/\/usamedical.com\/sk\/produkty\/cbd-olej-30ml-3000mg\/#breadcrumb","itemListElement":[{"@type":"ListItem","position":1,"name":"Kezd\u0151lap","item":"https:\/\/usamedical.com\/sk\/"},{"@type":"ListItem","position":2,"name":"Obchod","item":"https:\/\/usamedical.com\/sk\/obchod\/"},{"@type":"ListItem","position":3,"name":"USA medical Oral Drops 3000mg CBD olej | 30 ml"}]},{"@type":"WebSite","@id":"https:\/\/usamedical.com\/sk\/#website","url":"https:\/\/usamedical.com\/sk\/","name":"USAmedical.sk","description":"e-shop s CBD olejom a kapsulami","publisher":{"@id":"https:\/\/usamedical.com\/sk\/#organization"},"potentialAction":[{"@type":"SearchAction","target":{"@type":"EntryPoint","urlTemplate":"https:\/\/usamedical.com\/sk\/?s={search_term_string}"},"query-input":{"@type":"PropertyValueSpecification","valueRequired":true,"valueName":"search_term_string"}}],"inLanguage":"sk-SK"},{"@type":"Organization","@id":"https:\/\/usamedical.com\/sk\/#organization","name":"USAmedical.sk","url":"https:\/\/usamedical.com\/sk\/","logo":{"@type":"ImageObject","inLanguage":"sk-SK","@id":"https:\/\/usamedical.com\/sk\/#\/schema\/logo\/image\/","url":"https:\/\/usamedical.com\/sk\/wp-content\/uploads\/2022\/03\/us_medical_logo.svg","contentUrl":"https:\/\/usamedical.com\/sk\/wp-content\/uploads\/2022\/03\/us_medical_logo.svg","width":233,"height":56,"caption":"USAmedical.sk"},"image":{"@id":"https:\/\/usamedical.com\/sk\/#\/schema\/logo\/image\/"}}]}},"_links":{"self":[{"href":"https:\/\/usamedical.com\/sk\/wp-json\/wp\/v2\/product\/8783","targetHints":{"allow":["GET"]}}],"collection":[{"href":"https:\/\/usamedical.com\/sk\/wp-json\/wp\/v2\/product"}],"about":[{"href":"https:\/\/usamedical.com\/sk\/wp-json\/wp\/v2\/types\/product"}],"replies":[{"embeddable":true,"href":"https:\/\/usamedical.com\/sk\/wp-json\/wp\/v2\/comments?post=8783"}],"wp:featuredmedia":[{"embeddable":true,"href":"https:\/\/usamedical.com\/sk\/wp-json\/wp\/v2\/media\/7171"}],"wp:attachment":[{"href":"https:\/\/usamedical.com\/sk\/wp-json\/wp\/v2\/media?parent=8783"}],"wp:term":[{"taxonomy":"product_brand","embeddable":true,"href":"https:\/\/usamedical.com\/sk\/wp-json\/wp\/v2\/product_brand?post=8783"},{"taxonomy":"product_cat","embeddable":true,"href":"https:\/\/usamedical.com\/sk\/wp-json\/wp\/v2\/product_cat?post=8783"},{"taxonomy":"product_tag","embeddable":true,"href":"https:\/\/usamedical.com\/sk\/wp-json\/wp\/v2\/product_tag?post=8783"}],"curies":[{"name":"wp","href":"https:\/\/api.w.org\/{rel}","templated":true}]}}