{"id":8781,"date":"2022-03-28T09:15:30","date_gmt":"2022-03-28T07:15:30","guid":{"rendered":"https:\/\/usamedical.com\/sk\/?post_type=product&#038;p=8781"},"modified":"2024-06-25T01:00:02","modified_gmt":"2024-06-24T23:00:02","slug":"cbd-olej-30ml-1000mg","status":"publish","type":"product","link":"https:\/\/usamedical.com\/sk\/produkty\/cbd-olej-30ml-1000mg\/","title":{"rendered":"USA medical Oral Drops <strong>1000mg<\/strong> CBD olej | 30 ml"},"content":{"rendered":"<p><b>100% pr\u00edrodn\u00fd CBD olej, ktor\u00fd obsahuje 1000 mg \u00fa\u010dinnej l\u00e1tky.<\/b><\/p>\n<p><img decoding=\"async\" class=\"emoji lazyloaded\" role=\"img\" draggable=\"false\" src=\"https:\/\/s.w.org\/images\/core\/emoji\/13.0.1\/svg\/2705.svg\" alt=\"\u2705\" data-src=\"https:\/\/s.w.org\/images\/core\/emoji\/13.0.1\/svg\/2705.svg\" \/>\u00a0V\u0161etky CBD produkty USA medical s\u00fa podroben\u00e9 testom tret\u00edch str\u00e1n pomeru kanabinoidov pestic\u00eddov, \u0165a\u017ek\u00fdch kovov a mikrobiologickej kontamin\u00e1cie.<span class=\"Apple-converted-space\">\u00a0<\/span><\/p>\n<p><strong> <img decoding=\"async\" class=\"emoji lazyloaded\" role=\"img\" draggable=\"false\" src=\"https:\/\/s.w.org\/images\/core\/emoji\/13.0.1\/svg\/2705.svg\" alt=\"\u2705\" data-src=\"https:\/\/s.w.org\/images\/core\/emoji\/13.0.1\/svg\/2705.svg\" \/>\u00a0V\u00fdrobok USA medical CBD olej 1000 mg Oral Drops <\/strong>sa sklad\u00e1 v\u00fdlu\u010dne z rastlinn\u00fdch zlo\u017eiek a v 30 ml preveden\u00ed obsahuje 1000 mg CBD \u00fa\u010dinnej l\u00e1tky.\u00a0Harmonick\u00e1 kombin\u00e1cia oleja z konopn\u00fdch semien, oleja z hroznov\u00fdch jadier, kanabidiolu a pomaran\u010dov\u00e9ho oleja pre udr\u017eiavanie zdravej \u00fastnej mikrofl\u00f3ry.<\/p>\n<p><img decoding=\"async\" class=\"emoji lazyloaded\" role=\"img\" draggable=\"false\" src=\"https:\/\/s.w.org\/images\/core\/emoji\/13.0.1\/svg\/2705.svg\" alt=\"\u2705\" data-src=\"https:\/\/s.w.org\/images\/core\/emoji\/13.0.1\/svg\/2705.svg\" \/>\u00a0VEG\u00c1NSKY produkt bez obsahu GMO, neobsahuje konzervanty, farbiv\u00e1, sladidl\u00e1, parab\u00e9ny.<\/p>\n<p><img decoding=\"async\" class=\"emoji lazyloaded\" role=\"img\" draggable=\"false\" src=\"https:\/\/s.w.org\/images\/core\/emoji\/13.0.1\/svg\/2705.svg\" alt=\"\u2705\" data-src=\"https:\/\/s.w.org\/images\/core\/emoji\/13.0.1\/svg\/2705.svg\" \/>\u00a0CBD v\u00fd\u0165a\u017eok je konopn\u00fd olej, bohat\u00fd na Omega 3 a 6 mastn\u00e9 kyseliny<\/p>\n<p><img decoding=\"async\" class=\"emoji lazyloaded\" role=\"img\" draggable=\"false\" src=\"https:\/\/s.w.org\/images\/core\/emoji\/13.0.1\/svg\/2705.svg\" alt=\"\u2705\" data-src=\"https:\/\/s.w.org\/images\/core\/emoji\/13.0.1\/svg\/2705.svg\" \/>\u00a0CBD je rozpusten\u00fd pomocou\u00a0 oleja z\u00a0hroznov\u00fdch jadier bohat\u00e9ho na vitam\u00edn E, a\u00a0esencion\u00e1lne terp\u00e9ny s v\u00fd\u0165a\u017ekom\u00a0 pomaran\u010dov\u00e9ho oleja, ktor\u00e9 \u00a0zodpovedaj\u00fa za pr\u00edjemn\u00fa chu\u0165.<\/p>\n<p><img decoding=\"async\" class=\"emoji lazyloaded\" role=\"img\" draggable=\"false\" src=\"https:\/\/s.w.org\/images\/core\/emoji\/13.0.1\/svg\/2705.svg\" alt=\"\u2705\" data-src=\"https:\/\/s.w.org\/images\/core\/emoji\/13.0.1\/svg\/2705.svg\" \/>\u00a0USA medical produkty obsahuj\u00fa iba pr\u00edrodn\u00e9 zlo\u017eky, neobsahuj\u00fa \u017eiadne umel\u00e9 farby, ar\u00f3my a konzerva\u010dn\u00e9 l\u00e1tky.<\/p>\n<blockquote><p>V\u0161eobecn\u00e9 inform\u00e1cie s\u00favisiace s\u00a0<a href=\"https:\/\/usamedical.com\/sk\/co-je-cbd\/\">CBD<\/a>.<\/p><\/blockquote>\n<p>N\u00e1\u0161 v\u00fdrobok pre starostlivos\u0165 o \u00fastnu dutinu USA medical 1000 mg CBD olej\u00a0je <strong>VEG\u00c1NSKY produkt<\/strong>. Pou\u017eit\u00e9 extrakty vyr\u00e1ba firma Folium Biosciences v z\u00e1vode registrovanom FDA. V s\u00falade so \u201espr\u00e1vnou v\u00fdrobnou praxou\u201d (GMP) sa pri v\u00fdrobe tohto produktu pou\u017e\u00edva proces extrakcie CO2, sprev\u00e1dzan\u00fd d\u00f4slednou kontrolou kvality, mikrobiologick\u00fdmi anal\u00fdzami a laborat\u00f3rnymi testami. Hotov\u00fd v\u00fdrobok neobsahuje konzerva\u010dn\u00e9 l\u00e1tky, farbiv\u00e1, parab\u00e9ny, GMO.<\/p>\n<p><strong>Ka\u017ed\u00fd USA medical CBD olej 1000 mg Oral Drops v\u00fdrobok je dostupn\u00fd v 30 ml preveden\u00ed s 1 ml d\u00e1vkovacou sklenenou pipetou.<br \/>\n<\/strong>1\/4 ml odstup\u0148ovanie umo\u017e\u0148uje e\u0161te presnej\u0161ie a pohodlnej\u0161ie d\u00e1vkovanie pre t\u00fdch, ktor\u00ed nemaj\u00fa radi po\u010d\u00edtanie kvapiek..<\/p>\n<blockquote><p><strong>USA medical CBD olej 1000 mg Oral Drops 30 ml<\/strong><\/p>\n<p>1\/4 ml ~ 8,4 mg CBD<br \/>\n1\/2 ml ~ 16,8 mg CBD<br \/>\n3\/4 ml ~ 25 mg CBD<br \/>\n<strong>1 ml ~ 33,3 mg CBD<\/strong><\/p><\/blockquote>\n<p>&nbsp;<\/p>\n<h3><strong>V\u00a0\u010dom je jedine\u010dn\u00fd a\u00a0zvl\u00e1\u0161tny USA medical CBD olej?<\/strong><\/h3>\n<ul>\n<li>Neobsahuje pridan\u00fd cukor, lepok, konzerva\u010dn\u00e9 l\u00e1tky, parab\u00e9ny, farbiv\u00e1 ani in\u00e9 pr\u00eddavn\u00e9 l\u00e1tky<\/li>\n<li>Jednoduch\u00e9 d\u00e1vkovanie v\u010faka 1 ml odmernej pipete s bezpe\u010dnostn\u00fdm uz\u00e1verom<\/li>\n<li>Extrakt CBD je rozpusten\u00fd v cenn\u00fdch rastlinn\u00fdch olejoch potravin\u00e1rskej kvality, ako s\u00fa konopn\u00fd olej, olej z\u00a0hroznov\u00fdch jadier a pomaran\u010dov\u00fd olej<\/li>\n<li>M\u00e1 pr\u00edjemn\u00fd chu\u0165ov\u00fd profil, bez v\u00fdraznej konopnej pachuti<\/li>\n<li>Extrakty CBD sa z\u00edskavaj\u00fa v z\u00e1vodoch americk\u00e9ho gigantu Folium Biosciences registrovanom FDA pod\u013ea pokynov GMP a pod pr\u00edsnou kontrolou kvality<\/li>\n<li>V\u00fdrobca extraktu CBD disponuje aj licenciou \u201eActive Pharmaceutical Ingredients\u201c (API)<\/li>\n<li>CBD extrakty s\u00fa z\u00edskavan\u00e9 z organicky pestovanej konopy \u0161etrnou extrakciou CO2 a viac\u00farov\u0148ov\u00fdm procesom \u010distenia<\/li>\n<li>V\u0161etky olejov\u00e9 v\u00fdrobky CBD boli opakovane testovan\u00e9 z\u00a0iniciat\u00edvy na\u0161ej spolo\u010dnos\u0165ou (laborat\u00f3rium T\u00dcV), aby sme sa uistili, \u017ee k na\u0161im z\u00e1kazn\u00edkom sa dostan\u00fa iba skuto\u010dne kvalitn\u00e9 CBD v\u00fdrobky<\/li>\n<li>Obsahuje 100% pr\u00edrodn\u00fdch zlo\u017eiek<\/li>\n<li>Nem\u00e1 psychoakt\u00edvny \u00fa\u010dinok<\/li>\n<li>Veg\u00e1nsky produkt bez GMO<\/li>\n<li>Obsah \u00fa\u010dinnej l\u00e1tky a \u010distota potvrden\u00e9 v\u00fdsledkami laborat\u00f3rnych testov<\/li>\n<li>Bez ne\u010dist\u00f4t, chemik\u00e1li\u00ed a \u0165a\u017ek\u00fdch kovov<\/li>\n<li>Extrakty sa podrobuj\u00fa r\u00f4znym testom, ako s\u00fa mikrobiologick\u00e9 anal\u00fdzy, profily kanabionoidov a terp\u00e9nov, presn\u00fd obsah lie\u010diva, ale tie\u017e obsah chemick\u00fdch l\u00e1tok, rozp\u00fa\u0161\u0165adiel a \u0165a\u017ek\u00fdch kovov.<\/li>\n<\/ul>\n<p>&nbsp;<\/p>\n<p><strong><em>Pozor!<\/em><\/strong><\/p>\n<p>Na\u0161e v\u00fdrobky sa m\u00f4\u017eu pou\u017e\u00edva\u0165 iba tak, ako je to uveden\u00e9 na obale. Neodpor\u00fa\u010daj\u00fa sa pre tehotn\u00e9 a doj\u010diace \u017eeny. Uchov\u00e1vajte mimo dosahu mal\u00fdch det\u00ed.<br \/>\nAk u\u017e\u00edvate alebo u\u017e\u00edvate lieky, bu\u010fte obozretn\u00ed. Neprekra\u010dujte odpor\u00fa\u010dan\u00fa denn\u00fa d\u00e1vku! Skladujte na chladnom mieste a chr\u00e1\u0148te pred svetlom (neuchov\u00e1vajte v chladni\u010dke). Spotrebujte do 6 mesiacov od otvorenia.<\/p>\n","protected":false},"excerpt":{"rendered":"<p>CBD &#8211; kanabidiolov\u00fd olej najvy\u0161\u0161ej kvality z\u00edskan\u00e9 z organick\u00e9ho konope.<span class=\"Apple-converted-space\">\u00a0 <\/span>Ide\u00e1lna vo\u013eba ak potrebujete stredne siln\u00fd CBD olej.<\/p>\n<p>100% pr\u00edrodn\u00fd CBD olej rozpusten\u00fd v zmesi konopn\u00e9ho oleja a oleja z hroznov\u00fdch jadier, privo\u0148an\u00e9 organick\u00fdm pomaran\u010dov\u00fdm olejom, s obsahom \u00fa\u010dinnej l\u00e1tky 1000 mg.<br \/>\nNeobsahuje pridan\u00fd cukor, farbiv\u00e1 a\u00a0konzerva\u010dn\u00e9 l\u00e1tky. Veg\u00e1nsky produkt bez GMO<\/p>\n<blockquote><p>Koncentr\u00e1cia CBD v na\u0161om 30ml balen\u00ed s obsahom 1000mg CBD zodpoved\u00e1 koncentr\u00e1cii 10ml balenia s obsahom <strong>10% CBD<\/strong>.<\/p><\/blockquote>\n<ul>\n<li>VEG\u00c1N a Non GMO produkt!<\/li>\n<li>Bez cukru, konzervantov, farb\u00edv, parab\u00e9nov, sladidiel a\u00a0umel\u00fdch zlo\u017eiek.<\/li>\n<li><strong>Objem:<\/strong>\u00a030 ml \/ 750 kvapiek<\/li>\n<li><strong>Jednotkov\u00e1 cena: <\/strong>0,05 \u20ac \/ 1 mg CBD<\/li>\n<li><strong>\u00da\u010dinn\u00e1 l\u00e1tka:<\/strong>\u00a01000 mg CBD<\/li>\n<li><strong>1 kvapka CBD:<\/strong>\u00a01.3 mg<\/li>\n<li><strong>Pr\u00edchu\u0165:<\/strong> mierna pr\u00edchu\u0165 konopy privo\u0148an\u00e9 s organick\u00fdm pomaran\u010dov\u00fdm olejom<\/li>\n<li><strong>V\u00fdroba:<\/strong> USA made CBD\u00a0&#8211; Folium Biosciences<\/li>\n<li>Olej na starostlivos\u0165 o\u00a0\u00fastnu dutinu s\u00a0konopn\u00fdm olejom<\/li>\n<li><strong>V\u00fdrobok disponuje registr\u00e1ciou CPNP.<\/strong><\/li>\n<\/ul>\n","protected":false},"featured_media":7168,"comment_status":"open","ping_status":"closed","template":"","meta":{"_acf_changed":false},"product_brand":[],"product_cat":[78],"product_tag":[],"class_list":{"0":"post-8781","1":"product","2":"type-product","3":"status-publish","4":"has-post-thumbnail","6":"product_cat-cbd-oleje","8":"first","9":"instock","10":"taxable","11":"shipping-taxable","12":"purchasable","13":"product-type-simple"},"acf":[],"yoast_head":"<!-- This site is optimized with the Yoast SEO plugin v26.5 - https:\/\/yoast.com\/wordpress\/plugins\/seo\/ -->\n<title>USA medical Oral Drops 1000mg CBD olej | 30 ml - USAmedical.sk<\/title>\n<meta name=\"robots\" content=\"index, follow, max-snippet:-1, max-image-preview:large, max-video-preview:-1\" \/>\n<link rel=\"canonical\" href=\"https:\/\/usamedical.com\/sk\/produkty\/cbd-olej-30ml-1000mg\/\" \/>\n<meta property=\"og:locale\" content=\"sk_SK\" \/>\n<meta property=\"og:type\" content=\"article\" \/>\n<meta property=\"og:title\" content=\"USA medical Oral Drops 1000mg CBD olej | 30 ml - USAmedical.sk\" \/>\n<meta property=\"og:description\" content=\"CBD - kanabidiolov\u00fd olej najvy\u0161\u0161ej kvality z\u00edskan\u00e9 z organick\u00e9ho konope.\u00a0 Ide\u00e1lna vo\u013eba ak potrebujete stredne siln\u00fd CBD olej.  100% pr\u00edrodn\u00fd CBD olej rozpusten\u00fd v zmesi konopn\u00e9ho oleja a oleja z hroznov\u00fdch jadier, privo\u0148an\u00e9 organick\u00fdm pomaran\u010dov\u00fdm olejom, s obsahom \u00fa\u010dinnej l\u00e1tky 1000 mg. Neobsahuje pridan\u00fd cukor, farbiv\u00e1 a\u00a0konzerva\u010dn\u00e9 l\u00e1tky. Veg\u00e1nsky produkt bez GMO Koncentr\u00e1cia CBD v na\u0161om 30ml balen\u00ed s obsahom 1000mg CBD zodpoved\u00e1 koncentr\u00e1cii 10ml balenia s obsahom 10% CBD.   VEG\u00c1N a Non GMO produkt!  Bez cukru, konzervantov, farb\u00edv, parab\u00e9nov, sladidiel a\u00a0umel\u00fdch zlo\u017eiek.  Objem:\u00a030 ml \/ 750 kvapiek  Jednotkov\u00e1 cena: 0,05 \u20ac \/ 1 mg CBD  \u00da\u010dinn\u00e1 l\u00e1tka:\u00a01000 mg CBD  1 kvapka CBD:\u00a01.3 mg  Pr\u00edchu\u0165: mierna pr\u00edchu\u0165 konopy privo\u0148an\u00e9 s organick\u00fdm pomaran\u010dov\u00fdm olejom  V\u00fdroba: USA made CBD\u00a0- Folium Biosciences  Olej na starostlivos\u0165 o\u00a0\u00fastnu dutinu s\u00a0konopn\u00fdm olejom  V\u00fdrobok disponuje registr\u00e1ciou CPNP.\" \/>\n<meta property=\"og:url\" content=\"https:\/\/usamedical.com\/sk\/produkty\/cbd-olej-30ml-1000mg\/\" \/>\n<meta property=\"og:site_name\" content=\"USAmedical.sk\" \/>\n<meta property=\"article:modified_time\" content=\"2024-06-24T23:00:02+00:00\" \/>\n<meta name=\"twitter:card\" content=\"summary_large_image\" \/>\n<meta name=\"twitter:label1\" content=\"Predpokladan\u00fd \u010das \u010d\u00edtania\" \/>\n\t<meta name=\"twitter:data1\" content=\"4 min\u00faty\" \/>\n<script type=\"application\/ld+json\" class=\"yoast-schema-graph\">{\"@context\":\"https:\/\/schema.org\",\"@graph\":[{\"@type\":\"WebPage\",\"@id\":\"https:\/\/usamedical.com\/sk\/produkty\/cbd-olej-30ml-1000mg\/\",\"url\":\"https:\/\/usamedical.com\/sk\/produkty\/cbd-olej-30ml-1000mg\/\",\"name\":\"USA medical Oral Drops 1000mg CBD olej | 30 ml - USAmedical.sk\",\"isPartOf\":{\"@id\":\"https:\/\/usamedical.com\/sk\/#website\"},\"primaryImageOfPage\":{\"@id\":\"https:\/\/usamedical.com\/sk\/produkty\/cbd-olej-30ml-1000mg\/#primaryimage\"},\"image\":{\"@id\":\"https:\/\/usamedical.com\/sk\/produkty\/cbd-olej-30ml-1000mg\/#primaryimage\"},\"thumbnailUrl\":\"https:\/\/usamedical.com\/sk\/wp-content\/uploads\/2022\/03\/usa-medical-oral-drops-1000mg-cbd-olej-30-ml-1.jpg\",\"datePublished\":\"2022-03-28T07:15:30+00:00\",\"dateModified\":\"2024-06-24T23:00:02+00:00\",\"breadcrumb\":{\"@id\":\"https:\/\/usamedical.com\/sk\/produkty\/cbd-olej-30ml-1000mg\/#breadcrumb\"},\"inLanguage\":\"sk-SK\",\"potentialAction\":[{\"@type\":\"ReadAction\",\"target\":[\"https:\/\/usamedical.com\/sk\/produkty\/cbd-olej-30ml-1000mg\/\"]}]},{\"@type\":\"ImageObject\",\"inLanguage\":\"sk-SK\",\"@id\":\"https:\/\/usamedical.com\/sk\/produkty\/cbd-olej-30ml-1000mg\/#primaryimage\",\"url\":\"https:\/\/usamedical.com\/sk\/wp-content\/uploads\/2022\/03\/usa-medical-oral-drops-1000mg-cbd-olej-30-ml-1.jpg\",\"contentUrl\":\"https:\/\/usamedical.com\/sk\/wp-content\/uploads\/2022\/03\/usa-medical-oral-drops-1000mg-cbd-olej-30-ml-1.jpg\",\"width\":800,\"height\":960},{\"@type\":\"BreadcrumbList\",\"@id\":\"https:\/\/usamedical.com\/sk\/produkty\/cbd-olej-30ml-1000mg\/#breadcrumb\",\"itemListElement\":[{\"@type\":\"ListItem\",\"position\":1,\"name\":\"Kezd\u0151lap\",\"item\":\"https:\/\/usamedical.com\/sk\/\"},{\"@type\":\"ListItem\",\"position\":2,\"name\":\"Obchod\",\"item\":\"https:\/\/usamedical.com\/sk\/obchod\/\"},{\"@type\":\"ListItem\",\"position\":3,\"name\":\"USA medical Oral Drops 1000mg CBD olej | 30 ml\"}]},{\"@type\":\"WebSite\",\"@id\":\"https:\/\/usamedical.com\/sk\/#website\",\"url\":\"https:\/\/usamedical.com\/sk\/\",\"name\":\"USAmedical.sk\",\"description\":\"e-shop s CBD olejom a kapsulami\",\"publisher\":{\"@id\":\"https:\/\/usamedical.com\/sk\/#organization\"},\"potentialAction\":[{\"@type\":\"SearchAction\",\"target\":{\"@type\":\"EntryPoint\",\"urlTemplate\":\"https:\/\/usamedical.com\/sk\/?s={search_term_string}\"},\"query-input\":{\"@type\":\"PropertyValueSpecification\",\"valueRequired\":true,\"valueName\":\"search_term_string\"}}],\"inLanguage\":\"sk-SK\"},{\"@type\":\"Organization\",\"@id\":\"https:\/\/usamedical.com\/sk\/#organization\",\"name\":\"USAmedical.sk\",\"url\":\"https:\/\/usamedical.com\/sk\/\",\"logo\":{\"@type\":\"ImageObject\",\"inLanguage\":\"sk-SK\",\"@id\":\"https:\/\/usamedical.com\/sk\/#\/schema\/logo\/image\/\",\"url\":\"https:\/\/usamedical.com\/sk\/wp-content\/uploads\/2022\/03\/us_medical_logo.svg\",\"contentUrl\":\"https:\/\/usamedical.com\/sk\/wp-content\/uploads\/2022\/03\/us_medical_logo.svg\",\"width\":233,\"height\":56,\"caption\":\"USAmedical.sk\"},\"image\":{\"@id\":\"https:\/\/usamedical.com\/sk\/#\/schema\/logo\/image\/\"}}]}<\/script>\n<!-- \/ Yoast SEO plugin. -->","yoast_head_json":{"title":"USA medical Oral Drops 1000mg CBD olej | 30 ml - USAmedical.sk","robots":{"index":"index","follow":"follow","max-snippet":"max-snippet:-1","max-image-preview":"max-image-preview:large","max-video-preview":"max-video-preview:-1"},"canonical":"https:\/\/usamedical.com\/sk\/produkty\/cbd-olej-30ml-1000mg\/","og_locale":"sk_SK","og_type":"article","og_title":"USA medical Oral Drops 1000mg CBD olej | 30 ml - USAmedical.sk","og_description":"CBD - kanabidiolov\u00fd olej najvy\u0161\u0161ej kvality z\u00edskan\u00e9 z organick\u00e9ho konope.\u00a0 Ide\u00e1lna vo\u013eba ak potrebujete stredne siln\u00fd CBD olej.  100% pr\u00edrodn\u00fd CBD olej rozpusten\u00fd v zmesi konopn\u00e9ho oleja a oleja z hroznov\u00fdch jadier, privo\u0148an\u00e9 organick\u00fdm pomaran\u010dov\u00fdm olejom, s obsahom \u00fa\u010dinnej l\u00e1tky 1000 mg. Neobsahuje pridan\u00fd cukor, farbiv\u00e1 a\u00a0konzerva\u010dn\u00e9 l\u00e1tky. Veg\u00e1nsky produkt bez GMO Koncentr\u00e1cia CBD v na\u0161om 30ml balen\u00ed s obsahom 1000mg CBD zodpoved\u00e1 koncentr\u00e1cii 10ml balenia s obsahom 10% CBD.   VEG\u00c1N a Non GMO produkt!  Bez cukru, konzervantov, farb\u00edv, parab\u00e9nov, sladidiel a\u00a0umel\u00fdch zlo\u017eiek.  Objem:\u00a030 ml \/ 750 kvapiek  Jednotkov\u00e1 cena: 0,05 \u20ac \/ 1 mg CBD  \u00da\u010dinn\u00e1 l\u00e1tka:\u00a01000 mg CBD  1 kvapka CBD:\u00a01.3 mg  Pr\u00edchu\u0165: mierna pr\u00edchu\u0165 konopy privo\u0148an\u00e9 s organick\u00fdm pomaran\u010dov\u00fdm olejom  V\u00fdroba: USA made CBD\u00a0- Folium Biosciences  Olej na starostlivos\u0165 o\u00a0\u00fastnu dutinu s\u00a0konopn\u00fdm olejom  V\u00fdrobok disponuje registr\u00e1ciou CPNP.","og_url":"https:\/\/usamedical.com\/sk\/produkty\/cbd-olej-30ml-1000mg\/","og_site_name":"USAmedical.sk","article_modified_time":"2024-06-24T23:00:02+00:00","twitter_card":"summary_large_image","twitter_misc":{"Predpokladan\u00fd \u010das \u010d\u00edtania":"4 min\u00faty"},"schema":{"@context":"https:\/\/schema.org","@graph":[{"@type":"WebPage","@id":"https:\/\/usamedical.com\/sk\/produkty\/cbd-olej-30ml-1000mg\/","url":"https:\/\/usamedical.com\/sk\/produkty\/cbd-olej-30ml-1000mg\/","name":"USA medical Oral Drops 1000mg CBD olej | 30 ml - USAmedical.sk","isPartOf":{"@id":"https:\/\/usamedical.com\/sk\/#website"},"primaryImageOfPage":{"@id":"https:\/\/usamedical.com\/sk\/produkty\/cbd-olej-30ml-1000mg\/#primaryimage"},"image":{"@id":"https:\/\/usamedical.com\/sk\/produkty\/cbd-olej-30ml-1000mg\/#primaryimage"},"thumbnailUrl":"https:\/\/usamedical.com\/sk\/wp-content\/uploads\/2022\/03\/usa-medical-oral-drops-1000mg-cbd-olej-30-ml-1.jpg","datePublished":"2022-03-28T07:15:30+00:00","dateModified":"2024-06-24T23:00:02+00:00","breadcrumb":{"@id":"https:\/\/usamedical.com\/sk\/produkty\/cbd-olej-30ml-1000mg\/#breadcrumb"},"inLanguage":"sk-SK","potentialAction":[{"@type":"ReadAction","target":["https:\/\/usamedical.com\/sk\/produkty\/cbd-olej-30ml-1000mg\/"]}]},{"@type":"ImageObject","inLanguage":"sk-SK","@id":"https:\/\/usamedical.com\/sk\/produkty\/cbd-olej-30ml-1000mg\/#primaryimage","url":"https:\/\/usamedical.com\/sk\/wp-content\/uploads\/2022\/03\/usa-medical-oral-drops-1000mg-cbd-olej-30-ml-1.jpg","contentUrl":"https:\/\/usamedical.com\/sk\/wp-content\/uploads\/2022\/03\/usa-medical-oral-drops-1000mg-cbd-olej-30-ml-1.jpg","width":800,"height":960},{"@type":"BreadcrumbList","@id":"https:\/\/usamedical.com\/sk\/produkty\/cbd-olej-30ml-1000mg\/#breadcrumb","itemListElement":[{"@type":"ListItem","position":1,"name":"Kezd\u0151lap","item":"https:\/\/usamedical.com\/sk\/"},{"@type":"ListItem","position":2,"name":"Obchod","item":"https:\/\/usamedical.com\/sk\/obchod\/"},{"@type":"ListItem","position":3,"name":"USA medical Oral Drops 1000mg CBD olej | 30 ml"}]},{"@type":"WebSite","@id":"https:\/\/usamedical.com\/sk\/#website","url":"https:\/\/usamedical.com\/sk\/","name":"USAmedical.sk","description":"e-shop s CBD olejom a kapsulami","publisher":{"@id":"https:\/\/usamedical.com\/sk\/#organization"},"potentialAction":[{"@type":"SearchAction","target":{"@type":"EntryPoint","urlTemplate":"https:\/\/usamedical.com\/sk\/?s={search_term_string}"},"query-input":{"@type":"PropertyValueSpecification","valueRequired":true,"valueName":"search_term_string"}}],"inLanguage":"sk-SK"},{"@type":"Organization","@id":"https:\/\/usamedical.com\/sk\/#organization","name":"USAmedical.sk","url":"https:\/\/usamedical.com\/sk\/","logo":{"@type":"ImageObject","inLanguage":"sk-SK","@id":"https:\/\/usamedical.com\/sk\/#\/schema\/logo\/image\/","url":"https:\/\/usamedical.com\/sk\/wp-content\/uploads\/2022\/03\/us_medical_logo.svg","contentUrl":"https:\/\/usamedical.com\/sk\/wp-content\/uploads\/2022\/03\/us_medical_logo.svg","width":233,"height":56,"caption":"USAmedical.sk"},"image":{"@id":"https:\/\/usamedical.com\/sk\/#\/schema\/logo\/image\/"}}]}},"_links":{"self":[{"href":"https:\/\/usamedical.com\/sk\/wp-json\/wp\/v2\/product\/8781","targetHints":{"allow":["GET"]}}],"collection":[{"href":"https:\/\/usamedical.com\/sk\/wp-json\/wp\/v2\/product"}],"about":[{"href":"https:\/\/usamedical.com\/sk\/wp-json\/wp\/v2\/types\/product"}],"replies":[{"embeddable":true,"href":"https:\/\/usamedical.com\/sk\/wp-json\/wp\/v2\/comments?post=8781"}],"wp:featuredmedia":[{"embeddable":true,"href":"https:\/\/usamedical.com\/sk\/wp-json\/wp\/v2\/media\/7168"}],"wp:attachment":[{"href":"https:\/\/usamedical.com\/sk\/wp-json\/wp\/v2\/media?parent=8781"}],"wp:term":[{"taxonomy":"product_brand","embeddable":true,"href":"https:\/\/usamedical.com\/sk\/wp-json\/wp\/v2\/product_brand?post=8781"},{"taxonomy":"product_cat","embeddable":true,"href":"https:\/\/usamedical.com\/sk\/wp-json\/wp\/v2\/product_cat?post=8781"},{"taxonomy":"product_tag","embeddable":true,"href":"https:\/\/usamedical.com\/sk\/wp-json\/wp\/v2\/product_tag?post=8781"}],"curies":[{"name":"wp","href":"https:\/\/api.w.org\/{rel}","templated":true}]}}