{"id":8778,"date":"2022-03-28T09:15:30","date_gmt":"2022-03-28T07:15:30","guid":{"rendered":"https:\/\/usamedical.com\/sk\/?post_type=product&#038;p=8778"},"modified":"2022-07-20T22:32:06","modified_gmt":"2022-07-20T20:32:06","slug":"usa-medical-oral-drops250mg-cbd-olej-30-ml-x-3ks","status":"publish","type":"product","link":"https:\/\/usamedical.com\/sk\/produkty\/usa-medical-oral-drops250mg-cbd-olej-30-ml-x-3ks\/","title":{"rendered":"USA medical Oral Drops <strong>250mg<\/strong> CBD olej | 30 ml x 3 ks"},"content":{"rendered":"<p><strong>100 % prirodzen\u00fd produkt s 250 mg CBD obsahom.<\/strong><\/p>\n<p>Spolo\u010dnos\u0165 USA medical je hrd\u00ed na to, \u017ee vytvoril jeden z najkvalitnej\u0161\u00edch CBD olejov, ktor\u00e9 s\u00fa v s\u00fa\u010dasnosti k dispoz\u00edcii.<\/p>\n<p><strong>V\u00fdrobok USA medical CBD olej 250 mg Oral Drops na starostlivost o \u00fastnu dutinu <\/strong>sa sklad\u00e1 v\u00fdlu\u010dne z rastlinn\u00fdch zlo\u017eiek a v 30 ml preveden\u00ed obsahuje 250 mg CBD \u00fa\u010dinnej l\u00e1tky. Harmonick\u00e1 kombin\u00e1cia oleja z konopn\u00fdch semien, oleja z hroznov\u00fdch jadier, kanabidiolu a pomaran\u010dov\u00e9ho oleja pre udr\u017eiavanie zdravej \u00fastnej mikrofl\u00f3ry.<\/p>\n<p>VEG\u00c1NSKY produkt bez GMO, neobsahuje konzervanty, farbiv\u00e1, sladidl\u00e1, <a href=\"https:\/\/en.wikipedia.org\/wiki\/Paraben\">parab\u00e9ny<\/a>\u00a0.\u00a0CBD v\u00fd\u0165a\u017eok je konopn\u00fd olej, bohat\u00fd na Omega 3 a 6 mastn\u00e9 kyseliny, ktor\u00fd je rozpusten\u00fd pomocou\u00a0 oleja z\u00a0hroznov\u00fdch jadier bohat\u00e9ho na vitam\u00edn E, a\u00a0esencion\u00e1lne terp\u00e9ny s v\u00fd\u0165a\u017ekom pomaran\u010dov\u00e9ho oleja, ktor\u00e9 \u00a0zodpovedaj\u00fa za pr\u00edjemn\u00fa chu\u0165.<\/p>\n<p>V\u0161eobecn\u00e9 inform\u00e1cie s\u00favisiace s\u00a0<a href=\"https:\/\/usamedical.com\/sk\/co-je-cbd\/\">CBD<\/a>.<\/p>\n<p>CBD v\u00fd\u0165a\u017eok z konopy vyr\u00e1baj\u00fa v\u00a0americkom Folium Biosciences FDA registrovanom z\u00e1vode pod\u013ea \u201espr\u00e1vneho v\u00fdrobn\u00e9ho procesu\u201d (GMP) so \u0161etrn\u00fdm CO<sub>2<\/sub> extrak\u010dn\u00fdm procesom pri pr\u00edsnom dodr\u017ean\u00ed kontroly kvality. Ka\u017ed\u00fd CBD olej disponuje s\u00a0mikrobi\u00e1lnou anal\u00fdzou a\u00a0okrem toho laborat\u00f3rne testy potvrdzuj\u00fa CBD \u00fa\u010dinn\u00fa zlo\u017eku a\u00a0oslobodenie od THC. Produkt je bez ne\u010dist\u00f4t, chemik\u00e1li\u00ed a\u00a0\u0165a\u017ek\u00fdch kovov.<\/p>\n<p><strong>Ka\u017ed\u00fd USA medical CBD olej 250 mg Oral Drops v\u00fdrobok je dostupn\u00fd v 30 ml preveden\u00ed s 1 ml d\u00e1vkovacou sklenenou pipetou.<br \/>\n<\/strong>V\u010faka \u00bc ml ozna\u010deniu je d\u00e1vkovanie presn\u00e9 a\u00a0pohodln\u00e9.<\/p>\n<p><strong>USA medical CBD olej 250 mg Oral Drops 30 ml<\/strong><\/p>\n<p>1\/4 ml ~ 2,1 mg CBD<br \/>\n1\/2 ml ~ 4,2 mg CBD<br \/>\n3\/4 ml ~ 6,3 mg CBD<br \/>\n<strong>1 ml ~ 8,33 mg CBD<\/strong><\/p>\n<p>&nbsp;<\/p>\n<p><strong>V\u00a0\u010dom je jedine\u010dn\u00fd a\u00a0zvl\u00e1\u0161tny USA medical CBD olej?<\/strong><\/p>\n<ul>\n<li><em>100 % prirodzen\u00e9 zlo\u017eky <\/em><\/li>\n<li><em>Pr\u00edjemn\u00e1 chu\u0165 bez pachute konopy<\/em><\/li>\n<li><em>Po 1 ml ozna\u010den\u00e1 d\u00e1vkovacia pipeta s\u00a0detsk\u00fdm z\u00e1mkom <\/em><\/li>\n<li><em>30 ml ekonomick\u00e9 balenie <\/em><\/li>\n<li><em>V\u00fdroba vyhovuje najvy\u0161\u0161\u00edm po\u017eiadavk\u00e1m kvality a\u00a0bezpe\u010dnosti (GMP prax a\u00a0ISO norma )<\/em><\/li>\n<li><em>V\u00fdrobca CBD v\u00fd\u0165a\u017ekov je renomovan\u00e1 americk\u00e1 Folium Biosciences spolo\u010dnos\u0165<\/em><\/li>\n<li><em>CBD \u00fa\u010dinn\u00e1 l\u00e1tka vyr\u00e1ban\u00e1 v\u00a0registrovanej FDA tov\u00e1rni <\/em><\/li>\n<li><em>\u0160etrn\u00e1 CO<sub>2 <\/sub>extrakcia a\u00a0\u010distiace procesy<\/em><\/li>\n<li><em>Ku ka\u017edej v\u00fdrobnej \u0161ar\u017ei sa vyhotov\u00ed laborat\u00f3rny protokol <\/em><\/li>\n<li><em>100 % bez \u0165a\u017ek\u00fdch kovov, chemik\u00e1li\u00ed a\u00a0konzervantov, sladidiel, parab\u00e9nov a\u00a0farb\u00edv <\/em><\/li>\n<li><em>Non GMO, VEG\u00c1NSKY produkt <\/em><\/li>\n<\/ul>\n<p>&nbsp;<\/p>\n<p><strong><em>Pozor!<\/em><\/strong><\/p>\n<p><em>Na\u0161e produkty sa m\u00f4\u017eu pou\u017ei\u0165 iba na \u0161t\u00edtku uveden\u00fdm sp\u00f4sobom. Neodpor\u00fa\u010da sa pre tehotn\u00e9 a\u00a0doj\u010diace \u017eeny. Mimo dosahu det\u00ed. Pou\u017e\u00edvajte obozretne, neprekra\u010dujte odpor\u00fa\u010dan\u00e9 denn\u00e9 d\u00e1vkovanie!\u00a0Skladujte na tmavom chladnom mieste (netreba skladova\u0165 v chladni\u010dke). Do 6 mesiacov od otvorenia treba spotrebova\u0165.<\/em><\/p>\n","protected":false},"excerpt":{"rendered":"<p>USA medical CBD produkty obsahuj\u00fa iba akt\u00edvne l\u00e1tky a nikdy neobsahuj\u00fa \u017eiadne adit\u00edva, chemik\u00e1lie \u010di in\u00e9 ne\u010distoty. Neobsahuje psychoakt\u00edvne l\u00e1tky.<\/p>\n<p>100 % prirodzen\u00e9 CBD olejov\u00e9 kvapky.\u00a0Obsahuje 250 mg CBD, rozpusten\u00e9 v\u00a0konopnom oleji privonan\u00e9 s organick\u00fdm pomaran\u010dov\u00fdm olejom.<\/p>\n<blockquote><p>Koncentr\u00e1cia CBD v na\u0161om 30ml balen\u00ed s obsahom 250mg CBD zodpoved\u00e1 koncentr\u00e1cii 10ml balenia s obsahom <strong>2,5% CBD<\/strong>.<\/p><\/blockquote>\n<ul>\n<li>VEG\u00c1N a Non GMO produkt!<\/li>\n<li>Bez konzervantov, farb\u00edv, parab\u00e9nov, sladidiel a\u00a0umel\u00fdch zlo\u017eiek.<\/li>\n<li><strong>Objem:<\/strong>\u00a030 ml \/ 750 kvapiek<\/li>\n<li><strong>Jednotkov\u00e1 cena: <\/strong>0,07 \u20ac \/ 1 mg CBD<\/li>\n<li><strong>\u00da\u010dinn\u00e1 l\u00e1tka:<\/strong>\u00a0250 mg CBD<\/li>\n<li><strong>1 kvapka CBD:<\/strong>\u00a00.3 mg<\/li>\n<li><strong>Pr\u00edchu\u0165:<\/strong> mierna pr\u00edchu\u0165 konopy privo\u0148an\u00e9 s organick\u00fdm pomaran\u010dov\u00fdm olejom<\/li>\n<li><strong>V\u00fdroba:<\/strong> USA made CBD\u00a0&#8211; Folium Biosciences<\/li>\n<li>Olej na starostlivos\u0165 o\u00a0\u00fastnu dutinu s\u00a0konopn\u00fdm olejom<\/li>\n<li><strong>V\u00fdrobok disponuje registr\u00e1ciou CPNP.<\/strong><\/li>\n<\/ul>\n<p>&nbsp;<\/p>\n<p>USA medical CBD\u00a0s\u00fa vyr\u00e1ban\u00e9 z extraktu konope, ktor\u00fd sa z\u00edskava pomocou CO2 extrakcie bez pou\u017eitia chemick\u00fdch rozp\u00fa\u0161\u0165adiel. Je vyroben\u00fd bez pr\u00edtomnosti \u0165a\u017ek\u00fdch kovov a herbic\u00eddov.<\/p>\n<ul>\n<li>N\u00e1kupom CBD setov z\u00edskate teraz\u00a0<strong>z\u013eavu 10%<\/strong>. Akcia plat\u00ed do vypredania z\u00e1sob.<\/li>\n<\/ul>\n","protected":false},"featured_media":7174,"comment_status":"open","ping_status":"closed","template":"","meta":{"_acf_changed":false},"product_brand":[],"product_cat":[79],"product_tag":[],"class_list":{"0":"post-8778","1":"product","2":"type-product","3":"status-publish","4":"has-post-thumbnail","6":"product_cat-cbd-olej-sety","8":"first","9":"instock","10":"sale","11":"taxable","12":"shipping-taxable","13":"purchasable","14":"product-type-simple"},"acf":[],"yoast_head":"<!-- This site is optimized with the Yoast SEO plugin v26.5 - https:\/\/yoast.com\/wordpress\/plugins\/seo\/ -->\n<title>USA medical Oral Drops 250mg CBD olej | 30 ml x 3 ks - USAmedical.sk<\/title>\n<meta name=\"robots\" content=\"index, follow, max-snippet:-1, max-image-preview:large, max-video-preview:-1\" \/>\n<link rel=\"canonical\" href=\"https:\/\/usamedical.com\/sk\/produkty\/usa-medical-oral-drops250mg-cbd-olej-30-ml-x-3ks\/\" \/>\n<meta property=\"og:locale\" content=\"sk_SK\" \/>\n<meta property=\"og:type\" content=\"article\" \/>\n<meta property=\"og:title\" content=\"USA medical Oral Drops 250mg CBD olej | 30 ml x 3 ks - USAmedical.sk\" \/>\n<meta property=\"og:description\" content=\"USA medical CBD produkty obsahuj\u00fa iba akt\u00edvne l\u00e1tky a nikdy neobsahuj\u00fa \u017eiadne adit\u00edva, chemik\u00e1lie \u010di in\u00e9 ne\u010distoty. Neobsahuje psychoakt\u00edvne l\u00e1tky.  100 % prirodzen\u00e9 CBD olejov\u00e9 kvapky.\u00a0Obsahuje 250 mg CBD, rozpusten\u00e9 v\u00a0konopnom oleji privonan\u00e9 s organick\u00fdm pomaran\u010dov\u00fdm olejom. Koncentr\u00e1cia CBD v na\u0161om 30ml balen\u00ed s obsahom 250mg CBD zodpoved\u00e1 koncentr\u00e1cii 10ml balenia s obsahom 2,5% CBD.   VEG\u00c1N a Non GMO produkt!  Bez konzervantov, farb\u00edv, parab\u00e9nov, sladidiel a\u00a0umel\u00fdch zlo\u017eiek.  Objem:\u00a030 ml \/ 750 kvapiek  Jednotkov\u00e1 cena: 0,07 \u20ac \/ 1 mg CBD  \u00da\u010dinn\u00e1 l\u00e1tka:\u00a0250 mg CBD  1 kvapka CBD:\u00a00.3 mg  Pr\u00edchu\u0165: mierna pr\u00edchu\u0165 konopy privo\u0148an\u00e9 s organick\u00fdm pomaran\u010dov\u00fdm olejom  V\u00fdroba: USA made CBD\u00a0- Folium Biosciences  Olej na starostlivos\u0165 o\u00a0\u00fastnu dutinu s\u00a0konopn\u00fdm olejom  V\u00fdrobok disponuje registr\u00e1ciou CPNP.  &nbsp;  USA medical CBD\u00a0s\u00fa vyr\u00e1ban\u00e9 z extraktu konope, ktor\u00fd sa z\u00edskava pomocou CO2 extrakcie bez pou\u017eitia chemick\u00fdch rozp\u00fa\u0161\u0165adiel. Je vyroben\u00fd bez pr\u00edtomnosti \u0165a\u017ek\u00fdch kovov a herbic\u00eddov.   N\u00e1kupom CBD setov z\u00edskate teraz\u00a0z\u013eavu 10%. Akcia plat\u00ed do vypredania z\u00e1sob.\" \/>\n<meta property=\"og:url\" content=\"https:\/\/usamedical.com\/sk\/produkty\/usa-medical-oral-drops250mg-cbd-olej-30-ml-x-3ks\/\" \/>\n<meta property=\"og:site_name\" content=\"USAmedical.sk\" \/>\n<meta property=\"article:modified_time\" content=\"2022-07-20T20:32:06+00:00\" \/>\n<meta name=\"twitter:card\" content=\"summary_large_image\" \/>\n<meta name=\"twitter:label1\" content=\"Predpokladan\u00fd \u010das \u010d\u00edtania\" \/>\n\t<meta name=\"twitter:data1\" content=\"3 min\u00faty\" \/>\n<script type=\"application\/ld+json\" class=\"yoast-schema-graph\">{\"@context\":\"https:\/\/schema.org\",\"@graph\":[{\"@type\":\"WebPage\",\"@id\":\"https:\/\/usamedical.com\/sk\/produkty\/usa-medical-oral-drops250mg-cbd-olej-30-ml-x-3ks\/\",\"url\":\"https:\/\/usamedical.com\/sk\/produkty\/usa-medical-oral-drops250mg-cbd-olej-30-ml-x-3ks\/\",\"name\":\"USA medical Oral Drops 250mg CBD olej | 30 ml x 3 ks - USAmedical.sk\",\"isPartOf\":{\"@id\":\"https:\/\/usamedical.com\/sk\/#website\"},\"primaryImageOfPage\":{\"@id\":\"https:\/\/usamedical.com\/sk\/produkty\/usa-medical-oral-drops250mg-cbd-olej-30-ml-x-3ks\/#primaryimage\"},\"image\":{\"@id\":\"https:\/\/usamedical.com\/sk\/produkty\/usa-medical-oral-drops250mg-cbd-olej-30-ml-x-3ks\/#primaryimage\"},\"thumbnailUrl\":\"https:\/\/usamedical.com\/sk\/wp-content\/uploads\/2022\/03\/250mg_cbd_olej_premium_trio_2.jpg\",\"datePublished\":\"2022-03-28T07:15:30+00:00\",\"dateModified\":\"2022-07-20T20:32:06+00:00\",\"breadcrumb\":{\"@id\":\"https:\/\/usamedical.com\/sk\/produkty\/usa-medical-oral-drops250mg-cbd-olej-30-ml-x-3ks\/#breadcrumb\"},\"inLanguage\":\"sk-SK\",\"potentialAction\":[{\"@type\":\"ReadAction\",\"target\":[\"https:\/\/usamedical.com\/sk\/produkty\/usa-medical-oral-drops250mg-cbd-olej-30-ml-x-3ks\/\"]}]},{\"@type\":\"ImageObject\",\"inLanguage\":\"sk-SK\",\"@id\":\"https:\/\/usamedical.com\/sk\/produkty\/usa-medical-oral-drops250mg-cbd-olej-30-ml-x-3ks\/#primaryimage\",\"url\":\"https:\/\/usamedical.com\/sk\/wp-content\/uploads\/2022\/03\/250mg_cbd_olej_premium_trio_2.jpg\",\"contentUrl\":\"https:\/\/usamedical.com\/sk\/wp-content\/uploads\/2022\/03\/250mg_cbd_olej_premium_trio_2.jpg\",\"width\":800,\"height\":960},{\"@type\":\"BreadcrumbList\",\"@id\":\"https:\/\/usamedical.com\/sk\/produkty\/usa-medical-oral-drops250mg-cbd-olej-30-ml-x-3ks\/#breadcrumb\",\"itemListElement\":[{\"@type\":\"ListItem\",\"position\":1,\"name\":\"Kezd\u0151lap\",\"item\":\"https:\/\/usamedical.com\/sk\/\"},{\"@type\":\"ListItem\",\"position\":2,\"name\":\"Obchod\",\"item\":\"https:\/\/usamedical.com\/sk\/obchod\/\"},{\"@type\":\"ListItem\",\"position\":3,\"name\":\"USA medical Oral Drops 250mg CBD olej | 30 ml x 3 ks\"}]},{\"@type\":\"WebSite\",\"@id\":\"https:\/\/usamedical.com\/sk\/#website\",\"url\":\"https:\/\/usamedical.com\/sk\/\",\"name\":\"USAmedical.sk\",\"description\":\"e-shop s CBD olejom a kapsulami\",\"publisher\":{\"@id\":\"https:\/\/usamedical.com\/sk\/#organization\"},\"potentialAction\":[{\"@type\":\"SearchAction\",\"target\":{\"@type\":\"EntryPoint\",\"urlTemplate\":\"https:\/\/usamedical.com\/sk\/?s={search_term_string}\"},\"query-input\":{\"@type\":\"PropertyValueSpecification\",\"valueRequired\":true,\"valueName\":\"search_term_string\"}}],\"inLanguage\":\"sk-SK\"},{\"@type\":\"Organization\",\"@id\":\"https:\/\/usamedical.com\/sk\/#organization\",\"name\":\"USAmedical.sk\",\"url\":\"https:\/\/usamedical.com\/sk\/\",\"logo\":{\"@type\":\"ImageObject\",\"inLanguage\":\"sk-SK\",\"@id\":\"https:\/\/usamedical.com\/sk\/#\/schema\/logo\/image\/\",\"url\":\"https:\/\/usamedical.com\/sk\/wp-content\/uploads\/2022\/03\/us_medical_logo.svg\",\"contentUrl\":\"https:\/\/usamedical.com\/sk\/wp-content\/uploads\/2022\/03\/us_medical_logo.svg\",\"width\":233,\"height\":56,\"caption\":\"USAmedical.sk\"},\"image\":{\"@id\":\"https:\/\/usamedical.com\/sk\/#\/schema\/logo\/image\/\"}}]}<\/script>\n<!-- \/ Yoast SEO plugin. -->","yoast_head_json":{"title":"USA medical Oral Drops 250mg CBD olej | 30 ml x 3 ks - USAmedical.sk","robots":{"index":"index","follow":"follow","max-snippet":"max-snippet:-1","max-image-preview":"max-image-preview:large","max-video-preview":"max-video-preview:-1"},"canonical":"https:\/\/usamedical.com\/sk\/produkty\/usa-medical-oral-drops250mg-cbd-olej-30-ml-x-3ks\/","og_locale":"sk_SK","og_type":"article","og_title":"USA medical Oral Drops 250mg CBD olej | 30 ml x 3 ks - USAmedical.sk","og_description":"USA medical CBD produkty obsahuj\u00fa iba akt\u00edvne l\u00e1tky a nikdy neobsahuj\u00fa \u017eiadne adit\u00edva, chemik\u00e1lie \u010di in\u00e9 ne\u010distoty. Neobsahuje psychoakt\u00edvne l\u00e1tky.  100 % prirodzen\u00e9 CBD olejov\u00e9 kvapky.\u00a0Obsahuje 250 mg CBD, rozpusten\u00e9 v\u00a0konopnom oleji privonan\u00e9 s organick\u00fdm pomaran\u010dov\u00fdm olejom. Koncentr\u00e1cia CBD v na\u0161om 30ml balen\u00ed s obsahom 250mg CBD zodpoved\u00e1 koncentr\u00e1cii 10ml balenia s obsahom 2,5% CBD.   VEG\u00c1N a Non GMO produkt!  Bez konzervantov, farb\u00edv, parab\u00e9nov, sladidiel a\u00a0umel\u00fdch zlo\u017eiek.  Objem:\u00a030 ml \/ 750 kvapiek  Jednotkov\u00e1 cena: 0,07 \u20ac \/ 1 mg CBD  \u00da\u010dinn\u00e1 l\u00e1tka:\u00a0250 mg CBD  1 kvapka CBD:\u00a00.3 mg  Pr\u00edchu\u0165: mierna pr\u00edchu\u0165 konopy privo\u0148an\u00e9 s organick\u00fdm pomaran\u010dov\u00fdm olejom  V\u00fdroba: USA made CBD\u00a0- Folium Biosciences  Olej na starostlivos\u0165 o\u00a0\u00fastnu dutinu s\u00a0konopn\u00fdm olejom  V\u00fdrobok disponuje registr\u00e1ciou CPNP.  &nbsp;  USA medical CBD\u00a0s\u00fa vyr\u00e1ban\u00e9 z extraktu konope, ktor\u00fd sa z\u00edskava pomocou CO2 extrakcie bez pou\u017eitia chemick\u00fdch rozp\u00fa\u0161\u0165adiel. Je vyroben\u00fd bez pr\u00edtomnosti \u0165a\u017ek\u00fdch kovov a herbic\u00eddov.   N\u00e1kupom CBD setov z\u00edskate teraz\u00a0z\u013eavu 10%. Akcia plat\u00ed do vypredania z\u00e1sob.","og_url":"https:\/\/usamedical.com\/sk\/produkty\/usa-medical-oral-drops250mg-cbd-olej-30-ml-x-3ks\/","og_site_name":"USAmedical.sk","article_modified_time":"2022-07-20T20:32:06+00:00","twitter_card":"summary_large_image","twitter_misc":{"Predpokladan\u00fd \u010das \u010d\u00edtania":"3 min\u00faty"},"schema":{"@context":"https:\/\/schema.org","@graph":[{"@type":"WebPage","@id":"https:\/\/usamedical.com\/sk\/produkty\/usa-medical-oral-drops250mg-cbd-olej-30-ml-x-3ks\/","url":"https:\/\/usamedical.com\/sk\/produkty\/usa-medical-oral-drops250mg-cbd-olej-30-ml-x-3ks\/","name":"USA medical Oral Drops 250mg CBD olej | 30 ml x 3 ks - USAmedical.sk","isPartOf":{"@id":"https:\/\/usamedical.com\/sk\/#website"},"primaryImageOfPage":{"@id":"https:\/\/usamedical.com\/sk\/produkty\/usa-medical-oral-drops250mg-cbd-olej-30-ml-x-3ks\/#primaryimage"},"image":{"@id":"https:\/\/usamedical.com\/sk\/produkty\/usa-medical-oral-drops250mg-cbd-olej-30-ml-x-3ks\/#primaryimage"},"thumbnailUrl":"https:\/\/usamedical.com\/sk\/wp-content\/uploads\/2022\/03\/250mg_cbd_olej_premium_trio_2.jpg","datePublished":"2022-03-28T07:15:30+00:00","dateModified":"2022-07-20T20:32:06+00:00","breadcrumb":{"@id":"https:\/\/usamedical.com\/sk\/produkty\/usa-medical-oral-drops250mg-cbd-olej-30-ml-x-3ks\/#breadcrumb"},"inLanguage":"sk-SK","potentialAction":[{"@type":"ReadAction","target":["https:\/\/usamedical.com\/sk\/produkty\/usa-medical-oral-drops250mg-cbd-olej-30-ml-x-3ks\/"]}]},{"@type":"ImageObject","inLanguage":"sk-SK","@id":"https:\/\/usamedical.com\/sk\/produkty\/usa-medical-oral-drops250mg-cbd-olej-30-ml-x-3ks\/#primaryimage","url":"https:\/\/usamedical.com\/sk\/wp-content\/uploads\/2022\/03\/250mg_cbd_olej_premium_trio_2.jpg","contentUrl":"https:\/\/usamedical.com\/sk\/wp-content\/uploads\/2022\/03\/250mg_cbd_olej_premium_trio_2.jpg","width":800,"height":960},{"@type":"BreadcrumbList","@id":"https:\/\/usamedical.com\/sk\/produkty\/usa-medical-oral-drops250mg-cbd-olej-30-ml-x-3ks\/#breadcrumb","itemListElement":[{"@type":"ListItem","position":1,"name":"Kezd\u0151lap","item":"https:\/\/usamedical.com\/sk\/"},{"@type":"ListItem","position":2,"name":"Obchod","item":"https:\/\/usamedical.com\/sk\/obchod\/"},{"@type":"ListItem","position":3,"name":"USA medical Oral Drops 250mg CBD olej | 30 ml x 3 ks"}]},{"@type":"WebSite","@id":"https:\/\/usamedical.com\/sk\/#website","url":"https:\/\/usamedical.com\/sk\/","name":"USAmedical.sk","description":"e-shop s CBD olejom a kapsulami","publisher":{"@id":"https:\/\/usamedical.com\/sk\/#organization"},"potentialAction":[{"@type":"SearchAction","target":{"@type":"EntryPoint","urlTemplate":"https:\/\/usamedical.com\/sk\/?s={search_term_string}"},"query-input":{"@type":"PropertyValueSpecification","valueRequired":true,"valueName":"search_term_string"}}],"inLanguage":"sk-SK"},{"@type":"Organization","@id":"https:\/\/usamedical.com\/sk\/#organization","name":"USAmedical.sk","url":"https:\/\/usamedical.com\/sk\/","logo":{"@type":"ImageObject","inLanguage":"sk-SK","@id":"https:\/\/usamedical.com\/sk\/#\/schema\/logo\/image\/","url":"https:\/\/usamedical.com\/sk\/wp-content\/uploads\/2022\/03\/us_medical_logo.svg","contentUrl":"https:\/\/usamedical.com\/sk\/wp-content\/uploads\/2022\/03\/us_medical_logo.svg","width":233,"height":56,"caption":"USAmedical.sk"},"image":{"@id":"https:\/\/usamedical.com\/sk\/#\/schema\/logo\/image\/"}}]}},"_links":{"self":[{"href":"https:\/\/usamedical.com\/sk\/wp-json\/wp\/v2\/product\/8778","targetHints":{"allow":["GET"]}}],"collection":[{"href":"https:\/\/usamedical.com\/sk\/wp-json\/wp\/v2\/product"}],"about":[{"href":"https:\/\/usamedical.com\/sk\/wp-json\/wp\/v2\/types\/product"}],"replies":[{"embeddable":true,"href":"https:\/\/usamedical.com\/sk\/wp-json\/wp\/v2\/comments?post=8778"}],"wp:featuredmedia":[{"embeddable":true,"href":"https:\/\/usamedical.com\/sk\/wp-json\/wp\/v2\/media\/7174"}],"wp:attachment":[{"href":"https:\/\/usamedical.com\/sk\/wp-json\/wp\/v2\/media?parent=8778"}],"wp:term":[{"taxonomy":"product_brand","embeddable":true,"href":"https:\/\/usamedical.com\/sk\/wp-json\/wp\/v2\/product_brand?post=8778"},{"taxonomy":"product_cat","embeddable":true,"href":"https:\/\/usamedical.com\/sk\/wp-json\/wp\/v2\/product_cat?post=8778"},{"taxonomy":"product_tag","embeddable":true,"href":"https:\/\/usamedical.com\/sk\/wp-json\/wp\/v2\/product_tag?post=8778"}],"curies":[{"name":"wp","href":"https:\/\/api.w.org\/{rel}","templated":true}]}}