{"id":8774,"date":"2022-03-28T09:15:29","date_gmt":"2022-03-28T07:15:29","guid":{"rendered":"https:\/\/usamedical.com\/sk\/?post_type=product&#038;p=8774"},"modified":"2023-02-23T07:25:50","modified_gmt":"2023-02-23T06:25:50","slug":"usa-medical-immune-boost-cbd-kapsule-30ks","status":"publish","type":"product","link":"https:\/\/usamedical.com\/sk\/produkty\/usa-medical-immune-boost-cbd-kapsule-30ks\/","title":{"rendered":"USA MEDICAL Immune Boost + CBD kapsule 30ks"},"content":{"rendered":"<p style=\"text-align: justify;\">Vysoko \u010dist\u00fd, \u0161irokospektr\u00e1lny (0,0% THC) CBD extrakt obsahuj\u00faci vitam\u00edn D3 a extrakt zo su\u0161en\u00fdch kvasn\u00edc. \u00da\u010dinn\u00e9 l\u00e1tky s\u00fa vo vegetari\u00e1nskej m\u00e4kk\u00e9 g\u00e9lov\u00e9 kapsulu.<\/p>\n<p style=\"text-align: justify;\"><strong>Podpora spr\u00e1vneho fungovania imunitn\u00e9ho syst\u00e9mu:<\/strong> obsahuje extrakt z konopn\u00e9ho oleja z\u00edskan\u00fd zo 100% organick\u00e9ho konope pestovan\u00e9ho v USA. Extrakt z konopn\u00e9ho oleja sa spracov\u00e1va vysoko pokro\u010dilou technologi\u00ed- pomocou extrakcie CO2.<\/p>\n<p style=\"text-align: justify;\">Immune Boost je navy\u0161e doplnen\u00fd o kvasnicov\u00fd extrakt a vitam\u00edn D3, ktor\u00fd <strong>prispieva k norm\u00e1lu fungovanie imunitn\u00e9ho syst\u00e9mu<\/strong>.<br \/>\nSu\u0161en\u00e9 kvasinky (Saccharomyces cerevisiae) boli pridan\u00e9 do produktu ako \u010fal\u0161\u00ed \u00fa\u010dinn\u00e1 zlo\u017eka. Vyr\u00e1ba sa pr\u00edrodn\u00fdmi fermenta\u010dn\u00fdmi procesmi.<\/p>\n<p style=\"text-align: justify;\">Produkty s\u00fa vyroben\u00e9 pod\u013ea pr\u00edsnych krit\u00e9ri\u00ed &#8211; obsahuj\u00fa CBD najvy\u0161\u0161ej kvality, ale <strong>neobsahuj\u00fa THC<\/strong>.<\/p>\n<p style=\"text-align: justify;\">Pod\u013ea individu\u00e1lnej potreby a zn\u00e1\u0161anlivosti mo\u017eno u\u017e\u00edva\u0165 1 &#8211; 2 mesiace.<\/p>\n<h2 style=\"text-align: justify;\"><span style=\"font-size: 14pt;\"><strong>Konope pestovan\u00e9 v USA<\/strong><\/span><\/h2>\n<p style=\"text-align: justify;\">Z r\u00f4znych dostupn\u00fdch v\u00fdrobkov na trhu s obsahom konopn\u00e9ho oleja, je v s\u00fa\u010dasnosti po v\u0161etk\u00fdch str\u00e1nkach\u00a0 najmodernej\u0161\u00edm pr\u00e1ve extrakt z produkcie <strong>spolo\u010dnosti USA Medical<\/strong>. Tento produkt je navy\u0161e <strong>podroben\u00fd anal\u00fdzam a v\u00fdskumom<\/strong> vykon\u00e1van\u00fdm tre\u0165ou stranou v akreditovanom laborat\u00f3riu s cie\u013eom neust\u00e1leho testovania kvality, \u010distoty a \u00fa\u010dinnosti tohto pr\u00edpravku.<\/p>\n<p style=\"text-align: justify;\">Absorp\u010dn\u00e1 schopnos\u0165 kaps\u00fal vyroben\u00fdch pomocou licencovanej v\u00fdrobnej technol\u00f3gie m\u00f4\u017ee by\u0165 <strong>v\u00fdrazne \u00fa\u010dinnej\u0161ia<\/strong>, ako vstreb\u00e1vacia schopnos\u0165 tradi\u010dn\u00fdch pr\u00edpravkov. Okrem v\u00fdrobn\u00fdch proced\u00far, na ktor\u00e9 kladieme mimoriadne vysok\u00e9 n\u00e1roky, \u0161pi\u010dkov\u00fa akos\u0165 pr\u00edpravku zais\u0165uje aj to, \u017ee v\u00fdrobok <strong>poch\u00e1dza z organick\u00e9ho konope vynikaj\u00facej kvality<\/strong> pestovan\u00e9ho na \u00fazem\u00ed Ameriky, kde s\u00fa podmienky optim\u00e1lne.<\/p>\n<p style=\"text-align: justify;\">Produkty, jednej z najv\u00e4\u010d\u0161\u00edch firiem na svete produkuj\u00facich <span style=\"text-decoration: underline;\"><strong><a href=\"\/cbd-produkty\/\">CBD produkty<\/a><\/strong><\/span>, s\u00fa distribuovan\u00e9 aj do na\u0161ej krajiny a tu si ich m\u00f4\u017eme leg\u00e1lne zadov\u00e1\u017ei\u0165. Vzh\u013eadom k tomu, \u017ee tieto pr\u00edpravky s\u00fa distribuovan\u00e9 v<strong> s\u00falade so v\u0161etk\u00fdmi platn\u00fdmi pr\u00e1vnymi normat\u00edvy a vyhl\u00e1\u0161kami. <\/strong>Navy\u0161e s\u00fa \u010d\u00edm \u010falej popul\u00e1rnej\u0161ie a mnoh\u00ed konzumenti sa u\u017e presved\u010dili o ich mimoriadnej kvalite. Liek je ur\u010den\u00fd t\u00fdm, ktor\u00fdm je vlastn\u00e9 zdravie prvorad\u00e9.<\/p>\n<p style=\"text-align: justify;\"><strong>CBD poch\u00e1dzaj\u00face z Ameriky, je vyr\u00e1ban\u00e9 v\u00fdhradne z organick\u00e9ho konope.<\/strong><\/p>\n<p style=\"text-align: justify;\">Ka\u017ed\u00fd produkt zo skupiny vysoko kvalitn\u00fdch doplnkov stravy s CBD obsahuje \u0161irokospektr\u00e1lne a vysoko \u010dist\u00fd konopn\u00fd extrakt poch\u00e1dzaj\u00faci z organicky pestovan\u00e9ho konope. Pri v\u00fdrobe sa pou\u017e\u00edva najmodernej\u0161ie proces extrakcie a \u010distenia. Ten zabezpe\u010duje, \u017ee na\u0161e v\u00fdrobky obsahuj\u00fa synergick\u00e9 zl\u00fa\u010deniny (fytocannabionidy, terp\u00e9ny, flavonoidy, steroly). V\u0161etky tieto l\u00e1tky maj\u00fa vysok\u00fa biologick\u00fa aktivitu a p\u00f4sobia spolo\u010dne.<\/p>\n<p style=\"text-align: justify;\"><strong>Obsah THC v Immune Boost je nulov\u00fd.<\/strong><\/p>\n<p style=\"text-align: justify;\">Kvalita na\u0161ich v\u00fdrobkov je pravidelne overovan\u00e1 laborat\u00f3rnymi anal\u00fdzami, tak\u017ee si m\u00f4\u017eete by\u0165 naozaj ist\u00ed, \u017ee konzumujete produkty bez zak\u00e1zan\u00fdch chemik\u00e1li\u00ed a kontaminantov a so zaru\u010den\u00fdm obsahom \u00fa\u010dinn\u00fdch l\u00e1tok. Na\u0161e v\u00fdrobky s\u00fa vyr\u00e1ban\u00e9 v pr\u00e9miovej kvalite pod pr\u00edsnou kontrolou kvality.<\/p>\n<p style=\"text-align: justify;\"><strong><span style=\"text-decoration: underline;\">D\u00e1vkovanie Immune Boost + CBD kapsule vo forme kaps\u00fal, 1 kapsula ~ 10 mg + Vitam\u00edn D3 2480 IU + Su\u0161en\u00fd kvasnicov\u00fd kvas 250 mg<\/span><\/strong><\/p>\n<p style=\"text-align: justify;\">Odpor\u00fa\u010dan\u00e9 d\u00e1vkovanie: Odpor\u00fa\u010da sa u\u017e\u00edva\u0165 1 kapsulu denne.<\/p>\n<h2 style=\"text-align: justify;\">Sp\u00f4sob pod\u00e1vania<\/h2>\n<p style=\"text-align: justify;\"><strong>Vn\u00fatorn\u00e9 aplik\u00e1cie:<\/strong><\/p>\n<p style=\"text-align: justify;\">Kapsulu CBD pred, po jedle alebo s jedlom prehltn\u00fa\u0165 a zapi\u0165 vodou. Vhodn\u00fd v\u00fdber pre t\u00fdch, ktor\u00fdm sa osved\u010dilo mno\u017estvo okolo 10 mg \/ denne a nechc\u00fa po\u010d\u00edta\u0165 kvapky a pova\u017euj\u00fa za komfortnej\u0161ie kapsulu prehltn\u00fa\u0165.<\/p>\n<p style=\"text-align: justify;\"><strong>Zlo\u017eenie:<\/strong> organick\u00fd kokosov\u00fd olej, su\u0161en\u00e9 kvasinky, CBD olej zo \u0161irok\u00e9ho spektra (0,0% THC), v\u010del\u00ed vosk (le\u0161tiaca l\u00e1tka), slne\u010dnicov\u00fd lecit\u00edn (emulg\u00e1tor), vitam\u00edn D3 (cholekalciferol), obal kapsuly: modifikovan\u00fd kukuri\u010dn\u00fd \u0161krob, glycer\u00edn ( zvlh\u010duj\u00faca l\u00e1tka), karag\u00e9nan (stabiliz\u00e1tor), sorbitol. (Stabiliz\u00e1tor)<\/p>\n<p style=\"text-align: justify;\"><strong>Pozor:<\/strong> V\u00fdrobok nenahr\u00e1dza vyv\u00e1\u017een\u00fa zmie\u0161an\u00fa stravu a zdrav\u00fd \u017eivotn\u00fd \u0161t\u00fdl. Na\u0161e v\u00fdrobky sa m\u00f4\u017eu d\u00e1vkova\u0165 a pou\u017e\u00edva\u0165 iba sp\u00f4sobom uveden\u00fdm na \u0161t\u00edtku. Nepou\u017e\u00edvajte, ak ste tehotn\u00e1 alebo doj\u010d\u00edte. Ak m\u00e1te z\u00e1va\u017en\u00e9 ochorenie alebo u\u017e\u00edvate lieky na predpis, pred pou\u017eit\u00edm sa pora\u010fte s lek\u00e1rom, aby sa zabr\u00e1nilo mo\u017en\u00fdm liekov\u00fdm interakci\u00e1m.<\/p>\n<p style=\"text-align: justify;\"><strong>V\u0161etky na\u0161e produkty s\u00fa testovan\u00e9 v \u010desk\u00fdch akreditovan\u00fdch laborat\u00f3ri\u00e1ch.<\/strong><\/p>\n","protected":false},"excerpt":{"rendered":"<p>Immune Boost + CBD je vyroben\u00e9 v jedine\u010dnom zlo\u017een\u00ed s kombin\u00e1ciou pr\u00edrodn\u00e9 kvasinkov\u00e9 ferment\u00e1cie, konopn\u00e9ho extraktu a vitam\u00ednu D3, plnen\u00e9 do vegetari\u00e1nske m\u00e4kkej g\u00e9lovej kapsuly.<\/p>\n<p><strong>Immune Boost prin\u00e1\u0161a skvel\u00e9 zdravotn\u00e9 benefity:<\/strong><\/p>\n<ul>\n<li>Vitam\u00edn D a olej z konope siateho s obsahom CBD tvoria skvel\u00fa kombin\u00e1ciu.<\/li>\n<li>Vitam\u00edn D napom\u00e1ha udr\u017eiava\u0165 s<strong>pr\u00e1vnu imunitu a norm\u00e1lny stav kost\u00ed, svalov a zubov<\/strong>.<\/li>\n<li>Olej z konope siateho s <strong>CBD podporuje kardiovaskul\u00e1rnu s\u00fastavu a imunitn\u00fd syst\u00e9m<\/strong>.<\/li>\n<\/ul>\n<p>Pr\u00edpravok je dimenzovan\u00fd tak, aby bolo \u010do najviac efekt\u00edvny a jednotliv\u00e9 d\u00e1vky sa v \u0148om vz\u00e1jomne podporovali.<\/p>\n<p style=\"text-align: justify;\"><strong>Balenie<\/strong>: 30 ks kaps\u00fal CBD<\/p>\n<p style=\"text-align: justify;\"><strong>1 kapsula<\/strong>: 10 mg CBD + Vitamin D3 (cholekalciferol) 62 mcg \u2013 2480 IU (RVH = 1240%) + Su\u0161en\u00fd kvasnicov\u00fd kvas 250 mg<\/p>\n<p style=\"text-align: justify;\"><strong>Jednotkov\u00e1 cena<\/strong>: 0,13\u20ac \/ 1 mg CBD<\/p>\n<p style=\"text-align: justify;\"><strong>Pr\u00edchu\u0165<\/strong>: neutr\u00e1lna<\/p>\n<p style=\"text-align: justify;\"><strong>V\u00fdrobca<\/strong>: Folium Biosciences USA<\/p>\n<p style=\"text-align: justify;\"><strong>\u00da\u010dinn\u00e1 zlo\u017eka:<\/strong>\u00a0300 mg CBD +\u00a0Vitamin D3 +\u00a0Su\u0161en\u00fd kvasnicov\u00fd kvas<br \/>\n<strong>THC: 0%<\/strong><\/p>\n<blockquote><p><b>CBD Kapsule na webovej str\u00e1nke s\u00fa publikovan\u00e9 len informat\u00edvnym \u00fa\u010delom. \u00a0Pre n\u00e1kup CBD olejov pros\u00edm <a href=\"https:\/\/usamedical.com\/sk\/cbd-produkty\/\">kliknite sem.<\/a><\/b><\/p>\n<p><b>\u010eakujeme<\/b><\/p><\/blockquote>\n","protected":false},"featured_media":7160,"comment_status":"open","ping_status":"closed","template":"","meta":{"_acf_changed":false},"product_brand":[],"product_cat":[77],"product_tag":[],"class_list":{"0":"post-8774","1":"product","2":"type-product","3":"status-publish","4":"has-post-thumbnail","6":"product_cat-cbd-kapsule","8":"first","9":"outofstock","10":"taxable","11":"shipping-taxable","12":"purchasable","13":"product-type-simple"},"acf":[],"yoast_head":"<!-- This site is optimized with the Yoast SEO plugin v26.5 - https:\/\/yoast.com\/wordpress\/plugins\/seo\/ -->\n<title>USA MEDICAL Immune Boost CBD kapsule pre PODPORU IMUNITY<\/title>\n<meta name=\"description\" content=\"Immune Boost CBD kapsule Pom\u00e1ha udr\u017eiava\u0165 imunitn\u00fd syst\u00e9m v kond\u00edcii v\u010faka obsahu konopn\u00e9ho oleja a extraktu s obsahom kanabinoidov.\" \/>\n<meta name=\"robots\" content=\"index, follow, max-snippet:-1, max-image-preview:large, max-video-preview:-1\" \/>\n<link rel=\"canonical\" href=\"https:\/\/usamedical.com\/sk\/produkty\/usa-medical-immune-boost-cbd-kapsule-30ks\/\" \/>\n<meta property=\"og:locale\" content=\"sk_SK\" \/>\n<meta property=\"og:type\" content=\"article\" \/>\n<meta property=\"og:title\" content=\"USA MEDICAL Immune Boost CBD kapsule pre PODPORU IMUNITY\" \/>\n<meta property=\"og:description\" content=\"Immune Boost CBD kapsule Pom\u00e1ha udr\u017eiava\u0165 imunitn\u00fd syst\u00e9m v kond\u00edcii v\u010faka obsahu konopn\u00e9ho oleja a extraktu s obsahom kanabinoidov.\" \/>\n<meta property=\"og:url\" content=\"https:\/\/usamedical.com\/sk\/produkty\/usa-medical-immune-boost-cbd-kapsule-30ks\/\" \/>\n<meta property=\"og:site_name\" content=\"USAmedical.sk\" \/>\n<meta property=\"article:modified_time\" content=\"2023-02-23T06:25:50+00:00\" \/>\n<meta name=\"twitter:card\" content=\"summary_large_image\" \/>\n<meta name=\"twitter:label1\" content=\"Predpokladan\u00fd \u010das \u010d\u00edtania\" \/>\n\t<meta name=\"twitter:data1\" content=\"3 min\u00faty\" \/>\n<script type=\"application\/ld+json\" class=\"yoast-schema-graph\">{\"@context\":\"https:\/\/schema.org\",\"@graph\":[{\"@type\":\"WebPage\",\"@id\":\"https:\/\/usamedical.com\/sk\/produkty\/usa-medical-immune-boost-cbd-kapsule-30ks\/\",\"url\":\"https:\/\/usamedical.com\/sk\/produkty\/usa-medical-immune-boost-cbd-kapsule-30ks\/\",\"name\":\"USA MEDICAL Immune Boost CBD kapsule pre PODPORU IMUNITY\",\"isPartOf\":{\"@id\":\"https:\/\/usamedical.com\/sk\/#website\"},\"primaryImageOfPage\":{\"@id\":\"https:\/\/usamedical.com\/sk\/produkty\/usa-medical-immune-boost-cbd-kapsule-30ks\/#primaryimage\"},\"image\":{\"@id\":\"https:\/\/usamedical.com\/sk\/produkty\/usa-medical-immune-boost-cbd-kapsule-30ks\/#primaryimage\"},\"thumbnailUrl\":\"https:\/\/usamedical.com\/sk\/wp-content\/uploads\/2022\/03\/usa-medical-immune-boost-cbd.jpg\",\"datePublished\":\"2022-03-28T07:15:29+00:00\",\"dateModified\":\"2023-02-23T06:25:50+00:00\",\"description\":\"Immune Boost CBD kapsule Pom\u00e1ha udr\u017eiava\u0165 imunitn\u00fd syst\u00e9m v kond\u00edcii v\u010faka obsahu konopn\u00e9ho oleja a extraktu s obsahom kanabinoidov.\",\"breadcrumb\":{\"@id\":\"https:\/\/usamedical.com\/sk\/produkty\/usa-medical-immune-boost-cbd-kapsule-30ks\/#breadcrumb\"},\"inLanguage\":\"sk-SK\",\"potentialAction\":[{\"@type\":\"ReadAction\",\"target\":[\"https:\/\/usamedical.com\/sk\/produkty\/usa-medical-immune-boost-cbd-kapsule-30ks\/\"]}]},{\"@type\":\"ImageObject\",\"inLanguage\":\"sk-SK\",\"@id\":\"https:\/\/usamedical.com\/sk\/produkty\/usa-medical-immune-boost-cbd-kapsule-30ks\/#primaryimage\",\"url\":\"https:\/\/usamedical.com\/sk\/wp-content\/uploads\/2022\/03\/usa-medical-immune-boost-cbd.jpg\",\"contentUrl\":\"https:\/\/usamedical.com\/sk\/wp-content\/uploads\/2022\/03\/usa-medical-immune-boost-cbd.jpg\",\"width\":600,\"height\":900},{\"@type\":\"BreadcrumbList\",\"@id\":\"https:\/\/usamedical.com\/sk\/produkty\/usa-medical-immune-boost-cbd-kapsule-30ks\/#breadcrumb\",\"itemListElement\":[{\"@type\":\"ListItem\",\"position\":1,\"name\":\"Kezd\u0151lap\",\"item\":\"https:\/\/usamedical.com\/sk\/\"},{\"@type\":\"ListItem\",\"position\":2,\"name\":\"Obchod\",\"item\":\"https:\/\/usamedical.com\/sk\/obchod\/\"},{\"@type\":\"ListItem\",\"position\":3,\"name\":\"USA MEDICAL Immune Boost + CBD kapsule 30ks\"}]},{\"@type\":\"WebSite\",\"@id\":\"https:\/\/usamedical.com\/sk\/#website\",\"url\":\"https:\/\/usamedical.com\/sk\/\",\"name\":\"USAmedical.sk\",\"description\":\"e-shop s CBD olejom a kapsulami\",\"publisher\":{\"@id\":\"https:\/\/usamedical.com\/sk\/#organization\"},\"potentialAction\":[{\"@type\":\"SearchAction\",\"target\":{\"@type\":\"EntryPoint\",\"urlTemplate\":\"https:\/\/usamedical.com\/sk\/?s={search_term_string}\"},\"query-input\":{\"@type\":\"PropertyValueSpecification\",\"valueRequired\":true,\"valueName\":\"search_term_string\"}}],\"inLanguage\":\"sk-SK\"},{\"@type\":\"Organization\",\"@id\":\"https:\/\/usamedical.com\/sk\/#organization\",\"name\":\"USAmedical.sk\",\"url\":\"https:\/\/usamedical.com\/sk\/\",\"logo\":{\"@type\":\"ImageObject\",\"inLanguage\":\"sk-SK\",\"@id\":\"https:\/\/usamedical.com\/sk\/#\/schema\/logo\/image\/\",\"url\":\"https:\/\/usamedical.com\/sk\/wp-content\/uploads\/2022\/03\/us_medical_logo.svg\",\"contentUrl\":\"https:\/\/usamedical.com\/sk\/wp-content\/uploads\/2022\/03\/us_medical_logo.svg\",\"width\":233,\"height\":56,\"caption\":\"USAmedical.sk\"},\"image\":{\"@id\":\"https:\/\/usamedical.com\/sk\/#\/schema\/logo\/image\/\"}}]}<\/script>\n<!-- \/ Yoast SEO plugin. -->","yoast_head_json":{"title":"USA MEDICAL Immune Boost CBD kapsule pre PODPORU IMUNITY","description":"Immune Boost CBD kapsule Pom\u00e1ha udr\u017eiava\u0165 imunitn\u00fd syst\u00e9m v kond\u00edcii v\u010faka obsahu konopn\u00e9ho oleja a extraktu s obsahom kanabinoidov.","robots":{"index":"index","follow":"follow","max-snippet":"max-snippet:-1","max-image-preview":"max-image-preview:large","max-video-preview":"max-video-preview:-1"},"canonical":"https:\/\/usamedical.com\/sk\/produkty\/usa-medical-immune-boost-cbd-kapsule-30ks\/","og_locale":"sk_SK","og_type":"article","og_title":"USA MEDICAL Immune Boost CBD kapsule pre PODPORU IMUNITY","og_description":"Immune Boost CBD kapsule Pom\u00e1ha udr\u017eiava\u0165 imunitn\u00fd syst\u00e9m v kond\u00edcii v\u010faka obsahu konopn\u00e9ho oleja a extraktu s obsahom kanabinoidov.","og_url":"https:\/\/usamedical.com\/sk\/produkty\/usa-medical-immune-boost-cbd-kapsule-30ks\/","og_site_name":"USAmedical.sk","article_modified_time":"2023-02-23T06:25:50+00:00","twitter_card":"summary_large_image","twitter_misc":{"Predpokladan\u00fd \u010das \u010d\u00edtania":"3 min\u00faty"},"schema":{"@context":"https:\/\/schema.org","@graph":[{"@type":"WebPage","@id":"https:\/\/usamedical.com\/sk\/produkty\/usa-medical-immune-boost-cbd-kapsule-30ks\/","url":"https:\/\/usamedical.com\/sk\/produkty\/usa-medical-immune-boost-cbd-kapsule-30ks\/","name":"USA MEDICAL Immune Boost CBD kapsule pre PODPORU IMUNITY","isPartOf":{"@id":"https:\/\/usamedical.com\/sk\/#website"},"primaryImageOfPage":{"@id":"https:\/\/usamedical.com\/sk\/produkty\/usa-medical-immune-boost-cbd-kapsule-30ks\/#primaryimage"},"image":{"@id":"https:\/\/usamedical.com\/sk\/produkty\/usa-medical-immune-boost-cbd-kapsule-30ks\/#primaryimage"},"thumbnailUrl":"https:\/\/usamedical.com\/sk\/wp-content\/uploads\/2022\/03\/usa-medical-immune-boost-cbd.jpg","datePublished":"2022-03-28T07:15:29+00:00","dateModified":"2023-02-23T06:25:50+00:00","description":"Immune Boost CBD kapsule Pom\u00e1ha udr\u017eiava\u0165 imunitn\u00fd syst\u00e9m v kond\u00edcii v\u010faka obsahu konopn\u00e9ho oleja a extraktu s obsahom kanabinoidov.","breadcrumb":{"@id":"https:\/\/usamedical.com\/sk\/produkty\/usa-medical-immune-boost-cbd-kapsule-30ks\/#breadcrumb"},"inLanguage":"sk-SK","potentialAction":[{"@type":"ReadAction","target":["https:\/\/usamedical.com\/sk\/produkty\/usa-medical-immune-boost-cbd-kapsule-30ks\/"]}]},{"@type":"ImageObject","inLanguage":"sk-SK","@id":"https:\/\/usamedical.com\/sk\/produkty\/usa-medical-immune-boost-cbd-kapsule-30ks\/#primaryimage","url":"https:\/\/usamedical.com\/sk\/wp-content\/uploads\/2022\/03\/usa-medical-immune-boost-cbd.jpg","contentUrl":"https:\/\/usamedical.com\/sk\/wp-content\/uploads\/2022\/03\/usa-medical-immune-boost-cbd.jpg","width":600,"height":900},{"@type":"BreadcrumbList","@id":"https:\/\/usamedical.com\/sk\/produkty\/usa-medical-immune-boost-cbd-kapsule-30ks\/#breadcrumb","itemListElement":[{"@type":"ListItem","position":1,"name":"Kezd\u0151lap","item":"https:\/\/usamedical.com\/sk\/"},{"@type":"ListItem","position":2,"name":"Obchod","item":"https:\/\/usamedical.com\/sk\/obchod\/"},{"@type":"ListItem","position":3,"name":"USA MEDICAL Immune Boost + CBD kapsule 30ks"}]},{"@type":"WebSite","@id":"https:\/\/usamedical.com\/sk\/#website","url":"https:\/\/usamedical.com\/sk\/","name":"USAmedical.sk","description":"e-shop s CBD olejom a kapsulami","publisher":{"@id":"https:\/\/usamedical.com\/sk\/#organization"},"potentialAction":[{"@type":"SearchAction","target":{"@type":"EntryPoint","urlTemplate":"https:\/\/usamedical.com\/sk\/?s={search_term_string}"},"query-input":{"@type":"PropertyValueSpecification","valueRequired":true,"valueName":"search_term_string"}}],"inLanguage":"sk-SK"},{"@type":"Organization","@id":"https:\/\/usamedical.com\/sk\/#organization","name":"USAmedical.sk","url":"https:\/\/usamedical.com\/sk\/","logo":{"@type":"ImageObject","inLanguage":"sk-SK","@id":"https:\/\/usamedical.com\/sk\/#\/schema\/logo\/image\/","url":"https:\/\/usamedical.com\/sk\/wp-content\/uploads\/2022\/03\/us_medical_logo.svg","contentUrl":"https:\/\/usamedical.com\/sk\/wp-content\/uploads\/2022\/03\/us_medical_logo.svg","width":233,"height":56,"caption":"USAmedical.sk"},"image":{"@id":"https:\/\/usamedical.com\/sk\/#\/schema\/logo\/image\/"}}]}},"_links":{"self":[{"href":"https:\/\/usamedical.com\/sk\/wp-json\/wp\/v2\/product\/8774","targetHints":{"allow":["GET"]}}],"collection":[{"href":"https:\/\/usamedical.com\/sk\/wp-json\/wp\/v2\/product"}],"about":[{"href":"https:\/\/usamedical.com\/sk\/wp-json\/wp\/v2\/types\/product"}],"replies":[{"embeddable":true,"href":"https:\/\/usamedical.com\/sk\/wp-json\/wp\/v2\/comments?post=8774"}],"wp:featuredmedia":[{"embeddable":true,"href":"https:\/\/usamedical.com\/sk\/wp-json\/wp\/v2\/media\/7160"}],"wp:attachment":[{"href":"https:\/\/usamedical.com\/sk\/wp-json\/wp\/v2\/media?parent=8774"}],"wp:term":[{"taxonomy":"product_brand","embeddable":true,"href":"https:\/\/usamedical.com\/sk\/wp-json\/wp\/v2\/product_brand?post=8774"},{"taxonomy":"product_cat","embeddable":true,"href":"https:\/\/usamedical.com\/sk\/wp-json\/wp\/v2\/product_cat?post=8774"},{"taxonomy":"product_tag","embeddable":true,"href":"https:\/\/usamedical.com\/sk\/wp-json\/wp\/v2\/product_tag?post=8774"}],"curies":[{"name":"wp","href":"https:\/\/api.w.org\/{rel}","templated":true}]}}