{"id":8767,"date":"2022-03-28T09:15:28","date_gmt":"2022-03-28T07:15:28","guid":{"rendered":"https:\/\/usamedical.com\/sk\/?post_type=product&#038;p=8767"},"modified":"2025-10-09T17:55:33","modified_gmt":"2025-10-09T15:55:33","slug":"ultra-joint-flex-kapsule-60ks-usa-medical","status":"publish","type":"product","link":"https:\/\/usamedical.com\/sk\/produkty\/ultra-joint-flex-kapsule-60ks-usa-medical\/","title":{"rendered":"USA medical ULTRA Joint Flex<br\/>kapsule | 60ks"},"content":{"rendered":"<p>USA MEDICAL ULTRA Joint Flex kapsule s\u00fa\u00a0vysoko \u00fa\u010dinne kapsule\u00a0GLUCOSAMINE a chondroit\u00edn sulphate s kurkumov\u00fdm extraktom.<\/p>\n<p>Kapsule prirodzene\u00a0podporuj\u00fa pohyblivos\u0165 k\u013abov.\u00a0Ultra Joint Flex sa\u00a0pou\u017e\u00edvaj\u00fa na zn\u00ed\u017eenie nepr\u00edjemn\u00fdch pr\u00edznakov sp\u00f4soben\u00fdch \u0161portom\u00a0alebo probl\u00e9my s k\u013abmi spojen\u00fdmi s vekom a nap\u00e4t\u00fdmi po\u0161koden\u00fdmi k\u013abmi. Jeho hlavn\u00e9 zlo\u017eky s\u00fa samy o sebe vynikaj\u00face a spolo\u010dne\u00a0podporuj\u00fa zdrav\u00e9 fungovanie k\u013abov\u00a0z nieko\u013ek\u00fdch str\u00e1n.<\/p>\n<p><strong>Pribl\u00ed\u017eme si ich:<\/strong><\/p>\n<p>\u203a\u00a0Glukosam\u00edn: podporuje regener\u00e1ciu vy\u010derpanej, po\u0161kodenej chrupavky.<\/p>\n<p>\u203a\u00a0Chondroit\u00edn: poskytuje priazniv\u00fa podporu na regener\u00e1ciu opotrebovanej a po\u0161kodenej chrupavky, pom\u00e1ha\u00a0 chrupavke vykon\u00e1va\u0165 spr\u00e1vny pohyb a obnovuje jej pru\u017enos\u0165.<\/p>\n<p><strong>\u203a\u00a0<\/strong>Boswellia: m\u00e1 \u00falohu pri zni\u017eovan\u00ed z\u00e1palov\u00fdch procesov.<\/p>\n<p>\u203a\u00a0Kurkuma: v\u010faka jej vysok\u00e9mu obsahu \u017eiv\u00edn pom\u00e1ha udr\u017eiava\u0165 pru\u017enos\u0165 k\u013abovej chrupavky.<\/p>\n<h3>K \u010domu s\u00fa USA MEDICAL ULTRA Joint Flex kapsule prospe\u0161n\u00e9?<\/h3>\n<p>\u2022 zni\u017euj\u00fa k\u013abov\u00e9 probl\u00e9my s\u00favisiace s vekom<br \/>\n\u2022 protiz\u00e1palov\u00e9<br \/>\n\u2022 podporuj\u00fa mobilitu<br \/>\n\u2022 pom\u00e1haj\u00fa regenerova\u0165 po\u0161koden\u00fa chrupavku<br \/>\n\u2022 prispievaj\u00fa k zdravej funkcii k\u013abov<br \/>\n\u2022 poskytuj\u00fa podporu pri udr\u017eiavan\u00ed flexibility k\u013abov<\/p>\n<p><strong>D\u00e1vkovanie:<\/strong><\/p>\n<p>Pre dosiahnutie najlep\u0161\u00edch v\u00fdsledkov u\u017e\u00edvajte 3 x 1 kapsuly denne pred jedlom. Pre r\u00fdchlej\u0161iu \u00fa\u013eavu sa na za\u010diatku prv\u00fdch 2 t\u00fd\u017ed\u0148ov u\u017e\u00edvania odpor\u00fa\u010da po\u010diato\u010dn\u00e1 d\u00e1vka 3 x 2 kapsuly denne.<\/p>\n<p><strong>Upozornenie:<\/strong><\/p>\n<p>Neprekra\u010dujte odpor\u00fa\u010dan\u00e9 d\u00e1vkovanie! Ak u\u017e\u00edvate lieky, konzultujte u\u017e\u00edvanie tohto lieku s lek\u00e1rom \u010di lek\u00e1rnikom pre nebezpe\u010denstvo vz\u00e1jomn\u00fdch interakci\u00ed! Pr\u00edpravok nie je vhodn\u00fd pre tehotn\u00e9 a doj\u010diace \u017eeny a nie je ur\u010den\u00fd pre deti do 6 rokov.<\/p>\n","protected":false},"excerpt":{"rendered":"<h2>Doplnok stravy na podporu kost\u00ed a k\u013abov<\/h2>\n<p>Kapsule Ultra Joint Flex s\u00fa pr\u00edpravkom pr\u00e9miovej kvality pre v\u00e1\u0161 pohybov\u00fd apar\u00e1t. Extrakt z kadidlovn\u00edka blahod\u00e1rne p\u00f4sob\u00ed na zdrav\u00fd stav k\u013abov a kost\u00ed. Navy\u0161e, osabuje glukosam\u00edn sulf\u00e1t z morsk\u00fdch mu\u0161l\u00ed a chondroit\u00edn sulf\u00e1t, ktor\u00e9\u00a0podporuj\u00fa zdrav\u00e9 fungovanie k\u013abov\u00a0a to v\u0161etko v prvotriednej \u010distote a kvalite!<\/p>\n<p>Doplnok stravy balenie\u00a0po 60 ks\u00a0v uzavret\u00fdch kapsul\u00e1ch.<\/p>\n<p><strong>Balenie:<\/strong> 60 ks kaps\u00fal<\/p>\n<p><strong>\u00da\u010dinn\u00e1 zlo\u017eka:<\/strong> Glukosam\u00edn, chondroit\u00edn a kurkuma<\/p>\n","protected":false},"featured_media":13742,"comment_status":"open","ping_status":"closed","template":"","meta":{"_acf_changed":false},"product_brand":[],"product_cat":[75,74],"product_tag":[],"class_list":{"0":"post-8767","1":"product","2":"type-product","3":"status-publish","4":"has-post-thumbnail","6":"product_cat-kost-a-chrupavka","7":"product_cat-premiove-vyzivove-doplnky","9":"first","10":"instock","11":"taxable","12":"shipping-taxable","13":"purchasable","14":"product-type-simple"},"acf":[],"yoast_head":"<!-- This site is optimized with the Yoast SEO plugin v26.5 - https:\/\/yoast.com\/wordpress\/plugins\/seo\/ -->\n<title>USA medical ULTRA Joint Flexkapsule | 60ks - USAmedical.sk<\/title>\n<meta name=\"robots\" content=\"index, follow, max-snippet:-1, max-image-preview:large, max-video-preview:-1\" \/>\n<link rel=\"canonical\" href=\"https:\/\/usamedical.com\/sk\/produkty\/ultra-joint-flex-kapsule-60ks-usa-medical\/\" \/>\n<meta property=\"og:locale\" content=\"sk_SK\" \/>\n<meta property=\"og:type\" content=\"article\" \/>\n<meta property=\"og:title\" content=\"USA medical ULTRA Joint Flexkapsule | 60ks - USAmedical.sk\" \/>\n<meta property=\"og:description\" content=\"Doplnok stravy na podporu kost\u00ed a k\u013abov Kapsule Ultra Joint Flex s\u00fa pr\u00edpravkom pr\u00e9miovej kvality pre v\u00e1\u0161 pohybov\u00fd apar\u00e1t. Extrakt z kadidlovn\u00edka blahod\u00e1rne p\u00f4sob\u00ed na zdrav\u00fd stav k\u013abov a kost\u00ed. Navy\u0161e, osabuje glukosam\u00edn sulf\u00e1t z morsk\u00fdch mu\u0161l\u00ed a chondroit\u00edn sulf\u00e1t, ktor\u00e9\u00a0podporuj\u00fa zdrav\u00e9 fungovanie k\u013abov\u00a0a to v\u0161etko v prvotriednej \u010distote a kvalite!  Doplnok stravy balenie\u00a0po 60 ks\u00a0v uzavret\u00fdch kapsul\u00e1ch.  Balenie: 60 ks kaps\u00fal  \u00da\u010dinn\u00e1 zlo\u017eka: Glukosam\u00edn, chondroit\u00edn a kurkuma\" \/>\n<meta property=\"og:url\" content=\"https:\/\/usamedical.com\/sk\/produkty\/ultra-joint-flex-kapsule-60ks-usa-medical\/\" \/>\n<meta property=\"og:site_name\" content=\"USAmedical.sk\" \/>\n<meta property=\"article:modified_time\" content=\"2025-10-09T15:55:33+00:00\" \/>\n<meta name=\"twitter:card\" content=\"summary_large_image\" \/>\n<meta name=\"twitter:label1\" content=\"Predpokladan\u00fd \u010das \u010d\u00edtania\" \/>\n\t<meta name=\"twitter:data1\" content=\"2 min\u00faty\" \/>\n<script type=\"application\/ld+json\" class=\"yoast-schema-graph\">{\"@context\":\"https:\/\/schema.org\",\"@graph\":[{\"@type\":\"WebPage\",\"@id\":\"https:\/\/usamedical.com\/sk\/produkty\/ultra-joint-flex-kapsule-60ks-usa-medical\/\",\"url\":\"https:\/\/usamedical.com\/sk\/produkty\/ultra-joint-flex-kapsule-60ks-usa-medical\/\",\"name\":\"USA medical ULTRA Joint Flex kapsule | 60ks - USAmedical.sk\",\"isPartOf\":{\"@id\":\"https:\/\/usamedical.com\/sk\/#website\"},\"primaryImageOfPage\":{\"@id\":\"https:\/\/usamedical.com\/sk\/produkty\/ultra-joint-flex-kapsule-60ks-usa-medical\/#primaryimage\"},\"image\":{\"@id\":\"https:\/\/usamedical.com\/sk\/produkty\/ultra-joint-flex-kapsule-60ks-usa-medical\/#primaryimage\"},\"thumbnailUrl\":\"https:\/\/usamedical.com\/sk\/wp-content\/uploads\/2022\/03\/usa-medical-ultra-joint-flex.jpg\",\"datePublished\":\"2022-03-28T07:15:28+00:00\",\"dateModified\":\"2025-10-09T15:55:33+00:00\",\"breadcrumb\":{\"@id\":\"https:\/\/usamedical.com\/sk\/produkty\/ultra-joint-flex-kapsule-60ks-usa-medical\/#breadcrumb\"},\"inLanguage\":\"sk-SK\",\"potentialAction\":[{\"@type\":\"ReadAction\",\"target\":[\"https:\/\/usamedical.com\/sk\/produkty\/ultra-joint-flex-kapsule-60ks-usa-medical\/\"]}]},{\"@type\":\"ImageObject\",\"inLanguage\":\"sk-SK\",\"@id\":\"https:\/\/usamedical.com\/sk\/produkty\/ultra-joint-flex-kapsule-60ks-usa-medical\/#primaryimage\",\"url\":\"https:\/\/usamedical.com\/sk\/wp-content\/uploads\/2022\/03\/usa-medical-ultra-joint-flex.jpg\",\"contentUrl\":\"https:\/\/usamedical.com\/sk\/wp-content\/uploads\/2022\/03\/usa-medical-ultra-joint-flex.jpg\",\"width\":500,\"height\":500},{\"@type\":\"BreadcrumbList\",\"@id\":\"https:\/\/usamedical.com\/sk\/produkty\/ultra-joint-flex-kapsule-60ks-usa-medical\/#breadcrumb\",\"itemListElement\":[{\"@type\":\"ListItem\",\"position\":1,\"name\":\"Kezd\u0151lap\",\"item\":\"https:\/\/usamedical.com\/sk\/\"},{\"@type\":\"ListItem\",\"position\":2,\"name\":\"Obchod\",\"item\":\"https:\/\/usamedical.com\/sk\/obchod\/\"},{\"@type\":\"ListItem\",\"position\":3,\"name\":\"USA medical ULTRA Joint Flexkapsule | 60ks\"}]},{\"@type\":\"WebSite\",\"@id\":\"https:\/\/usamedical.com\/sk\/#website\",\"url\":\"https:\/\/usamedical.com\/sk\/\",\"name\":\"USAmedical.sk\",\"description\":\"e-shop s CBD olejom a kapsulami\",\"publisher\":{\"@id\":\"https:\/\/usamedical.com\/sk\/#organization\"},\"potentialAction\":[{\"@type\":\"SearchAction\",\"target\":{\"@type\":\"EntryPoint\",\"urlTemplate\":\"https:\/\/usamedical.com\/sk\/?s={search_term_string}\"},\"query-input\":{\"@type\":\"PropertyValueSpecification\",\"valueRequired\":true,\"valueName\":\"search_term_string\"}}],\"inLanguage\":\"sk-SK\"},{\"@type\":\"Organization\",\"@id\":\"https:\/\/usamedical.com\/sk\/#organization\",\"name\":\"USAmedical.sk\",\"url\":\"https:\/\/usamedical.com\/sk\/\",\"logo\":{\"@type\":\"ImageObject\",\"inLanguage\":\"sk-SK\",\"@id\":\"https:\/\/usamedical.com\/sk\/#\/schema\/logo\/image\/\",\"url\":\"https:\/\/usamedical.com\/sk\/wp-content\/uploads\/2022\/03\/us_medical_logo.svg\",\"contentUrl\":\"https:\/\/usamedical.com\/sk\/wp-content\/uploads\/2022\/03\/us_medical_logo.svg\",\"width\":233,\"height\":56,\"caption\":\"USAmedical.sk\"},\"image\":{\"@id\":\"https:\/\/usamedical.com\/sk\/#\/schema\/logo\/image\/\"}}]}<\/script>\n<!-- \/ Yoast SEO plugin. -->","yoast_head_json":{"title":"USA medical ULTRA Joint Flexkapsule | 60ks - USAmedical.sk","robots":{"index":"index","follow":"follow","max-snippet":"max-snippet:-1","max-image-preview":"max-image-preview:large","max-video-preview":"max-video-preview:-1"},"canonical":"https:\/\/usamedical.com\/sk\/produkty\/ultra-joint-flex-kapsule-60ks-usa-medical\/","og_locale":"sk_SK","og_type":"article","og_title":"USA medical ULTRA Joint Flexkapsule | 60ks - USAmedical.sk","og_description":"Doplnok stravy na podporu kost\u00ed a k\u013abov Kapsule Ultra Joint Flex s\u00fa pr\u00edpravkom pr\u00e9miovej kvality pre v\u00e1\u0161 pohybov\u00fd apar\u00e1t. Extrakt z kadidlovn\u00edka blahod\u00e1rne p\u00f4sob\u00ed na zdrav\u00fd stav k\u013abov a kost\u00ed. Navy\u0161e, osabuje glukosam\u00edn sulf\u00e1t z morsk\u00fdch mu\u0161l\u00ed a chondroit\u00edn sulf\u00e1t, ktor\u00e9\u00a0podporuj\u00fa zdrav\u00e9 fungovanie k\u013abov\u00a0a to v\u0161etko v prvotriednej \u010distote a kvalite!  Doplnok stravy balenie\u00a0po 60 ks\u00a0v uzavret\u00fdch kapsul\u00e1ch.  Balenie: 60 ks kaps\u00fal  \u00da\u010dinn\u00e1 zlo\u017eka: Glukosam\u00edn, chondroit\u00edn a kurkuma","og_url":"https:\/\/usamedical.com\/sk\/produkty\/ultra-joint-flex-kapsule-60ks-usa-medical\/","og_site_name":"USAmedical.sk","article_modified_time":"2025-10-09T15:55:33+00:00","twitter_card":"summary_large_image","twitter_misc":{"Predpokladan\u00fd \u010das \u010d\u00edtania":"2 min\u00faty"},"schema":{"@context":"https:\/\/schema.org","@graph":[{"@type":"WebPage","@id":"https:\/\/usamedical.com\/sk\/produkty\/ultra-joint-flex-kapsule-60ks-usa-medical\/","url":"https:\/\/usamedical.com\/sk\/produkty\/ultra-joint-flex-kapsule-60ks-usa-medical\/","name":"USA medical ULTRA Joint Flex kapsule | 60ks - USAmedical.sk","isPartOf":{"@id":"https:\/\/usamedical.com\/sk\/#website"},"primaryImageOfPage":{"@id":"https:\/\/usamedical.com\/sk\/produkty\/ultra-joint-flex-kapsule-60ks-usa-medical\/#primaryimage"},"image":{"@id":"https:\/\/usamedical.com\/sk\/produkty\/ultra-joint-flex-kapsule-60ks-usa-medical\/#primaryimage"},"thumbnailUrl":"https:\/\/usamedical.com\/sk\/wp-content\/uploads\/2022\/03\/usa-medical-ultra-joint-flex.jpg","datePublished":"2022-03-28T07:15:28+00:00","dateModified":"2025-10-09T15:55:33+00:00","breadcrumb":{"@id":"https:\/\/usamedical.com\/sk\/produkty\/ultra-joint-flex-kapsule-60ks-usa-medical\/#breadcrumb"},"inLanguage":"sk-SK","potentialAction":[{"@type":"ReadAction","target":["https:\/\/usamedical.com\/sk\/produkty\/ultra-joint-flex-kapsule-60ks-usa-medical\/"]}]},{"@type":"ImageObject","inLanguage":"sk-SK","@id":"https:\/\/usamedical.com\/sk\/produkty\/ultra-joint-flex-kapsule-60ks-usa-medical\/#primaryimage","url":"https:\/\/usamedical.com\/sk\/wp-content\/uploads\/2022\/03\/usa-medical-ultra-joint-flex.jpg","contentUrl":"https:\/\/usamedical.com\/sk\/wp-content\/uploads\/2022\/03\/usa-medical-ultra-joint-flex.jpg","width":500,"height":500},{"@type":"BreadcrumbList","@id":"https:\/\/usamedical.com\/sk\/produkty\/ultra-joint-flex-kapsule-60ks-usa-medical\/#breadcrumb","itemListElement":[{"@type":"ListItem","position":1,"name":"Kezd\u0151lap","item":"https:\/\/usamedical.com\/sk\/"},{"@type":"ListItem","position":2,"name":"Obchod","item":"https:\/\/usamedical.com\/sk\/obchod\/"},{"@type":"ListItem","position":3,"name":"USA medical ULTRA Joint Flexkapsule | 60ks"}]},{"@type":"WebSite","@id":"https:\/\/usamedical.com\/sk\/#website","url":"https:\/\/usamedical.com\/sk\/","name":"USAmedical.sk","description":"e-shop s CBD olejom a kapsulami","publisher":{"@id":"https:\/\/usamedical.com\/sk\/#organization"},"potentialAction":[{"@type":"SearchAction","target":{"@type":"EntryPoint","urlTemplate":"https:\/\/usamedical.com\/sk\/?s={search_term_string}"},"query-input":{"@type":"PropertyValueSpecification","valueRequired":true,"valueName":"search_term_string"}}],"inLanguage":"sk-SK"},{"@type":"Organization","@id":"https:\/\/usamedical.com\/sk\/#organization","name":"USAmedical.sk","url":"https:\/\/usamedical.com\/sk\/","logo":{"@type":"ImageObject","inLanguage":"sk-SK","@id":"https:\/\/usamedical.com\/sk\/#\/schema\/logo\/image\/","url":"https:\/\/usamedical.com\/sk\/wp-content\/uploads\/2022\/03\/us_medical_logo.svg","contentUrl":"https:\/\/usamedical.com\/sk\/wp-content\/uploads\/2022\/03\/us_medical_logo.svg","width":233,"height":56,"caption":"USAmedical.sk"},"image":{"@id":"https:\/\/usamedical.com\/sk\/#\/schema\/logo\/image\/"}}]}},"_links":{"self":[{"href":"https:\/\/usamedical.com\/sk\/wp-json\/wp\/v2\/product\/8767","targetHints":{"allow":["GET"]}}],"collection":[{"href":"https:\/\/usamedical.com\/sk\/wp-json\/wp\/v2\/product"}],"about":[{"href":"https:\/\/usamedical.com\/sk\/wp-json\/wp\/v2\/types\/product"}],"replies":[{"embeddable":true,"href":"https:\/\/usamedical.com\/sk\/wp-json\/wp\/v2\/comments?post=8767"}],"wp:featuredmedia":[{"embeddable":true,"href":"https:\/\/usamedical.com\/sk\/wp-json\/wp\/v2\/media\/13742"}],"wp:attachment":[{"href":"https:\/\/usamedical.com\/sk\/wp-json\/wp\/v2\/media?parent=8767"}],"wp:term":[{"taxonomy":"product_brand","embeddable":true,"href":"https:\/\/usamedical.com\/sk\/wp-json\/wp\/v2\/product_brand?post=8767"},{"taxonomy":"product_cat","embeddable":true,"href":"https:\/\/usamedical.com\/sk\/wp-json\/wp\/v2\/product_cat?post=8767"},{"taxonomy":"product_tag","embeddable":true,"href":"https:\/\/usamedical.com\/sk\/wp-json\/wp\/v2\/product_tag?post=8767"}],"curies":[{"name":"wp","href":"https:\/\/api.w.org\/{rel}","templated":true}]}}