{"id":9,"date":"2022-02-09T15:27:08","date_gmt":"2022-02-09T14:27:08","guid":{"rendered":"https:\/\/usamedical.com\/sk\/index.php\/kosik\/"},"modified":"2022-04-23T12:32:03","modified_gmt":"2022-04-23T10:32:03","slug":"kosik","status":"publish","type":"page","link":"https:\/\/usamedical.com\/sk\/kosik\/","title":{"rendered":"Ko\u0161\u00edk"},"content":{"rendered":"\t\t<div data-elementor-type=\"wp-page\" data-elementor-id=\"9\" class=\"elementor elementor-9\" data-elementor-post-type=\"page\">\n\t\t\t\t\t\t<section class=\"elementor-section elementor-top-section elementor-element elementor-element-e43047d elementor-section-boxed elementor-section-height-default elementor-section-height-default\" data-id=\"e43047d\" data-element_type=\"section\" data-e-type=\"section\">\n\t\t\t\t\t\t<div class=\"elementor-container elementor-column-gap-default\">\n\t\t\t\t\t<div class=\"elementor-column elementor-col-100 elementor-top-column elementor-element elementor-element-3732cb8e\" data-id=\"3732cb8e\" data-element_type=\"column\" data-e-type=\"column\">\n\t\t\t<div class=\"elementor-widget-wrap elementor-element-populated\">\n\t\t\t\t\t\t<div class=\"elementor-element elementor-element-e418496 elementor-widget elementor-widget-heading\" data-id=\"e418496\" data-element_type=\"widget\" data-e-type=\"widget\" data-widget_type=\"heading.default\">\n\t\t\t\t<div class=\"elementor-widget-container\">\n\t\t\t\t\t<h2 class=\"elementor-heading-title elementor-size-default\">Ko\u0161\u00edk<\/h2>\t\t\t\t<\/div>\n\t\t\t\t<\/div>\n\t\t\t\t<div class=\"elementor-element elementor-element-32b88768 elementor-widget elementor-widget-text-editor\" data-id=\"32b88768\" data-element_type=\"widget\" data-e-type=\"widget\" data-widget_type=\"text-editor.default\">\n\t\t\t\t<div class=\"elementor-widget-container\">\n\t\t\t\t\t\t\t\t\t\t\t\t\t\t\t\t\t<\/div>\n\t\t\t\t<\/div>\n\t\t\t\t\t<\/div>\n\t\t<\/div>\n\t\t\t\t\t<\/div>\n\t\t<\/section>\n\t\t\t\t<section class=\"elementor-section elementor-top-section elementor-element elementor-element-a4a718f elementor-section-boxed elementor-section-height-default elementor-section-height-default\" data-id=\"a4a718f\" data-element_type=\"section\" data-e-type=\"section\">\n\t\t\t\t\t\t<div class=\"elementor-container elementor-column-gap-default\">\n\t\t\t\t\t<div class=\"elementor-column elementor-col-100 elementor-top-column elementor-element elementor-element-36d3169\" data-id=\"36d3169\" data-element_type=\"column\" data-e-type=\"column\">\n\t\t\t<div class=\"elementor-widget-wrap elementor-element-populated\">\n\t\t\t\t\t\t<div class=\"elementor-element elementor-element-db8faa9 elementor-widget elementor-widget-text-editor\" data-id=\"db8faa9\" data-element_type=\"widget\" data-e-type=\"widget\" data-widget_type=\"text-editor.default\">\n\t\t\t\t<div class=\"elementor-widget-container\">\n\t\t\t\t\t\t\t\t\t<section class=\"av_textblock_section \">\n<div class=\"avia_textblock av_inherit_color \">\n<h3><b>INFORM\u00c1CIE O DOPRAVE<\/b><\/h3>\n<\/div>\n<\/section>\n<section class=\"av_textblock_section \">\n<div class=\"avia_textblock \">\n<p><strong>Objedn\u00e1vky odoslan\u00e9 v pracovn\u00fd de\u0148 do 10:00 sa sna\u017e\u00edme e\u0161te v ten ist\u00fd de\u0148 spracova\u0165 a odovzda\u0165 kuri\u00e9rovi,<\/strong>\u00a0a preto s ve\u013ekou pravdepodobnos\u0165ou bal\u00edk m\u00f4\u017ee by\u0165 doru\u010den\u00fd do dvoch pracovn\u00fdch dn\u00ed.<\/p>\n<ul>\n<li>Objedn\u00e1vky odoslan\u00e9 v piatok po 10:00 hodine a cez v\u00edkend sa spracuj\u00fa v pondelok a o\u010dak\u00e1van\u00e1 doba prijatia bal\u00edka je v utorok. Cez v\u00edkend nedoru\u010dujeme.<\/li>\n<li>Objedn\u00e1vku m\u00f4\u017eete zada\u0165 s priamym doru\u010den\u00edm alebo aj prostredn\u00edctvom\u00a0<strong>Z\u00e1sielkovne.<br \/><br \/><\/strong><\/li>\n<\/ul>\n<p><strong>Poplatok za prepravu<\/strong><br \/>Poplatok za prepravu pri objedn\u00e1vkach v\u00a0hodnote menej ako 44,90 \u20ac\u00a0 je 3,90\u20ac ,\u00a0<strong>nad 44,90 \u20ac je zdarma.<\/strong><\/p>\n<p><strong>Kedy pr\u00edde bal\u00edk?<\/strong><br \/>O presnom term\u00edne doru\u010denia bal\u00edku budete informovan\u00fd emailom.<\/p>\n<p><strong>Vystavujeme elektronick\u00fa fakt\u00faru, preto\u017ee n\u00e1m z\u00e1le\u017e\u00ed na pr\u00edrode!<br \/><\/strong>V\u0161etky objedn\u00e1vky poslan\u00e9 cez webov\u00fa str\u00e1nku potvrdzujeme automatickou sp\u00e4tnou emailovou spr\u00e1vou, ak pri vyplnen\u00ed \u00fadajov bola spr\u00e1vne zadan\u00e1 emailov\u00e1 adresa.\u00a0<strong>Ur\u010dit\u00e9 syst\u00e9my ako azet alebo gmail tieto potvrdenia ber\u00fa ako spam, \u010di\u017ee ak ste nedostali email, skontrolujte si prie\u010dinok \u201cspam\u201d\u00a0a \u201cprom\u00f3cia\u201d zlo\u017eku.\u00a0<\/strong>Ak ste nedostali \u017eiadnu spr\u00e1vu, pros\u00edm kontaktujte n\u00e1s.<\/p>\n<p>Na objednan\u00fd tovar vystav\u00edme elektronick\u00fa fakt\u00faru, ktor\u00fa za\u0161leme na uveden\u00fa emailov\u00fa adresu.<\/p>\n<\/div>\n<\/section>\t\t\t\t\t\t\t\t<\/div>\n\t\t\t\t<\/div>\n\t\t\t\t\t<\/div>\n\t\t<\/div>\n\t\t\t\t\t<\/div>\n\t\t<\/section>\n\t\t\t\t<section class=\"elementor-section elementor-top-section elementor-element elementor-element-c505430 elementor-section-boxed elementor-section-height-default elementor-section-height-default\" data-id=\"c505430\" data-element_type=\"section\" data-e-type=\"section\">\n\t\t\t\t\t\t<div class=\"elementor-container elementor-column-gap-default\">\n\t\t\t\t\t<div class=\"elementor-column elementor-col-100 elementor-top-column elementor-element elementor-element-ba54416\" data-id=\"ba54416\" data-element_type=\"column\" data-e-type=\"column\">\n\t\t\t<div class=\"elementor-widget-wrap elementor-element-populated\">\n\t\t\t\t\t\t<div class=\"elementor-element elementor-element-a39635b elementor-widget elementor-widget-heading\" data-id=\"a39635b\" data-element_type=\"widget\" data-e-type=\"widget\" data-widget_type=\"heading.default\">\n\t\t\t\t<div class=\"elementor-widget-container\">\n\t\t\t\t\t<h2 class=\"elementor-heading-title elementor-size-default\">Tie\u017e by v\u00e1s mohlo zauj\u00edma\u0165 ...<\/h2>\t\t\t\t<\/div>\n\t\t\t\t<\/div>\n\t\t\t\t<div class=\"elementor-element elementor-element-da92b98 elementor-product-loop-item--align-center elementor-grid-4 elementor-grid-tablet-3 elementor-grid-mobile-2 elementor-products-grid elementor-wc-products elementor-widget elementor-widget-woocommerce-products\" data-id=\"da92b98\" data-element_type=\"widget\" data-e-type=\"widget\" data-widget_type=\"woocommerce-products.default\">\n\t\t\t\t<div class=\"elementor-widget-container\">\n\t\t\t\t\t<div class=\"woocommerce columns-4 \"><ul class=\"products elementor-grid columns-4\">\n<li class=\"product type-product post-8798 status-publish first instock product_cat-imunitny-system product_cat-premiove-vyzivove-doplnky has-post-thumbnail taxable shipping-taxable purchasable product-type-simple\">\n\t<a href=\"https:\/\/usamedical.com\/sk\/produkty\/usa-medical-turmeric-ginger-60ks\/\" class=\"woocommerce-LoopProduct-link woocommerce-loop-product__link\"><div class=\"badges_holder\"><\/div><img decoding=\"async\" width=\"167\" height=\"200\" src=\"https:\/\/usamedical.com\/sk\/wp-content\/uploads\/2022\/03\/usa-medical-turmeric-ginger-60-ks.jpg\" class=\"attachment-woocommerce_thumbnail size-woocommerce_thumbnail\" alt=\"USA medical KURKUMA + Z\u00c1ZVOR | 60ks\" \/><h2 class=\"woocommerce-loop-product__title\">USA medical KURKUMA + Z\u00c1ZVOR | 60ks<\/h2><div class=\"star-rating\" role=\"img\" aria-label=\"Hodnotenie 5.00 z 5\"><span style=\"width:100%\">Hodnotenie <strong class=\"rating\">5.00<\/strong> z 5<\/span><\/div>\n\t<span class=\"price\"><span class=\"woocommerce-Price-amount amount\"><bdi>9,50&nbsp;<span class=\"woocommerce-Price-currencySymbol\">&euro;<\/span><\/bdi><\/span><\/span>\n<div class=\"minheightinlist\"><p class=\"is-smaller\"><span class=\"stock in-stock\">Skladom<\/sp> | <span>U V\u00e1s: 21.04.2026<\/span><\/p><\/div><\/a><a href=\"\/sk\/wp-json\/wp\/v2\/pages\/9?add-to-cart=8798\" aria-describedby=\"woocommerce_loop_add_to_cart_link_describedby_8798\" data-quantity=\"1\" class=\"button product_type_simple add_to_cart_button ajax_add_to_cart\" data-product_id=\"8798\" data-product_sku=\"5999860835691\" aria-label=\"Prida\u0165 do ko\u0161\u00edka: \u201eUSA medical KURKUMA + Z\u00c1ZVOR | 60ks\u201c\" rel=\"nofollow\" data-success_message=\"\u201eUSA medical KURKUMA + Z\u00c1ZVOR | 60ks\u201c bol pridan\u00fd do v\u00e1\u0161ho ko\u0161\u00edka\">Prida\u0165 do ko\u0161\u00edka<\/a>\t<span id=\"woocommerce_loop_add_to_cart_link_describedby_8798\" class=\"screen-reader-text\">\n\t\t\t<\/span>\n<span class=\"gtm4wp_productdata\" style=\"display:none; visibility:hidden;\" data-gtm4wp_product_data=\"{&quot;internal_id&quot;:8798,&quot;item_id&quot;:&quot;5999860835691&quot;,&quot;item_name&quot;:&quot;USA medical KURKUMA + Z\\u00c1ZVOR | 60ks&quot;,&quot;sku&quot;:&quot;5999860835691&quot;,&quot;price&quot;:9.5,&quot;stocklevel&quot;:null,&quot;stockstatus&quot;:&quot;instock&quot;,&quot;google_business_vertical&quot;:&quot;retail&quot;,&quot;item_category&quot;:&quot;V\\u00fd\\u017eivov\\u00e9 doplnky&quot;,&quot;item_category2&quot;:&quot;Imunitn\\u00fd syst\\u00e9m&quot;,&quot;id&quot;:&quot;5999860835691&quot;,&quot;productlink&quot;:&quot;https:\\\/\\\/usamedical.com\\\/sk\\\/produkty\\\/usa-medical-turmeric-ginger-60ks\\\/&quot;,&quot;item_list_name&quot;:&quot;General Product List&quot;,&quot;index&quot;:1,&quot;product_type&quot;:&quot;simple&quot;,&quot;item_brand&quot;:&quot;&quot;}\"><\/span><\/li>\n<li class=\"product type-product post-8797 status-publish outofstock product_cat-kost-a-chrupavka product_cat-vitaminy-a-mineraly product_cat-premiove-vyzivove-doplnky has-post-thumbnail taxable shipping-taxable purchasable product-type-simple\">\n\t<a href=\"https:\/\/usamedical.com\/sk\/produkty\/usa-medical-collagen-complex-60ks\/\" class=\"woocommerce-LoopProduct-link woocommerce-loop-product__link\"><div class=\"badges_holder\"><\/div><img decoding=\"async\" width=\"167\" height=\"200\" src=\"https:\/\/usamedical.com\/sk\/wp-content\/uploads\/2022\/03\/usa-medical-collagen-complex-60-ks.jpg\" class=\"attachment-woocommerce_thumbnail size-woocommerce_thumbnail\" alt=\"USA medical COLLAGEN COMPLEX | 60ks\" \/><h2 class=\"woocommerce-loop-product__title\">USA medical COLLAGEN COMPLEX | 60ks<\/h2><div class=\"star-rating\" role=\"img\" aria-label=\"Hodnotenie 4.75 z 5\"><span style=\"width:95%\">Hodnotenie <strong class=\"rating\">4.75<\/strong> z 5<\/span><\/div>\n\t<span class=\"price\"><span class=\"woocommerce-Price-amount amount\"><bdi>11,90&nbsp;<span class=\"woocommerce-Price-currencySymbol\">&euro;<\/span><\/bdi><\/span><\/span>\n<div class=\"minheightinlist\"><p class=\"is-smaller\"><span class=\"szines\">Moment\u00e1lne nedostupn\u00e9<\/span><\/p><\/div><\/a><a href=\"https:\/\/usamedical.com\/sk\/produkty\/usa-medical-collagen-complex-60ks\/\" aria-describedby=\"woocommerce_loop_add_to_cart_link_describedby_8797\" data-quantity=\"1\" class=\"button product_type_simple\" data-product_id=\"8797\" data-product_sku=\"5999860835646\" aria-label=\"Zistite viac o &ldquo;USA medical COLLAGEN COMPLEX | 60ks&rdquo;\" rel=\"nofollow\" data-success_message=\"\">Viac info<\/a>\t<span id=\"woocommerce_loop_add_to_cart_link_describedby_8797\" class=\"screen-reader-text\">\n\t\t\t<\/span>\n<span class=\"gtm4wp_productdata\" style=\"display:none; visibility:hidden;\" data-gtm4wp_product_data=\"{&quot;internal_id&quot;:8797,&quot;item_id&quot;:&quot;5999860835646&quot;,&quot;item_name&quot;:&quot;USA medical COLLAGEN COMPLEX | 60ks&quot;,&quot;sku&quot;:&quot;5999860835646&quot;,&quot;price&quot;:11.9,&quot;stocklevel&quot;:0,&quot;stockstatus&quot;:&quot;outofstock&quot;,&quot;google_business_vertical&quot;:&quot;retail&quot;,&quot;item_category&quot;:&quot;V\\u00fd\\u017eivov\\u00e9 doplnky&quot;,&quot;item_category2&quot;:&quot;Vitam\\u00edny a miner\\u00e1ly&quot;,&quot;id&quot;:&quot;5999860835646&quot;,&quot;productlink&quot;:&quot;https:\\\/\\\/usamedical.com\\\/sk\\\/produkty\\\/usa-medical-collagen-complex-60ks\\\/&quot;,&quot;item_list_name&quot;:&quot;General Product List&quot;,&quot;index&quot;:2,&quot;product_type&quot;:&quot;simple&quot;,&quot;item_brand&quot;:&quot;&quot;}\"><\/span><\/li>\n<li class=\"product type-product post-8796 status-publish instock product_cat-traviaca-sustava product_cat-premiove-vyzivove-doplnky has-post-thumbnail taxable shipping-taxable purchasable product-type-simple\">\n\t<a href=\"https:\/\/usamedical.com\/sk\/produkty\/usa-medical-digestive-enzyme-60ks\/\" class=\"woocommerce-LoopProduct-link woocommerce-loop-product__link\"><div class=\"badges_holder\"><\/div><img decoding=\"async\" width=\"167\" height=\"200\" src=\"https:\/\/usamedical.com\/sk\/wp-content\/uploads\/2022\/03\/usa-medical-digestive-enzyme-60-ks.jpg\" class=\"attachment-woocommerce_thumbnail size-woocommerce_thumbnail\" alt=\"USA medical DIGESTIVE ENZYME  | 60ks\" \/><h2 class=\"woocommerce-loop-product__title\">USA medical DIGESTIVE ENZYME  | 60ks<\/h2><div class=\"star-rating\" role=\"img\" aria-label=\"Hodnotenie 4.67 z 5\"><span style=\"width:93.4%\">Hodnotenie <strong class=\"rating\">4.67<\/strong> z 5<\/span><\/div>\n\t<span class=\"price\"><span class=\"woocommerce-Price-amount amount\"><bdi>14,90&nbsp;<span class=\"woocommerce-Price-currencySymbol\">&euro;<\/span><\/bdi><\/span><\/span>\n<div class=\"minheightinlist\"><p class=\"is-smaller\"><span class=\"stock in-stock\">Skladom<\/sp> | <span>U V\u00e1s: 21.04.2026<\/span><\/p><\/div><\/a><a href=\"\/sk\/wp-json\/wp\/v2\/pages\/9?add-to-cart=8796\" aria-describedby=\"woocommerce_loop_add_to_cart_link_describedby_8796\" data-quantity=\"1\" class=\"button product_type_simple add_to_cart_button ajax_add_to_cart\" data-product_id=\"8796\" data-product_sku=\"5999860835653\" aria-label=\"Prida\u0165 do ko\u0161\u00edka: \u201eUSA medical DIGESTIVE ENZYME  | 60ks\u201c\" rel=\"nofollow\" data-success_message=\"\u201eUSA medical DIGESTIVE ENZYME  | 60ks\u201c bol pridan\u00fd do v\u00e1\u0161ho ko\u0161\u00edka\">Prida\u0165 do ko\u0161\u00edka<\/a>\t<span id=\"woocommerce_loop_add_to_cart_link_describedby_8796\" class=\"screen-reader-text\">\n\t\t\t<\/span>\n<span class=\"gtm4wp_productdata\" style=\"display:none; visibility:hidden;\" data-gtm4wp_product_data=\"{&quot;internal_id&quot;:8796,&quot;item_id&quot;:&quot;5999860835653&quot;,&quot;item_name&quot;:&quot;USA medical DIGESTIVE ENZYME  | 60ks&quot;,&quot;sku&quot;:&quot;5999860835653&quot;,&quot;price&quot;:14.9,&quot;stocklevel&quot;:null,&quot;stockstatus&quot;:&quot;instock&quot;,&quot;google_business_vertical&quot;:&quot;retail&quot;,&quot;item_category&quot;:&quot;V\\u00fd\\u017eivov\\u00e9 doplnky&quot;,&quot;item_category2&quot;:&quot;Tr\\u00e1viaca s\\u00fastava&quot;,&quot;id&quot;:&quot;5999860835653&quot;,&quot;productlink&quot;:&quot;https:\\\/\\\/usamedical.com\\\/sk\\\/produkty\\\/usa-medical-digestive-enzyme-60ks\\\/&quot;,&quot;item_list_name&quot;:&quot;General Product List&quot;,&quot;index&quot;:3,&quot;product_type&quot;:&quot;simple&quot;,&quot;item_brand&quot;:&quot;&quot;}\"><\/span><\/li>\n<li class=\"product type-product post-8795 status-publish last instock product_cat-kardiovaskularna-sustava product_cat-vitaminy-a-mineraly product_cat-premiove-vyzivove-doplnky has-post-thumbnail taxable shipping-taxable purchasable product-type-simple\">\n\t<a href=\"https:\/\/usamedical.com\/sk\/produkty\/usa-medical-q10-ubiquinone-30ks\/\" class=\"woocommerce-LoopProduct-link woocommerce-loop-product__link\"><div class=\"badges_holder\"><\/div><img loading=\"lazy\" decoding=\"async\" width=\"167\" height=\"200\" src=\"https:\/\/usamedical.com\/sk\/wp-content\/uploads\/2022\/03\/co-q10_ubiquinone_800x960.jpg\" class=\"attachment-woocommerce_thumbnail size-woocommerce_thumbnail\" alt=\"USA medical Q10 UBIQUINONE | 30ks\" \/><h2 class=\"woocommerce-loop-product__title\">USA medical Q10 UBIQUINONE | 30ks<\/h2><div class=\"star-rating\" role=\"img\" aria-label=\"Hodnotenie 5.00 z 5\"><span style=\"width:100%\">Hodnotenie <strong class=\"rating\">5.00<\/strong> z 5<\/span><\/div>\n\t<span class=\"price\"><span class=\"woocommerce-Price-amount amount\"><bdi>17,50&nbsp;<span class=\"woocommerce-Price-currencySymbol\">&euro;<\/span><\/bdi><\/span><\/span>\n<div class=\"minheightinlist\"><p class=\"is-smaller\"><span class=\"stock in-stock\">Skladom<\/sp> | <span>U V\u00e1s: 21.04.2026<\/span><\/p><\/div><\/a><a href=\"\/sk\/wp-json\/wp\/v2\/pages\/9?add-to-cart=8795\" aria-describedby=\"woocommerce_loop_add_to_cart_link_describedby_8795\" data-quantity=\"1\" class=\"button product_type_simple add_to_cart_button ajax_add_to_cart\" data-product_id=\"8795\" data-product_sku=\"5999860835295\" aria-label=\"Prida\u0165 do ko\u0161\u00edka: \u201eUSA medical Q10 UBIQUINONE | 30ks\u201c\" rel=\"nofollow\" data-success_message=\"\u201eUSA medical Q10 UBIQUINONE | 30ks\u201c bol pridan\u00fd do v\u00e1\u0161ho ko\u0161\u00edka\">Prida\u0165 do ko\u0161\u00edka<\/a>\t<span id=\"woocommerce_loop_add_to_cart_link_describedby_8795\" class=\"screen-reader-text\">\n\t\t\t<\/span>\n<span class=\"gtm4wp_productdata\" style=\"display:none; visibility:hidden;\" data-gtm4wp_product_data=\"{&quot;internal_id&quot;:8795,&quot;item_id&quot;:&quot;5999860835295&quot;,&quot;item_name&quot;:&quot;USA medical Q10 UBIQUINONE | 30ks&quot;,&quot;sku&quot;:&quot;5999860835295&quot;,&quot;price&quot;:17.5,&quot;stocklevel&quot;:null,&quot;stockstatus&quot;:&quot;instock&quot;,&quot;google_business_vertical&quot;:&quot;retail&quot;,&quot;item_category&quot;:&quot;V\\u00fd\\u017eivov\\u00e9 doplnky&quot;,&quot;item_category2&quot;:&quot;Kardiovaskul\\u00e1rna s\\u00fastava&quot;,&quot;id&quot;:&quot;5999860835295&quot;,&quot;productlink&quot;:&quot;https:\\\/\\\/usamedical.com\\\/sk\\\/produkty\\\/usa-medical-q10-ubiquinone-30ks\\\/&quot;,&quot;item_list_name&quot;:&quot;General Product List&quot;,&quot;index&quot;:4,&quot;product_type&quot;:&quot;simple&quot;,&quot;item_brand&quot;:&quot;&quot;}\"><\/span><\/li>\n<\/ul>\n<\/div>\t\t\t\t<\/div>\n\t\t\t\t<\/div>\n\t\t\t\t\t<\/div>\n\t\t<\/div>\n\t\t\t\t\t<\/div>\n\t\t<\/section>\n\t\t\t\t<\/div>\n\t\t","protected":false},"excerpt":{"rendered":"<p>INFORM\u00c1CIE O DOPRAVE Objedn\u00e1vky odoslan\u00e9 v pracovn\u00fd de\u0148 do 10:00 sa sna\u017e\u00edme e\u0161te v ten ist\u00fd de\u0148 spracova\u0165 a odovzda\u0165 kuri\u00e9rovi,\u00a0a preto s ve\u013ekou pravdepodobnos\u0165ou bal\u00edk m\u00f4\u017ee by\u0165 doru\u010den\u00fd do dvoch pracovn\u00fdch dn\u00ed. Objedn\u00e1vky odoslan\u00e9 v piatok po 10:00 hodine a cez v\u00edkend sa spracuj\u00fa v pondelok a o\u010dak\u00e1van\u00e1 doba prijatia bal\u00edka je v utorok. [&hellip;]<\/p>\n","protected":false},"author":1,"featured_media":0,"parent":0,"menu_order":0,"comment_status":"closed","ping_status":"closed","template":"","meta":{"_acf_changed":false,"footnotes":""},"class_list":["post-9","page","type-page","status-publish","hentry"],"acf":[],"yoast_head":"<!-- This site is optimized with the Yoast SEO plugin v26.5 - https:\/\/yoast.com\/wordpress\/plugins\/seo\/ -->\n<title>Ko\u0161\u00edk - USAmedical.sk<\/title>\n<meta name=\"robots\" content=\"index, follow, max-snippet:-1, max-image-preview:large, max-video-preview:-1\" \/>\n<link rel=\"canonical\" href=\"https:\/\/usamedical.com\/sk\/kosik\/\" \/>\n<meta property=\"og:locale\" content=\"sk_SK\" \/>\n<meta property=\"og:type\" content=\"article\" \/>\n<meta property=\"og:title\" content=\"Ko\u0161\u00edk - USAmedical.sk\" \/>\n<meta property=\"og:description\" content=\"INFORM\u00c1CIE O DOPRAVE Objedn\u00e1vky odoslan\u00e9 v pracovn\u00fd de\u0148 do 10:00 sa sna\u017e\u00edme e\u0161te v ten ist\u00fd de\u0148 spracova\u0165 a odovzda\u0165 kuri\u00e9rovi,\u00a0a preto s ve\u013ekou pravdepodobnos\u0165ou bal\u00edk m\u00f4\u017ee by\u0165 doru\u010den\u00fd do dvoch pracovn\u00fdch dn\u00ed. Objedn\u00e1vky odoslan\u00e9 v piatok po 10:00 hodine a cez v\u00edkend sa spracuj\u00fa v pondelok a o\u010dak\u00e1van\u00e1 doba prijatia bal\u00edka je v utorok. [&hellip;]\" \/>\n<meta property=\"og:url\" content=\"https:\/\/usamedical.com\/sk\/kosik\/\" \/>\n<meta property=\"og:site_name\" content=\"USAmedical.sk\" \/>\n<meta property=\"article:modified_time\" content=\"2022-04-23T10:32:03+00:00\" \/>\n<meta name=\"twitter:card\" content=\"summary_large_image\" \/>\n<meta name=\"twitter:label1\" content=\"Predpokladan\u00fd \u010das \u010d\u00edtania\" \/>\n\t<meta name=\"twitter:data1\" content=\"1 min\u00fata\" \/>\n<script type=\"application\/ld+json\" class=\"yoast-schema-graph\">{\"@context\":\"https:\/\/schema.org\",\"@graph\":[{\"@type\":\"WebPage\",\"@id\":\"https:\/\/usamedical.com\/sk\/kosik\/\",\"url\":\"https:\/\/usamedical.com\/sk\/kosik\/\",\"name\":\"Ko\u0161\u00edk - USAmedical.sk\",\"isPartOf\":{\"@id\":\"https:\/\/usamedical.com\/sk\/#website\"},\"datePublished\":\"2022-02-09T14:27:08+00:00\",\"dateModified\":\"2022-04-23T10:32:03+00:00\",\"breadcrumb\":{\"@id\":\"https:\/\/usamedical.com\/sk\/kosik\/#breadcrumb\"},\"inLanguage\":\"sk-SK\",\"potentialAction\":[{\"@type\":\"ReadAction\",\"target\":[\"https:\/\/usamedical.com\/sk\/kosik\/\"]}]},{\"@type\":\"BreadcrumbList\",\"@id\":\"https:\/\/usamedical.com\/sk\/kosik\/#breadcrumb\",\"itemListElement\":[{\"@type\":\"ListItem\",\"position\":1,\"name\":\"Kezd\u0151lap\",\"item\":\"https:\/\/usamedical.com\/sk\/\"},{\"@type\":\"ListItem\",\"position\":2,\"name\":\"Ko\u0161\u00edk\"}]},{\"@type\":\"WebSite\",\"@id\":\"https:\/\/usamedical.com\/sk\/#website\",\"url\":\"https:\/\/usamedical.com\/sk\/\",\"name\":\"USAmedical.sk\",\"description\":\"e-shop s CBD olejom a kapsulami\",\"publisher\":{\"@id\":\"https:\/\/usamedical.com\/sk\/#organization\"},\"potentialAction\":[{\"@type\":\"SearchAction\",\"target\":{\"@type\":\"EntryPoint\",\"urlTemplate\":\"https:\/\/usamedical.com\/sk\/?s={search_term_string}\"},\"query-input\":{\"@type\":\"PropertyValueSpecification\",\"valueRequired\":true,\"valueName\":\"search_term_string\"}}],\"inLanguage\":\"sk-SK\"},{\"@type\":\"Organization\",\"@id\":\"https:\/\/usamedical.com\/sk\/#organization\",\"name\":\"USAmedical.sk\",\"url\":\"https:\/\/usamedical.com\/sk\/\",\"logo\":{\"@type\":\"ImageObject\",\"inLanguage\":\"sk-SK\",\"@id\":\"https:\/\/usamedical.com\/sk\/#\/schema\/logo\/image\/\",\"url\":\"https:\/\/usamedical.com\/sk\/wp-content\/uploads\/2022\/03\/us_medical_logo.svg\",\"contentUrl\":\"https:\/\/usamedical.com\/sk\/wp-content\/uploads\/2022\/03\/us_medical_logo.svg\",\"width\":233,\"height\":56,\"caption\":\"USAmedical.sk\"},\"image\":{\"@id\":\"https:\/\/usamedical.com\/sk\/#\/schema\/logo\/image\/\"}}]}<\/script>\n<!-- \/ Yoast SEO plugin. -->","yoast_head_json":{"title":"Ko\u0161\u00edk - USAmedical.sk","robots":{"index":"index","follow":"follow","max-snippet":"max-snippet:-1","max-image-preview":"max-image-preview:large","max-video-preview":"max-video-preview:-1"},"canonical":"https:\/\/usamedical.com\/sk\/kosik\/","og_locale":"sk_SK","og_type":"article","og_title":"Ko\u0161\u00edk - USAmedical.sk","og_description":"INFORM\u00c1CIE O DOPRAVE Objedn\u00e1vky odoslan\u00e9 v pracovn\u00fd de\u0148 do 10:00 sa sna\u017e\u00edme e\u0161te v ten ist\u00fd de\u0148 spracova\u0165 a odovzda\u0165 kuri\u00e9rovi,\u00a0a preto s ve\u013ekou pravdepodobnos\u0165ou bal\u00edk m\u00f4\u017ee by\u0165 doru\u010den\u00fd do dvoch pracovn\u00fdch dn\u00ed. Objedn\u00e1vky odoslan\u00e9 v piatok po 10:00 hodine a cez v\u00edkend sa spracuj\u00fa v pondelok a o\u010dak\u00e1van\u00e1 doba prijatia bal\u00edka je v utorok. [&hellip;]","og_url":"https:\/\/usamedical.com\/sk\/kosik\/","og_site_name":"USAmedical.sk","article_modified_time":"2022-04-23T10:32:03+00:00","twitter_card":"summary_large_image","twitter_misc":{"Predpokladan\u00fd \u010das \u010d\u00edtania":"1 min\u00fata"},"schema":{"@context":"https:\/\/schema.org","@graph":[{"@type":"WebPage","@id":"https:\/\/usamedical.com\/sk\/kosik\/","url":"https:\/\/usamedical.com\/sk\/kosik\/","name":"Ko\u0161\u00edk - USAmedical.sk","isPartOf":{"@id":"https:\/\/usamedical.com\/sk\/#website"},"datePublished":"2022-02-09T14:27:08+00:00","dateModified":"2022-04-23T10:32:03+00:00","breadcrumb":{"@id":"https:\/\/usamedical.com\/sk\/kosik\/#breadcrumb"},"inLanguage":"sk-SK","potentialAction":[{"@type":"ReadAction","target":["https:\/\/usamedical.com\/sk\/kosik\/"]}]},{"@type":"BreadcrumbList","@id":"https:\/\/usamedical.com\/sk\/kosik\/#breadcrumb","itemListElement":[{"@type":"ListItem","position":1,"name":"Kezd\u0151lap","item":"https:\/\/usamedical.com\/sk\/"},{"@type":"ListItem","position":2,"name":"Ko\u0161\u00edk"}]},{"@type":"WebSite","@id":"https:\/\/usamedical.com\/sk\/#website","url":"https:\/\/usamedical.com\/sk\/","name":"USAmedical.sk","description":"e-shop s CBD olejom a kapsulami","publisher":{"@id":"https:\/\/usamedical.com\/sk\/#organization"},"potentialAction":[{"@type":"SearchAction","target":{"@type":"EntryPoint","urlTemplate":"https:\/\/usamedical.com\/sk\/?s={search_term_string}"},"query-input":{"@type":"PropertyValueSpecification","valueRequired":true,"valueName":"search_term_string"}}],"inLanguage":"sk-SK"},{"@type":"Organization","@id":"https:\/\/usamedical.com\/sk\/#organization","name":"USAmedical.sk","url":"https:\/\/usamedical.com\/sk\/","logo":{"@type":"ImageObject","inLanguage":"sk-SK","@id":"https:\/\/usamedical.com\/sk\/#\/schema\/logo\/image\/","url":"https:\/\/usamedical.com\/sk\/wp-content\/uploads\/2022\/03\/us_medical_logo.svg","contentUrl":"https:\/\/usamedical.com\/sk\/wp-content\/uploads\/2022\/03\/us_medical_logo.svg","width":233,"height":56,"caption":"USAmedical.sk"},"image":{"@id":"https:\/\/usamedical.com\/sk\/#\/schema\/logo\/image\/"}}]}},"_links":{"self":[{"href":"https:\/\/usamedical.com\/sk\/wp-json\/wp\/v2\/pages\/9","targetHints":{"allow":["GET"]}}],"collection":[{"href":"https:\/\/usamedical.com\/sk\/wp-json\/wp\/v2\/pages"}],"about":[{"href":"https:\/\/usamedical.com\/sk\/wp-json\/wp\/v2\/types\/page"}],"author":[{"embeddable":true,"href":"https:\/\/usamedical.com\/sk\/wp-json\/wp\/v2\/users\/1"}],"replies":[{"embeddable":true,"href":"https:\/\/usamedical.com\/sk\/wp-json\/wp\/v2\/comments?post=9"}],"version-history":[{"count":5,"href":"https:\/\/usamedical.com\/sk\/wp-json\/wp\/v2\/pages\/9\/revisions"}],"predecessor-version":[{"id":9841,"href":"https:\/\/usamedical.com\/sk\/wp-json\/wp\/v2\/pages\/9\/revisions\/9841"}],"wp:attachment":[{"href":"https:\/\/usamedical.com\/sk\/wp-json\/wp\/v2\/media?parent=9"}],"curies":[{"name":"wp","href":"https:\/\/api.w.org\/{rel}","templated":true}]}}