{"id":8025,"date":"2022-03-15T12:57:21","date_gmt":"2022-03-15T11:57:21","guid":{"rendered":"https:\/\/usamedical.com\/sk\/?page_id=8025"},"modified":"2022-04-12T10:37:36","modified_gmt":"2022-04-12T08:37:36","slug":"blog","status":"publish","type":"page","link":"https:\/\/usamedical.com\/sk\/blog\/","title":{"rendered":"Blog"},"content":{"rendered":"\t\t<div data-elementor-type=\"wp-page\" data-elementor-id=\"8025\" class=\"elementor elementor-8025\" data-elementor-post-type=\"page\">\n\t\t\t\t\t\t<section class=\"elementor-section elementor-top-section elementor-element elementor-element-7616bdf elementor-section-boxed elementor-section-height-default elementor-section-height-default\" data-id=\"7616bdf\" data-element_type=\"section\" data-e-type=\"section\">\n\t\t\t\t\t\t<div class=\"elementor-container elementor-column-gap-default\">\n\t\t\t\t\t<div class=\"elementor-column elementor-col-100 elementor-top-column elementor-element elementor-element-22f07ad\" data-id=\"22f07ad\" data-element_type=\"column\" data-e-type=\"column\">\n\t\t\t<div class=\"elementor-widget-wrap elementor-element-populated\">\n\t\t\t\t\t\t<div class=\"elementor-element elementor-element-c3b7812 elementor-widget elementor-widget-heading\" data-id=\"c3b7812\" data-element_type=\"widget\" data-e-type=\"widget\" data-widget_type=\"heading.default\">\n\t\t\t\t<div class=\"elementor-widget-container\">\n\t\t\t\t\t<h1 class=\"elementor-heading-title elementor-size-default\">USA medical blog<\/h1>\t\t\t\t<\/div>\n\t\t\t\t<\/div>\n\t\t\t\t<div class=\"elementor-element elementor-element-c104288 elementor-widget elementor-widget-heading\" data-id=\"c104288\" data-element_type=\"widget\" data-e-type=\"widget\" data-widget_type=\"heading.default\">\n\t\t\t\t<div class=\"elementor-widget-container\">\n\t\t\t\t\t<h4 class=\"elementor-heading-title elementor-size-default\">Novinky a zauj\u00edmavosti z cel\u00e9ho sveta<\/h4>\t\t\t\t<\/div>\n\t\t\t\t<\/div>\n\t\t\t\t\t<\/div>\n\t\t<\/div>\n\t\t\t\t\t<\/div>\n\t\t<\/section>\n\t\t\t\t<section class=\"elementor-section elementor-top-section elementor-element elementor-element-8db8774 blog_list elementor-section-boxed elementor-section-height-default elementor-section-height-default\" data-id=\"8db8774\" data-element_type=\"section\" data-e-type=\"section\">\n\t\t\t\t\t\t<div class=\"elementor-container elementor-column-gap-default\">\n\t\t\t\t\t<div class=\"elementor-column elementor-col-100 elementor-top-column elementor-element elementor-element-b19369a\" data-id=\"b19369a\" data-element_type=\"column\" data-e-type=\"column\">\n\t\t\t<div class=\"elementor-widget-wrap elementor-element-populated\">\n\t\t\t\t\t\t<div class=\"elementor-element elementor-element-41d5dee elementor-grid-3 elementor-grid-tablet-2 elementor-grid-mobile-1 elementor-posts--thumbnail-top elementor-card-shadow-yes elementor-posts__hover-gradient elementor-widget elementor-widget-posts\" data-id=\"41d5dee\" data-element_type=\"widget\" data-e-type=\"widget\" data-settings=\"{&quot;cards_row_gap&quot;:{&quot;unit&quot;:&quot;px&quot;,&quot;size&quot;:20,&quot;sizes&quot;:[]},&quot;pagination_type&quot;:&quot;load_more_infinite_scroll&quot;,&quot;cards_columns&quot;:&quot;3&quot;,&quot;cards_columns_tablet&quot;:&quot;2&quot;,&quot;cards_columns_mobile&quot;:&quot;1&quot;,&quot;cards_row_gap_tablet&quot;:{&quot;unit&quot;:&quot;px&quot;,&quot;size&quot;:&quot;&quot;,&quot;sizes&quot;:[]},&quot;cards_row_gap_mobile&quot;:{&quot;unit&quot;:&quot;px&quot;,&quot;size&quot;:&quot;&quot;,&quot;sizes&quot;:[]},&quot;load_more_spinner&quot;:{&quot;value&quot;:&quot;fas fa-spinner&quot;,&quot;library&quot;:&quot;fa-solid&quot;}}\" data-widget_type=\"posts.cards\">\n\t\t\t\t<div class=\"elementor-widget-container\">\n\t\t\t\t\t\t\t<div class=\"elementor-posts-container elementor-posts elementor-posts--skin-cards elementor-grid\" role=\"list\">\n\t\t\t\t<article class=\"elementor-post elementor-grid-item post-10739 post type-post status-publish format-standard has-post-thumbnail hentry category-cbd-informacie category-ok\" role=\"listitem\">\n\t\t\t<div class=\"elementor-post__card\">\n\t\t\t\t<a class=\"elementor-post__thumbnail__link\" href=\"https:\/\/usamedical.com\/sk\/vitamin-d3\/\" tabindex=\"-1\" ><div class=\"elementor-post__thumbnail\"><img fetchpriority=\"high\" decoding=\"async\" width=\"300\" height=\"200\" src=\"https:\/\/usamedical.com\/sk\/wp-content\/uploads\/2022\/04\/d-alebo-d3-vitamin.jpg\" class=\"attachment-medium size-medium wp-image-10820\" alt=\"Alt text obr\u00e1zka Vitam\u00edn D alebo D3? Ak\u00fd je v tom rozdiel?\" \/><\/div><\/a>\n\t\t\t\t<div class=\"elementor-post__text\">\n\t\t\t\t<h3 class=\"elementor-post__title\">\n\t\t\t<a href=\"https:\/\/usamedical.com\/sk\/vitamin-d3\/\" >\n\t\t\t\tVitam\u00edn D3: kompenzova\u0165 jeho nedostatok \u010di nie?\t\t\t<\/a>\n\t\t<\/h3>\n\t\t\t\t<div class=\"elementor-post__excerpt\">\n\t\t\t<p>Telo prirodzene produkuje vitam\u00edn D, ke\u010f je na\u0161a poko\u017eka vystaven\u00e1<\/p>\n\t\t<\/div>\n\t\t\t\t<\/div>\n\t\t\t\t\t<\/div>\n\t\t<\/article>\n\t\t\t\t<article class=\"elementor-post elementor-grid-item post-10735 post type-post status-publish format-standard has-post-thumbnail hentry category-cbd-informacie category-ok\" role=\"listitem\">\n\t\t\t<div class=\"elementor-post__card\">\n\t\t\t\t<a class=\"elementor-post__thumbnail__link\" href=\"https:\/\/usamedical.com\/sk\/vitamin-b6\/\" tabindex=\"-1\" ><div class=\"elementor-post__thumbnail\"><img decoding=\"async\" width=\"300\" height=\"200\" src=\"https:\/\/usamedical.com\/sk\/wp-content\/uploads\/2022\/04\/Na-c\u030co-je-dobry\u0301-vitami\u0301n-B6.jpg\" class=\"attachment-medium size-medium wp-image-10756\" alt=\"Na c\u030co je dobry\u0301 vitami\u0301n B6\" \/><\/div><\/a>\n\t\t\t\t<div class=\"elementor-post__text\">\n\t\t\t\t<h3 class=\"elementor-post__title\">\n\t\t\t<a href=\"https:\/\/usamedical.com\/sk\/vitamin-b6\/\" >\n\t\t\t\tVitam\u00edn B6 (pyridox\u00edn): \u00fa\u010dinky na n\u00e1\u0161 organizmus\ufffc\t\t\t<\/a>\n\t\t<\/h3>\n\t\t\t\t<div class=\"elementor-post__excerpt\">\n\t\t\t<p>Vitam\u00edn B6, zn\u00e1my aj ako pyridox\u00edn, je vitam\u00edn rozpustn\u00fd vo<\/p>\n\t\t<\/div>\n\t\t\t\t<\/div>\n\t\t\t\t\t<\/div>\n\t\t<\/article>\n\t\t\t\t<article class=\"elementor-post elementor-grid-item post-8809 post type-post status-publish format-standard has-post-thumbnail hentry category-cbd-informacie category-ok\" role=\"listitem\">\n\t\t\t<div class=\"elementor-post__card\">\n\t\t\t\t<a class=\"elementor-post__thumbnail__link\" href=\"https:\/\/usamedical.com\/sk\/vitamin-c-kyselina-askorbova\/\" tabindex=\"-1\" ><div class=\"elementor-post__thumbnail\"><img decoding=\"async\" width=\"300\" height=\"168\" src=\"https:\/\/usamedical.com\/sk\/wp-content\/uploads\/2022\/03\/vitamin-c-1.jpg\" class=\"attachment-medium size-medium wp-image-8810\" alt=\"Vitam\u00edn C, teda kyselina askorbov\u00e1, je l\u00e1tka nevyhnutn\u00e1 pre na\u0161e telo.\" \/><\/div><\/a>\n\t\t\t\t<div class=\"elementor-post__text\">\n\t\t\t\t<h3 class=\"elementor-post__title\">\n\t\t\t<a href=\"https:\/\/usamedical.com\/sk\/vitamin-c-kyselina-askorbova\/\" >\n\t\t\t\tVitam\u00edn C: S\u00a0\u010d\u00edm v\u0161etk\u00fdm n\u00e1m pom\u00e1ha kyselina askorbov\u00e1?\t\t\t<\/a>\n\t\t<\/h3>\n\t\t\t\t<div class=\"elementor-post__excerpt\">\n\t\t\t<p>Vitam\u00edn C je z h\u013eadiska n\u00e1\u0161ho zdravia k\u013e\u00fa\u010dovou \u017eivinou, ktor\u00e1<\/p>\n\t\t<\/div>\n\t\t\t\t<\/div>\n\t\t\t\t\t<\/div>\n\t\t<\/article>\n\t\t\t\t<article class=\"elementor-post elementor-grid-item post-7488 post type-post status-publish format-standard has-post-thumbnail hentry category-cbd-informacie category-ok\" role=\"listitem\">\n\t\t\t<div class=\"elementor-post__card\">\n\t\t\t\t<a class=\"elementor-post__thumbnail__link\" href=\"https:\/\/usamedical.com\/sk\/horcik-magnezium-strazca-zdravia\/\" tabindex=\"-1\" ><div class=\"elementor-post__thumbnail\"><img loading=\"lazy\" decoding=\"async\" width=\"300\" height=\"200\" src=\"https:\/\/usamedical.com\/sk\/wp-content\/uploads\/2022\/03\/horcik-1.jpg\" class=\"attachment-medium size-medium wp-image-8815\" alt=\"Pre mnoh\u00fdch \u013eud\u00ed s\u00fa najnepr\u00edjemnej\u0161\u00edm pr\u00edznakom nedostatku hor\u010d\u00edka \u010dast\u00e9 svalov\u00e9 k\u0155\u010de.\" \/><\/div><\/a>\n\t\t\t\t<div class=\"elementor-post__text\">\n\t\t\t\t<h3 class=\"elementor-post__title\">\n\t\t\t<a href=\"https:\/\/usamedical.com\/sk\/horcik-magnezium-strazca-zdravia\/\" >\n\t\t\t\tHor\u010d\u00edk (Magn\u00e9zium): Str\u00e1\u017eca n\u00e1\u0161ho zdravia\t\t\t<\/a>\n\t\t<\/h3>\n\t\t\t\t<div class=\"elementor-post__excerpt\">\n\t\t\t<p>Hor\u010d\u00edk, inak naz\u00fdvan\u00fd magn\u00e9zium, je d\u00f4le\u017eit\u00fd miner\u00e1l, ktor\u00fd zohr\u00e1va k\u013e\u00fa\u010dov\u00fa<\/p>\n\t\t<\/div>\n\t\t\t\t<\/div>\n\t\t\t\t\t<\/div>\n\t\t<\/article>\n\t\t\t\t<article class=\"elementor-post elementor-grid-item post-5291 post type-post status-publish format-standard has-post-thumbnail hentry category-cbd-informacie category-ok\" role=\"listitem\">\n\t\t\t<div class=\"elementor-post__card\">\n\t\t\t\t<a class=\"elementor-post__thumbnail__link\" href=\"https:\/\/usamedical.com\/sk\/kanabinoidy\/\" tabindex=\"-1\" ><div class=\"elementor-post__thumbnail\"><img loading=\"lazy\" decoding=\"async\" width=\"300\" height=\"206\" src=\"https:\/\/usamedical.com\/sk\/wp-content\/uploads\/2021\/11\/kanabinoidy.jpg\" class=\"attachment-medium size-medium wp-image-5293\" alt=\"Kanabinoidy\" \/><\/div><\/a>\n\t\t\t\t<div class=\"elementor-post__text\">\n\t\t\t\t<h3 class=\"elementor-post__title\">\n\t\t\t<a href=\"https:\/\/usamedical.com\/sk\/kanabinoidy\/\" >\n\t\t\t\tKanabinoidy: ich \u00fa\u010dinky, vyu\u017eitie a u\u017e\u00edvanie\t\t\t<\/a>\n\t\t<\/h3>\n\t\t\t\t<div class=\"elementor-post__excerpt\">\n\t\t\t<p>Takzvan\u00e9 kanabinoidy zohr\u00e1vaj\u00fa \u00fastredn\u00fa \u00falohu vo v\u00fdskume \u00fa\u010dinkov konopy. Ide<\/p>\n\t\t<\/div>\n\t\t\t\t<\/div>\n\t\t\t\t\t<\/div>\n\t\t<\/article>\n\t\t\t\t<article class=\"elementor-post elementor-grid-item post-4903 post type-post status-publish format-standard has-post-thumbnail hentry category-cbd-informacie category-ok\" role=\"listitem\">\n\t\t\t<div class=\"elementor-post__card\">\n\t\t\t\t<a class=\"elementor-post__thumbnail__link\" href=\"https:\/\/usamedical.com\/sk\/kardiovaskularne-ochorenia-hlavna-pricina-smrti-v-europe\/\" tabindex=\"-1\" ><div class=\"elementor-post__thumbnail\"><img loading=\"lazy\" decoding=\"async\" width=\"300\" height=\"200\" src=\"https:\/\/usamedical.com\/sk\/wp-content\/uploads\/2021\/10\/kardiovaskularne-ochorenia.jpg\" class=\"attachment-medium size-medium wp-image-5068\" alt=\"\u010co je cholesterol a srdcovo cievne ochorenia\" \/><\/div><\/a>\n\t\t\t\t<div class=\"elementor-post__text\">\n\t\t\t\t<h3 class=\"elementor-post__title\">\n\t\t\t<a href=\"https:\/\/usamedical.com\/sk\/kardiovaskularne-ochorenia-hlavna-pricina-smrti-v-europe\/\" >\n\t\t\t\tKardiovaskul\u00e1rne ochorenia &#8211; hlavn\u00e1 pr\u00ed\u010dina smrti v Eur\u00f3pe\t\t\t<\/a>\n\t\t<\/h3>\n\t\t\t\t<div class=\"elementor-post__excerpt\">\n\t\t\t<p>Kardiovaskul\u00e1rne ochorenia s\u00fa hlavnou pr\u00ed\u010dinou \u00famrt\u00ed v Eur\u00f3pe a na<\/p>\n\t\t<\/div>\n\t\t\t\t<\/div>\n\t\t\t\t\t<\/div>\n\t\t<\/article>\n\t\t\t\t<article class=\"elementor-post elementor-grid-item post-4892 post type-post status-publish format-standard has-post-thumbnail hentry category-cbd-informacie category-nezaradene\" role=\"listitem\">\n\t\t\t<div class=\"elementor-post__card\">\n\t\t\t\t<a class=\"elementor-post__thumbnail__link\" href=\"https:\/\/usamedical.com\/sk\/quercetin-kvercetin-a-jeho-ucinky\/\" tabindex=\"-1\" ><div class=\"elementor-post__thumbnail\"><img loading=\"lazy\" decoding=\"async\" width=\"300\" height=\"300\" src=\"https:\/\/usamedical.com\/sk\/wp-content\/uploads\/2021\/10\/ucinky-kvercetinu-300x300.webp\" class=\"attachment-medium size-medium wp-image-4897\" alt=\"\u00da\u010dinky kvercet\u00ednu\" srcset=\"https:\/\/usamedical.com\/sk\/wp-content\/uploads\/2021\/10\/ucinky-kvercetinu-300x300.webp 300w, https:\/\/usamedical.com\/sk\/wp-content\/uploads\/2021\/10\/ucinky-kvercetinu-200x200.webp 200w, https:\/\/usamedical.com\/sk\/wp-content\/uploads\/2021\/10\/ucinky-kvercetinu-100x100.webp 100w, https:\/\/usamedical.com\/sk\/wp-content\/uploads\/2021\/10\/ucinky-kvercetinu-150x150.webp 150w, https:\/\/usamedical.com\/sk\/wp-content\/uploads\/2021\/10\/ucinky-kvercetinu-40x40.webp 40w\" sizes=\"(max-width: 300px) 100vw, 300px\" \/><\/div><\/a>\n\t\t\t\t<div class=\"elementor-post__text\">\n\t\t\t\t<h3 class=\"elementor-post__title\">\n\t\t\t<a href=\"https:\/\/usamedical.com\/sk\/quercetin-kvercetin-a-jeho-ucinky\/\" >\n\t\t\t\tQuercetin (Kvercet\u00edn) a jeho \u00fa\u010dinky\t\t\t<\/a>\n\t\t<\/h3>\n\t\t\t\t<div class=\"elementor-post__excerpt\">\n\t\t\t<p>Quercetin, alebo po slovensky kvercet\u00edn, je jeden z naj\u010dastej\u0161ie konzumovan\u00fdch<\/p>\n\t\t<\/div>\n\t\t\t\t<\/div>\n\t\t\t\t\t<\/div>\n\t\t<\/article>\n\t\t\t\t<article class=\"elementor-post elementor-grid-item post-4540 post type-post status-publish format-standard has-post-thumbnail hentry category-cbd-informacie category-ok\" role=\"listitem\">\n\t\t\t<div class=\"elementor-post__card\">\n\t\t\t\t<a class=\"elementor-post__thumbnail__link\" href=\"https:\/\/usamedical.com\/sk\/terpeny\/\" tabindex=\"-1\" ><div class=\"elementor-post__thumbnail\"><img loading=\"lazy\" decoding=\"async\" width=\"300\" height=\"199\" src=\"https:\/\/usamedical.com\/sk\/wp-content\/uploads\/2021\/09\/terpeny.jpg\" class=\"attachment-medium size-medium wp-image-4541\" alt=\"terp\u00e9ny a CBD olej\" \/><\/div><\/a>\n\t\t\t\t<div class=\"elementor-post__text\">\n\t\t\t\t<h3 class=\"elementor-post__title\">\n\t\t\t<a href=\"https:\/\/usamedical.com\/sk\/terpeny\/\" >\n\t\t\t\tTerp\u00e9ny a CBD olej\t\t\t<\/a>\n\t\t<\/h3>\n\t\t\t\t<div class=\"elementor-post__excerpt\">\n\t\t\t<p>Terp\u00e9ny a terpenoidy patria medzi u\u017eito\u010dn\u00e9 zlo\u017eky konope, ale z\u010faleka<\/p>\n\t\t<\/div>\n\t\t\t\t<\/div>\n\t\t\t\t\t<\/div>\n\t\t<\/article>\n\t\t\t\t<article class=\"elementor-post elementor-grid-item post-4448 post type-post status-publish format-standard has-post-thumbnail hentry category-cbd-informacie category-ok\" role=\"listitem\">\n\t\t\t<div class=\"elementor-post__card\">\n\t\t\t\t<a class=\"elementor-post__thumbnail__link\" href=\"https:\/\/usamedical.com\/sk\/co-je-ajurveda\/\" tabindex=\"-1\" ><div class=\"elementor-post__thumbnail\"><img loading=\"lazy\" decoding=\"async\" width=\"300\" height=\"200\" src=\"https:\/\/usamedical.com\/sk\/wp-content\/uploads\/2021\/09\/co-je-ajurveda.png\" class=\"attachment-medium size-medium wp-image-4465\" alt=\"\" \/><\/div><\/a>\n\t\t\t\t<div class=\"elementor-post__text\">\n\t\t\t\t<h3 class=\"elementor-post__title\">\n\t\t\t<a href=\"https:\/\/usamedical.com\/sk\/co-je-ajurveda\/\" >\n\t\t\t\t\u010co je ajurv\u00e9da?\t\t\t<\/a>\n\t\t<\/h3>\n\t\t\t\t<div class=\"elementor-post__excerpt\">\n\t\t\t<p>Ajurv\u00e9dska medic\u00edna (skr\u00e1tene \u201eajurv\u00e9da\u201c) je jedn\u00fdm z najstar\u0161\u00edch holistick\u00fdch (\u201ecelotelov\u00fdch\u201c)<\/p>\n\t\t<\/div>\n\t\t\t\t<\/div>\n\t\t\t\t\t<\/div>\n\t\t<\/article>\n\t\t\t\t<article class=\"elementor-post elementor-grid-item post-4442 post type-post status-publish format-standard has-post-thumbnail hentry category-cbd-informacie category-ok\" role=\"listitem\">\n\t\t\t<div class=\"elementor-post__card\">\n\t\t\t\t<a class=\"elementor-post__thumbnail__link\" href=\"https:\/\/usamedical.com\/sk\/zlozenie-vyzivovych-doplnkov-s-ucinkami\/\" tabindex=\"-1\" ><div class=\"elementor-post__thumbnail\"><img loading=\"lazy\" decoding=\"async\" width=\"300\" height=\"200\" src=\"https:\/\/usamedical.com\/sk\/wp-content\/uploads\/2021\/09\/vyzivove-doplnky-zdravie.jpg\" class=\"attachment-medium size-medium wp-image-4477\" alt=\"v\u00fd\u017eivov\u00e9 doplnky pre zdravie\" \/><\/div><\/a>\n\t\t\t\t<div class=\"elementor-post__text\">\n\t\t\t\t<h3 class=\"elementor-post__title\">\n\t\t\t<a href=\"https:\/\/usamedical.com\/sk\/zlozenie-vyzivovych-doplnkov-s-ucinkami\/\" >\n\t\t\t\tZlo\u017eenie v\u00fd\u017eivov\u00fdch doplnkov s \u00fa\u010dinkami\t\t\t<\/a>\n\t\t<\/h3>\n\t\t\t\t<div class=\"elementor-post__excerpt\">\n\t\t\t<p>Stravujete sa obmedzene, nem\u00e1te dostatok pohybu, m\u00e1te stres, m\u00e1lo sp\u00edte,<\/p>\n\t\t<\/div>\n\t\t\t\t<\/div>\n\t\t\t\t\t<\/div>\n\t\t<\/article>\n\t\t\t\t<article class=\"elementor-post elementor-grid-item post-3936 post type-post status-publish format-standard has-post-thumbnail hentry category-best4 category-cbd-informacie category-ok category-oprava\" role=\"listitem\">\n\t\t\t<div class=\"elementor-post__card\">\n\t\t\t\t<a class=\"elementor-post__thumbnail__link\" href=\"https:\/\/usamedical.com\/sk\/cbd-olej-lekaren\/\" tabindex=\"-1\" ><div class=\"elementor-post__thumbnail\"><img loading=\"lazy\" decoding=\"async\" width=\"300\" height=\"167\" src=\"https:\/\/usamedical.com\/sk\/wp-content\/uploads\/2021\/08\/cbd-olej-obchod.jpg\" class=\"attachment-medium size-medium wp-image-3944\" alt=\"CBD olej je dostupn\u00fd aj v lek\u00e1r\u0148ach.\" \/><\/div><\/a>\n\t\t\t\t<div class=\"elementor-post__text\">\n\t\t\t\t<h3 class=\"elementor-post__title\">\n\t\t\t<a href=\"https:\/\/usamedical.com\/sk\/cbd-olej-lekaren\/\" >\n\t\t\t\tTipy pre n\u00e1kup CBD oleja\t\t\t<\/a>\n\t\t<\/h3>\n\t\t\t\t<div class=\"elementor-post__excerpt\">\n\t\t\t<p>Na reg\u00e1loch obchodov sa nach\u00e1dzaj\u00fa stovky r\u00f4znych produktov s\u00a0obsahom konopy.<\/p>\n\t\t<\/div>\n\t\t\t\t<\/div>\n\t\t\t\t\t<\/div>\n\t\t<\/article>\n\t\t\t\t<article class=\"elementor-post elementor-grid-item post-3796 post type-post status-publish format-standard has-post-thumbnail hentry category-cbd-informacie category-ok\" role=\"listitem\">\n\t\t\t<div class=\"elementor-post__card\">\n\t\t\t\t<a class=\"elementor-post__thumbnail__link\" href=\"https:\/\/usamedical.com\/sk\/cbg\/\" tabindex=\"-1\" ><div class=\"elementor-post__thumbnail\"><img loading=\"lazy\" decoding=\"async\" width=\"300\" height=\"180\" src=\"https:\/\/usamedical.com\/sk\/wp-content\/uploads\/2021\/07\/cbd-kanabionidy.jpg\" class=\"attachment-medium size-medium wp-image-3800\" alt=\"CBG patr\u00ed do rodiny kanabinoidov.\" \/><\/div><\/a>\n\t\t\t\t<div class=\"elementor-post__text\">\n\t\t\t\t<h3 class=\"elementor-post__title\">\n\t\t\t<a href=\"https:\/\/usamedical.com\/sk\/cbg\/\" >\n\t\t\t\t\u010co je CBG a ako sa l\u00ed\u0161i od CBD?\t\t\t<\/a>\n\t\t<\/h3>\n\t\t\t\t<div class=\"elementor-post__excerpt\">\n\t\t\t<p>Kanabigerol alebo CBG je kanabinoid, teda jedna z mnoh\u00fdch zl\u00fa\u010den\u00edn<\/p>\n\t\t<\/div>\n\t\t\t\t<\/div>\n\t\t\t\t\t<\/div>\n\t\t<\/article>\n\t\t\t\t<\/div>\n\t\t\t\t\t<span class=\"e-load-more-spinner\">\n\t\t\t\t<i aria-hidden=\"true\" class=\"fas fa-spinner\"><\/i>\t\t\t<\/span>\n\t\t\n\t\t\t\t<div class=\"e-load-more-anchor\" data-page=\"1\" data-max-page=\"3\" data-next-page=\"https:\/\/usamedical.com\/sk\/wp-json\/wp\/v2\/pages\/8025\/page\/2\/\"><\/div>\n\t\t\t\t<div class=\"e-load-more-message\"><\/div>\n\t\t\t\t\t\t<\/div>\n\t\t\t\t<\/div>\n\t\t\t\t\t<\/div>\n\t\t<\/div>\n\t\t\t\t\t<\/div>\n\t\t<\/section>\n\t\t\t\t<\/div>\n\t\t","protected":false},"excerpt":{"rendered":"<p>USA medical blog Novinky a zauj\u00edmavosti z cel\u00e9ho sveta<\/p>\n","protected":false},"author":3,"featured_media":0,"parent":0,"menu_order":0,"comment_status":"closed","ping_status":"closed","template":"","meta":{"_acf_changed":false,"footnotes":""},"class_list":["post-8025","page","type-page","status-publish","hentry"],"acf":[],"yoast_head":"<!-- This site is optimized with the Yoast SEO plugin v26.5 - https:\/\/yoast.com\/wordpress\/plugins\/seo\/ -->\n<title>Blog - USAmedical.sk<\/title>\n<meta name=\"robots\" content=\"index, follow, max-snippet:-1, max-image-preview:large, max-video-preview:-1\" \/>\n<link rel=\"canonical\" href=\"https:\/\/usamedical.com\/sk\/blog\/\" \/>\n<meta property=\"og:locale\" content=\"sk_SK\" \/>\n<meta property=\"og:type\" content=\"article\" \/>\n<meta property=\"og:title\" content=\"Blog - USAmedical.sk\" \/>\n<meta property=\"og:description\" content=\"USA medical blog Novinky a zauj\u00edmavosti z cel\u00e9ho sveta\" \/>\n<meta property=\"og:url\" content=\"https:\/\/usamedical.com\/sk\/blog\/\" \/>\n<meta property=\"og:site_name\" content=\"USAmedical.sk\" \/>\n<meta property=\"article:modified_time\" content=\"2022-04-12T08:37:36+00:00\" \/>\n<meta name=\"twitter:card\" content=\"summary_large_image\" \/>\n<script type=\"application\/ld+json\" class=\"yoast-schema-graph\">{\"@context\":\"https:\/\/schema.org\",\"@graph\":[{\"@type\":\"WebPage\",\"@id\":\"https:\/\/usamedical.com\/sk\/blog\/\",\"url\":\"https:\/\/usamedical.com\/sk\/blog\/\",\"name\":\"Blog - USAmedical.sk\",\"isPartOf\":{\"@id\":\"https:\/\/usamedical.com\/sk\/#website\"},\"datePublished\":\"2022-03-15T11:57:21+00:00\",\"dateModified\":\"2022-04-12T08:37:36+00:00\",\"breadcrumb\":{\"@id\":\"https:\/\/usamedical.com\/sk\/blog\/#breadcrumb\"},\"inLanguage\":\"sk-SK\",\"potentialAction\":[{\"@type\":\"ReadAction\",\"target\":[\"https:\/\/usamedical.com\/sk\/blog\/\"]}]},{\"@type\":\"BreadcrumbList\",\"@id\":\"https:\/\/usamedical.com\/sk\/blog\/#breadcrumb\",\"itemListElement\":[{\"@type\":\"ListItem\",\"position\":1,\"name\":\"Kezd\u0151lap\",\"item\":\"https:\/\/usamedical.com\/sk\/\"},{\"@type\":\"ListItem\",\"position\":2,\"name\":\"Blog\"}]},{\"@type\":\"WebSite\",\"@id\":\"https:\/\/usamedical.com\/sk\/#website\",\"url\":\"https:\/\/usamedical.com\/sk\/\",\"name\":\"USAmedical.sk\",\"description\":\"e-shop s CBD olejom a kapsulami\",\"publisher\":{\"@id\":\"https:\/\/usamedical.com\/sk\/#organization\"},\"potentialAction\":[{\"@type\":\"SearchAction\",\"target\":{\"@type\":\"EntryPoint\",\"urlTemplate\":\"https:\/\/usamedical.com\/sk\/?s={search_term_string}\"},\"query-input\":{\"@type\":\"PropertyValueSpecification\",\"valueRequired\":true,\"valueName\":\"search_term_string\"}}],\"inLanguage\":\"sk-SK\"},{\"@type\":\"Organization\",\"@id\":\"https:\/\/usamedical.com\/sk\/#organization\",\"name\":\"USAmedical.sk\",\"url\":\"https:\/\/usamedical.com\/sk\/\",\"logo\":{\"@type\":\"ImageObject\",\"inLanguage\":\"sk-SK\",\"@id\":\"https:\/\/usamedical.com\/sk\/#\/schema\/logo\/image\/\",\"url\":\"https:\/\/usamedical.com\/sk\/wp-content\/uploads\/2022\/03\/us_medical_logo.svg\",\"contentUrl\":\"https:\/\/usamedical.com\/sk\/wp-content\/uploads\/2022\/03\/us_medical_logo.svg\",\"width\":233,\"height\":56,\"caption\":\"USAmedical.sk\"},\"image\":{\"@id\":\"https:\/\/usamedical.com\/sk\/#\/schema\/logo\/image\/\"}}]}<\/script>\n<!-- \/ Yoast SEO plugin. -->","yoast_head_json":{"title":"Blog - USAmedical.sk","robots":{"index":"index","follow":"follow","max-snippet":"max-snippet:-1","max-image-preview":"max-image-preview:large","max-video-preview":"max-video-preview:-1"},"canonical":"https:\/\/usamedical.com\/sk\/blog\/","og_locale":"sk_SK","og_type":"article","og_title":"Blog - USAmedical.sk","og_description":"USA medical blog Novinky a zauj\u00edmavosti z cel\u00e9ho sveta","og_url":"https:\/\/usamedical.com\/sk\/blog\/","og_site_name":"USAmedical.sk","article_modified_time":"2022-04-12T08:37:36+00:00","twitter_card":"summary_large_image","schema":{"@context":"https:\/\/schema.org","@graph":[{"@type":"WebPage","@id":"https:\/\/usamedical.com\/sk\/blog\/","url":"https:\/\/usamedical.com\/sk\/blog\/","name":"Blog - USAmedical.sk","isPartOf":{"@id":"https:\/\/usamedical.com\/sk\/#website"},"datePublished":"2022-03-15T11:57:21+00:00","dateModified":"2022-04-12T08:37:36+00:00","breadcrumb":{"@id":"https:\/\/usamedical.com\/sk\/blog\/#breadcrumb"},"inLanguage":"sk-SK","potentialAction":[{"@type":"ReadAction","target":["https:\/\/usamedical.com\/sk\/blog\/"]}]},{"@type":"BreadcrumbList","@id":"https:\/\/usamedical.com\/sk\/blog\/#breadcrumb","itemListElement":[{"@type":"ListItem","position":1,"name":"Kezd\u0151lap","item":"https:\/\/usamedical.com\/sk\/"},{"@type":"ListItem","position":2,"name":"Blog"}]},{"@type":"WebSite","@id":"https:\/\/usamedical.com\/sk\/#website","url":"https:\/\/usamedical.com\/sk\/","name":"USAmedical.sk","description":"e-shop s CBD olejom a kapsulami","publisher":{"@id":"https:\/\/usamedical.com\/sk\/#organization"},"potentialAction":[{"@type":"SearchAction","target":{"@type":"EntryPoint","urlTemplate":"https:\/\/usamedical.com\/sk\/?s={search_term_string}"},"query-input":{"@type":"PropertyValueSpecification","valueRequired":true,"valueName":"search_term_string"}}],"inLanguage":"sk-SK"},{"@type":"Organization","@id":"https:\/\/usamedical.com\/sk\/#organization","name":"USAmedical.sk","url":"https:\/\/usamedical.com\/sk\/","logo":{"@type":"ImageObject","inLanguage":"sk-SK","@id":"https:\/\/usamedical.com\/sk\/#\/schema\/logo\/image\/","url":"https:\/\/usamedical.com\/sk\/wp-content\/uploads\/2022\/03\/us_medical_logo.svg","contentUrl":"https:\/\/usamedical.com\/sk\/wp-content\/uploads\/2022\/03\/us_medical_logo.svg","width":233,"height":56,"caption":"USAmedical.sk"},"image":{"@id":"https:\/\/usamedical.com\/sk\/#\/schema\/logo\/image\/"}}]}},"_links":{"self":[{"href":"https:\/\/usamedical.com\/sk\/wp-json\/wp\/v2\/pages\/8025","targetHints":{"allow":["GET"]}}],"collection":[{"href":"https:\/\/usamedical.com\/sk\/wp-json\/wp\/v2\/pages"}],"about":[{"href":"https:\/\/usamedical.com\/sk\/wp-json\/wp\/v2\/types\/page"}],"author":[{"embeddable":true,"href":"https:\/\/usamedical.com\/sk\/wp-json\/wp\/v2\/users\/3"}],"replies":[{"embeddable":true,"href":"https:\/\/usamedical.com\/sk\/wp-json\/wp\/v2\/comments?post=8025"}],"version-history":[{"count":5,"href":"https:\/\/usamedical.com\/sk\/wp-json\/wp\/v2\/pages\/8025\/revisions"}],"predecessor-version":[{"id":10602,"href":"https:\/\/usamedical.com\/sk\/wp-json\/wp\/v2\/pages\/8025\/revisions\/10602"}],"wp:attachment":[{"href":"https:\/\/usamedical.com\/sk\/wp-json\/wp\/v2\/media?parent=8025"}],"curies":[{"name":"wp","href":"https:\/\/api.w.org\/{rel}","templated":true}]}}