{"id":3860,"date":"2022-06-09T16:46:05","date_gmt":"2022-06-09T14:46:05","guid":{"rendered":"https:\/\/usamedical.com\/se\/?post_type=product&#038;p=3860"},"modified":"2025-09-17T18:07:49","modified_gmt":"2025-09-17T16:07:49","slug":"3-x-cbd-olja-30-ml-250mg-fraktfritt","status":"publish","type":"product","link":"https:\/\/usamedical.com\/se\/produkt\/3-x-cbd-olja-30-ml-250mg-fraktfritt\/","title":{"rendered":"3 x CBD olja 30 ml 250mg Fraktfritt"},"content":{"rendered":"<p><strong>Bredspektrum CBD-olja med 250 mg aktiv substans. THC-fri.<\/strong><\/p>\n<p><b>USA medical 250 mg CBD-olja Oral Drops <\/b>finns i 30 ml-f\u00f6rpackningar med 250 mg CBD. Inneh\u00e5ller naturliga v\u00e4xtbaserade ingredienser. Bredspektrum CBD-olja registrerad i CPNP-systemet, med laboratorietestningsprotokoll. Analysen visade en bakterie- och svampd\u00f6dande effekt p\u00e5 81\u201399,5 % f\u00f6r USA Medicals CBD-oljor under laboratorief\u00f6rh\u00e5llanden.<\/p>\n<p>F\u00f6rutom CBD-extrakt inneh\u00e5ller <b>USA Medical 250 mg CBD-olja <\/b>en harmonisk blandning av hampafr\u00f6olja med omega 3- och 6-fettsyror och druvk\u00e4rnolja med vitamin E. Det \u00e4r v\u00e4rt att s\u00e4rskilt n\u00e4mna att dessa v\u00e4rdefulla vegetabiliska oljor \u00e4r rika p\u00e5 polyfenoler. Den organiska eteriska apelsinoljan bidrar till den utm\u00e4rkta smaken.<\/p>\n<p>CBD-extrakten tillverkas av ett av v\u00e4rldens st\u00f6rsta CBD-producerande f\u00f6retag med hj\u00e4lp av den modernaste tekniken som finns tillg\u00e4nglig idag, i en FDA-registrerad fabrik. Inga djurf\u00f6rs\u00f6k utf\u00f6rs under tillverkningen, och produkterna \u00e4r fria fr\u00e5n konserveringsmedel, f\u00e4rg\u00e4mnen, parabener, GMO och THC, samt VEGANSKA. Vid tillverkningen av CBD-extrakt anv\u00e4nds en skonsam CO2-extraktionsmetod i enlighet med \u201dgod tillverkningssed\u201d (GMP) och tillverkningen omfattas av str\u00e4nga kvalitetskontroller. Produkten genomg\u00e5r mikrobiologisk analys, och dessutom bekr\u00e4ftar laboratorietestresultat CBD-inneh\u00e5llet, THC-friheten och att produkten som n\u00e5r v\u00e5ra kunder \u00e4r fri fr\u00e5n f\u00f6roreningar, kemikalier och tungmetaller.<\/p>\n<p><strong>Hur m\u00e5nga mg CBD finns det i USA Medical 250 mg CBD-olja?<\/strong><\/p>\n<p>Alla v\u00e5ra USA Medical CBD-oljepreparat finns i 30 ml-f\u00f6rpackningar, utrustade med en pipett med m\u00e5ttglas p\u00e5 1 ml.<\/p>\n<p>Tack vare 1\/4 ml-markeringarna p\u00e5 pipettens glas \u00e4r doseringen precis och bekv\u00e4m. Den m\u00e4ngd olja som sugs upp med pipetten till 1 ml-markeringen motsvarar cirka 30\u201335 droppar.<\/p>\n<p><b>L\u00e5g dos \u2013 USA Medical 250 mg CBD-olja 30 ml<\/b><\/p>\n<p>1\/4 ml (0,25 ml) ~ 2,1 mg CBD<\/p>\n<p>1\/2 ml (0,50 ml) ~ 4,2 mg CBD<\/p>\n<p>3\/4 ml (0,75 ml) ~ 6,3 mg CBD<\/p>\n<p><strong>1 ml ~ 8,3 mg CBD<\/strong><\/p>\n<p><strong>Vad inneh\u00e5ller CBD-oljan?<\/strong><\/p>\n<p><b>INGREDIENSER: <\/b>CANNABIS SATIVA (HEMP) FR\u00d6OLJA, VITIS VINIFERA (DRUV) FR\u00d6OLJA, CITRUS SINENSIS SKAL (APELSIN) OLJA, CANNABIDIOL (CBD), LIMONENE*, LINALOOL* \/ *fr\u00e5n naturlig ekologisk eterisk olja<\/p>\n<p><b>Ingredienser: <\/b>hampfr\u00f6olja, druvk\u00e4rnolja, apelsinolja, cannabidiol (CBD), limonene* och linalool* \/ *terpener fr\u00e5n naturlig, ekologisk eterisk olja.<\/p>\n<p><strong>Barns\u00e4ker pipett \u2013 Tryck ner locket samtidigt som du vrider f\u00f6r att \u00f6ppna!<\/strong><\/p>\n<p><strong>Vad g\u00f6r USA Medical CBD-olja unik och speciell?<\/strong><\/p>\n<ul>\n<li><i> Den best\u00e5r av naturliga ingredienser.<\/i><\/li>\n<li><em>Den \u00e4r fri fr\u00e5n THC och har d\u00e4rf\u00f6r ingen psykoaktiv effekt.<\/em><\/li>\n<li><em>Den \u00e4r vegansk, GMO-fri och inte testad p\u00e5 djur.<\/em><\/li>\n<li><em>Den har en behaglig smak utan stark hampasmak.<\/em><\/li>\n<li><em>CBD-extraktet l\u00f6ses upp i v\u00e4rdefulla vegetabiliska oljor av livsmedelskvalitet, s\u00e5som hampafr\u00f6olja, druvk\u00e4rnolja och apelsinolja.<\/em><\/li>\n<li><em>Den inneh\u00e5ller inte tillsatt socker, gluten, konserveringsmedel, parabener, f\u00e4rg\u00e4mnen eller andra tillsatser.<\/em><\/li>\n<li><em>Doseringen underl\u00e4ttas av en pipett med 1 ml-markeringar och s\u00e4kerhetsl\u00e5s.<\/em><\/li>\n<li><em>Inneh\u00e5llet av verksamma \u00e4mnen och renheten \u00e4r bekr\u00e4ftade genom laboratorietester.<\/em><\/li>\n<li><em>CBD-extrakten tillverkas i en FDA-registrerad anl\u00e4ggning som tillh\u00f6r det anrika amerikanska CBD-f\u00f6retaget, i enlighet med GMP-riktlinjer och under strikt kvalitetskontroll.<\/em><\/li>\n<li><em>De \u00e4r fria fr\u00e5n f\u00f6roreningar, kemikalier och tungmetaller.<\/em><\/li>\n<li><i>CBD-extrakten utvinns genom skonsam CO2-extraktion och ett flerstegsreningsf\u00f6rfarande fr\u00e5n fritt odlad hampa.<\/i><\/li>\n<li><em>Extrakten genomg\u00e5r flera olika tester, till exempel mikrobiologiska analyser, kontroll av cannabinoid- och terpenprofilen, exakt inneh\u00e5ll av aktiva substanser och THC-frihet, men \u00e4ven kontroll av kemikalie-, l\u00f6sningsmedels- och tungmetallinneh\u00e5ll.<\/em><\/li>\n<li><em>V\u00e5ra CBD-oljeprodukter har testats i Ungern (T\u00dcV-laboratorium) f\u00f6r att garantera att v\u00e5ra kunder f\u00e5r rena CBD-produkter av h\u00f6gsta kvalitet.<\/em><\/li>\n<\/ul>\n","protected":false},"excerpt":{"rendered":"<div class=\"col-xs-12\">\n<div class=\"ProductSubtitle FontRegular\">Rent CBD-tinktur CBD + CBDa \/ 0,0% THC<\/div>\n<\/div>\n","protected":false},"featured_media":3125,"comment_status":"open","ping_status":"closed","template":"","meta":[],"product_cat":[27,20],"product_tag":[],"class_list":{"0":"post-3860","1":"product","2":"type-product","3":"status-publish","4":"has-post-thumbnail","6":"product_cat-formanliga-paketerbjudanden","7":"product_cat-cbd-olja","9":"first","10":"instock","11":"taxable","12":"shipping-taxable","13":"purchasable","14":"product-type-simple"},"acf":[],"yoast_head":"<!-- This site is optimized with the Yoast SEO plugin v23.2 - https:\/\/yoast.com\/wordpress\/plugins\/seo\/ -->\n<title>3 x CBD olja 30 ml 250mg Fraktfritt - K\u00f6p online idag - USA Medical<\/title>\n<meta name=\"description\" content=\"3 x CBD olja 30 ml 250mg Fraktfritt - K\u00f6p exklusiva CBD produkter till de b\u00e4sta priserna fr\u00e5n USAMedical. Alltid snabba leveranser.\" \/>\n<meta name=\"robots\" content=\"index, follow, max-snippet:-1, max-image-preview:large, max-video-preview:-1\" \/>\n<link rel=\"canonical\" href=\"https:\/\/usamedical.com\/se\/produkt\/3-x-cbd-olja-30-ml-250mg-fraktfritt\/\" \/>\n<meta property=\"og:locale\" content=\"sv_SE\" \/>\n<meta property=\"og:type\" content=\"article\" \/>\n<meta property=\"og:title\" content=\"3 x CBD olja 30 ml 250mg Fraktfritt - K\u00f6p online idag - USA Medical\" \/>\n<meta property=\"og:description\" content=\"3 x CBD olja 30 ml 250mg Fraktfritt - K\u00f6p exklusiva CBD produkter till de b\u00e4sta priserna fr\u00e5n USAMedical. Alltid snabba leveranser.\" \/>\n<meta property=\"og:url\" content=\"https:\/\/usamedical.com\/se\/produkt\/3-x-cbd-olja-30-ml-250mg-fraktfritt\/\" \/>\n<meta property=\"og:site_name\" content=\"USA Medical\" \/>\n<meta property=\"article:modified_time\" content=\"2025-09-17T16:07:49+00:00\" \/>\n<meta property=\"og:image\" content=\"https:\/\/usamedical.com\/se\/wp-content\/uploads\/2020\/07\/oral-cbd-orange-3x250-1.jpg\" \/>\n\t<meta property=\"og:image:width\" content=\"800\" \/>\n\t<meta property=\"og:image:height\" content=\"960\" \/>\n\t<meta property=\"og:image:type\" content=\"image\/jpeg\" \/>\n<meta name=\"twitter:card\" content=\"summary_large_image\" \/>\n<meta name=\"twitter:label1\" content=\"Ber\u00e4knad l\u00e4stid\" \/>\n\t<meta name=\"twitter:data1\" content=\"3 minuter\" \/>\n<script type=\"application\/ld+json\" class=\"yoast-schema-graph\">{\"@context\":\"https:\/\/schema.org\",\"@graph\":[{\"@type\":\"WebPage\",\"@id\":\"https:\/\/usamedical.com\/se\/produkt\/3-x-cbd-olja-30-ml-250mg-fraktfritt\/\",\"url\":\"https:\/\/usamedical.com\/se\/produkt\/3-x-cbd-olja-30-ml-250mg-fraktfritt\/\",\"name\":\"3 x CBD olja 30 ml 250mg Fraktfritt - K\u00f6p online idag - USA Medical\",\"isPartOf\":{\"@id\":\"https:\/\/usamedical.com\/se\/#website\"},\"primaryImageOfPage\":{\"@id\":\"https:\/\/usamedical.com\/se\/produkt\/3-x-cbd-olja-30-ml-250mg-fraktfritt\/#primaryimage\"},\"image\":{\"@id\":\"https:\/\/usamedical.com\/se\/produkt\/3-x-cbd-olja-30-ml-250mg-fraktfritt\/#primaryimage\"},\"thumbnailUrl\":\"https:\/\/usamedical.com\/se\/wp-content\/uploads\/2020\/07\/oral-cbd-orange-3x250-1.jpg\",\"datePublished\":\"2022-06-09T14:46:05+00:00\",\"dateModified\":\"2025-09-17T16:07:49+00:00\",\"description\":\"3 x CBD olja 30 ml 250mg Fraktfritt - K\u00f6p exklusiva CBD produkter till de b\u00e4sta priserna fr\u00e5n USAMedical. Alltid snabba leveranser.\",\"breadcrumb\":{\"@id\":\"https:\/\/usamedical.com\/se\/produkt\/3-x-cbd-olja-30-ml-250mg-fraktfritt\/#breadcrumb\"},\"inLanguage\":\"sv-SE\",\"potentialAction\":[{\"@type\":\"ReadAction\",\"target\":[\"https:\/\/usamedical.com\/se\/produkt\/3-x-cbd-olja-30-ml-250mg-fraktfritt\/\"]}]},{\"@type\":\"ImageObject\",\"inLanguage\":\"sv-SE\",\"@id\":\"https:\/\/usamedical.com\/se\/produkt\/3-x-cbd-olja-30-ml-250mg-fraktfritt\/#primaryimage\",\"url\":\"https:\/\/usamedical.com\/se\/wp-content\/uploads\/2020\/07\/oral-cbd-orange-3x250-1.jpg\",\"contentUrl\":\"https:\/\/usamedical.com\/se\/wp-content\/uploads\/2020\/07\/oral-cbd-orange-3x250-1.jpg\",\"width\":800,\"height\":960},{\"@type\":\"BreadcrumbList\",\"@id\":\"https:\/\/usamedical.com\/se\/produkt\/3-x-cbd-olja-30-ml-250mg-fraktfritt\/#breadcrumb\",\"itemListElement\":[{\"@type\":\"ListItem\",\"position\":1,\"name\":\"Hem\",\"item\":\"https:\/\/usamedical.com\/se\/hem\/\"},{\"@type\":\"ListItem\",\"position\":2,\"name\":\"Webbutik\",\"item\":\"https:\/\/usamedical.com\/se\/butik\/\"},{\"@type\":\"ListItem\",\"position\":3,\"name\":\"3 x CBD olja 30 ml 250mg Fraktfritt\"}]},{\"@type\":\"WebSite\",\"@id\":\"https:\/\/usamedical.com\/se\/#website\",\"url\":\"https:\/\/usamedical.com\/se\/\",\"name\":\"USA Medical\",\"description\":\"H\u00f6gkvalitativ cannabisolja och kapslar. 100% naturlig, drogfri, testad\",\"potentialAction\":[{\"@type\":\"SearchAction\",\"target\":{\"@type\":\"EntryPoint\",\"urlTemplate\":\"https:\/\/usamedical.com\/se\/?s={search_term_string}\"},\"query-input\":\"required name=search_term_string\"}],\"inLanguage\":\"sv-SE\"}]}<\/script>\n<!-- \/ Yoast SEO plugin. -->","yoast_head_json":{"title":"3 x CBD olja 30 ml 250mg Fraktfritt - K\u00f6p online idag - USA Medical","description":"3 x CBD olja 30 ml 250mg Fraktfritt - K\u00f6p exklusiva CBD produkter till de b\u00e4sta priserna fr\u00e5n USAMedical. Alltid snabba leveranser.","robots":{"index":"index","follow":"follow","max-snippet":"max-snippet:-1","max-image-preview":"max-image-preview:large","max-video-preview":"max-video-preview:-1"},"canonical":"https:\/\/usamedical.com\/se\/produkt\/3-x-cbd-olja-30-ml-250mg-fraktfritt\/","og_locale":"sv_SE","og_type":"article","og_title":"3 x CBD olja 30 ml 250mg Fraktfritt - K\u00f6p online idag - USA Medical","og_description":"3 x CBD olja 30 ml 250mg Fraktfritt - K\u00f6p exklusiva CBD produkter till de b\u00e4sta priserna fr\u00e5n USAMedical. Alltid snabba leveranser.","og_url":"https:\/\/usamedical.com\/se\/produkt\/3-x-cbd-olja-30-ml-250mg-fraktfritt\/","og_site_name":"USA Medical","article_modified_time":"2025-09-17T16:07:49+00:00","og_image":[{"width":800,"height":960,"url":"https:\/\/usamedical.com\/se\/wp-content\/uploads\/2020\/07\/oral-cbd-orange-3x250-1.jpg","type":"image\/jpeg"}],"twitter_card":"summary_large_image","twitter_misc":{"Ber\u00e4knad l\u00e4stid":"3 minuter"},"schema":{"@context":"https:\/\/schema.org","@graph":[{"@type":"WebPage","@id":"https:\/\/usamedical.com\/se\/produkt\/3-x-cbd-olja-30-ml-250mg-fraktfritt\/","url":"https:\/\/usamedical.com\/se\/produkt\/3-x-cbd-olja-30-ml-250mg-fraktfritt\/","name":"3 x CBD olja 30 ml 250mg Fraktfritt - K\u00f6p online idag - USA Medical","isPartOf":{"@id":"https:\/\/usamedical.com\/se\/#website"},"primaryImageOfPage":{"@id":"https:\/\/usamedical.com\/se\/produkt\/3-x-cbd-olja-30-ml-250mg-fraktfritt\/#primaryimage"},"image":{"@id":"https:\/\/usamedical.com\/se\/produkt\/3-x-cbd-olja-30-ml-250mg-fraktfritt\/#primaryimage"},"thumbnailUrl":"https:\/\/usamedical.com\/se\/wp-content\/uploads\/2020\/07\/oral-cbd-orange-3x250-1.jpg","datePublished":"2022-06-09T14:46:05+00:00","dateModified":"2025-09-17T16:07:49+00:00","description":"3 x CBD olja 30 ml 250mg Fraktfritt - K\u00f6p exklusiva CBD produkter till de b\u00e4sta priserna fr\u00e5n USAMedical. Alltid snabba leveranser.","breadcrumb":{"@id":"https:\/\/usamedical.com\/se\/produkt\/3-x-cbd-olja-30-ml-250mg-fraktfritt\/#breadcrumb"},"inLanguage":"sv-SE","potentialAction":[{"@type":"ReadAction","target":["https:\/\/usamedical.com\/se\/produkt\/3-x-cbd-olja-30-ml-250mg-fraktfritt\/"]}]},{"@type":"ImageObject","inLanguage":"sv-SE","@id":"https:\/\/usamedical.com\/se\/produkt\/3-x-cbd-olja-30-ml-250mg-fraktfritt\/#primaryimage","url":"https:\/\/usamedical.com\/se\/wp-content\/uploads\/2020\/07\/oral-cbd-orange-3x250-1.jpg","contentUrl":"https:\/\/usamedical.com\/se\/wp-content\/uploads\/2020\/07\/oral-cbd-orange-3x250-1.jpg","width":800,"height":960},{"@type":"BreadcrumbList","@id":"https:\/\/usamedical.com\/se\/produkt\/3-x-cbd-olja-30-ml-250mg-fraktfritt\/#breadcrumb","itemListElement":[{"@type":"ListItem","position":1,"name":"Hem","item":"https:\/\/usamedical.com\/se\/hem\/"},{"@type":"ListItem","position":2,"name":"Webbutik","item":"https:\/\/usamedical.com\/se\/butik\/"},{"@type":"ListItem","position":3,"name":"3 x CBD olja 30 ml 250mg Fraktfritt"}]},{"@type":"WebSite","@id":"https:\/\/usamedical.com\/se\/#website","url":"https:\/\/usamedical.com\/se\/","name":"USA Medical","description":"H\u00f6gkvalitativ cannabisolja och kapslar. 100% naturlig, drogfri, testad","potentialAction":[{"@type":"SearchAction","target":{"@type":"EntryPoint","urlTemplate":"https:\/\/usamedical.com\/se\/?s={search_term_string}"},"query-input":"required name=search_term_string"}],"inLanguage":"sv-SE"}]}},"_links":{"self":[{"href":"https:\/\/usamedical.com\/se\/wp-json\/wp\/v2\/product\/3860"}],"collection":[{"href":"https:\/\/usamedical.com\/se\/wp-json\/wp\/v2\/product"}],"about":[{"href":"https:\/\/usamedical.com\/se\/wp-json\/wp\/v2\/types\/product"}],"replies":[{"embeddable":true,"href":"https:\/\/usamedical.com\/se\/wp-json\/wp\/v2\/comments?post=3860"}],"wp:featuredmedia":[{"embeddable":true,"href":"https:\/\/usamedical.com\/se\/wp-json\/wp\/v2\/media\/3125"}],"wp:attachment":[{"href":"https:\/\/usamedical.com\/se\/wp-json\/wp\/v2\/media?parent=3860"}],"wp:term":[{"taxonomy":"product_cat","embeddable":true,"href":"https:\/\/usamedical.com\/se\/wp-json\/wp\/v2\/product_cat?post=3860"},{"taxonomy":"product_tag","embeddable":true,"href":"https:\/\/usamedical.com\/se\/wp-json\/wp\/v2\/product_tag?post=3860"}],"curies":[{"name":"wp","href":"https:\/\/api.w.org\/{rel}","templated":true}]}}