{"id":3156,"date":"2021-06-01T10:51:17","date_gmt":"2021-06-01T08:51:17","guid":{"rendered":"https:\/\/usamedical.com\/se\/?post_type=product&#038;p=3156"},"modified":"2025-09-17T18:49:57","modified_gmt":"2025-09-17T16:49:57","slug":"2-x-cbd-olja-30-ml-1000mg-fraktfritt","status":"publish","type":"product","link":"https:\/\/usamedical.com\/se\/produkt\/2-x-cbd-olja-30-ml-1000mg-fraktfritt\/","title":{"rendered":"2 x CBD olja 30 ml 1000mg Fraktfritt"},"content":{"rendered":"<p><strong>Bredspektrum, naturligt CBD-olja som inneh\u00e5ller 1000 mg aktiv substans. THC-fritt.<\/strong><\/p>\n<p><b>USA Medical 1000 mg CBD-olja droppar<\/b> kan k\u00f6pas i 30 ml-f\u00f6rpackningar. Produkten inneh\u00e5ller 1000 mg CBD och naturliga v\u00e4xtbaserade ingredienser. Bredspektrum CBD-olja registrerad i CPNP-systemet med laboratorietestningsprotokoll. Analysen fastst\u00e4llde en bakterie- och svampd\u00f6dande effekt p\u00e5 81\u201399,5 % f\u00f6r USA Medicals CBD-oljor under laboratorief\u00f6rh\u00e5llanden. Inneh\u00e5ller inte tillsatt socker, f\u00e4rg\u00e4mnen eller konserveringsmedel. GMO- och djurf\u00f6rs\u00f6ksfri, VEGANSK produkt. THC-fri.<\/p>\n<p>V\u00e5r produkt <b>USA Medical 1000 mg CBD-olja <\/b>\u00e4r en harmonisk blandning av CBD-extrakt, hampafr\u00f6olja, druvk\u00e4rnolja och ekologisk eterisk apelsinolja, vilket inneb\u00e4r att den \u00e4ven inneh\u00e5ller omega 3- och 6-fettsyror, v\u00e4rdefulla polyfenoler och E-vitamin, allt detta med en mild apelsinsmak.<\/p>\n<p>V\u00e5r produkt \u00e4r<b> <\/b>VEGAN, och CBD-extrakten tillverkas av en av de st\u00f6rsta amerikanska CBD-oljeproducenterna i en FDA-registrerad anl\u00e4ggning. CBD-extraktet tillverkas i enlighet med god tillverkningssed (GMP) med hj\u00e4lp av CO2-extraktion, vilket \u00e5tf\u00f6ljs av str\u00e4ng kvalitetskontroll, mikrobiologisk analys och laboratorietester. Inga djurf\u00f6rs\u00f6k utf\u00f6rs vid tillverkningen.<\/p>\n<p><b>Vad inneh\u00e5ller CBD-oljan?<\/b><\/p>\n<p><b>INGREDIENTS: <\/b>CANNABIS SATIVA (HEMP) SEED OIL, VITIS VINIFERA (GRAPE) SEED OIL, CANNABIDIOL (CBD), CITRUS SINENSIS PEEL (ORANGE) OIL EXPRESSED, LIMONENE*, LINALOOL* \/ *fr\u00e5n naturlig ekologisk eterisk olja<\/p>\n<p><b>Ingredienser: <\/b>hampfr\u00f6olja, druvk\u00e4rnolja, apelsinolja, cannabidiol (CBD), limonene* och linalool* \/ *terpener fr\u00e5n naturlig ekologisk eterisk olja.<\/p>\n<p><strong>Barns\u00e4ker pipett \u2013 Tryck ner locket samtidigt som du vrider f\u00f6r att \u00f6ppna!<\/strong><\/p>\n<p><strong>Hur m\u00e5nga mg CBD finns det i USA Medical 1000 mg CBD-olja?<\/strong><\/p>\n<p><strong>Alla v\u00e5ra USA Medical CBD-oljeprodukter finns i 30 ml-f\u00f6rpackningar, med en pipett med m\u00e5ttglas och pipettr\u00f6r med en volym p\u00e5 1 ml.<\/strong><\/p>\n<p>Tack vare 1\/4 ml-markeringarna \u00e4r det \u00e4nnu enklare och bekv\u00e4mare att dosera f\u00f6r dem som inte vill r\u00e4kna droppar.<\/p>\n<p><strong>USA Medical 1000 mg CBD-olja 30 ml \u2013 \u201dh\u00f6g dos\u201d<\/strong><\/p>\n<p>1\/4 ml (0,25 ml) ~ 8,3 mg CBD<\/p>\n<p>1\/2 ml (0,50 ml) ~ 16,7 mg CBD<\/p>\n<p>3\/4 ml (0,75 ml) ~ 25 mg CBD<\/p>\n<p><strong>1 ml ~ 33,3 mg CBD<\/strong><\/p>\n<p><strong>Vad g\u00f6r USA Medical CBD-olja unik och speciell?<\/strong><\/p>\n<ul>\n<li><i>Den \u00e4r THC-fri och har d\u00e4rf\u00f6r ingen psykoaktiv effekt.<\/i><\/li>\n<li><em>Inneh\u00e5ller inte tillsatt socker, gluten, konserveringsmedel, parabener, f\u00e4rg\u00e4mnen eller andra tillsatser.<\/em><\/li>\n<li><i>Doseringen underl\u00e4ttas av en pipett med 1 ml-markeringar och s\u00e4kerhetsl\u00e5s.<\/i><\/li>\n<li><em>CBD-extraktet l\u00f6ses upp i v\u00e4rdefulla vegetabiliska oljor av livsmedelskvalitet, s\u00e5som hampafr\u00f6olja, druvk\u00e4rnolja och apelsinolja.<\/em><\/li>\n<li><em>Den har en behaglig smak utan stark hampasmak.<\/em><\/li>\n<li><em>CBD-extrakten tillverkas i en FDA-registrerad anl\u00e4ggning enligt GMP-riktlinjer och under strikt kvalitetskontroll.<\/em><\/li>\n<li><i>CBD-extrakten utvinns fr\u00e5n hampa odlad p\u00e5 fri mark genom skonsam CO2-extraktion och ett flerstegsreningsf\u00f6rfarande.<\/i><\/li>\n<li><em>V\u00e5ra CBD-oljeprodukter har testats i Ungern (T\u00dcV-laboratorium) f\u00f6r att garantera att v\u00e5ra kunder f\u00e5r rena CBD-produkter av h\u00f6gsta kvalitet.<\/em><\/li>\n<li><em>De best\u00e5r av 100 % naturliga ingredienser.<\/em><\/li>\n<li><em>Produkten \u00e4r vegansk, GMO-fri och inte testad p\u00e5 djur.<\/em><\/li>\n<li><em>Inneh\u00e5llet av verksamma \u00e4mnen och renheten har bekr\u00e4ftats genom laboratorietester.<\/em><\/li>\n<li><em>Fri fr\u00e5n f\u00f6roreningar, kemikalier och tungmetaller.<\/em><\/li>\n<li><em>Extrakten genomg\u00e5r flera olika tester, till exempel mikrobiologiska analyser, kontroll av cannabinoid- och terpenprofilen, exakt aktiv substanshalt och renhet, men \u00e4ven kemikalie-, l\u00f6sningsmedels- och tungmetallhalt.<\/em><\/li>\n<\/ul>\n","protected":false},"excerpt":{"rendered":"<div class=\"col-xs-12\">\n<div class=\"ProductSubtitle FontRegular\">Rent CBD-tinktur CBD + CBDa \/ 0,0% THC<\/div>\n<\/div>\n","protected":false},"featured_media":3157,"comment_status":"open","ping_status":"closed","template":"","meta":[],"product_cat":[27],"product_tag":[],"class_list":{"0":"post-3156","1":"product","2":"type-product","3":"status-publish","4":"has-post-thumbnail","6":"product_cat-formanliga-paketerbjudanden","8":"first","9":"instock","10":"featured","11":"taxable","12":"shipping-taxable","13":"purchasable","14":"product-type-simple"},"acf":[],"yoast_head":"<!-- This site is optimized with the Yoast SEO plugin v23.2 - https:\/\/yoast.com\/wordpress\/plugins\/seo\/ -->\n<title>2 x CBD olja 30 ml 1000mg Fraktfritt - K\u00f6p online idag - USA Medical<\/title>\n<meta name=\"description\" content=\"2 x CBD olja 30 ml 1000mg Fraktfritt - K\u00f6p exklusiva CBD produkter till de b\u00e4sta priserna fr\u00e5n USAMedical. Alltid snabba leveranser.\" \/>\n<meta name=\"robots\" content=\"index, follow, max-snippet:-1, max-image-preview:large, max-video-preview:-1\" \/>\n<link rel=\"canonical\" href=\"https:\/\/usamedical.com\/se\/produkt\/2-x-cbd-olja-30-ml-1000mg-fraktfritt\/\" \/>\n<meta property=\"og:locale\" content=\"sv_SE\" \/>\n<meta property=\"og:type\" content=\"article\" \/>\n<meta property=\"og:title\" content=\"2 x CBD olja 30 ml 1000mg Fraktfritt - K\u00f6p online idag - USA Medical\" \/>\n<meta property=\"og:description\" content=\"2 x CBD olja 30 ml 1000mg Fraktfritt - K\u00f6p exklusiva CBD produkter till de b\u00e4sta priserna fr\u00e5n USAMedical. Alltid snabba leveranser.\" \/>\n<meta property=\"og:url\" content=\"https:\/\/usamedical.com\/se\/produkt\/2-x-cbd-olja-30-ml-1000mg-fraktfritt\/\" \/>\n<meta property=\"og:site_name\" content=\"USA Medical\" \/>\n<meta property=\"article:modified_time\" content=\"2025-09-17T16:49:57+00:00\" \/>\n<meta property=\"og:image\" content=\"https:\/\/usamedical.com\/se\/wp-content\/uploads\/2021\/06\/oral-cbd-orange-2x1000-1.jpg\" \/>\n\t<meta property=\"og:image:width\" content=\"800\" \/>\n\t<meta property=\"og:image:height\" content=\"960\" \/>\n\t<meta property=\"og:image:type\" content=\"image\/jpeg\" \/>\n<meta name=\"twitter:card\" content=\"summary_large_image\" \/>\n<meta name=\"twitter:label1\" content=\"Ber\u00e4knad l\u00e4stid\" \/>\n\t<meta name=\"twitter:data1\" content=\"3 minuter\" \/>\n<script type=\"application\/ld+json\" class=\"yoast-schema-graph\">{\"@context\":\"https:\/\/schema.org\",\"@graph\":[{\"@type\":\"WebPage\",\"@id\":\"https:\/\/usamedical.com\/se\/produkt\/2-x-cbd-olja-30-ml-1000mg-fraktfritt\/\",\"url\":\"https:\/\/usamedical.com\/se\/produkt\/2-x-cbd-olja-30-ml-1000mg-fraktfritt\/\",\"name\":\"2 x CBD olja 30 ml 1000mg Fraktfritt - K\u00f6p online idag - USA Medical\",\"isPartOf\":{\"@id\":\"https:\/\/usamedical.com\/se\/#website\"},\"primaryImageOfPage\":{\"@id\":\"https:\/\/usamedical.com\/se\/produkt\/2-x-cbd-olja-30-ml-1000mg-fraktfritt\/#primaryimage\"},\"image\":{\"@id\":\"https:\/\/usamedical.com\/se\/produkt\/2-x-cbd-olja-30-ml-1000mg-fraktfritt\/#primaryimage\"},\"thumbnailUrl\":\"https:\/\/usamedical.com\/se\/wp-content\/uploads\/2021\/06\/oral-cbd-orange-2x1000-1.jpg\",\"datePublished\":\"2021-06-01T08:51:17+00:00\",\"dateModified\":\"2025-09-17T16:49:57+00:00\",\"description\":\"2 x CBD olja 30 ml 1000mg Fraktfritt - K\u00f6p exklusiva CBD produkter till de b\u00e4sta priserna fr\u00e5n USAMedical. Alltid snabba leveranser.\",\"breadcrumb\":{\"@id\":\"https:\/\/usamedical.com\/se\/produkt\/2-x-cbd-olja-30-ml-1000mg-fraktfritt\/#breadcrumb\"},\"inLanguage\":\"sv-SE\",\"potentialAction\":[{\"@type\":\"ReadAction\",\"target\":[\"https:\/\/usamedical.com\/se\/produkt\/2-x-cbd-olja-30-ml-1000mg-fraktfritt\/\"]}]},{\"@type\":\"ImageObject\",\"inLanguage\":\"sv-SE\",\"@id\":\"https:\/\/usamedical.com\/se\/produkt\/2-x-cbd-olja-30-ml-1000mg-fraktfritt\/#primaryimage\",\"url\":\"https:\/\/usamedical.com\/se\/wp-content\/uploads\/2021\/06\/oral-cbd-orange-2x1000-1.jpg\",\"contentUrl\":\"https:\/\/usamedical.com\/se\/wp-content\/uploads\/2021\/06\/oral-cbd-orange-2x1000-1.jpg\",\"width\":800,\"height\":960},{\"@type\":\"BreadcrumbList\",\"@id\":\"https:\/\/usamedical.com\/se\/produkt\/2-x-cbd-olja-30-ml-1000mg-fraktfritt\/#breadcrumb\",\"itemListElement\":[{\"@type\":\"ListItem\",\"position\":1,\"name\":\"Hem\",\"item\":\"https:\/\/usamedical.com\/se\/hem\/\"},{\"@type\":\"ListItem\",\"position\":2,\"name\":\"Webbutik\",\"item\":\"https:\/\/usamedical.com\/se\/butik\/\"},{\"@type\":\"ListItem\",\"position\":3,\"name\":\"2 x CBD olja 30 ml 1000mg Fraktfritt\"}]},{\"@type\":\"WebSite\",\"@id\":\"https:\/\/usamedical.com\/se\/#website\",\"url\":\"https:\/\/usamedical.com\/se\/\",\"name\":\"USA Medical\",\"description\":\"H\u00f6gkvalitativ cannabisolja och kapslar. 100% naturlig, drogfri, testad\",\"potentialAction\":[{\"@type\":\"SearchAction\",\"target\":{\"@type\":\"EntryPoint\",\"urlTemplate\":\"https:\/\/usamedical.com\/se\/?s={search_term_string}\"},\"query-input\":\"required name=search_term_string\"}],\"inLanguage\":\"sv-SE\"}]}<\/script>\n<!-- \/ Yoast SEO plugin. -->","yoast_head_json":{"title":"2 x CBD olja 30 ml 1000mg Fraktfritt - K\u00f6p online idag - USA Medical","description":"2 x CBD olja 30 ml 1000mg Fraktfritt - K\u00f6p exklusiva CBD produkter till de b\u00e4sta priserna fr\u00e5n USAMedical. Alltid snabba leveranser.","robots":{"index":"index","follow":"follow","max-snippet":"max-snippet:-1","max-image-preview":"max-image-preview:large","max-video-preview":"max-video-preview:-1"},"canonical":"https:\/\/usamedical.com\/se\/produkt\/2-x-cbd-olja-30-ml-1000mg-fraktfritt\/","og_locale":"sv_SE","og_type":"article","og_title":"2 x CBD olja 30 ml 1000mg Fraktfritt - K\u00f6p online idag - USA Medical","og_description":"2 x CBD olja 30 ml 1000mg Fraktfritt - K\u00f6p exklusiva CBD produkter till de b\u00e4sta priserna fr\u00e5n USAMedical. Alltid snabba leveranser.","og_url":"https:\/\/usamedical.com\/se\/produkt\/2-x-cbd-olja-30-ml-1000mg-fraktfritt\/","og_site_name":"USA Medical","article_modified_time":"2025-09-17T16:49:57+00:00","og_image":[{"width":800,"height":960,"url":"https:\/\/usamedical.com\/se\/wp-content\/uploads\/2021\/06\/oral-cbd-orange-2x1000-1.jpg","type":"image\/jpeg"}],"twitter_card":"summary_large_image","twitter_misc":{"Ber\u00e4knad l\u00e4stid":"3 minuter"},"schema":{"@context":"https:\/\/schema.org","@graph":[{"@type":"WebPage","@id":"https:\/\/usamedical.com\/se\/produkt\/2-x-cbd-olja-30-ml-1000mg-fraktfritt\/","url":"https:\/\/usamedical.com\/se\/produkt\/2-x-cbd-olja-30-ml-1000mg-fraktfritt\/","name":"2 x CBD olja 30 ml 1000mg Fraktfritt - K\u00f6p online idag - USA Medical","isPartOf":{"@id":"https:\/\/usamedical.com\/se\/#website"},"primaryImageOfPage":{"@id":"https:\/\/usamedical.com\/se\/produkt\/2-x-cbd-olja-30-ml-1000mg-fraktfritt\/#primaryimage"},"image":{"@id":"https:\/\/usamedical.com\/se\/produkt\/2-x-cbd-olja-30-ml-1000mg-fraktfritt\/#primaryimage"},"thumbnailUrl":"https:\/\/usamedical.com\/se\/wp-content\/uploads\/2021\/06\/oral-cbd-orange-2x1000-1.jpg","datePublished":"2021-06-01T08:51:17+00:00","dateModified":"2025-09-17T16:49:57+00:00","description":"2 x CBD olja 30 ml 1000mg Fraktfritt - K\u00f6p exklusiva CBD produkter till de b\u00e4sta priserna fr\u00e5n USAMedical. Alltid snabba leveranser.","breadcrumb":{"@id":"https:\/\/usamedical.com\/se\/produkt\/2-x-cbd-olja-30-ml-1000mg-fraktfritt\/#breadcrumb"},"inLanguage":"sv-SE","potentialAction":[{"@type":"ReadAction","target":["https:\/\/usamedical.com\/se\/produkt\/2-x-cbd-olja-30-ml-1000mg-fraktfritt\/"]}]},{"@type":"ImageObject","inLanguage":"sv-SE","@id":"https:\/\/usamedical.com\/se\/produkt\/2-x-cbd-olja-30-ml-1000mg-fraktfritt\/#primaryimage","url":"https:\/\/usamedical.com\/se\/wp-content\/uploads\/2021\/06\/oral-cbd-orange-2x1000-1.jpg","contentUrl":"https:\/\/usamedical.com\/se\/wp-content\/uploads\/2021\/06\/oral-cbd-orange-2x1000-1.jpg","width":800,"height":960},{"@type":"BreadcrumbList","@id":"https:\/\/usamedical.com\/se\/produkt\/2-x-cbd-olja-30-ml-1000mg-fraktfritt\/#breadcrumb","itemListElement":[{"@type":"ListItem","position":1,"name":"Hem","item":"https:\/\/usamedical.com\/se\/hem\/"},{"@type":"ListItem","position":2,"name":"Webbutik","item":"https:\/\/usamedical.com\/se\/butik\/"},{"@type":"ListItem","position":3,"name":"2 x CBD olja 30 ml 1000mg Fraktfritt"}]},{"@type":"WebSite","@id":"https:\/\/usamedical.com\/se\/#website","url":"https:\/\/usamedical.com\/se\/","name":"USA Medical","description":"H\u00f6gkvalitativ cannabisolja och kapslar. 100% naturlig, drogfri, testad","potentialAction":[{"@type":"SearchAction","target":{"@type":"EntryPoint","urlTemplate":"https:\/\/usamedical.com\/se\/?s={search_term_string}"},"query-input":"required name=search_term_string"}],"inLanguage":"sv-SE"}]}},"_links":{"self":[{"href":"https:\/\/usamedical.com\/se\/wp-json\/wp\/v2\/product\/3156"}],"collection":[{"href":"https:\/\/usamedical.com\/se\/wp-json\/wp\/v2\/product"}],"about":[{"href":"https:\/\/usamedical.com\/se\/wp-json\/wp\/v2\/types\/product"}],"replies":[{"embeddable":true,"href":"https:\/\/usamedical.com\/se\/wp-json\/wp\/v2\/comments?post=3156"}],"wp:featuredmedia":[{"embeddable":true,"href":"https:\/\/usamedical.com\/se\/wp-json\/wp\/v2\/media\/3157"}],"wp:attachment":[{"href":"https:\/\/usamedical.com\/se\/wp-json\/wp\/v2\/media?parent=3156"}],"wp:term":[{"taxonomy":"product_cat","embeddable":true,"href":"https:\/\/usamedical.com\/se\/wp-json\/wp\/v2\/product_cat?post=3156"},{"taxonomy":"product_tag","embeddable":true,"href":"https:\/\/usamedical.com\/se\/wp-json\/wp\/v2\/product_tag?post=3156"}],"curies":[{"name":"wp","href":"https:\/\/api.w.org\/{rel}","templated":true}]}}