{"id":1415,"date":"2020-07-10T09:02:42","date_gmt":"2020-07-10T07:02:42","guid":{"rendered":"https:\/\/usamedical.com\/se\/?post_type=product&#038;p=1415"},"modified":"2025-09-17T18:57:22","modified_gmt":"2025-09-17T16:57:22","slug":"3-x-cbd-olja-30-ml-3000-mg","status":"publish","type":"product","link":"https:\/\/usamedical.com\/se\/produkt\/3-x-cbd-olja-30-ml-3000-mg\/","title":{"rendered":"3xCBD olja 30ml 3000 mg Stors\u00e4ljare"},"content":{"rendered":"<p><strong>Bredspektrum, naturligt, THC-fritt CBD-olja med 3000 mg aktiv substans.<\/strong><\/p>\n<p>V\u00e5r produkt <b>USA medical 3000 mg CBD-olja Oral Drops<\/b> best\u00e5r uteslutande av naturliga v\u00e4xtbaserade ingredienser. F\u00f6rpackningen inneh\u00e5ller 30 ml, vilket motsvarar totalt 3000 mg aktiv substans CBD. Detta \u00e4r ett djurf\u00f6rs\u00f6ks- och GMO-fritt, VEGANSKT produkt som \u00e4r tillverkat utan konserveringsmedel, f\u00e4rg\u00e4mnen och parabener, samt \u00e4r THC-fritt.<\/p>\n<p>CPNP-registrerad bredspektrum CBD-olja med laboratorietestprotokoll. Analysen fastst\u00e4llde en bakterie- och svampd\u00f6dande effekt p\u00e5 81\u201399,5 % f\u00f6r USA Medical CBD-oljor under laboratorief\u00f6rh\u00e5llanden.<\/p>\n<p>V\u00e5r <b>USA Medical 3000 mg CBD-olja Oral Drops tillverkas <\/b>i en FDA-registrerad anl\u00e4ggning i enlighet med god tillverkningssed (GMP). CO2-extraktionsprocessen \u00e5tf\u00f6ljs av str\u00e4nga kvalitetskontroller och mikrobiologiska analyser, och inga djurf\u00f6rs\u00f6k utf\u00f6rs vid tillverkningen. Den f\u00e4rdiga produkten \u00e4r fri fr\u00e5n THC, konserveringsmedel, f\u00e4rg\u00e4mnen, parabener och GMO. Den best\u00e5r av naturliga, h\u00f6gkvalitativa r\u00e5varor av livsmedelskvalitet.<\/p>\n<p><strong>Vad inneh\u00e5ller CBD-oljan?<\/strong><\/p>\n<p><b>INGREDIENSER: <\/b>CANNABIS SATIVA (HEMP) SEED OIL, VITIS VINIFERA (GRAPE) SEED OIL, CANNABIDIOL (CBD), CITRUS SINENSIS PEEL (ORANGE) OIL EXPRESSED, LIMONENE*, LINALOOL* \/ *fr\u00e5n naturlig ekologisk eterisk olja<\/p>\n<p><b>Ingredienser: <\/b>hampfr\u00f6olja, druvk\u00e4rnolja, apelsinolja, cannabidiol (CBD), limonene* och linalool* \/ *terpener fr\u00e5n naturlig, organisk eterisk olja.<\/p>\n<p><strong>Barns\u00e4ker pipett \u2013 Tryck ner locket samtidigt som du vrider f\u00f6r att \u00f6ppna!<\/strong><\/p>\n<p><strong>Hur mycket CBD finns det i USA Medical 3000 mg CBD-olja?<\/strong><\/p>\n<p><b>Alla v\u00e5ra USA Medical CBD-oljeprodukter finns i 30 ml-f\u00f6rpackningar, <\/b>med en pipett med m\u00e4tglas p\u00e5 1 ml.<\/p>\n<p>Tack vare de 1\/4 ml-markeringarna p\u00e5 pipettens glasdel \u00e4r doseringen precis och bekv\u00e4m. 1 ml CBD-olja inneh\u00e5ller cirka 30-35 droppar.<\/p>\n<p><strong>Extra stor dos \u2013 USA Medical 3000 mg CBD-olja 30 ml<\/strong><\/p>\n<p>1\/4 ml (0,25 ml) ~ 25 mg CBD<\/p>\n<p>1\/2 ml (0,50 ml) ~ 50 mg CBD<\/p>\n<p>3\/4 ml (0,75 ml) ~ 75 mg CBD<\/p>\n<p><strong>1 ml ~ 100 mg CBD<\/strong><\/p>\n<p><strong>Vad \u00e4r det som g\u00f6r USA Medical CBD-olja unik och speciell?<\/strong><\/p>\n<ul>\n<li><i>CBD-extrakten tillverkas i en FDA-registrerad anl\u00e4ggning enligt GMP-riktlinjer och under strikt kvalitetskontroll.<\/i><\/li>\n<li><em>De best\u00e5r av naturliga ingredienser.<\/em><\/li>\n<li><em>V\u00e5rt f\u00f6retag har l\u00e5tit testa CBD-oljeprodukterna \u00e4ven i Ungern (T\u00dcV-laboratorium) f\u00f6r att garantera att v\u00e5ra kunder f\u00e5r rena CBD-produkter av h\u00f6gsta kvalitet.<\/em><\/li>\n<li><em>Produkten \u00e4r fri fr\u00e5n THC och har d\u00e4rf\u00f6r ingen psykoaktiv effekt.<\/em><\/li>\n<li><em>Produkten \u00e4r vegansk, GMO-fri och inte testad p\u00e5 djur.<\/em><\/li>\n<li><em>Den har en behaglig smak utan stark hampasmak.<\/em><\/li>\n<li><em>CBD-extraktet l\u00f6ses upp i v\u00e4rdefulla vegetabiliska oljor av livsmedelskvalitet, s\u00e5som hampafr\u00f6olja, druvk\u00e4rnolja och apelsinolja.<\/em><\/li>\n<li><em>Den inneh\u00e5ller inte tillsatt socker, gluten, konserveringsmedel, parabener, f\u00e4rg\u00e4mnen eller andra tillsatser.<\/em><\/li>\n<li><em>Doseringen underl\u00e4ttas av en pipett med 1 ml-markering och s\u00e4kerhetsl\u00e5s.<\/em><\/li>\n<li><em>Inneh\u00e5llet av aktiva \u00e4mnen och renheten \u00e4r bekr\u00e4ftade genom laboratorietester.<\/em><\/li>\n<li><em>Fri fr\u00e5n f\u00f6roreningar, kemikalier och tungmetaller.<\/em><\/li>\n<li><em>Extrakten genomg\u00e5r flera olika tester, till exempel mikrobiologiska analyser, kontroll av cannabinoid- och terpenprofilen, exakt aktiv substanshalt och THC-frihet, men \u00e4ven kemikalie-, l\u00f6sningsmedels- och tungmetallhalt.<\/em><\/li>\n<li><i>CBD-extrakten utvinns genom skonsam CO2-extraktion och flerstegsrening fr\u00e5n fritt odlad hampa.<\/i><\/li>\n<\/ul>\n","protected":false},"excerpt":{"rendered":"<div class=\"col-xs-12\">\n<div class=\"ProductSubtitle FontRegular\">\n<div class=\"col-xs-12\">\n<div class=\"ProductSubtitle FontRegular\">\n<div class=\"col-xs-12\">\n<div class=\"ProductSubtitle FontRegular\">H\u00f6g dos CBD-OLJE (UNG MEDDELANDE &#8211; 21884\/2019)<\/div>\n<\/div>\n<\/div>\n<\/div>\n<\/div>\n<\/div>\n","protected":false},"featured_media":3131,"comment_status":"open","ping_status":"closed","template":"","meta":[],"product_cat":[27,20],"product_tag":[],"class_list":{"0":"post-1415","1":"product","2":"type-product","3":"status-publish","4":"has-post-thumbnail","6":"product_cat-formanliga-paketerbjudanden","7":"product_cat-cbd-olja","9":"first","10":"instock","11":"taxable","12":"shipping-taxable","13":"purchasable","14":"product-type-simple"},"acf":[],"yoast_head":"<!-- This site is optimized with the Yoast SEO plugin v23.2 - https:\/\/yoast.com\/wordpress\/plugins\/seo\/ -->\n<title>3xCBD olja 30ml 3000 mg Stors\u00e4ljare - K\u00f6p online idag - USA Medical<\/title>\n<meta name=\"description\" content=\"3xCBD olja 30ml 3000 mg Stors\u00e4ljare - K\u00f6p exklusiva CBD produkter till de b\u00e4sta priserna fr\u00e5n USAMedical. Alltid snabba leveranser.\" \/>\n<meta name=\"robots\" content=\"index, follow, max-snippet:-1, max-image-preview:large, max-video-preview:-1\" \/>\n<link rel=\"canonical\" href=\"https:\/\/usamedical.com\/se\/produkt\/3-x-cbd-olja-30-ml-3000-mg\/\" \/>\n<meta property=\"og:locale\" content=\"sv_SE\" \/>\n<meta property=\"og:type\" content=\"article\" \/>\n<meta property=\"og:title\" content=\"3xCBD olja 30ml 3000 mg Stors\u00e4ljare - K\u00f6p online idag - USA Medical\" \/>\n<meta property=\"og:description\" content=\"3xCBD olja 30ml 3000 mg Stors\u00e4ljare - K\u00f6p exklusiva CBD produkter till de b\u00e4sta priserna fr\u00e5n USAMedical. Alltid snabba leveranser.\" \/>\n<meta property=\"og:url\" content=\"https:\/\/usamedical.com\/se\/produkt\/3-x-cbd-olja-30-ml-3000-mg\/\" \/>\n<meta property=\"og:site_name\" content=\"USA Medical\" \/>\n<meta property=\"article:modified_time\" content=\"2025-09-17T16:57:22+00:00\" \/>\n<meta property=\"og:image\" content=\"https:\/\/usamedical.com\/se\/wp-content\/uploads\/2020\/07\/oral-cbd-orange-3x3000-1.jpg\" \/>\n\t<meta property=\"og:image:width\" content=\"800\" \/>\n\t<meta property=\"og:image:height\" content=\"960\" \/>\n\t<meta property=\"og:image:type\" content=\"image\/jpeg\" \/>\n<meta name=\"twitter:card\" content=\"summary_large_image\" \/>\n<meta name=\"twitter:label1\" content=\"Ber\u00e4knad l\u00e4stid\" \/>\n\t<meta name=\"twitter:data1\" content=\"3 minuter\" \/>\n<script type=\"application\/ld+json\" class=\"yoast-schema-graph\">{\"@context\":\"https:\/\/schema.org\",\"@graph\":[{\"@type\":\"WebPage\",\"@id\":\"https:\/\/usamedical.com\/se\/produkt\/3-x-cbd-olja-30-ml-3000-mg\/\",\"url\":\"https:\/\/usamedical.com\/se\/produkt\/3-x-cbd-olja-30-ml-3000-mg\/\",\"name\":\"3xCBD olja 30ml 3000 mg Stors\u00e4ljare - K\u00f6p online idag - USA Medical\",\"isPartOf\":{\"@id\":\"https:\/\/usamedical.com\/se\/#website\"},\"primaryImageOfPage\":{\"@id\":\"https:\/\/usamedical.com\/se\/produkt\/3-x-cbd-olja-30-ml-3000-mg\/#primaryimage\"},\"image\":{\"@id\":\"https:\/\/usamedical.com\/se\/produkt\/3-x-cbd-olja-30-ml-3000-mg\/#primaryimage\"},\"thumbnailUrl\":\"https:\/\/usamedical.com\/se\/wp-content\/uploads\/2020\/07\/oral-cbd-orange-3x3000-1.jpg\",\"datePublished\":\"2020-07-10T07:02:42+00:00\",\"dateModified\":\"2025-09-17T16:57:22+00:00\",\"description\":\"3xCBD olja 30ml 3000 mg Stors\u00e4ljare - K\u00f6p exklusiva CBD produkter till de b\u00e4sta priserna fr\u00e5n USAMedical. Alltid snabba leveranser.\",\"breadcrumb\":{\"@id\":\"https:\/\/usamedical.com\/se\/produkt\/3-x-cbd-olja-30-ml-3000-mg\/#breadcrumb\"},\"inLanguage\":\"sv-SE\",\"potentialAction\":[{\"@type\":\"ReadAction\",\"target\":[\"https:\/\/usamedical.com\/se\/produkt\/3-x-cbd-olja-30-ml-3000-mg\/\"]}]},{\"@type\":\"ImageObject\",\"inLanguage\":\"sv-SE\",\"@id\":\"https:\/\/usamedical.com\/se\/produkt\/3-x-cbd-olja-30-ml-3000-mg\/#primaryimage\",\"url\":\"https:\/\/usamedical.com\/se\/wp-content\/uploads\/2020\/07\/oral-cbd-orange-3x3000-1.jpg\",\"contentUrl\":\"https:\/\/usamedical.com\/se\/wp-content\/uploads\/2020\/07\/oral-cbd-orange-3x3000-1.jpg\",\"width\":800,\"height\":960},{\"@type\":\"BreadcrumbList\",\"@id\":\"https:\/\/usamedical.com\/se\/produkt\/3-x-cbd-olja-30-ml-3000-mg\/#breadcrumb\",\"itemListElement\":[{\"@type\":\"ListItem\",\"position\":1,\"name\":\"Hem\",\"item\":\"https:\/\/usamedical.com\/se\/hem\/\"},{\"@type\":\"ListItem\",\"position\":2,\"name\":\"Webbutik\",\"item\":\"https:\/\/usamedical.com\/se\/butik\/\"},{\"@type\":\"ListItem\",\"position\":3,\"name\":\"3xCBD olja 30ml 3000 mg Stors\u00e4ljare\"}]},{\"@type\":\"WebSite\",\"@id\":\"https:\/\/usamedical.com\/se\/#website\",\"url\":\"https:\/\/usamedical.com\/se\/\",\"name\":\"USA Medical\",\"description\":\"H\u00f6gkvalitativ cannabisolja och kapslar. 100% naturlig, drogfri, testad\",\"potentialAction\":[{\"@type\":\"SearchAction\",\"target\":{\"@type\":\"EntryPoint\",\"urlTemplate\":\"https:\/\/usamedical.com\/se\/?s={search_term_string}\"},\"query-input\":\"required name=search_term_string\"}],\"inLanguage\":\"sv-SE\"}]}<\/script>\n<!-- \/ Yoast SEO plugin. -->","yoast_head_json":{"title":"3xCBD olja 30ml 3000 mg Stors\u00e4ljare - K\u00f6p online idag - USA Medical","description":"3xCBD olja 30ml 3000 mg Stors\u00e4ljare - K\u00f6p exklusiva CBD produkter till de b\u00e4sta priserna fr\u00e5n USAMedical. Alltid snabba leveranser.","robots":{"index":"index","follow":"follow","max-snippet":"max-snippet:-1","max-image-preview":"max-image-preview:large","max-video-preview":"max-video-preview:-1"},"canonical":"https:\/\/usamedical.com\/se\/produkt\/3-x-cbd-olja-30-ml-3000-mg\/","og_locale":"sv_SE","og_type":"article","og_title":"3xCBD olja 30ml 3000 mg Stors\u00e4ljare - K\u00f6p online idag - USA Medical","og_description":"3xCBD olja 30ml 3000 mg Stors\u00e4ljare - K\u00f6p exklusiva CBD produkter till de b\u00e4sta priserna fr\u00e5n USAMedical. Alltid snabba leveranser.","og_url":"https:\/\/usamedical.com\/se\/produkt\/3-x-cbd-olja-30-ml-3000-mg\/","og_site_name":"USA Medical","article_modified_time":"2025-09-17T16:57:22+00:00","og_image":[{"width":800,"height":960,"url":"https:\/\/usamedical.com\/se\/wp-content\/uploads\/2020\/07\/oral-cbd-orange-3x3000-1.jpg","type":"image\/jpeg"}],"twitter_card":"summary_large_image","twitter_misc":{"Ber\u00e4knad l\u00e4stid":"3 minuter"},"schema":{"@context":"https:\/\/schema.org","@graph":[{"@type":"WebPage","@id":"https:\/\/usamedical.com\/se\/produkt\/3-x-cbd-olja-30-ml-3000-mg\/","url":"https:\/\/usamedical.com\/se\/produkt\/3-x-cbd-olja-30-ml-3000-mg\/","name":"3xCBD olja 30ml 3000 mg Stors\u00e4ljare - K\u00f6p online idag - USA Medical","isPartOf":{"@id":"https:\/\/usamedical.com\/se\/#website"},"primaryImageOfPage":{"@id":"https:\/\/usamedical.com\/se\/produkt\/3-x-cbd-olja-30-ml-3000-mg\/#primaryimage"},"image":{"@id":"https:\/\/usamedical.com\/se\/produkt\/3-x-cbd-olja-30-ml-3000-mg\/#primaryimage"},"thumbnailUrl":"https:\/\/usamedical.com\/se\/wp-content\/uploads\/2020\/07\/oral-cbd-orange-3x3000-1.jpg","datePublished":"2020-07-10T07:02:42+00:00","dateModified":"2025-09-17T16:57:22+00:00","description":"3xCBD olja 30ml 3000 mg Stors\u00e4ljare - K\u00f6p exklusiva CBD produkter till de b\u00e4sta priserna fr\u00e5n USAMedical. Alltid snabba leveranser.","breadcrumb":{"@id":"https:\/\/usamedical.com\/se\/produkt\/3-x-cbd-olja-30-ml-3000-mg\/#breadcrumb"},"inLanguage":"sv-SE","potentialAction":[{"@type":"ReadAction","target":["https:\/\/usamedical.com\/se\/produkt\/3-x-cbd-olja-30-ml-3000-mg\/"]}]},{"@type":"ImageObject","inLanguage":"sv-SE","@id":"https:\/\/usamedical.com\/se\/produkt\/3-x-cbd-olja-30-ml-3000-mg\/#primaryimage","url":"https:\/\/usamedical.com\/se\/wp-content\/uploads\/2020\/07\/oral-cbd-orange-3x3000-1.jpg","contentUrl":"https:\/\/usamedical.com\/se\/wp-content\/uploads\/2020\/07\/oral-cbd-orange-3x3000-1.jpg","width":800,"height":960},{"@type":"BreadcrumbList","@id":"https:\/\/usamedical.com\/se\/produkt\/3-x-cbd-olja-30-ml-3000-mg\/#breadcrumb","itemListElement":[{"@type":"ListItem","position":1,"name":"Hem","item":"https:\/\/usamedical.com\/se\/hem\/"},{"@type":"ListItem","position":2,"name":"Webbutik","item":"https:\/\/usamedical.com\/se\/butik\/"},{"@type":"ListItem","position":3,"name":"3xCBD olja 30ml 3000 mg Stors\u00e4ljare"}]},{"@type":"WebSite","@id":"https:\/\/usamedical.com\/se\/#website","url":"https:\/\/usamedical.com\/se\/","name":"USA Medical","description":"H\u00f6gkvalitativ cannabisolja och kapslar. 100% naturlig, drogfri, testad","potentialAction":[{"@type":"SearchAction","target":{"@type":"EntryPoint","urlTemplate":"https:\/\/usamedical.com\/se\/?s={search_term_string}"},"query-input":"required name=search_term_string"}],"inLanguage":"sv-SE"}]}},"_links":{"self":[{"href":"https:\/\/usamedical.com\/se\/wp-json\/wp\/v2\/product\/1415"}],"collection":[{"href":"https:\/\/usamedical.com\/se\/wp-json\/wp\/v2\/product"}],"about":[{"href":"https:\/\/usamedical.com\/se\/wp-json\/wp\/v2\/types\/product"}],"replies":[{"embeddable":true,"href":"https:\/\/usamedical.com\/se\/wp-json\/wp\/v2\/comments?post=1415"}],"wp:featuredmedia":[{"embeddable":true,"href":"https:\/\/usamedical.com\/se\/wp-json\/wp\/v2\/media\/3131"}],"wp:attachment":[{"href":"https:\/\/usamedical.com\/se\/wp-json\/wp\/v2\/media?parent=1415"}],"wp:term":[{"taxonomy":"product_cat","embeddable":true,"href":"https:\/\/usamedical.com\/se\/wp-json\/wp\/v2\/product_cat?post=1415"},{"taxonomy":"product_tag","embeddable":true,"href":"https:\/\/usamedical.com\/se\/wp-json\/wp\/v2\/product_tag?post=1415"}],"curies":[{"name":"wp","href":"https:\/\/api.w.org\/{rel}","templated":true}]}}