{"id":842,"date":"2020-02-18T10:15:18","date_gmt":"2020-02-18T09:15:18","guid":{"rendered":"https:\/\/usamedical.com\/se\/?page_id=842"},"modified":"2022-10-03T13:36:31","modified_gmt":"2022-10-03T11:36:31","slug":"allmanna-kontraktsvillkor","status":"publish","type":"page","link":"https:\/\/usamedical.com\/se\/allmanna-kontraktsvillkor\/","title":{"rendered":"Allm\u00e4nna kontraktsvillkor"},"content":{"rendered":"<div id='av_section_1'  class='avia-section av-ahmsa-5167e9364c05471e39695c1e7f5da928 main_color avia-section-default avia-no-border-styling  avia-builder-el-0  avia-builder-el-no-sibling  avia-bg-style-scroll container_wrap sidebar_right'  ><div class='container av-section-cont-open' ><main  role=\"main\" itemprop=\"mainContentOfPage\"  class='template-page content  av-content-small alpha units'><div class='post-entry post-entry-type-page post-entry-842'><div class='entry-content-wrapper clearfix'>\n\n<style type=\"text\/css\" data-created_by=\"avia_inline_auto\" id=\"style-css-av-k6rocdne-68b0dba0d2f645c6c3064d5e4d0cb0da\">\n#top .av_textblock_section.av-k6rocdne-68b0dba0d2f645c6c3064d5e4d0cb0da .avia_textblock{\ncolor:#888888;\n}\n<\/style>\n<section  class='av_textblock_section av-k6rocdne-68b0dba0d2f645c6c3064d5e4d0cb0da '   itemscope=\"itemscope\" itemtype=\"https:\/\/schema.org\/CreativeWork\" ><div class='avia_textblock av_inherit_color'  itemprop=\"text\" ><p>Allm\u00e4nna kontraktsvillkor<br \/>\nPriser<br \/>\nAlla priser angivna p\u00e5 usasmedical.se \u00e4r inklusive 21% Tjeckisk moms.<br \/>\nPriserna kan \u00e4ndras, varor kan bli uts\u00e5lda o.s.v.<br \/>\nDetta syftar p\u00e5 de villkor som g\u00e4ller p\u00e5 usamedical.se. Vi p\u00e5pekar att villkoren p\u00e5 usamedical.se, garantier och praxis \u00e4r i enlighet med k\u00f6plagen.<\/p>\n<p>Ansvarsfriskrivning<br \/>\nVitamin Store s.r.o. 09769200 som distribut\u00f6r fr\u00e5ns\u00e4ger sig allt ansvar f\u00f6r fel, extra kostnader eller lagliga tvister som kan uppst\u00e5 efter k\u00f6p eller vid felaktig anv\u00e4ndning av usamedicals produkter. Det \u00e4r k\u00f6parens ansvar att kontrollera information, laglighet och konsekvenser f\u00f6re k\u00f6p och vid anv\u00e4ndning av v\u00e5ra produkter eller tj\u00e4nster i det land du k\u00f6per fr\u00e5n. Alla produkter som erbjuds p\u00e5 v\u00e5r webbplats \u00e4r till\u00e5tna enligt EU-lagar.<\/p>\n<p>Vitamin Store s.r.o. 09769200 str\u00e4var efter att h\u00e5lla informationen p\u00e5 hemsidan och tillh\u00f6rande undersidor s\u00e5 aktuell och korrekt som m\u00f6jligt. Om felaktig information kommer till v\u00e5r k\u00e4nnedom kommer vi att r\u00e4tta till dem snarast m\u00f6jligt.<\/p>\n<p>MEDICINSK ANSVARSFRISKRIVNING<br \/>\nObservera att v\u00e5ra produkter inte \u00e4r avsedda f\u00f6r att diagnostisera, behandla eller bota sjukdomar. Inneh\u00e5llet som tillhandah\u00e5lls genom webbplatsen (text, film, bild), samt l\u00e4nkar till andra sidor \u00e4r enbart i informationssyfte. Materialet p\u00e5 hemsidan \u00e4r inget substitut f\u00f6r medicinsk r\u00e5dgivning. Genom att slutf\u00f6ra ett k\u00f6p p\u00e5 hemsidan (www.usamedical.se) \u00e4r du inf\u00f6rst\u00e5dd med att ansvaret f\u00f6r att kontrollera laglighet och eventuella juridiska omst\u00e4ndigheter vilar p\u00e5 dig som konsument.<\/p>\n<p>Best\u00e4llningsinformation<br \/>\nN\u00e4r du har fyllt i och skickat en best\u00e4llning kommer du att f\u00e5 ett mejl som uppger vilka produkter du har k\u00f6pt. Du ska vara uppm\u00e4rksam p\u00e5 att detta mejl INTE \u00e4r en juridiskt bindande orderbekr\u00e4ftelse d\u00e4r ett avtal har ing\u00e5tts. Det \u00e4r endast ett elektroniskt svar fr\u00e5n v\u00e5rt system som bekr\u00e4ftar din best\u00e4llning. Som konsekvens har vi d\u00e4rmed m\u00f6jligheten att annullera din best\u00e4llning vid dessa fel: Tryckfel, tekniska problem, leveransfel, eller andra felaktigheter.<\/p>\n<p>Kontrakt\/faktura<br \/>\nN\u00e4r man som kund handlar i webbshoppen p\u00e5 usamedical.se f\u00e5r man ett autosvar d\u00e4r det framg\u00e5r vad som \u00e4r best\u00e4llt, leveransadress och alla personuppgifter. D\u00e4refter behandlar Vitamin Store s.r.o. 09769200 best\u00e4llningen personligen. N\u00e4r best\u00e4llningen har skickats kommer ett kvitto skickas tillsammans med produkten. Detta kvitto kommer att g\u00e4lla som produktens k\u00f6pebevis.<\/p>\n<p>Betalning<br \/>\nJag bekr\u00e4ftar f\u00f6ljande personuppgifter som lagras hos usamedical.se i anv\u00e4ndardatabasen p\u00e5 https:\/\/www.creditacceptance.com\/make-a-payment<br \/>\nkommer att \u00f6verl\u00e4mnas till APCO Systems Ltd. och \u00e4r betrodd som databehandlare. Uppgifterna<br \/>\n\u00f6verf\u00f6ras av den registeransvarige \u00e4r f\u00f6ljande:<br \/>\ndata \u00f6verf\u00f6rda av n\u00e4ringsidkaren<\/p>\n<p>I acknowledge the following personal data stored in the user account of Vitamin Store s.r.o. (Karvinsk\u00e1 577\/1, 737 01 \u010cesk\u00fd T\u011b\u0161\u00edn, Czech Republic) in the user database of usamedical.se will be handed over to Apco Systems Limited and is trusted as data processor. The data transferred by the data controller are the following:<br \/>\nname, e-mail, billing and shipping address.<\/p>\n<p>Leverans<br \/>\nVi levererar till Sverige vanligtvis inom 3-5 vardagar. Under helgdagar eller h\u00f6gtider kan leveranstiden vara l\u00e4ngre.<br \/>\nF\u00f6rbeh\u00e5ll f\u00f6r uts\u00e5lda varor och uppskjuten leveranstid hos leverant\u00f6rer till usamedical.se tas.<br \/>\nObservera att det inte \u00e4r m\u00f6jligt att h\u00e4mta din best\u00e4llning, och att det inte finns n\u00e5gon expedition hos Vitamin Store s.r.o. 09769200 samt \u00e5terf\u00f6rs\u00e4ljare.<\/p>\n<p>F\u00f6r best\u00e4llning ( Inom Sverige) som \u00f6verstiger 499,- skickar vi din order utan frakt- eller expeditionskostnader, allts\u00e5 \u00e4r d\u00e4r tal om fri frakt. F\u00f6r best\u00e4llning under 499,- l\u00e4ggs det till en portoavgift p\u00e5 69,- som t\u00e4cker frakt- och expeditionskostnader till Sverige.<\/p>\n<p>Outl\u00f6st paket<br \/>\nVitamin Store s.r.o. 09769200 och dess samarbetspartners f\u00f6rbeh\u00e5ller sig r\u00e4tten att debitera kunden f\u00f6r paket som inte h\u00e4mtats ut hos ombud f\u00f6r samtliga kostnader som uppst\u00e5r i samband med s\u00e5dan retur. Returavgiften f\u00f6r outl\u00f6st paket \u00e4r f\u00f6r n\u00e4rvarande totalt 150 kr. Denna avgift debiteras separat efter att paketet returnerats, eller dras av fr\u00e5n best\u00e4llningens \u00e5terbetalning. Ett outl\u00f6st paket r\u00e4knas inte som h\u00e4vning av ditt k\u00f6p.<\/p>\n<p>\u00c5ldersgr\u00e4ns<br \/>\nF\u00f6ruts\u00e4ttningen f\u00f6r att kunna k\u00f6pa usamedical.se-produkter och att handla fr\u00e5n usamedical.se och alla relaterade sidor och undersidor \u00e4r att kunden har fyllt 18 \u00e5r. Det \u00e4r kundens ansvar att uppge korrekta upplysningar i f\u00f6rbindelse med best\u00e4llningen.<\/p>\n<p>Kvalitetsgaranti<br \/>\nOm n\u00e5gon av v\u00e5ra produkter mot f\u00f6rmodan inte skulle leva upp till dina f\u00f6rv\u00e4ntningar ber vi dig att returnera produkten till oss. Produkten kommer sedan att anv\u00e4ndas f\u00f6r kvalitetskontroll och framtida produktf\u00f6rb\u00e4ttringar. Vi kommer naturligtvis att kompensera dig f\u00f6r defekta produkter i form av ers\u00e4ttningsprodukter*. Returfrakten st\u00e5r kunden f\u00f6r.<\/p>\n<p>Reklamationsr\u00e4tt<br \/>\nSom kund har du r\u00e4tt att reklamera en vara som hade defekter som var n\u00e4rvarande n\u00e4r varan s\u00e5ldes.<br \/>\nReklamationsr\u00e4tten g\u00e4ller i 2 \u00e5r och omfattar fabrikations- och materialfel. Om du som kund \u00f6nskar att reklamera skall detta som utg\u00e5ngspunkt ske inom 2 m\u00e5nader efter att ett fel eller en defekt har \u2013 eller borde ha \u2013 uppt\u00e4ckts. D\u00e4rf\u00f6r b\u00f6r du unders\u00f6ka dina varor noggrant n\u00e4r du mottar dem.<\/p>\n<p>K\u00f6pet mellan n\u00e4tbutiken och kund h\u00e4nvisar till och regleras av Ungerskt lag. Jurisdiktion och prestationsplats best\u00e4ms av lagstadgade best\u00e4mmelser.<\/p>\n<p>Returr\u00e4tt<br \/>\nDu har som kund 14 dagars returr\u00e4tt p\u00e5 varor som \u00e4r k\u00f6pta i v\u00e5r webbshop. Efter meddelad anv\u00e4ndning av returr\u00e4tten ska produkten returneras inom 14 dagar. F\u00f6r att f\u00e5 \u00e5terbetalning m\u00e5ste produkten vara i oanv\u00e4nt och komplett skick och i obruten originalf\u00f6rpackning. Observera att porto inte \u00e5terbetalas vid returer.<br \/>\nAlla returer ska behandlas av Vitamin Store s.r.o. INNAN varorna returneras. Du ombeds d\u00e4rf\u00f6r kontakta kundtj\u00e4nst innan du returnerar varorna.<\/p>\n<p>Du kommer motta pengarna senast 60 dagar efter inkommen retur om produkten \u00e4r i ursprungligt skick.<\/p>\n<p>Vid retur maila till Info@usamedical.se f\u00f6r att erh\u00e5lla instruktioner.<\/p>\n<p>*Om det visar sig att produkten inte \u00e4r defekt, men ist\u00e4llet anv\u00e4nd, kommer den inte att kompenseras. Produkten kommer d\u00e5 om \u00f6nskat att returneras till kunden mot till\u00e4gg.<\/p>\n<p style=\"font-weight: 400;\">Alla tvister som r\u00f6r kortbetalningar kommer att hanteras i enlighet med tjeckisk lag.<\/p>\n<\/div><\/section>\n<\/div><\/div><\/main><!-- close content main element --><\/div><\/div><div id='after_section_1'  class='main_color av_default_container_wrap container_wrap sidebar_right'  ><div class='container av-section-cont-open' ><div class='template-page content  av-content-small alpha units'><div class='post-entry post-entry-type-page post-entry-842'><div class='entry-content-wrapper clearfix'>\n","protected":false},"excerpt":{"rendered":"","protected":false},"author":4,"featured_media":0,"parent":0,"menu_order":0,"comment_status":"closed","ping_status":"closed","template":"","meta":{"footnotes":""},"class_list":["post-842","page","type-page","status-publish","hentry"],"acf":[],"yoast_head":"<!-- This site is optimized with the Yoast SEO plugin v23.2 - https:\/\/yoast.com\/wordpress\/plugins\/seo\/ -->\n<title>Allm\u00e4nna kontraktsvillkor - USA Medical<\/title>\n<meta name=\"robots\" content=\"index, follow, max-snippet:-1, max-image-preview:large, max-video-preview:-1\" \/>\n<link rel=\"canonical\" href=\"https:\/\/usamedical.com\/se\/allmanna-kontraktsvillkor\/\" \/>\n<meta property=\"og:locale\" content=\"sv_SE\" \/>\n<meta property=\"og:type\" content=\"article\" \/>\n<meta property=\"og:title\" content=\"Allm\u00e4nna kontraktsvillkor - USA Medical\" \/>\n<meta property=\"og:url\" content=\"https:\/\/usamedical.com\/se\/allmanna-kontraktsvillkor\/\" \/>\n<meta property=\"og:site_name\" content=\"USA Medical\" \/>\n<meta property=\"article:modified_time\" content=\"2022-10-03T11:36:31+00:00\" \/>\n<meta name=\"twitter:card\" content=\"summary_large_image\" \/>\n<meta name=\"twitter:label1\" content=\"Ber\u00e4knad l\u00e4stid\" \/>\n\t<meta name=\"twitter:data1\" content=\"6 minuter\" \/>\n<script type=\"application\/ld+json\" class=\"yoast-schema-graph\">{\"@context\":\"https:\/\/schema.org\",\"@graph\":[{\"@type\":\"WebPage\",\"@id\":\"https:\/\/usamedical.com\/se\/allmanna-kontraktsvillkor\/\",\"url\":\"https:\/\/usamedical.com\/se\/allmanna-kontraktsvillkor\/\",\"name\":\"Allm\u00e4nna kontraktsvillkor - USA Medical\",\"isPartOf\":{\"@id\":\"https:\/\/usamedical.com\/se\/#website\"},\"datePublished\":\"2020-02-18T09:15:18+00:00\",\"dateModified\":\"2022-10-03T11:36:31+00:00\",\"breadcrumb\":{\"@id\":\"https:\/\/usamedical.com\/se\/allmanna-kontraktsvillkor\/#breadcrumb\"},\"inLanguage\":\"sv-SE\",\"potentialAction\":[{\"@type\":\"ReadAction\",\"target\":[\"https:\/\/usamedical.com\/se\/allmanna-kontraktsvillkor\/\"]}]},{\"@type\":\"BreadcrumbList\",\"@id\":\"https:\/\/usamedical.com\/se\/allmanna-kontraktsvillkor\/#breadcrumb\",\"itemListElement\":[{\"@type\":\"ListItem\",\"position\":1,\"name\":\"Hem\",\"item\":\"https:\/\/usamedical.com\/se\/hem\/\"},{\"@type\":\"ListItem\",\"position\":2,\"name\":\"Allm\u00e4nna kontraktsvillkor\"}]},{\"@type\":\"WebSite\",\"@id\":\"https:\/\/usamedical.com\/se\/#website\",\"url\":\"https:\/\/usamedical.com\/se\/\",\"name\":\"USA Medical\",\"description\":\"H\u00f6gkvalitativ cannabisolja och kapslar. 100% naturlig, drogfri, testad\",\"potentialAction\":[{\"@type\":\"SearchAction\",\"target\":{\"@type\":\"EntryPoint\",\"urlTemplate\":\"https:\/\/usamedical.com\/se\/?s={search_term_string}\"},\"query-input\":\"required name=search_term_string\"}],\"inLanguage\":\"sv-SE\"}]}<\/script>\n<!-- \/ Yoast SEO plugin. -->","yoast_head_json":{"title":"Allm\u00e4nna kontraktsvillkor - USA Medical","robots":{"index":"index","follow":"follow","max-snippet":"max-snippet:-1","max-image-preview":"max-image-preview:large","max-video-preview":"max-video-preview:-1"},"canonical":"https:\/\/usamedical.com\/se\/allmanna-kontraktsvillkor\/","og_locale":"sv_SE","og_type":"article","og_title":"Allm\u00e4nna kontraktsvillkor - USA Medical","og_url":"https:\/\/usamedical.com\/se\/allmanna-kontraktsvillkor\/","og_site_name":"USA Medical","article_modified_time":"2022-10-03T11:36:31+00:00","twitter_card":"summary_large_image","twitter_misc":{"Ber\u00e4knad l\u00e4stid":"6 minuter"},"schema":{"@context":"https:\/\/schema.org","@graph":[{"@type":"WebPage","@id":"https:\/\/usamedical.com\/se\/allmanna-kontraktsvillkor\/","url":"https:\/\/usamedical.com\/se\/allmanna-kontraktsvillkor\/","name":"Allm\u00e4nna kontraktsvillkor - USA Medical","isPartOf":{"@id":"https:\/\/usamedical.com\/se\/#website"},"datePublished":"2020-02-18T09:15:18+00:00","dateModified":"2022-10-03T11:36:31+00:00","breadcrumb":{"@id":"https:\/\/usamedical.com\/se\/allmanna-kontraktsvillkor\/#breadcrumb"},"inLanguage":"sv-SE","potentialAction":[{"@type":"ReadAction","target":["https:\/\/usamedical.com\/se\/allmanna-kontraktsvillkor\/"]}]},{"@type":"BreadcrumbList","@id":"https:\/\/usamedical.com\/se\/allmanna-kontraktsvillkor\/#breadcrumb","itemListElement":[{"@type":"ListItem","position":1,"name":"Hem","item":"https:\/\/usamedical.com\/se\/hem\/"},{"@type":"ListItem","position":2,"name":"Allm\u00e4nna kontraktsvillkor"}]},{"@type":"WebSite","@id":"https:\/\/usamedical.com\/se\/#website","url":"https:\/\/usamedical.com\/se\/","name":"USA Medical","description":"H\u00f6gkvalitativ cannabisolja och kapslar. 100% naturlig, drogfri, testad","potentialAction":[{"@type":"SearchAction","target":{"@type":"EntryPoint","urlTemplate":"https:\/\/usamedical.com\/se\/?s={search_term_string}"},"query-input":"required name=search_term_string"}],"inLanguage":"sv-SE"}]}},"_links":{"self":[{"href":"https:\/\/usamedical.com\/se\/wp-json\/wp\/v2\/pages\/842"}],"collection":[{"href":"https:\/\/usamedical.com\/se\/wp-json\/wp\/v2\/pages"}],"about":[{"href":"https:\/\/usamedical.com\/se\/wp-json\/wp\/v2\/types\/page"}],"author":[{"embeddable":true,"href":"https:\/\/usamedical.com\/se\/wp-json\/wp\/v2\/users\/4"}],"replies":[{"embeddable":true,"href":"https:\/\/usamedical.com\/se\/wp-json\/wp\/v2\/comments?post=842"}],"version-history":[{"count":27,"href":"https:\/\/usamedical.com\/se\/wp-json\/wp\/v2\/pages\/842\/revisions"}],"predecessor-version":[{"id":3973,"href":"https:\/\/usamedical.com\/se\/wp-json\/wp\/v2\/pages\/842\/revisions\/3973"}],"wp:attachment":[{"href":"https:\/\/usamedical.com\/se\/wp-json\/wp\/v2\/media?parent=842"}],"curies":[{"name":"wp","href":"https:\/\/api.w.org\/{rel}","templated":true}]}}