{"id":28,"date":"2019-12-04T13:39:06","date_gmt":"2019-12-04T12:39:06","guid":{"rendered":"https:\/\/usamedical.com\/se\/?page_id=28"},"modified":"2022-09-30T14:48:02","modified_gmt":"2022-09-30T12:48:02","slug":"kontakta-oss","status":"publish","type":"page","link":"https:\/\/usamedical.com\/se\/kontakta-oss\/","title":{"rendered":"KONTAKTA OSS"},"content":{"rendered":"<div id='contact_form'  class='avia-section av-26qz4-7e79b1ab12fd0e8fc6d041f0c4e16d07 main_color avia-section-large avia-no-border-styling  avia-builder-el-0  el_before_av_section  avia-builder-el-first  avia-bg-style-scroll container_wrap sidebar_right'  ><div class='container av-section-cont-open' ><main  role=\"main\" itemprop=\"mainContentOfPage\"  class='template-page content  av-content-small alpha units'><div class='post-entry post-entry-type-page post-entry-28'><div class='entry-content-wrapper clearfix'>\n\n<style type=\"text\/css\" data-created_by=\"avia_inline_auto\" id=\"style-css-av-1cdos-defc33275d740d6d00e82c559d7c7266\">\n.flex_column.av-1cdos-defc33275d740d6d00e82c559d7c7266{\nborder-radius:0px 0px 0px 0px;\npadding:0px 0px 0px 0px;\n}\n<\/style>\n<div  class='flex_column av-1cdos-defc33275d740d6d00e82c559d7c7266 av_one_half  avia-builder-el-1  el_before_av_one_half  avia-builder-el-first  first flex_column_div av-zero-column-padding  '     ><section  class='av_textblock_section av-k3y9pxy0-dd1a59184b142cc3424fb9fd418fb5b3 '   itemscope=\"itemscope\" itemtype=\"https:\/\/schema.org\/CreativeWork\" ><div class='avia_textblock'  itemprop=\"text\" ><div><strong>US office:<\/strong><\/div>\n<div>\n<div><\/div>\n<p><strong>EB Partner LLC<\/strong><\/p>\n<div>\n<p><strong>Regus Downtown Glendale<\/strong><\/p>\n<p><strong>201 N. Brand Blvd.,#200<\/strong><\/p>\n<div>Glendale, California,<\/div>\n<div>91203<\/div>\n<div><a href=\"http:\/\/www.usamedicalshop.com\/\" target=\"_blank\" rel=\"noopener\" data-saferedirecturl=\"https:\/\/www.google.com\/url?q=http:\/\/www.usamedicalshop.com&amp;source=gmail&amp;ust=1590802231669000&amp;usg=AFQjCNGTinYnCdxCW9zs3TVusQX4PLNChg\">www.usamedicalshop.com<\/a><\/div>\n<div><\/div>\n<div><\/div>\n<div><\/div>\n<div><\/div>\n<div><strong>EU offices:<\/strong><\/div>\n<div><strong>Hungary<\/strong><\/div>\n<div>USA Medical LTD<\/div>\n<div>Puskas Tivadar ut 10.<\/div>\n<div>Budaors<\/div>\n<div>2040 Hungary<\/div>\n<div><a href=\"http:\/\/www.usamedical.hu\/\" target=\"_blank\" rel=\"noopener\" data-saferedirecturl=\"https:\/\/www.google.com\/url?q=http:\/\/www.usamedical.hu&amp;source=gmail&amp;ust=1590802231669000&amp;usg=AFQjCNENyML4EkAXSd2xpS7716RdhEMktg\">www.usamedical.hu<\/a><\/div>\n<div><\/div>\n<div><\/div>\n<div><\/div>\n<div><\/div>\n<div><strong>Sweden<\/strong><\/div>\n<div>Vitamin Store s.r.o.<\/div>\n<div>737 01<\/div>\n<div>\u010cesk\u00fd T\u011b\u0161\u00edn<\/div>\n<div>Karvinsk\u00e1 577\/1<\/div>\n<div>Czech Republic<\/div>\n<div><a href=\"https:\/\/usamedical.com\/se\/\" target=\"_blank\" rel=\"noopener\" data-saferedirecturl=\"https:\/\/www.google.com\/url?q=http:\/\/www.usamedical.se&amp;source=gmail&amp;ust=1590802231669000&amp;usg=AFQjCNFD9QdXM_mOl7UaV4CrTozUuXGH_g\">www.usamedical.se<\/a><\/div>\n<div><\/div>\n<div><\/div>\n<div><\/div>\n<div><\/div>\n<div><strong>Slovakia and Czech Republic<\/strong><\/div>\n<div>\n<div>Vitamin Store s.r.o.<\/div>\n<div>737 01<\/div>\n<div>\u010cesk\u00fd T\u011b\u0161\u00edn<\/div>\n<div>Karvinsk\u00e1 577\/1<\/div>\n<div>Czech Republic<\/div>\n<\/div>\n<div><a href=\"http:\/\/www.usamedical.sk\/\" target=\"_blank\" rel=\"noopener\" data-saferedirecturl=\"https:\/\/www.google.com\/url?q=http:\/\/www.usamedical.cz&amp;source=gmail&amp;ust=1590802231669000&amp;usg=AFQjCNGFrtO24EX6MP3EnjkRo6jeXzjEVw\">www.usamedical.sk<\/a><\/div>\n<div><a href=\"http:\/\/www.usamedical.cz\/\" target=\"_blank\" rel=\"noopener\" data-saferedirecturl=\"https:\/\/www.google.com\/url?q=http:\/\/www.usamedical.cz&amp;source=gmail&amp;ust=1590802231669000&amp;usg=AFQjCNGFrtO24EX6MP3EnjkRo6jeXzjEVw\">www.usamedical.cz<\/a><\/div>\n<div><\/div>\n<div><\/div>\n<div><\/div>\n<div><\/div>\n<div><strong>Poland<\/strong><\/div>\n<div><a href=\"http:\/\/www.usamedical.pl\/\" target=\"_blank\" rel=\"noopener\" data-saferedirecturl=\"https:\/\/www.google.com\/url?q=http:\/\/www.usamedical.pl&amp;source=gmail&amp;ust=1590802231669000&amp;usg=AFQjCNEFGLpgcfedBfBrYwZomaRWI_Asew\">www.usamedical.pl<\/a><\/div>\n<\/div>\n<\/div>\n<p>Vill du bli \u00e5terf\u00f6rs\u00e4ljare? Kontakta oss via mail.<\/p>\n<\/div><\/section><\/div>\n<style type=\"text\/css\" data-created_by=\"avia_inline_auto\" id=\"style-css-av-qamk-1d88a89c13471bbf09ed1abda89a5b6c\">\n.flex_column.av-qamk-1d88a89c13471bbf09ed1abda89a5b6c{\nborder-radius:0px 0px 0px 0px;\npadding:0px 0px 0px 0px;\n}\n<\/style>\n<div  class='flex_column av-qamk-1d88a89c13471bbf09ed1abda89a5b6c av_one_half  avia-builder-el-3  el_after_av_one_half  avia-builder-el-last  flex_column_div av-zero-column-padding  '     ><section  class='av_textblock_section av-k5e2jjo0-cf4a42061182b6fd3c8056595be22968 '   itemscope=\"itemscope\" itemtype=\"https:\/\/schema.org\/CreativeWork\" ><div class='avia_textblock'  itemprop=\"text\" ><h3>Kontakta oss<\/h3>\n<\/div><\/section><\/div><\/div><\/div><\/main><!-- close content main element --><\/div><\/div><div id='mobile_heading'  class='avia-section av-k3y7mzen-50de63b6807e45304c18c1b6ef56d5fb main_color avia-section-no-padding avia-no-border-styling  avia-builder-el-5  el_after_av_section  el_before_av_section  av-desktop-hide av-medium-hide avia-bg-style-scroll container_wrap sidebar_right'  ><div class='container av-section-cont-open' ><div class='template-page content  av-content-small alpha units'><div class='post-entry post-entry-type-page post-entry-28'><div class='entry-content-wrapper clearfix'>\n\n<style type=\"text\/css\" data-created_by=\"avia_inline_auto\" id=\"style-css-av-q7gc-eb026e675692b79fdb178c0000b15e40\">\n#top .av-special-heading.av-q7gc-eb026e675692b79fdb178c0000b15e40{\npadding-bottom:10px;\n}\nbody .av-special-heading.av-q7gc-eb026e675692b79fdb178c0000b15e40 .av-special-heading-tag .heading-char{\nfont-size:25px;\n}\n.av-special-heading.av-q7gc-eb026e675692b79fdb178c0000b15e40 .av-subheading{\nfont-size:15px;\n}\n<\/style>\n<div  class='av-special-heading av-q7gc-eb026e675692b79fdb178c0000b15e40 av-special-heading-h1 blockquote modern-quote  avia-builder-el-6  avia-builder-el-no-sibling '><h1 class='av-special-heading-tag '  itemprop=\"headline\"  >Vad \u00e4r CBD?<\/h1><div class=\"special-heading-border\"><div class=\"special-heading-inner-border\"><\/div><\/div><\/div>\n<\/p>\n<\/div><\/div><\/div><!-- close content main div --><\/div><\/div>\n<style type=\"text\/css\" data-created_by=\"avia_inline_auto\" id=\"style-css-av-k3vbd6vr-32d5f81f698b89b7c2a1c116f9306cae\">\n.avia-section.av-k3vbd6vr-32d5f81f698b89b7c2a1c116f9306cae{\nbackground-repeat:no-repeat;\nbackground-image:url(https:\/\/usamedical.com\/se\/wp-content\/uploads\/2019\/12\/CBD.jpeg);\nbackground-position:0% 0%;\nbackground-attachment:scroll;\n}\n<\/style>\n<div id='v_cbd' aria-label='page-kontakta-oss' class='avia-section av-k3vbd6vr-32d5f81f698b89b7c2a1c116f9306cae main_color avia-section-default avia-no-border-styling  avia-builder-el-7  el_after_av_section  el_before_av_section  avia-bg-style-scroll container_wrap sidebar_right'  data-section-bg-repeat='no-repeat'><div class='container av-section-cont-open' ><div class='template-page content  av-content-small alpha units'><div class='post-entry post-entry-type-page post-entry-28'><div class='entry-content-wrapper clearfix'>\n\n<style type=\"text\/css\" data-created_by=\"avia_inline_auto\" id=\"style-css-av-2m0ck-59adf0a506f64f53d803f4ed0559d06f\">\n.flex_column.av-2m0ck-59adf0a506f64f53d803f4ed0559d06f{\nborder-radius:0px 0px 0px 0px;\npadding:0px 0px 0px 0px;\n}\n<\/style>\n<div  class='flex_column av-2m0ck-59adf0a506f64f53d803f4ed0559d06f av_one_half  avia-builder-el-8  el_before_av_one_half  avia-builder-el-first  first flex_column_div av-zero-column-padding  '     ><p>\n<style type=\"text\/css\" data-created_by=\"avia_inline_auto\" id=\"style-css-av-k3y7nbkp-c4fd9fd7f27039e969d2827d5d9353ab\">\n#top .av-special-heading.av-k3y7nbkp-c4fd9fd7f27039e969d2827d5d9353ab{\npadding-bottom:10px;\n}\nbody .av-special-heading.av-k3y7nbkp-c4fd9fd7f27039e969d2827d5d9353ab .av-special-heading-tag .heading-char{\nfont-size:25px;\n}\n.av-special-heading.av-k3y7nbkp-c4fd9fd7f27039e969d2827d5d9353ab .av-subheading{\nfont-size:15px;\n}\n<\/style>\n<div  class='av-special-heading av-k3y7nbkp-c4fd9fd7f27039e969d2827d5d9353ab av-special-heading-h1 blockquote modern-quote  avia-builder-el-9  el_before_av_textblock  avia-builder-el-first  av-small-hide av-mini-hide'><h1 class='av-special-heading-tag '  itemprop=\"headline\"  >Vad \u00e4r CBD?<\/h1><div class=\"special-heading-border\"><div class=\"special-heading-inner-border\"><\/div><\/div><\/div><br \/>\n<section  class='av_textblock_section av-k3vbf0w2-7c2fd4fbc951748e8d517d2db6aa1acb '   itemscope=\"itemscope\" itemtype=\"https:\/\/schema.org\/CreativeWork\" ><div class='avia_textblock'  itemprop=\"text\" ><p>CBD \u00e4r en icke-psykoaktiv cannabinoid som huvudsakligen finns i hampans blommor. CBD inneh\u00e5ller inget THC, d\u00e4rf\u00f6r \u00e4r \u00e4mnet ingen drog, utan ett lagligt kosttillskott i hela Europa, inklusive Ungern.<\/p>\n<p>Ett stort antal vetenskapliga experiment har utf\u00f6rts, som visar att CBD kan effektivt minska \u00e5ngest, f\u00f6rb\u00e4ttra s\u00f6mnkvalitet, och f\u00f6rhindra cancercellernas tillv\u00e4xt. Dessutom kan CBD v\u00e4sentligt minska antalet anfall hos epilepsipatienter och kan ha gynnsamma effekter p\u00e5 m\u00e5nga andra sjukdomar. En rad unders\u00f6kningar visar att CBD har en lugnande, antiinflammatorisk, krampl\u00f6sande, anfallsh\u00e4mmande, antidepressiv, antioxidativ, antipsykotisk, tum\u00f6rh\u00e4mmande och nervskyddande inverkan p\u00e5 m\u00e4nniskokroppen. CBD kan ocks\u00e5 ge hj\u00e4rnan och nervsystemet skydd mot skador och negativa effekter som kan leda till olika sjukdomar s\u00e5som Alzheimers sjukdom.\u00a0 USA Medical utvinner CBD-olja ur hampa som har odlats p\u00e5 friland, och extrakten \u00e4r av h\u00f6gsta kvalitet. Anv\u00e4nd bara rent och ekologiskt CBD-extrakt som \u00e4r fr\u00e5n en garanterad k\u00e4lla.<\/p>\n<\/div><\/section><\/p><\/div>\n<style type=\"text\/css\" data-created_by=\"avia_inline_auto\" id=\"style-css-av-2d7dg-0060830e00e0c4d83535be3b9b44ff5d\">\n.flex_column.av-2d7dg-0060830e00e0c4d83535be3b9b44ff5d{\nborder-radius:0px 0px 0px 0px;\npadding:0px 0px 0px 0px;\n}\n<\/style>\n<div  class='flex_column av-2d7dg-0060830e00e0c4d83535be3b9b44ff5d av_one_half  avia-builder-el-11  el_after_av_one_half  avia-builder-el-last  flex_column_div av-zero-column-padding  '     ><\/div>\n\n<\/div><\/div><\/div><!-- close content main div --><\/div><\/div><div id='mobile_heading'  class='avia-section av-k3y7mzen-50de63b6807e45304c18c1b6ef56d5fb main_color avia-section-no-padding avia-no-border-styling  avia-builder-el-12  el_after_av_section  el_before_av_section  av-desktop-hide av-medium-hide avia-bg-style-scroll container_wrap sidebar_right'  ><div class='container av-section-cont-open' ><div class='template-page content  av-content-small alpha units'><div class='post-entry post-entry-type-page post-entry-28'><div class='entry-content-wrapper clearfix'>\n\n<style type=\"text\/css\" data-created_by=\"avia_inline_auto\" id=\"style-css-av-k3y9woqm-b8c22e62fcec794598e68979aabc6889\">\n#top .av-special-heading.av-k3y9woqm-b8c22e62fcec794598e68979aabc6889{\npadding-bottom:10px;\ncolor:#ff9000;\n}\nbody .av-special-heading.av-k3y9woqm-b8c22e62fcec794598e68979aabc6889 .av-special-heading-tag .heading-char{\nfont-size:25px;\n}\n.av-special-heading.av-k3y9woqm-b8c22e62fcec794598e68979aabc6889 .special-heading-inner-border{\nborder-color:#ff9000;\n}\n.av-special-heading.av-k3y9woqm-b8c22e62fcec794598e68979aabc6889 .av-subheading{\nfont-size:15px;\n}\n<\/style>\n<div  class='av-special-heading av-k3y9woqm-b8c22e62fcec794598e68979aabc6889 av-special-heading-h1 custom-color-heading blockquote modern-quote  avia-builder-el-13  avia-builder-el-no-sibling '><h1 class='av-special-heading-tag '  itemprop=\"headline\"  > \u00c4r CBD lagligt i Ungern?<\/h1><div class=\"special-heading-border\"><div class=\"special-heading-inner-border\"><\/div><\/div><\/div>\n\n<\/div><\/div><\/div><!-- close content main div --><\/div><\/div>\n<style type=\"text\/css\" data-created_by=\"avia_inline_auto\" id=\"style-css-av-k3vbd6vr-9be52605699c8920eba4794079d46dfe\">\n.avia-section.av-k3vbd6vr-9be52605699c8920eba4794079d46dfe{\nbackground-repeat:no-repeat;\nbackground-image:url(https:\/\/usamedical.com\/se\/wp-content\/uploads\/2019\/12\/la_cbd.jpeg);\nbackground-position:50% 50%;\nbackground-attachment:scroll;\n}\n<\/style>\n<div id='l_cbd'  class='avia-section av-k3vbd6vr-9be52605699c8920eba4794079d46dfe main_color avia-section-default avia-no-border-styling  avia-builder-el-14  el_after_av_section  el_before_av_section  avia-bg-style-scroll container_wrap sidebar_right'  data-section-bg-repeat='no-repeat'><div class='container av-section-cont-open' ><div class='template-page content  av-content-small alpha units'><div class='post-entry post-entry-type-page post-entry-28'><div class='entry-content-wrapper clearfix'>\n\n<style type=\"text\/css\" data-created_by=\"avia_inline_auto\" id=\"style-css-av-1kfc8-c1b41407f5630fe2b70aa25a319423f3\">\n.flex_column.av-1kfc8-c1b41407f5630fe2b70aa25a319423f3{\nborder-radius:0px 0px 0px 0px;\npadding:0px 0px 0px 0px;\n}\n<\/style>\n<div  class='flex_column av-1kfc8-c1b41407f5630fe2b70aa25a319423f3 av_one_half  avia-builder-el-15  el_before_av_one_half  avia-builder-el-first  first flex_column_div av-zero-column-padding  '     ><\/div>\n<style type=\"text\/css\" data-created_by=\"avia_inline_auto\" id=\"style-css-av-ue84-c5f7324c0f7a765525e994db4b7e8e66\">\n.flex_column.av-ue84-c5f7324c0f7a765525e994db4b7e8e66{\nborder-radius:0px 0px 0px 0px;\npadding:0px 0px 0px 0px;\n}\n<\/style>\n<div  class='flex_column av-ue84-c5f7324c0f7a765525e994db4b7e8e66 av_one_half  avia-builder-el-16  el_after_av_one_half  avia-builder-el-last  flex_column_div av-zero-column-padding  '     ><p><br \/>\n<section  class='av_textblock_section av-k3vbf0w2-7c2fd4fbc951748e8d517d2db6aa1acb '   itemscope=\"itemscope\" itemtype=\"https:\/\/schema.org\/CreativeWork\" ><div class='avia_textblock'  itemprop=\"text\" ><p>USA Medicals CBD-produkter (b\u00e5de kosttillskott och kosmetikor) \u00e4r 100% rena och THC-fria, vilket garanteras av labbexperiment som utf\u00f6rts av en tredje part. Du kan vara f\u00f6rvissad om att USA Medicals produkter \u00e4r drogfria, ekologiska och s\u00e4kra.<\/p>\n<\/div><\/section><\/p><\/div>\n\n<\/div><\/div><\/div><!-- close content main div --><\/div><\/div>\n<style type=\"text\/css\" data-created_by=\"avia_inline_auto\" id=\"style-css-av-k3sfh8es-b1557177fd8a0c90670df57a27e76f4c\">\n.avia-section.av-k3sfh8es-b1557177fd8a0c90670df57a27e76f4c{\nbackground-repeat:no-repeat;\nbackground-image:url(https:\/\/usamedical.com\/se\/wp-content\/uploads\/2019\/12\/about_medical.jpeg);\nbackground-position:0% 0%;\nbackground-attachment:scroll;\n}\n<\/style>\n<div id='abbout_usmediacla'  class='avia-section av-k3sfh8es-b1557177fd8a0c90670df57a27e76f4c main_color avia-section-default avia-no-border-styling  avia-builder-el-19  el_after_av_section  el_before_av_slideshow_full  avia-bg-style-scroll container_wrap sidebar_right'  data-section-bg-repeat='no-repeat'><div class='container av-section-cont-open' ><div class='template-page content  av-content-small alpha units'><div class='post-entry post-entry-type-page post-entry-28'><div class='entry-content-wrapper clearfix'>\n\n<style type=\"text\/css\" data-created_by=\"avia_inline_auto\" id=\"style-css-av-y1xn-a5188bf41487eba95124416ff4963333\">\n.flex_column.av-y1xn-a5188bf41487eba95124416ff4963333{\nborder-radius:0px 0px 0px 0px;\npadding:0px 0px 0px 0px;\n}\n<\/style>\n<div  class='flex_column av-y1xn-a5188bf41487eba95124416ff4963333 av_two_fifth  avia-builder-el-20  avia-builder-el-no-sibling  first flex_column_div av-zero-column-padding  '     ><p>\n<style type=\"text\/css\" data-created_by=\"avia_inline_auto\" id=\"style-css-av-k3sfiomp-bb19cc3882bd33299904f5df94e0a818\">\n.avia-image-container.av-k3sfiomp-bb19cc3882bd33299904f5df94e0a818 img.avia_image{\nbox-shadow:none;\n}\n.avia-image-container.av-k3sfiomp-bb19cc3882bd33299904f5df94e0a818 .av-image-caption-overlay-center{\ncolor:#ffffff;\n}\n<\/style>\n<div  class='avia-image-container av-k3sfiomp-bb19cc3882bd33299904f5df94e0a818 av-styling- avia-align-left  avia-builder-el-21  el_before_av_textblock  avia-builder-el-first '   itemprop=\"image\" itemscope=\"itemscope\" itemtype=\"https:\/\/schema.org\/ImageObject\" ><div class=\"avia-image-container-inner\"><div class=\"avia-image-overlay-wrap\"><img fetchpriority=\"high\" class='wp-image-31 avia-img-lazy-loading-not-31 avia_image ' src='https:\/\/usamedical.com\/se\/wp-content\/uploads\/2019\/12\/logokicsi.png' alt='' title='logokicsi'  height=\"71\" width=\"133\"  itemprop=\"thumbnailUrl\"  \/><\/div><\/div><\/div><br \/>\n<section  class='av_textblock_section av-k3sfihea-6f82583e00b992009df5feef9d5c4534 '   itemscope=\"itemscope\" itemtype=\"https:\/\/schema.org\/CreativeWork\" ><div class='avia_textblock'  itemprop=\"text\" ><p>V\u00e5ra produkter f\u00e5r endast administreras och anv\u00e4ndas enligt anvisningarna p\u00e5 etiketten. Anv\u00e4nd inte om du \u00e4r gravid eller ammar. R\u00e5dfr\u00e5ga din l\u00e4kare f\u00f6re anv\u00e4ndning om du har en allvarlig sjukdom eller anv\u00e4nder receptbelagda l\u00e4kemedel. Denna produkt \u00e4r inte avsedd att diagnostisera, behandla, bota eller f\u00f6rebygga en sjukdom. Genom att anv\u00e4nda denna webbplats godk\u00e4nner du sekretesspolicyn och de allm\u00e4nna kontraktsvillkoren som finns p\u00e5 webbplatsen.<\/p>\n<\/div><\/section><\/p><\/div>\n\n<\/div><\/div><\/div><!-- close content main div --><\/div><\/div><div id='full_slider_1'  class='avia-fullwidth-slider main_color avia-shadow   avia-builder-el-23  el_after_av_section  avia-builder-el-last   slider-not-first container_wrap sidebar_right'  ><\/div>\n","protected":false},"excerpt":{"rendered":"","protected":false},"author":4,"featured_media":0,"parent":0,"menu_order":0,"comment_status":"closed","ping_status":"closed","template":"","meta":{"footnotes":""},"class_list":["post-28","page","type-page","status-publish","hentry"],"acf":[],"yoast_head":"<!-- This site is optimized with the Yoast SEO plugin v23.2 - https:\/\/yoast.com\/wordpress\/plugins\/seo\/ -->\n<title>KONTAKTA OSS - USA Medical<\/title>\n<meta name=\"robots\" content=\"index, follow, max-snippet:-1, max-image-preview:large, max-video-preview:-1\" \/>\n<link rel=\"canonical\" href=\"https:\/\/usamedical.com\/se\/kontakta-oss\/\" \/>\n<meta property=\"og:locale\" content=\"sv_SE\" \/>\n<meta property=\"og:type\" content=\"article\" \/>\n<meta property=\"og:title\" content=\"KONTAKTA OSS - USA Medical\" \/>\n<meta property=\"og:url\" content=\"https:\/\/usamedical.com\/se\/kontakta-oss\/\" \/>\n<meta property=\"og:site_name\" content=\"USA Medical\" \/>\n<meta property=\"article:modified_time\" content=\"2022-09-30T12:48:02+00:00\" \/>\n<meta name=\"twitter:card\" content=\"summary_large_image\" \/>\n<meta name=\"twitter:label1\" content=\"Ber\u00e4knad l\u00e4stid\" \/>\n\t<meta name=\"twitter:data1\" content=\"13 minuter\" \/>\n<script type=\"application\/ld+json\" class=\"yoast-schema-graph\">{\"@context\":\"https:\/\/schema.org\",\"@graph\":[{\"@type\":\"WebPage\",\"@id\":\"https:\/\/usamedical.com\/se\/kontakta-oss\/\",\"url\":\"https:\/\/usamedical.com\/se\/kontakta-oss\/\",\"name\":\"KONTAKTA OSS - USA Medical\",\"isPartOf\":{\"@id\":\"https:\/\/usamedical.com\/se\/#website\"},\"datePublished\":\"2019-12-04T12:39:06+00:00\",\"dateModified\":\"2022-09-30T12:48:02+00:00\",\"breadcrumb\":{\"@id\":\"https:\/\/usamedical.com\/se\/kontakta-oss\/#breadcrumb\"},\"inLanguage\":\"sv-SE\",\"potentialAction\":[{\"@type\":\"ReadAction\",\"target\":[\"https:\/\/usamedical.com\/se\/kontakta-oss\/\"]}]},{\"@type\":\"BreadcrumbList\",\"@id\":\"https:\/\/usamedical.com\/se\/kontakta-oss\/#breadcrumb\",\"itemListElement\":[{\"@type\":\"ListItem\",\"position\":1,\"name\":\"Hem\",\"item\":\"https:\/\/usamedical.com\/se\/hem\/\"},{\"@type\":\"ListItem\",\"position\":2,\"name\":\"KONTAKTA OSS\"}]},{\"@type\":\"WebSite\",\"@id\":\"https:\/\/usamedical.com\/se\/#website\",\"url\":\"https:\/\/usamedical.com\/se\/\",\"name\":\"USA Medical\",\"description\":\"H\u00f6gkvalitativ cannabisolja och kapslar. 100% naturlig, drogfri, testad\",\"potentialAction\":[{\"@type\":\"SearchAction\",\"target\":{\"@type\":\"EntryPoint\",\"urlTemplate\":\"https:\/\/usamedical.com\/se\/?s={search_term_string}\"},\"query-input\":\"required name=search_term_string\"}],\"inLanguage\":\"sv-SE\"}]}<\/script>\n<!-- \/ Yoast SEO plugin. -->","yoast_head_json":{"title":"KONTAKTA OSS - USA Medical","robots":{"index":"index","follow":"follow","max-snippet":"max-snippet:-1","max-image-preview":"max-image-preview:large","max-video-preview":"max-video-preview:-1"},"canonical":"https:\/\/usamedical.com\/se\/kontakta-oss\/","og_locale":"sv_SE","og_type":"article","og_title":"KONTAKTA OSS - USA Medical","og_url":"https:\/\/usamedical.com\/se\/kontakta-oss\/","og_site_name":"USA Medical","article_modified_time":"2022-09-30T12:48:02+00:00","twitter_card":"summary_large_image","twitter_misc":{"Ber\u00e4knad l\u00e4stid":"13 minuter"},"schema":{"@context":"https:\/\/schema.org","@graph":[{"@type":"WebPage","@id":"https:\/\/usamedical.com\/se\/kontakta-oss\/","url":"https:\/\/usamedical.com\/se\/kontakta-oss\/","name":"KONTAKTA OSS - USA Medical","isPartOf":{"@id":"https:\/\/usamedical.com\/se\/#website"},"datePublished":"2019-12-04T12:39:06+00:00","dateModified":"2022-09-30T12:48:02+00:00","breadcrumb":{"@id":"https:\/\/usamedical.com\/se\/kontakta-oss\/#breadcrumb"},"inLanguage":"sv-SE","potentialAction":[{"@type":"ReadAction","target":["https:\/\/usamedical.com\/se\/kontakta-oss\/"]}]},{"@type":"BreadcrumbList","@id":"https:\/\/usamedical.com\/se\/kontakta-oss\/#breadcrumb","itemListElement":[{"@type":"ListItem","position":1,"name":"Hem","item":"https:\/\/usamedical.com\/se\/hem\/"},{"@type":"ListItem","position":2,"name":"KONTAKTA OSS"}]},{"@type":"WebSite","@id":"https:\/\/usamedical.com\/se\/#website","url":"https:\/\/usamedical.com\/se\/","name":"USA Medical","description":"H\u00f6gkvalitativ cannabisolja och kapslar. 100% naturlig, drogfri, testad","potentialAction":[{"@type":"SearchAction","target":{"@type":"EntryPoint","urlTemplate":"https:\/\/usamedical.com\/se\/?s={search_term_string}"},"query-input":"required name=search_term_string"}],"inLanguage":"sv-SE"}]}},"_links":{"self":[{"href":"https:\/\/usamedical.com\/se\/wp-json\/wp\/v2\/pages\/28"}],"collection":[{"href":"https:\/\/usamedical.com\/se\/wp-json\/wp\/v2\/pages"}],"about":[{"href":"https:\/\/usamedical.com\/se\/wp-json\/wp\/v2\/types\/page"}],"author":[{"embeddable":true,"href":"https:\/\/usamedical.com\/se\/wp-json\/wp\/v2\/users\/4"}],"replies":[{"embeddable":true,"href":"https:\/\/usamedical.com\/se\/wp-json\/wp\/v2\/comments?post=28"}],"version-history":[{"count":36,"href":"https:\/\/usamedical.com\/se\/wp-json\/wp\/v2\/pages\/28\/revisions"}],"predecessor-version":[{"id":4239,"href":"https:\/\/usamedical.com\/se\/wp-json\/wp\/v2\/pages\/28\/revisions\/4239"}],"wp:attachment":[{"href":"https:\/\/usamedical.com\/se\/wp-json\/wp\/v2\/media?parent=28"}],"curies":[{"name":"wp","href":"https:\/\/api.w.org\/{rel}","templated":true}]}}