{"id":18,"date":"2019-12-04T13:36:00","date_gmt":"2019-12-04T12:36:00","guid":{"rendered":"https:\/\/usamedical.com\/se\/?page_id=18"},"modified":"2021-04-23T14:01:17","modified_gmt":"2021-04-23T12:01:17","slug":"vad-kan-man-anvanda-cbd-oljan-for","status":"publish","type":"page","link":"https:\/\/usamedical.com\/se\/vad-kan-man-anvanda-cbd-oljan-for\/","title":{"rendered":"Vad \u00e4r CBD olja bra f\u00f6r?"},"content":{"rendered":"\n<style type=\"text\/css\" data-created_by=\"avia_inline_auto\" id=\"style-css-av-1b4gq-069859edace6d54d612c5af51af4d857\">\n.flex_column.av-1b4gq-069859edace6d54d612c5af51af4d857{\nborder-radius:0px 0px 0px 0px;\npadding:0px 0px 0px 0px;\n}\n<\/style>\n<div  class='flex_column av-1b4gq-069859edace6d54d612c5af51af4d857 av_one_half  avia-builder-el-0  el_before_av_one_half  avia-builder-el-first  first flex_column_div av-zero-column-padding  '     ><section  class='av_textblock_section av-knra8cuz-b806e4d6fb77677f9e519bca919bd7d2 '   itemscope=\"itemscope\" itemtype=\"https:\/\/schema.org\/CreativeWork\" ><div class='avia_textblock'  itemprop=\"text\" ><h1 class=\"main-title entry-title \">Vad \u00e4r CBD olja bra f\u00f6r?<\/h1>\n<p><strong>EFFEKTERNA AV CBD-OLJA P\u00c5 V\u00c5R KROPP<\/strong><\/p>\n<p>USA Medicals CBD-olja \u00e4r tillverkad med ett brett spektrum och en modern extraktionsprocess. Hampa inneh\u00e5ller viktiga ingredienser f\u00f6r m\u00e4nniskokroppen: essentiella fettsyror, fyto cannabinoider, terpener, steroler och en rik blandning av flavonoider.<\/p>\n<p>Hampa har anv\u00e4nts i \u00e5rhundraden, och efter n\u00e5gra decennier av utl\u00e4mnande under 2000-talet forskas kring dess effekter. Flera studier sammanfattar erfarenheterna av de experiment som har \u00e4gt rum.<\/p>\n<p>EndoCannabinoid System (ECS)<br \/>\nF\u00f6r att f\u00f6rst\u00e5 effekterna av CBD m\u00e5ste vi veta att v\u00e5r kropp har ett system som kallas endocannabinoidsystemet. Den finns i alla v\u00e4vnader i v\u00e5r kropp.\u00a0\u00a0Endocannabinoida systemet \u00e4r ett signalsystem som genom cannabinoider och receptorer reglerar, modulerar och har skyddande funktion i v\u00e5ra kroppar.\u00a0Det endocannabinoida systemet spelar en roll i regleringen av m\u00e5nga funktioner och processer som tex s\u00f6mn, v\u00e4lbefinnande, aptit, minne,\u00a0 reproduktion och fertilitet<\/p>\n<p>Cannabinoider, som cannabidiol (CBD) -molekylen, anv\u00e4nder v\u00e5ra egna receptorer f\u00f6r att styra olika funktioner i v\u00e5r kropp. Naturligtvis producerar m\u00e4nniskokroppen ocks\u00e5 cannabinoider, dessa \u00e4r endokannabinoider, s\u00e5 det endocannabinoida systemet \u00e4r aktivt i v\u00e5r kropp \u00e4ven n\u00e4r vi inte anv\u00e4nder hampa molekyler.<\/p>\n<p>N\u00e4stan 13 000 medlemmar i CBD Oil Experience &#8211; USA Medicals Facebook-gruppen i Ungern delar regelbundet sina konsument upplevelser. Du kan ocks\u00e5 beg\u00e4ra att l\u00e4ggas till gruppen. en liknande sida har p\u00e5b\u00f6rjats i Sverige.<\/p>\n<p>Klicka p\u00e5 l\u00e4nken f\u00f6r att l\u00e4sa mer om CBD-forskning och dess resultat.<\/p>\n<p>Hampa &#8211; cbd-olja och det endocannabinoida systemet<br \/>\nForskare tror att det kan finnas ett problem om v\u00e5r kropp inte producerar tillr\u00e4ckligt med endocannabinoider f\u00f6r d\u00e5 kan systemet inte fungera perfekt. Saknade endogena cannabinoider kan ers\u00e4ttas med naturliga cannabinoida f\u00f6reningar av hampa, som kan binda till l\u00e4mpliga receptorer i v\u00e5ra celler p\u00e5 samma s\u00e4tt som deras endogena alternativ fr\u00e5n v\u00e5r kropp.<\/p>\n<p>Baserat p\u00e5 forskning kan det endocannabinoida systemet kopplas till f\u00f6ljande processer:<\/p>\n<p>Immunsystem, Reglering-aptit och matsm\u00e4ltning &#8211; metaboliska processer &#8211; sm\u00e4rtk\u00e4nslighet\u00a0 &#8211; inflammation och andra immunsvar &#8211; hum\u00f6r, inl\u00e4rning och minne &#8211; motoriska funktioner &#8211; s\u00f6mn och vakenhet &#8211; kardiovaskul\u00e4ra funktioner &#8211; muskelbildning &#8211; ben omvandling och tillv\u00e4xt &#8211; leverfunktion &#8211; reproduktiv funktion &#8211; stressrespons &#8211; nervsystemets funktion.<\/p>\n<p>Forskning om hur det endocannabinoida systemet fungerar forts\u00e4tter fortfarande. V\u00e4lk\u00e4nda forskargrupper unders\u00f6ker vilka receptorer som ger kopplingen mellan CBD och v\u00e5r kropp. Bland annat arbetar Astra Zenecas specialister, som \u00e4r involverade i utvecklingen av coronavirus vaccinet, ocks\u00e5 med detta.<\/p>\n<p>F\u00f6r n\u00e4rvarande \u00e4r det inte m\u00f6jligt att g\u00f6ra tydliga uttalanden om effekterna av CBD, men det p\u00e5g\u00e5r mycket lovande forskning och vi kan l\u00e4sa m\u00e5nga recensioner fr\u00e5n CBD-konsumenter.<\/p>\n<p>CBD kan dock inte ers\u00e4tta en h\u00e4lsosam kost och intag av vitaminer och mineraler, och det kan inte heller eliminera de skadliga effekterna p\u00e5 v\u00e5ra kroppar.<\/p>\n<\/div><\/section><\/div>\n<style type=\"text\/css\" data-created_by=\"avia_inline_auto\" id=\"style-css-av-uegi-86b04b508957cf23065fecf7d5446228\">\n.flex_column.av-uegi-86b04b508957cf23065fecf7d5446228{\nborder-radius:0px 0px 0px 0px;\npadding:0px 0px 0px 0px;\n}\n<\/style>\n<div  class='flex_column av-uegi-86b04b508957cf23065fecf7d5446228 av_one_half  avia-builder-el-2  el_after_av_one_half  el_before_av_section  avia-builder-el-last  flex_column_div av-zero-column-padding  '     ><section  class='av_textblock_section av-knraks5y-5e04343b1b5e4dd567de67a4d5c0cd2a '   itemscope=\"itemscope\" itemtype=\"https:\/\/schema.org\/CreativeWork\" ><div class='avia_textblock'  itemprop=\"text\" ><p><img loading=\"lazy\" decoding=\"async\" class=\"alignnone size-full wp-image-2840\" style=\"width: 100%; max-width: 600px;\" src=\"https:\/\/usamedical.com\/se\/wp-content\/uploads\/2021\/04\/endocannabinoid-rendszer-1.jpg\" alt=\"\" width=\"600\" height=\"824\" srcset=\"https:\/\/usamedical.com\/se\/wp-content\/uploads\/2021\/04\/endocannabinoid-rendszer-1.jpg 600w, https:\/\/usamedical.com\/se\/wp-content\/uploads\/2021\/04\/endocannabinoid-rendszer-1-218x300.jpg 218w, https:\/\/usamedical.com\/se\/wp-content\/uploads\/2021\/04\/endocannabinoid-rendszer-1-513x705.jpg 513w\" sizes=\"(max-width: 600px) 100vw, 600px\" \/><\/p>\n<\/div><\/section><\/div><\/p>\n<\/div><\/div><\/div><!-- close content main div --><\/div><\/div>\n<style type=\"text\/css\" data-created_by=\"avia_inline_auto\" id=\"style-css-av-k3sfh8es-b1557177fd8a0c90670df57a27e76f4c\">\n.avia-section.av-k3sfh8es-b1557177fd8a0c90670df57a27e76f4c{\nbackground-repeat:no-repeat;\nbackground-image:url(https:\/\/usamedical.com\/se\/wp-content\/uploads\/2019\/12\/about_medical.jpeg);\nbackground-position:0% 0%;\nbackground-attachment:scroll;\n}\n<\/style>\n<div id='abbout_usmediacla'  class='avia-section av-k3sfh8es-b1557177fd8a0c90670df57a27e76f4c main_color avia-section-default avia-no-border-styling  avia-builder-el-4  el_after_av_one_half  el_before_av_one_full  avia-bg-style-scroll container_wrap sidebar_right'  data-section-bg-repeat='no-repeat'><div class='container av-section-cont-open' ><div class='template-page content  av-content-small alpha units'><div class='post-entry post-entry-type-page post-entry-18'><div class='entry-content-wrapper clearfix'>\n\n<style type=\"text\/css\" data-created_by=\"avia_inline_auto\" id=\"style-css-av-y1xn-a5188bf41487eba95124416ff4963333\">\n.flex_column.av-y1xn-a5188bf41487eba95124416ff4963333{\nborder-radius:0px 0px 0px 0px;\npadding:0px 0px 0px 0px;\n}\n<\/style>\n<div  class='flex_column av-y1xn-a5188bf41487eba95124416ff4963333 av_two_fifth  avia-builder-el-5  avia-builder-el-no-sibling  first flex_column_div av-zero-column-padding  '     ><p>\n<style type=\"text\/css\" data-created_by=\"avia_inline_auto\" id=\"style-css-av-k3sfiomp-bb19cc3882bd33299904f5df94e0a818\">\n.avia-image-container.av-k3sfiomp-bb19cc3882bd33299904f5df94e0a818 img.avia_image{\nbox-shadow:none;\n}\n.avia-image-container.av-k3sfiomp-bb19cc3882bd33299904f5df94e0a818 .av-image-caption-overlay-center{\ncolor:#ffffff;\n}\n<\/style>\n<div  class='avia-image-container av-k3sfiomp-bb19cc3882bd33299904f5df94e0a818 av-styling- avia-align-left  avia-builder-el-6  el_before_av_textblock  avia-builder-el-first '   itemprop=\"image\" itemscope=\"itemscope\" itemtype=\"https:\/\/schema.org\/ImageObject\" ><div class=\"avia-image-container-inner\"><div class=\"avia-image-overlay-wrap\"><img fetchpriority=\"high\" class='wp-image-31 avia-img-lazy-loading-not-31 avia_image ' src='https:\/\/usamedical.com\/se\/wp-content\/uploads\/2019\/12\/logokicsi.png' alt='' title='logokicsi'  height=\"71\" width=\"133\"  itemprop=\"thumbnailUrl\"  \/><\/div><\/div><\/div><br \/>\n<section  class='av_textblock_section av-k3sfihea-6f82583e00b992009df5feef9d5c4534 '   itemscope=\"itemscope\" itemtype=\"https:\/\/schema.org\/CreativeWork\" ><div class='avia_textblock'  itemprop=\"text\" ><p>V\u00e5ra produkter f\u00e5r endast administreras och anv\u00e4ndas enligt anvisningarna p\u00e5 etiketten. Anv\u00e4nd inte om du \u00e4r gravid eller ammar. R\u00e5dfr\u00e5ga din l\u00e4kare f\u00f6re anv\u00e4ndning om du har en allvarlig sjukdom eller anv\u00e4nder receptbelagda l\u00e4kemedel. Denna produkt \u00e4r inte avsedd att diagnostisera, behandla, bota eller f\u00f6rebygga en sjukdom. Genom att anv\u00e4nda denna webbplats godk\u00e4nner du sekretesspolicyn och de allm\u00e4nna kontraktsvillkoren som finns p\u00e5 webbplatsen.<\/p>\n<\/div><\/section><\/p><\/div>\n<\/div><\/div><\/div><!-- close content main div --><\/div><\/div><div id='after_section_1'  class='main_color av_default_container_wrap container_wrap sidebar_right'  ><div class='container av-section-cont-open' ><div class='template-page content  av-content-small alpha units'><div class='post-entry post-entry-type-page post-entry-18'><div class='entry-content-wrapper clearfix'>\n\n<style type=\"text\/css\" data-created_by=\"avia_inline_auto\" id=\"style-css-av-1p4h6-7c4a5a7a4b549d8ad06c80e1329a1155\">\n.flex_column.av-1p4h6-7c4a5a7a4b549d8ad06c80e1329a1155{\nborder-radius:0px 0px 0px 0px;\npadding:0px 0px 0px 0px;\n}\n<\/style>\n<div  class='flex_column av-1p4h6-7c4a5a7a4b549d8ad06c80e1329a1155 av_one_full  avia-builder-el-8  el_after_av_section  el_before_av_one_half  avia-builder-el-first  first flex_column_div av-zero-column-padding  '     ><\/div>\n\n<style type=\"text\/css\" data-created_by=\"avia_inline_auto\" id=\"style-css-av-1258m-5aff6351c88e822fbd8d465a89fd0cad\">\n.flex_column.av-1258m-5aff6351c88e822fbd8d465a89fd0cad{\nborder-radius:0px 0px 0px 0px;\npadding:0px 0px 0px 0px;\n}\n<\/style>\n<div  class='flex_column av-1258m-5aff6351c88e822fbd8d465a89fd0cad av_one_half  avia-builder-el-9  el_after_av_one_full  avia-builder-el-last  first flex_column_div av-zero-column-padding  column-top-margin'     ><\/div>\n","protected":false},"excerpt":{"rendered":"","protected":false},"author":4,"featured_media":0,"parent":0,"menu_order":0,"comment_status":"closed","ping_status":"closed","template":"","meta":{"footnotes":""},"class_list":["post-18","page","type-page","status-publish","hentry"],"acf":[],"yoast_head":"<!-- This site is optimized with the Yoast SEO plugin v23.2 - https:\/\/yoast.com\/wordpress\/plugins\/seo\/ -->\n<title>Vad \u00e4r CBD olja bra f\u00f6r? - USA Medical<\/title>\n<meta name=\"robots\" content=\"index, follow, max-snippet:-1, max-image-preview:large, max-video-preview:-1\" \/>\n<link rel=\"canonical\" href=\"https:\/\/usamedical.com\/se\/vad-kan-man-anvanda-cbd-oljan-for\/\" \/>\n<meta property=\"og:locale\" content=\"sv_SE\" \/>\n<meta property=\"og:type\" content=\"article\" \/>\n<meta property=\"og:title\" content=\"Vad \u00e4r CBD olja bra f\u00f6r? - USA Medical\" \/>\n<meta property=\"og:url\" content=\"https:\/\/usamedical.com\/se\/vad-kan-man-anvanda-cbd-oljan-for\/\" \/>\n<meta property=\"og:site_name\" content=\"USA Medical\" \/>\n<meta property=\"article:modified_time\" content=\"2021-04-23T12:01:17+00:00\" \/>\n<meta property=\"og:image\" content=\"https:\/\/usamedical.com\/se\/wp-content\/uploads\/2021\/04\/endocannabinoid-rendszer-1.jpg\" \/>\n<meta name=\"twitter:card\" content=\"summary_large_image\" \/>\n<meta name=\"twitter:label1\" content=\"Ber\u00e4knad l\u00e4stid\" \/>\n\t<meta name=\"twitter:data1\" content=\"7 minuter\" \/>\n<script type=\"application\/ld+json\" class=\"yoast-schema-graph\">{\"@context\":\"https:\/\/schema.org\",\"@graph\":[{\"@type\":\"WebPage\",\"@id\":\"https:\/\/usamedical.com\/se\/vad-kan-man-anvanda-cbd-oljan-for\/\",\"url\":\"https:\/\/usamedical.com\/se\/vad-kan-man-anvanda-cbd-oljan-for\/\",\"name\":\"Vad \u00e4r CBD olja bra f\u00f6r? - USA Medical\",\"isPartOf\":{\"@id\":\"https:\/\/usamedical.com\/se\/#website\"},\"primaryImageOfPage\":{\"@id\":\"https:\/\/usamedical.com\/se\/vad-kan-man-anvanda-cbd-oljan-for\/#primaryimage\"},\"image\":{\"@id\":\"https:\/\/usamedical.com\/se\/vad-kan-man-anvanda-cbd-oljan-for\/#primaryimage\"},\"thumbnailUrl\":\"https:\/\/usamedical.com\/se\/wp-content\/uploads\/2021\/04\/endocannabinoid-rendszer-1.jpg\",\"datePublished\":\"2019-12-04T12:36:00+00:00\",\"dateModified\":\"2021-04-23T12:01:17+00:00\",\"breadcrumb\":{\"@id\":\"https:\/\/usamedical.com\/se\/vad-kan-man-anvanda-cbd-oljan-for\/#breadcrumb\"},\"inLanguage\":\"sv-SE\",\"potentialAction\":[{\"@type\":\"ReadAction\",\"target\":[\"https:\/\/usamedical.com\/se\/vad-kan-man-anvanda-cbd-oljan-for\/\"]}]},{\"@type\":\"ImageObject\",\"inLanguage\":\"sv-SE\",\"@id\":\"https:\/\/usamedical.com\/se\/vad-kan-man-anvanda-cbd-oljan-for\/#primaryimage\",\"url\":\"https:\/\/usamedical.com\/se\/wp-content\/uploads\/2021\/04\/endocannabinoid-rendszer-1.jpg\",\"contentUrl\":\"https:\/\/usamedical.com\/se\/wp-content\/uploads\/2021\/04\/endocannabinoid-rendszer-1.jpg\",\"width\":600,\"height\":824},{\"@type\":\"BreadcrumbList\",\"@id\":\"https:\/\/usamedical.com\/se\/vad-kan-man-anvanda-cbd-oljan-for\/#breadcrumb\",\"itemListElement\":[{\"@type\":\"ListItem\",\"position\":1,\"name\":\"Hem\",\"item\":\"https:\/\/usamedical.com\/se\/hem\/\"},{\"@type\":\"ListItem\",\"position\":2,\"name\":\"Vad \u00e4r CBD olja bra f\u00f6r?\"}]},{\"@type\":\"WebSite\",\"@id\":\"https:\/\/usamedical.com\/se\/#website\",\"url\":\"https:\/\/usamedical.com\/se\/\",\"name\":\"USA Medical\",\"description\":\"H\u00f6gkvalitativ cannabisolja och kapslar. 100% naturlig, drogfri, testad\",\"potentialAction\":[{\"@type\":\"SearchAction\",\"target\":{\"@type\":\"EntryPoint\",\"urlTemplate\":\"https:\/\/usamedical.com\/se\/?s={search_term_string}\"},\"query-input\":\"required name=search_term_string\"}],\"inLanguage\":\"sv-SE\"}]}<\/script>\n<!-- \/ Yoast SEO plugin. -->","yoast_head_json":{"title":"Vad \u00e4r CBD olja bra f\u00f6r? - USA Medical","robots":{"index":"index","follow":"follow","max-snippet":"max-snippet:-1","max-image-preview":"max-image-preview:large","max-video-preview":"max-video-preview:-1"},"canonical":"https:\/\/usamedical.com\/se\/vad-kan-man-anvanda-cbd-oljan-for\/","og_locale":"sv_SE","og_type":"article","og_title":"Vad \u00e4r CBD olja bra f\u00f6r? - USA Medical","og_url":"https:\/\/usamedical.com\/se\/vad-kan-man-anvanda-cbd-oljan-for\/","og_site_name":"USA Medical","article_modified_time":"2021-04-23T12:01:17+00:00","og_image":[{"url":"https:\/\/usamedical.com\/se\/wp-content\/uploads\/2021\/04\/endocannabinoid-rendszer-1.jpg"}],"twitter_card":"summary_large_image","twitter_misc":{"Ber\u00e4knad l\u00e4stid":"7 minuter"},"schema":{"@context":"https:\/\/schema.org","@graph":[{"@type":"WebPage","@id":"https:\/\/usamedical.com\/se\/vad-kan-man-anvanda-cbd-oljan-for\/","url":"https:\/\/usamedical.com\/se\/vad-kan-man-anvanda-cbd-oljan-for\/","name":"Vad \u00e4r CBD olja bra f\u00f6r? - USA Medical","isPartOf":{"@id":"https:\/\/usamedical.com\/se\/#website"},"primaryImageOfPage":{"@id":"https:\/\/usamedical.com\/se\/vad-kan-man-anvanda-cbd-oljan-for\/#primaryimage"},"image":{"@id":"https:\/\/usamedical.com\/se\/vad-kan-man-anvanda-cbd-oljan-for\/#primaryimage"},"thumbnailUrl":"https:\/\/usamedical.com\/se\/wp-content\/uploads\/2021\/04\/endocannabinoid-rendszer-1.jpg","datePublished":"2019-12-04T12:36:00+00:00","dateModified":"2021-04-23T12:01:17+00:00","breadcrumb":{"@id":"https:\/\/usamedical.com\/se\/vad-kan-man-anvanda-cbd-oljan-for\/#breadcrumb"},"inLanguage":"sv-SE","potentialAction":[{"@type":"ReadAction","target":["https:\/\/usamedical.com\/se\/vad-kan-man-anvanda-cbd-oljan-for\/"]}]},{"@type":"ImageObject","inLanguage":"sv-SE","@id":"https:\/\/usamedical.com\/se\/vad-kan-man-anvanda-cbd-oljan-for\/#primaryimage","url":"https:\/\/usamedical.com\/se\/wp-content\/uploads\/2021\/04\/endocannabinoid-rendszer-1.jpg","contentUrl":"https:\/\/usamedical.com\/se\/wp-content\/uploads\/2021\/04\/endocannabinoid-rendszer-1.jpg","width":600,"height":824},{"@type":"BreadcrumbList","@id":"https:\/\/usamedical.com\/se\/vad-kan-man-anvanda-cbd-oljan-for\/#breadcrumb","itemListElement":[{"@type":"ListItem","position":1,"name":"Hem","item":"https:\/\/usamedical.com\/se\/hem\/"},{"@type":"ListItem","position":2,"name":"Vad \u00e4r CBD olja bra f\u00f6r?"}]},{"@type":"WebSite","@id":"https:\/\/usamedical.com\/se\/#website","url":"https:\/\/usamedical.com\/se\/","name":"USA Medical","description":"H\u00f6gkvalitativ cannabisolja och kapslar. 100% naturlig, drogfri, testad","potentialAction":[{"@type":"SearchAction","target":{"@type":"EntryPoint","urlTemplate":"https:\/\/usamedical.com\/se\/?s={search_term_string}"},"query-input":"required name=search_term_string"}],"inLanguage":"sv-SE"}]}},"_links":{"self":[{"href":"https:\/\/usamedical.com\/se\/wp-json\/wp\/v2\/pages\/18"}],"collection":[{"href":"https:\/\/usamedical.com\/se\/wp-json\/wp\/v2\/pages"}],"about":[{"href":"https:\/\/usamedical.com\/se\/wp-json\/wp\/v2\/types\/page"}],"author":[{"embeddable":true,"href":"https:\/\/usamedical.com\/se\/wp-json\/wp\/v2\/users\/4"}],"replies":[{"embeddable":true,"href":"https:\/\/usamedical.com\/se\/wp-json\/wp\/v2\/comments?post=18"}],"version-history":[{"count":30,"href":"https:\/\/usamedical.com\/se\/wp-json\/wp\/v2\/pages\/18\/revisions"}],"predecessor-version":[{"id":2912,"href":"https:\/\/usamedical.com\/se\/wp-json\/wp\/v2\/pages\/18\/revisions\/2912"}],"wp:attachment":[{"href":"https:\/\/usamedical.com\/se\/wp-json\/wp\/v2\/media?parent=18"}],"curies":[{"name":"wp","href":"https:\/\/api.w.org\/{rel}","templated":true}]}}