{"id":14,"date":"2019-12-04T13:35:01","date_gmt":"2019-12-04T12:35:01","guid":{"rendered":"https:\/\/usamedical.com\/se\/?page_id=14"},"modified":"2021-04-26T19:30:56","modified_gmt":"2021-04-26T17:30:56","slug":"om-oss","status":"publish","type":"page","link":"https:\/\/usamedical.com\/se\/om-oss\/","title":{"rendered":"OM OSS"},"content":{"rendered":"<div id='mobile_heading'  class='avia-section av-k3y7mzen-50de63b6807e45304c18c1b6ef56d5fb main_color avia-section-no-padding avia-no-border-styling  avia-builder-el-0  el_before_av_section  avia-builder-el-first  av-desktop-hide av-medium-hide avia-bg-style-scroll container_wrap sidebar_right'  ><div class='container av-section-cont-open' ><main  role=\"main\" itemprop=\"mainContentOfPage\"  class='template-page content  av-content-small alpha units'><div class='post-entry post-entry-type-page post-entry-14'><div class='entry-content-wrapper clearfix'>\n\n<style type=\"text\/css\" data-created_by=\"avia_inline_auto\" id=\"style-css-av-k4ff0fwy-a653527d7debee5432d8baa9e49e7f5e\">\n#top .av-special-heading.av-k4ff0fwy-a653527d7debee5432d8baa9e49e7f5e{\npadding-bottom:10px;\n}\nbody .av-special-heading.av-k4ff0fwy-a653527d7debee5432d8baa9e49e7f5e .av-special-heading-tag .heading-char{\nfont-size:25px;\n}\n.av-special-heading.av-k4ff0fwy-a653527d7debee5432d8baa9e49e7f5e .av-subheading{\nfont-size:15px;\n}\n<\/style>\n<div  class='av-special-heading av-k4ff0fwy-a653527d7debee5432d8baa9e49e7f5e av-special-heading-h1 blockquote modern-quote  avia-builder-el-1  avia-builder-el-no-sibling '><h1 class='av-special-heading-tag '  itemprop=\"headline\"  >USA Medical<\/h1><div class=\"special-heading-border\"><div class=\"special-heading-inner-border\"><\/div><\/div><\/div>\n\n<\/div><\/div><\/main><!-- close content main element --><\/div><\/div>\n<style type=\"text\/css\" data-created_by=\"avia_inline_auto\" id=\"style-css-av-k3vbd6vr-c1d14a35bf6f4a32deae06160d085c42\">\n.avia-section.av-k3vbd6vr-c1d14a35bf6f4a32deae06160d085c42{\nbackground-repeat:no-repeat;\nbackground-image:url(https:\/\/usamedical.com\/se\/wp-content\/uploads\/2019\/12\/usa_01.jpeg);\nbackground-position:0% 0%;\nbackground-attachment:scroll;\n}\n<\/style>\n<div id='v_cbd-sub_page'  class='avia-section av-k3vbd6vr-c1d14a35bf6f4a32deae06160d085c42 main_color avia-section-default avia-no-border-styling  avia-builder-el-2  el_after_av_section  el_before_av_section  avia-bg-style-scroll container_wrap sidebar_right'  data-section-bg-repeat='no-repeat'><div class='container av-section-cont-open' ><div class='template-page content  av-content-small alpha units'><div class='post-entry post-entry-type-page post-entry-14'><div class='entry-content-wrapper clearfix'>\n\n<style type=\"text\/css\" data-created_by=\"avia_inline_auto\" id=\"style-css-av-2d7dg-0bfbc6606a673ade20ef80c7b5fd6b64\">\n.flex_column.av-2d7dg-0bfbc6606a673ade20ef80c7b5fd6b64{\nborder-radius:0px 0px 0px 0px;\npadding:0px 0px 0px 0px;\n}\n<\/style>\n<div  class='flex_column av-2d7dg-0bfbc6606a673ade20ef80c7b5fd6b64 av_one_half  avia-builder-el-3  el_before_av_one_half  avia-builder-el-first  first flex_column_div av-zero-column-padding  '     ><\/div>\n<style type=\"text\/css\" data-created_by=\"avia_inline_auto\" id=\"style-css-av-2m0ck-d9fe0f8bdb70fbe8ccadd7e5070036fa\">\n.flex_column.av-2m0ck-d9fe0f8bdb70fbe8ccadd7e5070036fa{\nborder-radius:0px 0px 0px 0px;\npadding:0px 0px 0px 0px;\n}\n<\/style>\n<div  class='flex_column av-2m0ck-d9fe0f8bdb70fbe8ccadd7e5070036fa av_one_half  avia-builder-el-4  el_after_av_one_half  avia-builder-el-last  flex_column_div av-zero-column-padding  '     ><p>\n<style type=\"text\/css\" data-created_by=\"avia_inline_auto\" id=\"style-css-av-av_heading-71f1471175e9712cb35d2dd5fc56bde3\">\n#top .av-special-heading.av-av_heading-71f1471175e9712cb35d2dd5fc56bde3{\npadding-bottom:10px;\n}\nbody .av-special-heading.av-av_heading-71f1471175e9712cb35d2dd5fc56bde3 .av-special-heading-tag .heading-char{\nfont-size:25px;\n}\n.av-special-heading.av-av_heading-71f1471175e9712cb35d2dd5fc56bde3 .av-subheading{\nfont-size:15px;\n}\n<\/style>\n<div  class='av-special-heading av-av_heading-71f1471175e9712cb35d2dd5fc56bde3 av-special-heading-h1 blockquote modern-quote  avia-builder-el-5  el_before_av_button_big  avia-builder-el-no-sibling  av-small-hide av-mini-hide'><h1 class='av-special-heading-tag '  itemprop=\"headline\"  >USA Medical<\/h1><div class=\"special-heading-border\"><div class=\"special-heading-inner-border\"><\/div><\/div><\/div><br \/>\n<div  class='avia-button-wrap avia-button-center  avia-builder-el-6  el_after_av_heading  el_before_av_hr '>\n<style type=\"text\/css\" data-created_by=\"avia_inline_auto\" id=\"style-css-av-kam3bxck-70acecb82727e76811814079db9fafa2\">\n#top #wrap_all .avia-button.av-kam3bxck-70acecb82727e76811814079db9fafa2{\ncolor:#ffffff;\ntransition:all 0.4s ease-in-out;\n}\n#top #wrap_all .avia-button.av-kam3bxck-70acecb82727e76811814079db9fafa2:hover{\ncolor:#ffffff;\ntransition:all 0.4s ease-in-out;\n}\n<\/style>\n<a href='https:\/\/usamedical.com\/se\/butik\/' class='avia-color-theme-color avia-button avia-button-fullwidth av-kam3bxck-70acecb82727e76811814079db9fafa2 avia-icon_select-yes-left-icon avia-color-theme-color'   aria-label=\"K\u00f6p dina produkter h\u00e4r\"><span class='avia_button_icon avia_button_icon_left' aria-hidden='true' data-av_icon='\ue859' data-av_iconfont='entypo-fontello'><\/span><span class='avia_iconbox_title' >K\u00f6p dina produkter h\u00e4r<\/span><span class='avia_button_background avia-button avia-button-fullwidth avia-color-theme-color'><\/span><\/a><\/div><br \/>\n\n<style type=\"text\/css\" data-created_by=\"avia_inline_auto\" id=\"style-css-av-xuom-8f1f7f4765149ea07e080bba186c1290\">\n#top .hr.hr-invisible.av-xuom-8f1f7f4765149ea07e080bba186c1290{\nheight:25px;\n}\n<\/style>\n<div  class='hr av-xuom-8f1f7f4765149ea07e080bba186c1290 hr-invisible  avia-builder-el-7  el_after_av_button_big  el_before_av_textblock  avia-builder-el-first '><span class='hr-inner '><span class=\"hr-inner-style\"><\/span><\/span><\/div><br \/>\n<section  class='av_textblock_section av-k3vbf0w2-7c2fd4fbc951748e8d517d2db6aa1acb '   itemscope=\"itemscope\" itemtype=\"https:\/\/schema.org\/CreativeWork\" ><div class='avia_textblock'  itemprop=\"text\" ><div class=\"CBDConentBoxSubTitle FontSemibold\">\n<p>V\u00c4LJ PREMIUMKVALITET OCH UPPT\u00c4CK SKILLNADEN!<\/p>\n<p>USA Medicals hampa-olja \u00e4r nu en av Europas mest eftertraktade CBD-produkt. Dess excellens och popularitet bekr\u00e4ftas av m\u00e5nga anv\u00e4ndare och antalet \u00e5terkommande kunder.<\/p>\n<p>V\u00e5ra CBD-produkter kommer fr\u00e5n USA, d\u00e4r Folium Biosciences, \u00e4r en av v\u00e4rldens st\u00f6rsta CBD-producent. Tillverkningen sker av hampa som odlas i det fria med toppmodern teknik. I enlighet med Ungersk lag bekr\u00e4ftas dessa bredspektrumspreparat inneh\u00e5llande 0,0% THC, deras renhet och inneh\u00e5ll av aktiv ingrediens genom laboratorietest resultat.<\/p>\n<p>En av de st\u00f6rsta v\u00e4rdena f\u00f6r v\u00e5ra CBD-produkter ligger i ingredienserna: f\u00f6rutom CBD, kan vi ocks\u00e5 hitta spektrum av andra fyto cannabinoider, terpener, flavonoider och fettsyror. De inneh\u00e5ller alla synergistiska f\u00f6reningar som \u00e4r ansvariga f\u00f6r den s\u00e5 kallade positiva effekten.<\/p>\n<\/div>\n<\/div><\/section><\/p><\/div><\/div><\/div><\/div><!-- close content main div --><\/div><\/div><div id='mobile_heading'  class='avia-section av-k3y7mzen-50de63b6807e45304c18c1b6ef56d5fb main_color avia-section-no-padding avia-no-border-styling  avia-builder-el-9  el_after_av_section  el_before_av_section  av-desktop-hide av-medium-hide avia-bg-style-scroll container_wrap sidebar_right'  ><div class='container av-section-cont-open' ><div class='template-page content  av-content-small alpha units'><div class='post-entry post-entry-type-page post-entry-14'><div class='entry-content-wrapper clearfix'>\n\n<style type=\"text\/css\" data-created_by=\"avia_inline_auto\" id=\"style-css-av-q7gc-eb026e675692b79fdb178c0000b15e40\">\n#top .av-special-heading.av-q7gc-eb026e675692b79fdb178c0000b15e40{\npadding-bottom:10px;\n}\nbody .av-special-heading.av-q7gc-eb026e675692b79fdb178c0000b15e40 .av-special-heading-tag .heading-char{\nfont-size:25px;\n}\n.av-special-heading.av-q7gc-eb026e675692b79fdb178c0000b15e40 .av-subheading{\nfont-size:15px;\n}\n<\/style>\n<div  class='av-special-heading av-q7gc-eb026e675692b79fdb178c0000b15e40 av-special-heading-h1 blockquote modern-quote  avia-builder-el-10  avia-builder-el-no-sibling '><h1 class='av-special-heading-tag '  itemprop=\"headline\"  >Vad \u00e4r CBD?<\/h1><div class=\"special-heading-border\"><div class=\"special-heading-inner-border\"><\/div><\/div><\/div>\n<\/p>\n<\/div><\/div><\/div><!-- close content main div --><\/div><\/div>\n<style type=\"text\/css\" data-created_by=\"avia_inline_auto\" id=\"style-css-av-k3vbd6vr-521a11eaebe276de986ca99b285db71e\">\n.avia-section.av-k3vbd6vr-521a11eaebe276de986ca99b285db71e{\nbackground-repeat:no-repeat;\nbackground-image:url(https:\/\/usamedical.com\/se\/wp-content\/uploads\/2019\/12\/CBD.jpeg);\nbackground-position:0% 0%;\nbackground-attachment:scroll;\n}\n<\/style>\n<div id='v_cbd-sub_page'  class='avia-section av-k3vbd6vr-521a11eaebe276de986ca99b285db71e main_color avia-section-default avia-no-border-styling  avia-builder-el-11  el_after_av_section  el_before_av_section  avia-bg-style-scroll container_wrap sidebar_right'  data-section-bg-repeat='no-repeat'><div class='container av-section-cont-open' ><div class='template-page content  av-content-small alpha units'><div class='post-entry post-entry-type-page post-entry-14'><div class='entry-content-wrapper clearfix'>\n\n<style type=\"text\/css\" data-created_by=\"avia_inline_auto\" id=\"style-css-av-2d7dg-0bfbc6606a673ade20ef80c7b5fd6b64\">\n.flex_column.av-2d7dg-0bfbc6606a673ade20ef80c7b5fd6b64{\nborder-radius:0px 0px 0px 0px;\npadding:0px 0px 0px 0px;\n}\n<\/style>\n<div  class='flex_column av-2d7dg-0bfbc6606a673ade20ef80c7b5fd6b64 av_one_half  avia-builder-el-12  el_before_av_one_half  avia-builder-el-first  first flex_column_div av-zero-column-padding  '     ><\/div>\n<style type=\"text\/css\" data-created_by=\"avia_inline_auto\" id=\"style-css-av-2m0ck-d9fe0f8bdb70fbe8ccadd7e5070036fa\">\n.flex_column.av-2m0ck-d9fe0f8bdb70fbe8ccadd7e5070036fa{\nborder-radius:0px 0px 0px 0px;\npadding:0px 0px 0px 0px;\n}\n<\/style>\n<div  class='flex_column av-2m0ck-d9fe0f8bdb70fbe8ccadd7e5070036fa av_one_half  avia-builder-el-13  el_after_av_one_half  avia-builder-el-last  flex_column_div av-zero-column-padding  '     ><p><section  class='av_textblock_section av-1jboe-8ea1ac40293b3d65db3b65fe684a055c '   itemscope=\"itemscope\" itemtype=\"https:\/\/schema.org\/CreativeWork\" ><div class='avia_textblock'  itemprop=\"text\" ><\/div><\/section><br \/>\n<section  class='av_textblock_section av-k3vbf0w2-7c2fd4fbc951748e8d517d2db6aa1acb '   itemscope=\"itemscope\" itemtype=\"https:\/\/schema.org\/CreativeWork\" ><div class='avia_textblock'  itemprop=\"text\" ><p>CBD \u00e4r en icke-psykoaktiv cannabinoid som huvudsakligen finns i hampans blommor. CBD inneh\u00e5ller inget THC, d\u00e4rf\u00f6r \u00e4r \u00e4mnet ingen drog.<\/p>\n<\/div><\/section><br \/>\n<section  class='av_textblock_section av-ojqa-769262f814fedb10bdb4aa5f60ea8f7a '   itemscope=\"itemscope\" itemtype=\"https:\/\/schema.org\/CreativeWork\" ><div class='avia_textblock'  itemprop=\"text\" ><\/div><\/section><\/p><\/div>\n\n<\/div><\/div><\/div><!-- close content main div --><\/div><\/div><div id='mobile_heading'  class='avia-section av-k3y7mzen-50de63b6807e45304c18c1b6ef56d5fb main_color avia-section-no-padding avia-no-border-styling  avia-builder-el-17  el_after_av_section  el_before_av_section  av-desktop-hide av-medium-hide avia-bg-style-scroll container_wrap sidebar_right'  ><div class='container av-section-cont-open' ><div class='template-page content  av-content-small alpha units'><div class='post-entry post-entry-type-page post-entry-14'><div class='entry-content-wrapper clearfix'>\n<\/div><\/div><\/div><!-- close content main div --><\/div><\/div>\n<style type=\"text\/css\" data-created_by=\"avia_inline_auto\" id=\"style-css-av-k3vbd6vr-6c7a1148b6b0a456246fd3ba2cb2deb9\">\n.avia-section.av-k3vbd6vr-6c7a1148b6b0a456246fd3ba2cb2deb9{\nbackground-repeat:no-repeat;\nbackground-image:url(https:\/\/usamedical.com\/se\/wp-content\/uploads\/2019\/12\/la_cbd.jpeg);\nbackground-position:50% 50%;\nbackground-attachment:scroll;\n}\n<\/style>\n<div id='l_cbd'  class='avia-section av-k3vbd6vr-6c7a1148b6b0a456246fd3ba2cb2deb9 main_color avia-section-default avia-no-border-styling  avia-builder-el-18  el_after_av_section  el_before_av_section  avia-bg-style-scroll container_wrap sidebar_right'  data-section-bg-repeat='no-repeat'><div class='container av-section-cont-open' ><div class='template-page content  av-content-small alpha units'><div class='post-entry post-entry-type-page post-entry-14'><div class='entry-content-wrapper clearfix'>\n\n<style type=\"text\/css\" data-created_by=\"avia_inline_auto\" id=\"style-css-av-ue84-ef843293d5a00ad02b70ed226021ca6e\">\n.flex_column.av-ue84-ef843293d5a00ad02b70ed226021ca6e{\nborder-radius:0px 0px 0px 0px;\npadding:0px 0px 0px 0px;\n}\n<\/style>\n<div  class='flex_column av-ue84-ef843293d5a00ad02b70ed226021ca6e av_one_half  avia-builder-el-19  el_before_av_one_half  avia-builder-el-first  first flex_column_div av-zero-column-padding  '     ><p><section  class='av_textblock_section av-k3vbf0w2-7c2fd4fbc951748e8d517d2db6aa1acb '   itemscope=\"itemscope\" itemtype=\"https:\/\/schema.org\/CreativeWork\" ><div class='avia_textblock'  itemprop=\"text\" ><p>USA Medicals CBD-produkter (b\u00e5de kosttillskott och kosmetikor) \u00e4r 100% rena och THC-fria, vilket garanteras av labbexperiment som utf\u00f6rts av en tredje part. Du kan vara f\u00f6rvissad om att USA Medicals produkter \u00e4r drogfria, ekologiska och s\u00e4kra.<\/p>\n<\/div><\/section><br \/>\n<section  class='av_textblock_section av-ojqa-769262f814fedb10bdb4aa5f60ea8f7a '   itemscope=\"itemscope\" itemtype=\"https:\/\/schema.org\/CreativeWork\" ><div class='avia_textblock'  itemprop=\"text\" ><\/div><\/section><\/p><\/div>\n<style type=\"text\/css\" data-created_by=\"avia_inline_auto\" id=\"style-css-av-1kfc8-beed9472ab8ecd06a0c318c78f284dbd\">\n.flex_column.av-1kfc8-beed9472ab8ecd06a0c318c78f284dbd{\nborder-radius:0px 0px 0px 0px;\npadding:0px 0px 0px 0px;\n}\n<\/style>\n<div  class='flex_column av-1kfc8-beed9472ab8ecd06a0c318c78f284dbd av_one_half  avia-builder-el-22  el_after_av_one_half  avia-builder-el-last  flex_column_div av-zero-column-padding  '     ><\/div>\n\n<\/div><\/div><\/div><!-- close content main div --><\/div><\/div>\n<style type=\"text\/css\" data-created_by=\"avia_inline_auto\" id=\"style-css-av-k3sfh8es-b1557177fd8a0c90670df57a27e76f4c\">\n.avia-section.av-k3sfh8es-b1557177fd8a0c90670df57a27e76f4c{\nbackground-repeat:no-repeat;\nbackground-image:url(https:\/\/usamedical.com\/se\/wp-content\/uploads\/2019\/12\/about_medical.jpeg);\nbackground-position:0% 0%;\nbackground-attachment:scroll;\n}\n<\/style>\n<div id='abbout_usmediacla'  class='avia-section av-k3sfh8es-b1557177fd8a0c90670df57a27e76f4c main_color avia-section-default avia-no-border-styling  avia-builder-el-23  el_after_av_section  el_before_av_slideshow_full  avia-bg-style-scroll container_wrap sidebar_right'  data-section-bg-repeat='no-repeat'><div class='container av-section-cont-open' ><div class='template-page content  av-content-small alpha units'><div class='post-entry post-entry-type-page post-entry-14'><div class='entry-content-wrapper clearfix'>\n\n<style type=\"text\/css\" data-created_by=\"avia_inline_auto\" id=\"style-css-av-y1xn-a5188bf41487eba95124416ff4963333\">\n.flex_column.av-y1xn-a5188bf41487eba95124416ff4963333{\nborder-radius:0px 0px 0px 0px;\npadding:0px 0px 0px 0px;\n}\n<\/style>\n<div  class='flex_column av-y1xn-a5188bf41487eba95124416ff4963333 av_two_fifth  avia-builder-el-24  avia-builder-el-no-sibling  first flex_column_div av-zero-column-padding  '     ><p>\n<style type=\"text\/css\" data-created_by=\"avia_inline_auto\" id=\"style-css-av-k3sfiomp-bb19cc3882bd33299904f5df94e0a818\">\n.avia-image-container.av-k3sfiomp-bb19cc3882bd33299904f5df94e0a818 img.avia_image{\nbox-shadow:none;\n}\n.avia-image-container.av-k3sfiomp-bb19cc3882bd33299904f5df94e0a818 .av-image-caption-overlay-center{\ncolor:#ffffff;\n}\n<\/style>\n<div  class='avia-image-container av-k3sfiomp-bb19cc3882bd33299904f5df94e0a818 av-styling- avia-align-left  avia-builder-el-25  el_before_av_textblock  avia-builder-el-first '   itemprop=\"image\" itemscope=\"itemscope\" itemtype=\"https:\/\/schema.org\/ImageObject\" ><div class=\"avia-image-container-inner\"><div class=\"avia-image-overlay-wrap\"><img fetchpriority=\"high\" class='wp-image-31 avia-img-lazy-loading-not-31 avia_image ' src='https:\/\/usamedical.com\/se\/wp-content\/uploads\/2019\/12\/logokicsi.png' alt='' title='logokicsi'  height=\"71\" width=\"133\"  itemprop=\"thumbnailUrl\"  \/><\/div><\/div><\/div><br \/>\n<section  class='av_textblock_section av-k3sfihea-6f82583e00b992009df5feef9d5c4534 '   itemscope=\"itemscope\" itemtype=\"https:\/\/schema.org\/CreativeWork\" ><div class='avia_textblock'  itemprop=\"text\" ><p>V\u00e5ra produkter f\u00e5r endast administreras och anv\u00e4ndas enligt anvisningarna p\u00e5 etiketten. Anv\u00e4nd inte om du \u00e4r gravid eller ammar. R\u00e5dfr\u00e5ga din l\u00e4kare f\u00f6re anv\u00e4ndning om du har en allvarlig sjukdom eller anv\u00e4nder receptbelagda l\u00e4kemedel. Denna produkt \u00e4r inte avsedd att diagnostisera, behandla, bota eller f\u00f6rebygga en sjukdom. Genom att anv\u00e4nda denna webbplats godk\u00e4nner du sekretesspolicyn och de allm\u00e4nna kontraktsvillkoren som finns p\u00e5 webbplatsen.<\/p>\n<\/div><\/section><\/p><\/div>\n\n<\/div><\/div><\/div><!-- close content main div --><\/div><\/div><div id='full_slider_1'  class='avia-fullwidth-slider main_color avia-shadow   avia-builder-el-27  el_after_av_section  el_before_av_slideshow_full   slider-not-first container_wrap sidebar_right'  ><\/div>\n<div id='full_slider_2'  class='avia-fullwidth-slider main_color avia-shadow   avia-builder-el-28  el_after_av_slideshow_full  avia-builder-el-last   slider-not-first container_wrap sidebar_right'  ><\/div>\n","protected":false},"excerpt":{"rendered":"","protected":false},"author":4,"featured_media":0,"parent":0,"menu_order":0,"comment_status":"closed","ping_status":"closed","template":"","meta":{"footnotes":""},"class_list":["post-14","page","type-page","status-publish","hentry"],"acf":[],"yoast_head":"<!-- This site is optimized with the Yoast SEO plugin v23.2 - https:\/\/yoast.com\/wordpress\/plugins\/seo\/ -->\n<title>OM OSS - USA Medical<\/title>\n<meta name=\"robots\" content=\"index, follow, max-snippet:-1, max-image-preview:large, max-video-preview:-1\" \/>\n<link rel=\"canonical\" href=\"https:\/\/usamedical.com\/se\/om-oss\/\" \/>\n<meta property=\"og:locale\" content=\"sv_SE\" \/>\n<meta property=\"og:type\" content=\"article\" \/>\n<meta property=\"og:title\" content=\"OM OSS - USA Medical\" \/>\n<meta property=\"og:url\" content=\"https:\/\/usamedical.com\/se\/om-oss\/\" \/>\n<meta property=\"og:site_name\" content=\"USA Medical\" \/>\n<meta property=\"article:modified_time\" content=\"2021-04-26T17:30:56+00:00\" \/>\n<meta name=\"twitter:card\" content=\"summary_large_image\" \/>\n<meta name=\"twitter:label1\" content=\"Ber\u00e4knad l\u00e4stid\" \/>\n\t<meta name=\"twitter:data1\" content=\"14 minuter\" \/>\n<script type=\"application\/ld+json\" class=\"yoast-schema-graph\">{\"@context\":\"https:\/\/schema.org\",\"@graph\":[{\"@type\":\"WebPage\",\"@id\":\"https:\/\/usamedical.com\/se\/om-oss\/\",\"url\":\"https:\/\/usamedical.com\/se\/om-oss\/\",\"name\":\"OM OSS - USA Medical\",\"isPartOf\":{\"@id\":\"https:\/\/usamedical.com\/se\/#website\"},\"datePublished\":\"2019-12-04T12:35:01+00:00\",\"dateModified\":\"2021-04-26T17:30:56+00:00\",\"breadcrumb\":{\"@id\":\"https:\/\/usamedical.com\/se\/om-oss\/#breadcrumb\"},\"inLanguage\":\"sv-SE\",\"potentialAction\":[{\"@type\":\"ReadAction\",\"target\":[\"https:\/\/usamedical.com\/se\/om-oss\/\"]}]},{\"@type\":\"BreadcrumbList\",\"@id\":\"https:\/\/usamedical.com\/se\/om-oss\/#breadcrumb\",\"itemListElement\":[{\"@type\":\"ListItem\",\"position\":1,\"name\":\"Hem\",\"item\":\"https:\/\/usamedical.com\/se\/hem\/\"},{\"@type\":\"ListItem\",\"position\":2,\"name\":\"OM OSS\"}]},{\"@type\":\"WebSite\",\"@id\":\"https:\/\/usamedical.com\/se\/#website\",\"url\":\"https:\/\/usamedical.com\/se\/\",\"name\":\"USA Medical\",\"description\":\"H\u00f6gkvalitativ cannabisolja och kapslar. 100% naturlig, drogfri, testad\",\"potentialAction\":[{\"@type\":\"SearchAction\",\"target\":{\"@type\":\"EntryPoint\",\"urlTemplate\":\"https:\/\/usamedical.com\/se\/?s={search_term_string}\"},\"query-input\":\"required name=search_term_string\"}],\"inLanguage\":\"sv-SE\"}]}<\/script>\n<!-- \/ Yoast SEO plugin. -->","yoast_head_json":{"title":"OM OSS - USA Medical","robots":{"index":"index","follow":"follow","max-snippet":"max-snippet:-1","max-image-preview":"max-image-preview:large","max-video-preview":"max-video-preview:-1"},"canonical":"https:\/\/usamedical.com\/se\/om-oss\/","og_locale":"sv_SE","og_type":"article","og_title":"OM OSS - USA Medical","og_url":"https:\/\/usamedical.com\/se\/om-oss\/","og_site_name":"USA Medical","article_modified_time":"2021-04-26T17:30:56+00:00","twitter_card":"summary_large_image","twitter_misc":{"Ber\u00e4knad l\u00e4stid":"14 minuter"},"schema":{"@context":"https:\/\/schema.org","@graph":[{"@type":"WebPage","@id":"https:\/\/usamedical.com\/se\/om-oss\/","url":"https:\/\/usamedical.com\/se\/om-oss\/","name":"OM OSS - USA Medical","isPartOf":{"@id":"https:\/\/usamedical.com\/se\/#website"},"datePublished":"2019-12-04T12:35:01+00:00","dateModified":"2021-04-26T17:30:56+00:00","breadcrumb":{"@id":"https:\/\/usamedical.com\/se\/om-oss\/#breadcrumb"},"inLanguage":"sv-SE","potentialAction":[{"@type":"ReadAction","target":["https:\/\/usamedical.com\/se\/om-oss\/"]}]},{"@type":"BreadcrumbList","@id":"https:\/\/usamedical.com\/se\/om-oss\/#breadcrumb","itemListElement":[{"@type":"ListItem","position":1,"name":"Hem","item":"https:\/\/usamedical.com\/se\/hem\/"},{"@type":"ListItem","position":2,"name":"OM OSS"}]},{"@type":"WebSite","@id":"https:\/\/usamedical.com\/se\/#website","url":"https:\/\/usamedical.com\/se\/","name":"USA Medical","description":"H\u00f6gkvalitativ cannabisolja och kapslar. 100% naturlig, drogfri, testad","potentialAction":[{"@type":"SearchAction","target":{"@type":"EntryPoint","urlTemplate":"https:\/\/usamedical.com\/se\/?s={search_term_string}"},"query-input":"required name=search_term_string"}],"inLanguage":"sv-SE"}]}},"_links":{"self":[{"href":"https:\/\/usamedical.com\/se\/wp-json\/wp\/v2\/pages\/14"}],"collection":[{"href":"https:\/\/usamedical.com\/se\/wp-json\/wp\/v2\/pages"}],"about":[{"href":"https:\/\/usamedical.com\/se\/wp-json\/wp\/v2\/types\/page"}],"author":[{"embeddable":true,"href":"https:\/\/usamedical.com\/se\/wp-json\/wp\/v2\/users\/4"}],"replies":[{"embeddable":true,"href":"https:\/\/usamedical.com\/se\/wp-json\/wp\/v2\/comments?post=14"}],"version-history":[{"count":32,"href":"https:\/\/usamedical.com\/se\/wp-json\/wp\/v2\/pages\/14\/revisions"}],"predecessor-version":[{"id":2979,"href":"https:\/\/usamedical.com\/se\/wp-json\/wp\/v2\/pages\/14\/revisions\/2979"}],"wp:attachment":[{"href":"https:\/\/usamedical.com\/se\/wp-json\/wp\/v2\/media?parent=14"}],"curies":[{"name":"wp","href":"https:\/\/api.w.org\/{rel}","templated":true}]}}