{"id":11,"date":"2019-12-04T13:34:33","date_gmt":"2019-12-04T12:34:33","guid":{"rendered":"https:\/\/usamedical.com\/se\/?page_id=11"},"modified":"2025-11-14T21:41:09","modified_gmt":"2025-11-14T20:41:09","slug":"hem","status":"publish","type":"page","link":"https:\/\/usamedical.com\/se\/","title":{"rendered":"Best\u00e4ll CBD Olja online | K\u00f6p \u2013 100% naturlig, drogfri, testad"},"content":{"rendered":"<div id='full_slider_1'  class='avia-fullwidth-slider main_color avia-shadow av-small-hide av-mini-hide  avia-builder-el-0  el_before_av_slideshow_full  avia-builder-el-first   avia-full-stretch container_wrap sidebar_right' style='background-repeat: no-repeat; background-image: url(https:\/\/usamedical.com\/se\/wp-content\/uploads\/2021\/05\/USMED_slider_1920_007.jpg); background-attachment: scroll; background-position: top center;'  ><div  class='avia-slideshow av-k3tqo22e-092e66875020805cc222bdd1684f3931 avia-slideshow-no scaling av_slideshow_full avia-slide-slider av-small-hide av-mini-hide av-slideshow-ui av-control-default av-slideshow-manual av-loop-once av-loop-manual-endless av-default-height-applied  image_no_stretch avia-slideshow-1' data-slideshow-options=\"{&quot;animation&quot;:&quot;slide&quot;,&quot;autoplay&quot;:false,&quot;loop_autoplay&quot;:&quot;once&quot;,&quot;interval&quot;:5,&quot;loop_manual&quot;:&quot;manual-endless&quot;,&quot;autoplay_stopper&quot;:false,&quot;noNavigation&quot;:false,&quot;bg_slider&quot;:false,&quot;keep_padding&quot;:false,&quot;hoverpause&quot;:false,&quot;show_slide_delay&quot;:0}\"  itemprop=\"image\" itemscope=\"itemscope\" itemtype=\"https:\/\/schema.org\/ImageObject\" ><ul class='avia-slideshow-inner ' style='padding-bottom: 61.529411764706%;'><li  class='avia-slideshow-slide av-k3tqo22e-092e66875020805cc222bdd1684f3931__0  av-single-slide slide-1 slide-odd'><div data-rel='slideshow-1' class='avia-slide-wrap '   ><div class='av-slideshow-caption av-k3tqo22e-092e66875020805cc222bdd1684f3931__0 caption_fullwidth caption_left'><div class=\"container caption_container\"><div class=\"slideshow_caption\"><div class=\"slideshow_inner_caption\"><div class=\"slideshow_align_caption\"><div class='avia-caption-content '  itemprop=\"description\" ><div class=\"slide_des\">\n<h1>USA MEDICAL<\/h1>\n<div>\n<p>Premiumkvalitet till ett \u00f6verkomligt pris.<br \/>\nH\u00f6g renhet, bredspektrum (0,0% THC) hampextrakt fr\u00e5n USA<\/p>\n<\/div>\n<\/div>\n<\/div><a href='\/se\/butik\/'  class='avia-slideshow-button avia-button avia-color-theme-color ' data-duration='800' data-easing='easeInOutQuad'>CBD WEBBUTIK<\/a><\/div><\/div><\/div><\/div><\/div><img fetchpriority=\"high\" class=\"wp-image-3669 avia-img-lazy-loading-not-3669\"  src='https:\/\/usamedical.com\/se\/wp-content\/uploads\/2022\/02\/3-termek-pipetta_850x523.png' width='850' height='523' title='3-termek-pipetta_850x523' alt=''  itemprop=\"thumbnailUrl\"   \/><\/div><\/li><\/ul><\/div><\/div>\n<div id='full_slider_2'  class='avia-fullwidth-slider main_color avia-shadow av-desktop-hide av-medium-hide  avia-builder-el-1  el_after_av_slideshow_full  el_before_av_layout_row   avia-full-stretch slider-not-first container_wrap sidebar_right' style='background-repeat: no-repeat; background-image: url(https:\/\/usamedical.com\/se\/wp-content\/uploads\/2021\/05\/USMED_slider_1920_007.jpg); background-attachment: scroll; background-position: top center;'  ><div  class='avia-slideshow av-k3tqo22e-1-e098ab435c9a3f335434c62545f1b96a avia-slideshow-no scaling av_slideshow_full avia-slide-slider av-desktop-hide av-medium-hide av-slideshow-ui av-control-default av-slideshow-manual av-loop-once av-loop-manual-endless av-default-height-applied  image_no_stretch avia-slideshow-2' data-slideshow-options=\"{&quot;animation&quot;:&quot;slide&quot;,&quot;autoplay&quot;:false,&quot;loop_autoplay&quot;:&quot;once&quot;,&quot;interval&quot;:5,&quot;loop_manual&quot;:&quot;manual-endless&quot;,&quot;autoplay_stopper&quot;:false,&quot;noNavigation&quot;:false,&quot;bg_slider&quot;:false,&quot;keep_padding&quot;:false,&quot;hoverpause&quot;:false,&quot;show_slide_delay&quot;:0}\"  itemprop=\"image\" itemscope=\"itemscope\" itemtype=\"https:\/\/schema.org\/ImageObject\" ><ul class='avia-slideshow-inner ' style='padding-bottom: 100%;'><li  class='avia-slideshow-slide av-k3tqo22e-1-e098ab435c9a3f335434c62545f1b96a__0  av-single-slide slide-1 slide-odd'><div data-rel='slideshow-2' class='avia-slide-wrap '   ><img fetchpriority=\"high\" class=\"wp-image-3663 avia-img-lazy-loading-not-3663\"  src='https:\/\/usamedical.com\/se\/wp-content\/uploads\/2022\/02\/3-termek-pipetta.png' width='600' height='600' title='3-termek-pipetta' alt=''  itemprop=\"thumbnailUrl\"   \/><\/div><\/li><\/ul><div class='av-slideshow-caption av-k3tqo22e-1-e098ab435c9a3f335434c62545f1b96a__0 caption_fullwidth caption_center caption_center_framed caption_framed'><div class=\"container caption_container\"><div class=\"slideshow_caption\"><div class=\"slideshow_inner_caption\"><div class=\"slideshow_align_caption\"><div class='avia-caption-content '  itemprop=\"description\" ><div class=\"slide_des mobilon\">\n<h1>USA MEDICAL<\/h1>\n<div>\n<p>Premiumkvalitet till ett \u00f6verkomligt pris<br \/>\nH\u00f6g renhet, bredspektrum (0,0% THC) hampextrakt fr\u00e5n USA<\/p>\n<\/div>\n<\/div>\n<\/div><a href='\/butik\/'  class='avia-slideshow-button avia-button avia-color-theme-color ' data-duration='800' data-easing='easeInOutQuad'>CBD WEBBUTIK<\/a><\/div><\/div><\/div><\/div><\/div><\/div><\/div>\n<div id='category-menu'  class='av-layout-grid-container av-1vhen-f18d6443ac236af3f2bd4cb5a64c48fa entry-content-wrapper main_color av-flex-cells  avia-builder-el-2  el_after_av_slideshow_full  el_before_av_section  grid-row-not-first  container_wrap sidebar_right'  >\n\n<style type=\"text\/css\" data-created_by=\"avia_inline_auto\" id=\"style-css-av-1ccd3-d3fb9353f00100c45b53ce5cd07e2b4d\">\n.flex_cell.av-1ccd3-d3fb9353f00100c45b53ce5cd07e2b4d{\nvertical-align:middle;\nbackground-color:#01aef0;\n}\n.responsive #top #wrap_all .flex_cell.av-1ccd3-d3fb9353f00100c45b53ce5cd07e2b4d{\npadding:10px 10px 10px 10px !important;\n}\n<\/style>\n<div class='flex_cell av-1ccd3-d3fb9353f00100c45b53ce5cd07e2b4d av-gridrow-cell av_one_full no_margin  avia-builder-el-3  avia-builder-el-no-sibling '  ><div class='flex_cell_inner'><div  class='avia-builder-widget-area clearfix  avia-builder-el-4  avia-builder-el-no-sibling '><div id=\"nav_menu-3\" class=\"widget clearfix widget_nav_menu\"><div class=\"menu-product-category-container\"><ul id=\"menu-product-category\" class=\"menu\"><li id=\"menu-item-1689\" class=\"menu-item menu-item-type-taxonomy menu-item-object-product_cat menu-item-1689\"><a href=\"https:\/\/usamedical.com\/se\/produkt-kategori\/cbd-olja\/\">CBD Olja<\/a><\/li>\n<li id=\"menu-item-1982\" class=\"menu-item menu-item-type-taxonomy menu-item-object-product_cat menu-item-1982\"><a href=\"https:\/\/usamedical.com\/se\/produkt-kategori\/formanliga-paketerbjudanden\/\">CBD olja rea &#8211; Paketerbjudanden<\/a><\/li>\n<li id=\"menu-item-1690\" class=\"menu-item menu-item-type-taxonomy menu-item-object-product_cat menu-item-1690\"><a href=\"https:\/\/usamedical.com\/se\/produkt-kategori\/cbd-for-djur\/\">CBD f\u00f6r djur<\/a><\/li>\n<li id=\"menu-item-1700\" class=\"menu-item menu-item-type-taxonomy menu-item-object-product_cat menu-item-1700\"><a href=\"https:\/\/usamedical.com\/se\/produkt-kategori\/kosttillskott\/\">Kosttillskott<\/a><\/li>\n<\/ul><\/div><\/div><\/div>\n<\/div><\/div>\n<\/div>\n<div id='product_listing'  class='avia-section av-k4ntpay1-78ceb28910fffef28d4747edd8b6f5ae main_color avia-section-default avia-no-border-styling  avia-builder-el-5  el_after_av_layout_row  el_before_av_section  avia-bg-style-scroll container_wrap sidebar_right'  ><div class='container av-section-cont-open' ><div class='template-page content  av-content-small alpha units'><div class='post-entry post-entry-type-page post-entry-11'><div class='entry-content-wrapper clearfix'>\n\n<style type=\"text\/css\" data-created_by=\"avia_inline_auto\" id=\"style-css-av-xzgr-365c41d6252e8038deade3ff12c86a87\">\n#top .av-special-heading.av-xzgr-365c41d6252e8038deade3ff12c86a87{\npadding-bottom:10px;\n}\nbody .av-special-heading.av-xzgr-365c41d6252e8038deade3ff12c86a87 .av-special-heading-tag .heading-char{\nfont-size:25px;\n}\n.av-special-heading.av-xzgr-365c41d6252e8038deade3ff12c86a87 .av-subheading{\nfont-size:15px;\n}\n<\/style>\n<div  class='av-special-heading av-xzgr-365c41d6252e8038deade3ff12c86a87 av-special-heading-h2 blockquote modern-quote modern-centered  avia-builder-el-6  el_before_av_productgrid  avia-builder-el-first '><h2 class='av-special-heading-tag '  itemprop=\"headline\"  >B\u00e4sta CBD oljan och exklusiva CBD produkter med de b\u00e4sta priserna<\/h2><div class=\"special-heading-border\"><div class=\"special-heading-inner-border\"><\/div><\/div><\/div>\n<div  class='avia-product-slider-container av-lgvuaanq-ab4f2ec650e011ed2f95da82ebe6fe53 template-shop avia-content-slider avia-content-grid-active shop_columns_4  avia-builder-el-7  el_after_av_heading  avia-builder-el-last  avia-content-slider-even  avia-builder-el-7  el_after_av_heading  avia-builder-el-last  av-slideshow-ui av-slider-hover-pause av-slideshow-manual av-loop-once av-loop-manual-endless avia-product-slider1' data-slideshow-options=\"{&quot;animation&quot;:&quot;fade&quot;,&quot;autoplay&quot;:false,&quot;loop_autoplay&quot;:&quot;once&quot;,&quot;interval&quot;:5,&quot;loop_manual&quot;:&quot;manual-endless&quot;,&quot;autoplay_stopper&quot;:false,&quot;noNavigation&quot;:false,&quot;bg_slider&quot;:false,&quot;keep_padding&quot;:false,&quot;hoverpause&quot;:true,&quot;show_slide_delay&quot;:0}\"><div class=\"product-sorting\"><ul class=\"sort-param sort-param-order\"><li><span class='currently-selected'>Sortera utifr\u00e5n <strong>Default<\/strong><\/span><ul><li class=\"current-param\"><a href='?avia_extended_shop_select=yes&product_order=default' rel=\"nofollow\"><span class='avia-bullet'><\/span>Default<\/a><\/li><li><a href='?avia_extended_shop_select=yes&product_order=menu_order' rel=\"nofollow\"><span class='avia-bullet'><\/span>Custom<\/a><\/li><li><a href='?avia_extended_shop_select=yes&product_order=title' rel=\"nofollow\"><span class='avia-bullet'><\/span>Namn<\/a><\/li><li><a href='?avia_extended_shop_select=yes&product_order=price' rel=\"nofollow\"><span class='avia-bullet'><\/span>Pris<\/a><\/li><li><a href='?avia_extended_shop_select=yes&product_order=date' rel=\"nofollow\"><span class='avia-bullet'><\/span>Datum<\/a><\/li><li><a href='?avia_extended_shop_select=yes&product_order=popularity' rel=\"nofollow\"><span class='avia-bullet'><\/span>Popularity (sales)<\/a><\/li><li><a href='?avia_extended_shop_select=yes&product_order=rating' rel=\"nofollow\"><span class='avia-bullet'><\/span>Average rating<\/a><\/li><li><a href='?avia_extended_shop_select=yes&product_order=relevance' rel=\"nofollow\"><span class='avia-bullet'><\/span>Relevance<\/a><\/li><li><a href='?avia_extended_shop_select=yes&product_order=rand' rel=\"nofollow\"><span class='avia-bullet'><\/span>Random<\/a><\/li><li><a href='?avia_extended_shop_select=yes&product_order=id' rel=\"nofollow\"><span class='avia-bullet'><\/span>Product ID<\/a><\/li><\/ul><\/li><\/ul><ul class='sort-param sort-param-count'><li><span class='currently-selected'>Visa <strong>10 Produkter per sida <\/strong><\/span><ul><li class=\"current-param\"><a href='?paged=1&avia_extended_shop_select=yes&product_count=10' rel=\"nofollow\">\t\t<span class='avia-bullet'><\/span>10 Produkter per sida<\/a><\/li><li><a href='?paged=1&avia_extended_shop_select=yes&product_count=20' rel=\"nofollow\">\t<span class='avia-bullet'><\/span>20 Produkter per sida<\/a><\/li><li><a href='?paged=1&avia_extended_shop_select=yes&product_count=30' rel=\"nofollow\">\t<span class='avia-bullet'><\/span>30 Produkter per sida<\/a><\/li><\/ul><\/li><\/ul><\/div><div class='avia-content-slider-inner'><ul class=\"products\"><li class=\"product type-product post-3156 status-publish first instock product_cat-formanliga-paketerbjudanden has-post-thumbnail featured taxable shipping-taxable purchasable product-type-simple\">\n\t<div class='inner_product main_color wrapped_style noLightbox  av-product-class-minimal'><a href=\"https:\/\/usamedical.com\/se\/produkt\/2-x-cbd-olja-30-ml-1000mg-fraktfritt\/\" class=\"woocommerce-LoopProduct-link woocommerce-loop-product__link\"><div class=\"thumbnail_container\"><img decoding=\"async\" loading=\"lazy\" width=\"300\" height=\"300\" src=\"https:\/\/usamedical.com\/se\/wp-content\/uploads\/2021\/06\/oral-cbd-orange-2x1000-1-300x300.jpg\" class=\"wp-image-3157 avia-img-lazy-loading-3157 attachment-shop_catalog size-shop_catalog wp-post-image\" alt=\"\" srcset=\"https:\/\/usamedical.com\/se\/wp-content\/uploads\/2021\/06\/oral-cbd-orange-2x1000-1-300x300.jpg 300w, https:\/\/usamedical.com\/se\/wp-content\/uploads\/2021\/06\/oral-cbd-orange-2x1000-1-80x80.jpg 80w, https:\/\/usamedical.com\/se\/wp-content\/uploads\/2021\/06\/oral-cbd-orange-2x1000-1-36x36.jpg 36w, https:\/\/usamedical.com\/se\/wp-content\/uploads\/2021\/06\/oral-cbd-orange-2x1000-1-180x180.jpg 180w, https:\/\/usamedical.com\/se\/wp-content\/uploads\/2021\/06\/oral-cbd-orange-2x1000-1-100x100.jpg 100w\" sizes=\"(max-width: 300px) 100vw, 300px\" \/><span class=\"cart-loading\"><\/span><\/div><div class='inner_product_header'><div class='avia-arrow'><\/div><div class='inner_product_header_table'><div class='inner_product_header_cell'><h2 class=\"woocommerce-loop-product__title\">2 x CBD olja 30 ml 1000mg Fraktfritt<\/h2>\n\t<span class=\"price\"><span class=\"woocommerce-Price-amount amount\"><bdi>990&nbsp;<span class=\"woocommerce-Price-currencySymbol\">&#107;&#114;<\/span><\/bdi><\/span><\/span>\n<\/div><\/div><\/div><\/a><\/div><\/li>\n<li class=\"product type-product post-2413 status-publish instock product_cat-formanliga-paketerbjudanden product_cat-cbd-olja has-post-thumbnail featured taxable shipping-taxable purchasable product-type-simple\">\n\t<div class='inner_product main_color wrapped_style noLightbox  av-product-class-minimal'><a href=\"https:\/\/usamedical.com\/se\/produkt\/3-x-cbd-olja-30-ml-500mg-fraktfritt\/\" class=\"woocommerce-LoopProduct-link woocommerce-loop-product__link\"><div class=\"thumbnail_container\"><img decoding=\"async\" loading=\"lazy\" width=\"300\" height=\"300\" src=\"https:\/\/usamedical.com\/se\/wp-content\/uploads\/2021\/01\/oral-cbd-orange-3x500-1-300x300.jpg\" class=\"wp-image-3128 avia-img-lazy-loading-3128 attachment-shop_catalog size-shop_catalog wp-post-image\" alt=\"\" srcset=\"https:\/\/usamedical.com\/se\/wp-content\/uploads\/2021\/01\/oral-cbd-orange-3x500-1-300x300.jpg 300w, https:\/\/usamedical.com\/se\/wp-content\/uploads\/2021\/01\/oral-cbd-orange-3x500-1-80x80.jpg 80w, https:\/\/usamedical.com\/se\/wp-content\/uploads\/2021\/01\/oral-cbd-orange-3x500-1-36x36.jpg 36w, https:\/\/usamedical.com\/se\/wp-content\/uploads\/2021\/01\/oral-cbd-orange-3x500-1-180x180.jpg 180w, https:\/\/usamedical.com\/se\/wp-content\/uploads\/2021\/01\/oral-cbd-orange-3x500-1-100x100.jpg 100w\" sizes=\"(max-width: 300px) 100vw, 300px\" \/><span class=\"cart-loading\"><\/span><\/div><div class='inner_product_header'><div class='avia-arrow'><\/div><div class='inner_product_header_table'><div class='inner_product_header_cell'><h2 class=\"woocommerce-loop-product__title\">3 x CBD olja 30 ml 500mg Fraktfritt<\/h2>\n\t<span class=\"price\"><span class=\"woocommerce-Price-amount amount\"><bdi>789&nbsp;<span class=\"woocommerce-Price-currencySymbol\">&#107;&#114;<\/span><\/bdi><\/span><\/span>\n<\/div><\/div><\/div><\/a><\/div><\/li>\n<\/ul><\/div><\/div><div class=\"clear\"><\/div>\n\n<\/div><\/div><\/div><!-- close content main div --><\/div><\/div>\n<style type=\"text\/css\" data-created_by=\"avia_inline_auto\" id=\"style-css-av-utkr-7a2de2aa6e45df4ece5b0ca41e3e3eca\">\n.avia-section.av-utkr-7a2de2aa6e45df4ece5b0ca41e3e3eca{\nbackground-color:#01aef0;\nbackground-image:unset;\n}\n<\/style>\n<div id='testimonial_block'  class='avia-section av-utkr-7a2de2aa6e45df4ece5b0ca41e3e3eca main_color avia-section-default avia-no-border-styling avia-bg-style-scroll container_wrap sidebar_right'  ><div class='container av-section-cont-open' ><div class='template-page content  av-content-small alpha units'><div class='post-entry post-entry-type-page post-entry-11'><div class='entry-content-wrapper clearfix'>\n\n<\/div><\/div><\/div><!-- close content main div --><\/div><\/div><div id='after_section_2'  class='main_color av_default_container_wrap container_wrap sidebar_right'  ><div class='container av-section-cont-open' ><div class='template-page content  av-content-small alpha units'><div class='post-entry post-entry-type-page post-entry-11'><div class='entry-content-wrapper clearfix'>\n<\/div><\/div><\/div><!-- close content main div --><\/div><\/div>\n<style type=\"text\/css\" data-created_by=\"avia_inline_auto\" id=\"style-css-av-k3sfh8es-b1557177fd8a0c90670df57a27e76f4c\">\n.avia-section.av-k3sfh8es-b1557177fd8a0c90670df57a27e76f4c{\nbackground-repeat:no-repeat;\nbackground-image:url(https:\/\/usamedical.com\/se\/wp-content\/uploads\/2019\/12\/about_medical.jpeg);\nbackground-position:0% 0%;\nbackground-attachment:scroll;\n}\n<\/style>\n<div id='abbout_usmediacla'  class='avia-section av-k3sfh8es-b1557177fd8a0c90670df57a27e76f4c main_color avia-section-default avia-no-border-styling avia-bg-style-scroll container_wrap sidebar_right'  data-section-bg-repeat='no-repeat'><div class='container av-section-cont-open' ><div class='template-page content  av-content-small alpha units'><div class='post-entry post-entry-type-page post-entry-11'><div class='entry-content-wrapper clearfix'>\n\n<style type=\"text\/css\" data-created_by=\"avia_inline_auto\" id=\"style-css-av-y1xn-a5188bf41487eba95124416ff4963333\">\n.flex_column.av-y1xn-a5188bf41487eba95124416ff4963333{\nborder-radius:0px 0px 0px 0px;\npadding:0px 0px 0px 0px;\n}\n<\/style>\n<div  class='flex_column av-y1xn-a5188bf41487eba95124416ff4963333 av_two_fifth first flex_column_div av-zero-column-padding  '     ><p>\n<style type=\"text\/css\" data-created_by=\"avia_inline_auto\" id=\"style-css-av-k3sfiomp-bb19cc3882bd33299904f5df94e0a818\">\n.avia-image-container.av-k3sfiomp-bb19cc3882bd33299904f5df94e0a818 img.avia_image{\nbox-shadow:none;\n}\n.avia-image-container.av-k3sfiomp-bb19cc3882bd33299904f5df94e0a818 .av-image-caption-overlay-center{\ncolor:#ffffff;\n}\n<\/style>\n<div  class='avia-image-container av-k3sfiomp-bb19cc3882bd33299904f5df94e0a818 av-styling- avia-align-left'   itemprop=\"image\" itemscope=\"itemscope\" itemtype=\"https:\/\/schema.org\/ImageObject\" ><div class=\"avia-image-container-inner\"><div class=\"avia-image-overlay-wrap\"><img fetchpriority=\"high\" class='wp-image-31 avia-img-lazy-loading-not-31 avia_image ' src='https:\/\/usamedical.com\/se\/wp-content\/uploads\/2019\/12\/logokicsi.png' alt='' title='logokicsi'  height=\"71\" width=\"133\"  itemprop=\"thumbnailUrl\"  \/><\/div><\/div><\/div><br \/>\n<section  class='av_textblock_section av-k3sfihea-6f82583e00b992009df5feef9d5c4534 '   itemscope=\"itemscope\" itemtype=\"https:\/\/schema.org\/CreativeWork\" ><div class='avia_textblock'  itemprop=\"text\" ><p>V\u00e5ra produkter f\u00e5r endast administreras och anv\u00e4ndas enligt anvisningarna p\u00e5 etiketten. Anv\u00e4nd inte om du \u00e4r gravid eller ammar. R\u00e5dfr\u00e5ga din l\u00e4kare f\u00f6re anv\u00e4ndning om du har en allvarlig sjukdom eller anv\u00e4nder receptbelagda l\u00e4kemedel. Denna produkt \u00e4r inte avsedd att diagnostisera, behandla, bota eller f\u00f6rebygga en sjukdom. Genom att anv\u00e4nda denna webbplats godk\u00e4nner du sekretesspolicyn och de allm\u00e4nna kontraktsvillkoren som finns p\u00e5 webbplatsen.<\/p>\n<\/div><\/section><\/p><\/div>\n<\/div><\/div><\/div><!-- close content main div --><\/div><\/div><div id='after_section_3'  class='main_color av_default_container_wrap container_wrap sidebar_right'  ><div class='container av-section-cont-open' ><div class='template-page content  av-content-small alpha units'><div class='post-entry post-entry-type-page post-entry-11'><div class='entry-content-wrapper clearfix'>\n","protected":false},"excerpt":{"rendered":"","protected":false},"author":4,"featured_media":0,"parent":0,"menu_order":0,"comment_status":"closed","ping_status":"closed","template":"","meta":{"footnotes":""},"class_list":["post-11","page","type-page","status-publish","hentry"],"acf":[],"yoast_head":"<!-- This site is optimized with the Yoast SEO plugin v23.2 - https:\/\/yoast.com\/wordpress\/plugins\/seo\/ -->\n<title>K\u00f6p b\u00e4sta cbd produkter, till de b\u00e4sta priserna - USA medical<\/title>\n<meta name=\"description\" content=\"Best\u00e4ll i v\u00e5ran webbshop h\u00f6gkvalitativ cannabisolja och kapslar. Garanterad icke-berusande (0,0% THC-inneh\u00e5ll), h\u00f6gkvalitativ cannabisolja och kapslar.\" \/>\n<meta name=\"robots\" content=\"index, follow, max-snippet:-1, max-image-preview:large, max-video-preview:-1\" \/>\n<link rel=\"canonical\" href=\"https:\/\/usamedical.com\/se\/hem\/\" \/>\n<meta property=\"og:locale\" content=\"sv_SE\" \/>\n<meta property=\"og:type\" content=\"article\" \/>\n<meta property=\"og:title\" content=\"K\u00f6p b\u00e4sta cbd produkter, till de b\u00e4sta priserna - USA medical\" \/>\n<meta property=\"og:description\" content=\"Best\u00e4ll i v\u00e5ran webbshop h\u00f6gkvalitativ cannabisolja och kapslar. Garanterad icke-berusande (0,0% THC-inneh\u00e5ll), h\u00f6gkvalitativ cannabisolja och kapslar.\" \/>\n<meta property=\"og:url\" content=\"https:\/\/usamedical.com\/se\/hem\/\" \/>\n<meta property=\"og:site_name\" content=\"USA Medical\" \/>\n<meta property=\"article:modified_time\" content=\"2025-11-14T20:41:09+00:00\" \/>\n<meta name=\"twitter:card\" content=\"summary_large_image\" \/>\n<meta name=\"twitter:label1\" content=\"Ber\u00e4knad l\u00e4stid\" \/>\n\t<meta name=\"twitter:data1\" content=\"2 minuter\" \/>\n<script type=\"application\/ld+json\" class=\"yoast-schema-graph\">{\"@context\":\"https:\/\/schema.org\",\"@graph\":[{\"@type\":\"WebPage\",\"@id\":\"https:\/\/usamedical.com\/se\/hem\/\",\"url\":\"https:\/\/usamedical.com\/se\/hem\/\",\"name\":\"K\u00f6p b\u00e4sta cbd produkter, till de b\u00e4sta priserna - USA medical\",\"isPartOf\":{\"@id\":\"https:\/\/usamedical.com\/se\/#website\"},\"datePublished\":\"2019-12-04T12:34:33+00:00\",\"dateModified\":\"2025-11-14T20:41:09+00:00\",\"description\":\"Best\u00e4ll i v\u00e5ran webbshop h\u00f6gkvalitativ cannabisolja och kapslar. Garanterad icke-berusande (0,0% THC-inneh\u00e5ll), h\u00f6gkvalitativ cannabisolja och kapslar.\",\"breadcrumb\":{\"@id\":\"https:\/\/usamedical.com\/se\/hem\/#breadcrumb\"},\"inLanguage\":\"sv-SE\",\"potentialAction\":[{\"@type\":\"ReadAction\",\"target\":[\"https:\/\/usamedical.com\/se\/hem\/\"]}]},{\"@type\":\"BreadcrumbList\",\"@id\":\"https:\/\/usamedical.com\/se\/hem\/#breadcrumb\",\"itemListElement\":[{\"@type\":\"ListItem\",\"position\":1,\"name\":\"Hem\",\"item\":\"https:\/\/usamedical.com\/se\/hem\/\"},{\"@type\":\"ListItem\",\"position\":2,\"name\":\"Best\u00e4ll CBD Olja online | K\u00f6p \u2013 100% naturlig, drogfri, testad\"}]},{\"@type\":\"WebSite\",\"@id\":\"https:\/\/usamedical.com\/se\/#website\",\"url\":\"https:\/\/usamedical.com\/se\/\",\"name\":\"USA Medical\",\"description\":\"H\u00f6gkvalitativ cannabisolja och kapslar. 100% naturlig, drogfri, testad\",\"potentialAction\":[{\"@type\":\"SearchAction\",\"target\":{\"@type\":\"EntryPoint\",\"urlTemplate\":\"https:\/\/usamedical.com\/se\/?s={search_term_string}\"},\"query-input\":\"required name=search_term_string\"}],\"inLanguage\":\"sv-SE\"}]}<\/script>\n<!-- \/ Yoast SEO plugin. -->","yoast_head_json":{"title":"K\u00f6p b\u00e4sta cbd produkter, till de b\u00e4sta priserna - USA medical","description":"Best\u00e4ll i v\u00e5ran webbshop h\u00f6gkvalitativ cannabisolja och kapslar. Garanterad icke-berusande (0,0% THC-inneh\u00e5ll), h\u00f6gkvalitativ cannabisolja och kapslar.","robots":{"index":"index","follow":"follow","max-snippet":"max-snippet:-1","max-image-preview":"max-image-preview:large","max-video-preview":"max-video-preview:-1"},"canonical":"https:\/\/usamedical.com\/se\/hem\/","og_locale":"sv_SE","og_type":"article","og_title":"K\u00f6p b\u00e4sta cbd produkter, till de b\u00e4sta priserna - USA medical","og_description":"Best\u00e4ll i v\u00e5ran webbshop h\u00f6gkvalitativ cannabisolja och kapslar. Garanterad icke-berusande (0,0% THC-inneh\u00e5ll), h\u00f6gkvalitativ cannabisolja och kapslar.","og_url":"https:\/\/usamedical.com\/se\/hem\/","og_site_name":"USA Medical","article_modified_time":"2025-11-14T20:41:09+00:00","twitter_card":"summary_large_image","twitter_misc":{"Ber\u00e4knad l\u00e4stid":"2 minuter"},"schema":{"@context":"https:\/\/schema.org","@graph":[{"@type":"WebPage","@id":"https:\/\/usamedical.com\/se\/hem\/","url":"https:\/\/usamedical.com\/se\/hem\/","name":"K\u00f6p b\u00e4sta cbd produkter, till de b\u00e4sta priserna - USA medical","isPartOf":{"@id":"https:\/\/usamedical.com\/se\/#website"},"datePublished":"2019-12-04T12:34:33+00:00","dateModified":"2025-11-14T20:41:09+00:00","description":"Best\u00e4ll i v\u00e5ran webbshop h\u00f6gkvalitativ cannabisolja och kapslar. Garanterad icke-berusande (0,0% THC-inneh\u00e5ll), h\u00f6gkvalitativ cannabisolja och kapslar.","breadcrumb":{"@id":"https:\/\/usamedical.com\/se\/hem\/#breadcrumb"},"inLanguage":"sv-SE","potentialAction":[{"@type":"ReadAction","target":["https:\/\/usamedical.com\/se\/hem\/"]}]},{"@type":"BreadcrumbList","@id":"https:\/\/usamedical.com\/se\/hem\/#breadcrumb","itemListElement":[{"@type":"ListItem","position":1,"name":"Hem","item":"https:\/\/usamedical.com\/se\/hem\/"},{"@type":"ListItem","position":2,"name":"Best\u00e4ll CBD Olja online | K\u00f6p \u2013 100% naturlig, drogfri, testad"}]},{"@type":"WebSite","@id":"https:\/\/usamedical.com\/se\/#website","url":"https:\/\/usamedical.com\/se\/","name":"USA Medical","description":"H\u00f6gkvalitativ cannabisolja och kapslar. 100% naturlig, drogfri, testad","potentialAction":[{"@type":"SearchAction","target":{"@type":"EntryPoint","urlTemplate":"https:\/\/usamedical.com\/se\/?s={search_term_string}"},"query-input":"required name=search_term_string"}],"inLanguage":"sv-SE"}]}},"_links":{"self":[{"href":"https:\/\/usamedical.com\/se\/wp-json\/wp\/v2\/pages\/11"}],"collection":[{"href":"https:\/\/usamedical.com\/se\/wp-json\/wp\/v2\/pages"}],"about":[{"href":"https:\/\/usamedical.com\/se\/wp-json\/wp\/v2\/types\/page"}],"author":[{"embeddable":true,"href":"https:\/\/usamedical.com\/se\/wp-json\/wp\/v2\/users\/4"}],"replies":[{"embeddable":true,"href":"https:\/\/usamedical.com\/se\/wp-json\/wp\/v2\/comments?post=11"}],"version-history":[{"count":93,"href":"https:\/\/usamedical.com\/se\/wp-json\/wp\/v2\/pages\/11\/revisions"}],"predecessor-version":[{"id":4002,"href":"https:\/\/usamedical.com\/se\/wp-json\/wp\/v2\/pages\/11\/revisions\/4002"}],"wp:attachment":[{"href":"https:\/\/usamedical.com\/se\/wp-json\/wp\/v2\/media?parent=11"}],"curies":[{"name":"wp","href":"https:\/\/api.w.org\/{rel}","templated":true}]}}